

{"id":9303,"date":"2024-06-24T16:30:54","date_gmt":"2024-06-24T14:30:54","guid":{"rendered":"\/ifen\/?page_id=9303"},"modified":"2025-11-20T09:51:46","modified_gmt":"2025-11-20T08:51:46","slug":"personne-de-reference","status":"publish","type":"page","link":"\/ifen\/je-suis\/personne-de-reference\/","title":{"rendered":"Personne de r\u00e9f\u00e9rence"},"content":{"rendered":"\n<div class=\"wp-block-cover alignfull is-light banner-page banner-page-small hide-editor\" style=\"min-height:250px;aspect-ratio:unset;\"><img loading=\"lazy\" decoding=\"async\" width=\"1920\" height=\"250\" class=\"wp-block-cover__image-background wp-image-3797\" alt=\"\" src=\"https:\/\/ssl.education.lu\/ifen\/wp-content\/uploads\/2023\/09\/banner-small-bleu-1.svg\" data-object-fit=\"cover\"\/><span aria-hidden=\"true\" class=\"wp-block-cover__background has-black-background-color has-background-dim-0 has-background-dim\"><\/span><div class=\"wp-block-cover__inner-container is-layout-flow wp-block-cover-is-layout-flow\">\n<div class=\"wp-block-group is-layout-flow wp-block-group-is-layout-flow\">\n<h1 class=\"wp-block-heading has-text-align-center has-primary-color has-text-color\">Je suis personne de r\u00e9f\u00e9rence<\/h1>\n<\/div>\n\n\n\n<svg class=\"curve curve-bottom curve-desktop\" xmlns=\"http:\/\/www.w3.org\/2000\/svg\" width=\"100%\" height=\"77.168\" viewBox=\"0 0 1600 77.168\" preserveAspectRatio=\"none\">\n              <path id=\"Trac\u00e9_454\" data-name=\"Trac\u00e9 454\" d=\"M0,0H1600V29.331S1204.669,77.168,804.669,77.168,0,29.331,0,29.331Z\" transform=\"translate(1600 77.168) rotate(180)\" fill=\"#fff\"\/>\n          <\/svg>\n  <svg class=\"curve curve-bottom curve-mobile\" xmlns=\"http:\/\/www.w3.org\/2000\/svg\" width=\"100%\" height=\"77.168\" viewBox=\"0 0 1600 77.168\">\n              <path id=\"Trac\u00e9_454\" data-name=\"Trac\u00e9 454\" d=\"M0,0H1600V29.331S1204.669,77.168,804.669,77.168,0,29.331,0,29.331Z\" transform=\"translate(1600 77.168) rotate(180)\" fill=\"#fff\"\/>\n          <\/svg>\n<\/div><\/div>\n\n\n \r\n\r\n<section  class=\"wp-block-section     alignwide    \"\r\n    >\r\n\r\n    \r\n        <div class=\"acf-innerblocks-container\">\n\n<p class=\"back\"><a href=\"\/ifen\/je-suis\/\" class=\"ek-link\">Retour<\/a><\/p>\n\n<\/div>    \r\n<\/section>\n\n \r\n\r\n<section  class=\"wp-block-section     alignwide  ancres-full ancres-step center  \"\r\n    >\r\n\r\n    \r\n        <div class=\"acf-innerblocks-container\">\n\n<div class=\"wp-block-group horizontal-scroll-wrapper hide-editor is-layout-flow wp-block-group-is-layout-flow\">\n<button class=\"left\" onclick=\"leftScroll()\" aria-label=\"Faire d\u00e9filer vers la gauche\">\n    <span class=\"sr-only\">Gauche<\/span>\n  <\/button>\n\n\n\n<button class=\"right\" onclick=\"rightScroll()\" aria-label=\"Faire d\u00e9filer vers la droite\">\n    <span class=\"sr-only\">Droite<\/span>\n  <\/button>\n\n\n\n<div class=\"wp-block-group horizontal-scroll horizontal-scroll-anchor is-layout-flow wp-block-group-is-layout-flow\">\n<div class=\"wp-block-buttons ancres is-content-justification-left is-layout-flex wp-container-core-buttons-is-layout-24a44033 wp-block-buttons-is-layout-flex\" data-aos=\"fade-up\" data-aos-once=\"true\">\n<div class=\"wp-block-button horizontal-scroll-button btn-step\"><a class=\"wp-block-button__link wp-element-button\" href=\"#section1\">Devenir personne de r\u00e9f\u00e9rence<\/a><\/div>\n\n\n\n<div class=\"wp-block-button horizontal-scroll-button btn-step\"><a class=\"wp-block-button__link wp-element-button\" href=\"#section2\">\u00catre personne de r\u00e9f\u00e9rence<\/a><\/div>\n\n\n\n<div class=\"wp-block-button horizontal-scroll-button btn-step\"><a class=\"wp-block-button__link wp-element-button\" href=\"#section3\">Je suis d\u00e9j\u00e0 personne de r\u00e9f\u00e9rence<\/a><\/div>\n<\/div>\n<\/div>\n<\/div>\n\n<\/div>    \r\n<\/section>\n\n \r\n\r\n<section  class=\"wp-block-section     alignwide    \"\r\n    >\r\n\r\n    \r\n        <div class=\"acf-innerblocks-container\">\n\n<div class=\"wp-block-group is-layout-flow wp-block-group-is-layout-flow\">\n<div class=\"wp-block-group step-content is-layout-flow wp-block-group-is-layout-flow\">\n<div id=\"section1\" class=\"wp-block-group step-content-item is-layout-flow wp-block-group-is-layout-flow\">\n<p class=\"step-content-item-number active\">1<\/p>\n\n\n\n<h2 class=\"wp-block-heading h2small has-septenary-color has-text-color has-link-color wp-elements-933e84eb0ecf584c49ca074909004148\">Devenir personne de r\u00e9f\u00e9rence<\/h2>\n\n\n\n<div class=\"wp-block-accordion-toggle-accordion-toggle  root-eb-accordion-2gz09\"><div class=\"eb-parent-wrapper eb-parent-eb-accordion-2gz09 \"><div class=\"eb-accordion-container eb-accordion-2gz09\" data-accordion-type=\"toggle\" data-tab-icon=\"fas fa-angle-right\" data-expanded-icon=\"fas fa-angle-down\" data-transition-duration=\"500\"><div class=\"eb-accordion-inner\">\n<div class=\"wp-block-accordion-toggle-accordion-item eb-accordion-item-7ysm5 eb-accordion-wrapper\" data-clickable=\"false\"><div class=\"eb-accordion-title-wrapper eb-accordion-title-wrapper-eb-accordion-2gz09\" tabindex=\"0\"><span class=\"eb-accordion-icon-wrapper eb-accordion-icon-wrapper-eb-accordion-2gz09\"><span class=\"fas fa-angle-right eb-accordion-icon\"><\/span><\/span><div class=\"eb-accordion-title-content-wrap title-content-eb-accordion-2gz09\"><h3 class=\"eb-accordion-title\">Quelle est la proc\u00e9dure \u00e0 suivre pour devenir personne de r\u00e9f\u00e9rence ?<\/h3><\/div><\/div><div class=\"eb-accordion-content-wrapper eb-accordion-content-wrapper-eb-accordion-2gz09\"><div class=\"eb-accordion-content\">\n<p>La personne de r\u00e9f\u00e9rence est propos\u00e9e par le directeur d\u2019\u00e9tablissement ou le directeur de r\u00e9gion de l\u2019agent parmi les fonctionnaires de l&rsquo;\u00e9tablissement de l&#8217;employ\u00e9.<\/p>\n\n\n\n<p>Elle est nomm\u00e9e par le ministre pour la dur\u00e9e de la p\u00e9riode d&rsquo;initiation ou pour la dur\u00e9e de la p\u00e9riode d\u2019approfondissement de l\u2019agent qu\u2019elle accompagne.<\/p>\n\n\n\n<p>Elle agit sous l\u2019autorit\u00e9 du directeur d\u2019\u00e9tablissement ou du directeur de r\u00e9gion.<\/p>\n<\/div><\/div><\/div>\n<\/div><\/div><\/div><\/div>\n<\/div>\n\n\n\n<div id=\"section2\" class=\"wp-block-group step-content-item is-layout-flow wp-block-group-is-layout-flow\">\n<p class=\"step-content-item-number active\">2<\/p>\n\n\n\n<h2 class=\"wp-block-heading h2small has-septenary-color has-text-color has-link-color wp-elements-9403fb32f80b79aa9aa82b0564463542\">\u00catre personne de r\u00e9f\u00e9rence<\/h2>\n\n\n\n<div class=\"wp-block-accordion-toggle-accordion-toggle  root-eb-accordion-56iru\"><div class=\"eb-parent-wrapper eb-parent-eb-accordion-56iru eb_animation eb___animated eb___fadeIn\"><div class=\"eb-accordion-container eb-accordion-56iru\" data-accordion-type=\"toggle\" data-tab-icon=\"fas fa-angle-right\" data-expanded-icon=\"fas fa-angle-down\" data-transition-duration=\"400\"><div class=\"eb-accordion-inner\">\n<div class=\"wp-block-accordion-toggle-accordion-item eb-accordion-item-gihvc eb-accordion-wrapper\" data-clickable=\"false\"><div class=\"eb-accordion-title-wrapper eb-accordion-title-wrapper-eb-accordion-56iru\" tabindex=\"0\"><span class=\"eb-accordion-icon-wrapper eb-accordion-icon-wrapper-eb-accordion-56iru\"><span class=\"fas fa-angle-right eb-accordion-icon\"><\/span><\/span><div class=\"eb-accordion-title-content-wrap title-content-eb-accordion-56iru\"><h3 class=\"eb-accordion-title\">Quelles sont les missions de la personne de r\u00e9f\u00e9rence ?<\/h3><\/div><\/div><div class=\"eb-accordion-content-wrapper eb-accordion-content-wrapper-eb-accordion-56iru\"><div class=\"eb-accordion-content\">\n<p>Voici un aper\u00e7u des missions de la personne de r\u00e9f\u00e9rence. Le d\u00e9tail peut \u00eatre consult\u00e9 dans sa <a href=\"\/ifen\/wp-content\/uploads\/2024\/09\/Fiche_fonction_PR_v1.pdf\" target=\"_blank\" rel=\"noreferrer noopener\">fiche de fonction<\/a>&nbsp;:<\/p>\n\n\n\n<ul class=\"wp-block-list\">\n<li>Elle soutient l\u2019agent pendant sa p\u00e9riode d\u2019insertion professionnelle. Sur le plan professionnel, elle aide l&rsquo;agent \u00e0 s&rsquo;int\u00e9grer dans son nouvel environnement, \u00e0 comprendre sa mission, \u00e0 \u00e9voluer dans sa profession et \u00e0 encourager une attitude r\u00e9flexive. Sur le plan personnel, la personne de r\u00e9f\u00e9rence assiste l&rsquo;agent dans la gestion de ses ressources personnelles et dans l&rsquo;organisation de son travail.<\/li>\n\n\n\n<li>Elle participe, le cas \u00e9ch\u00e9ant, \u00e0 l\u2019\u00e9valuation de l\u2019agent.<\/li>\n\n\n\n<li>Elle se forme afin de d\u00e9velopper les comp\u00e9tences n\u00e9cessaires \u00e0 ses missions, en adoptant une approche critique de ses propres pratiques, en suivant des formations et en participant \u00e0 des regroupements entre pairs organis\u00e9s par l&rsquo;IFEN.<\/li>\n\n\n\n<li>Elle participe \u00e0 l\u2019\u00e9valuation du dispositif du stage et, le cas \u00e9ch\u00e9ant, de la p\u00e9riode d\u2019approfondissement pour le sous-groupe de l\u2019enseignement.<\/li>\n<\/ul>\n\n\n\n<p>L\u2019exercice de ces missions fait partie int\u00e9grante de la t\u00e2che hebdomadaire de la personne de r\u00e9f\u00e9rence. L\u2019accompagnement des agents du sous-groupe de l\u2019enseignement lors de la p\u00e9riode d\u2019approfondissement est indemnis\u00e9.<\/p>\n<\/div><\/div><\/div>\n\n\n\n<div class=\"wp-block-accordion-toggle-accordion-item eb-accordion-item-gt2yy eb-accordion-wrapper\" data-clickable=\"false\"><div class=\"eb-accordion-title-wrapper eb-accordion-title-wrapper-eb-accordion-56iru\" tabindex=\"0\"><span class=\"eb-accordion-icon-wrapper eb-accordion-icon-wrapper-eb-accordion-56iru\"><span class=\"fas fa-angle-right eb-accordion-icon\"><\/span><\/span><div class=\"eb-accordion-title-content-wrap title-content-eb-accordion-56iru\"><h3 class=\"eb-accordion-title\">Quelles sont les qualit\u00e9s et les comp\u00e9tences professionnelles requises pour \u00eatre personne de r\u00e9f\u00e9rence ?<\/h3><\/div><\/div><div class=\"eb-accordion-content-wrapper eb-accordion-content-wrapper-eb-accordion-56iru\"><div class=\"eb-accordion-content\">\n<p>La personne de r\u00e9f\u00e9rence doit \u00eatre comp\u00e9tente \u00e0 divers niveaux, ce qui signifie qu&rsquo;elle doit disposer de&nbsp;:<\/p>\n\n\n\n<ul class=\"wp-block-list\">\n<li><strong><u>comp\u00e9tences personnelles<\/u><\/strong> telles que l&rsquo;organisation, l&rsquo;autonomie et une \u00e9thique exemplaire,<\/li>\n\n\n\n<li><strong><u>comp\u00e9tences sociales<\/u><\/strong> telles que l&rsquo;ouverture d&rsquo;esprit, l&rsquo;\u00e9coute et la capacit\u00e9 \u00e0 travailler en \u00e9quipe,<\/li>\n\n\n\n<li><strong><u>comp\u00e9tences m\u00e9thodologiques<\/u><\/strong> incluant la recherche de solutions, l&rsquo;analyse et la gestion de la charge de travail,<\/li>\n\n\n\n<li><strong><u>comp\u00e9tences disciplinaires<\/u><\/strong> comprenant la connaissance des cadres institutionnels et des th\u00e9ories p\u00e9dagogiques,<\/li>\n\n\n\n<li><strong><u>comp\u00e9tences sp\u00e9cifiques \u00e0 la fonction<\/u><\/strong> telles que la capacit\u00e9 \u00e0 \u00e9tablir une relation de confiance, \u00e0 adapter son approche, \u00e0 analyser les situations professionnelles et \u00e0 fournir un feedback.<\/li>\n<\/ul>\n\n\n\n<p>Des <strong><u>comp\u00e9tences en lien avec la fonction \u00e0 d\u00e9velopper<\/u><\/strong> comprennent la p\u00e9dagogie pour adultes, l&rsquo;accompagnement en soi, la pratique r\u00e9flexive et la communication dans le cadre de l&rsquo;accompagnement professionnel. Des connaissances approfondies du dispositif de formation \u00e0 la pratique professionnelle sont requises.<\/p>\n<\/div><\/div><\/div>\n\n\n\n<div class=\"wp-block-accordion-toggle-accordion-item eb-accordion-item-opqzw eb-accordion-wrapper\" data-clickable=\"false\"><div class=\"eb-accordion-title-wrapper eb-accordion-title-wrapper-eb-accordion-56iru\" tabindex=\"0\"><span class=\"eb-accordion-icon-wrapper eb-accordion-icon-wrapper-eb-accordion-56iru\"><span class=\"fas fa-angle-right eb-accordion-icon\"><\/span><\/span><div class=\"eb-accordion-title-content-wrap title-content-eb-accordion-56iru\"><h3 class=\"eb-accordion-title\">Comment d\u00e9velopper et approfondir mes comp\u00e9tences\u00a0professionnelles en tant que personne de r\u00e9f\u00e9rence ?<\/h3><\/div><\/div><div class=\"eb-accordion-content-wrapper eb-accordion-content-wrapper-eb-accordion-56iru\"><div class=\"eb-accordion-content\">\n<p>Je suis invit\u00e9 \u00e0 participer \u00e0 des rencontres d\u2019analyse et d\u2019\u00e9change de pratique et\/ou suivre des activit\u00e9s de formation continue dans le but de d\u00e9velopper et approfondir mes comp\u00e9tences.<\/p>\n\n\n\n<div aria-hidden=\"true\" class=\"wp-block-fsb-flexible-spacer fsb-flexible-spacer\"><div class=\"fsb-flexible-spacer__device fsb-flexible-spacer__device--lg\" style=\"height:15px\"><\/div><div class=\"fsb-flexible-spacer__device fsb-flexible-spacer__device--md\" style=\"height:15px\"><\/div><div class=\"fsb-flexible-spacer__device fsb-flexible-spacer__device--sm\" style=\"height:15px\"><\/div><\/div>\n\n\n\n<div class=\"wp-block-buttons is-content-justification-left is-layout-flex wp-container-core-buttons-is-layout-fc4fd283 wp-block-buttons-is-layout-flex\">\n<div class=\"wp-block-button btn-picto\"><a class=\"wp-block-button__link wp-element-button\" href=\"\/ifen\/catalog\/search\/\" target=\"_blank\" rel=\"noreferrer noopener\">Consultez notre offre<\/a><\/div>\n<\/div>\n<\/div><\/div><\/div>\n\n\n\n<div class=\"wp-block-accordion-toggle-accordion-item eb-accordion-item-mb4zi eb-accordion-wrapper\" data-clickable=\"false\"><div class=\"eb-accordion-title-wrapper eb-accordion-title-wrapper-eb-accordion-56iru\" tabindex=\"0\"><span class=\"eb-accordion-icon-wrapper eb-accordion-icon-wrapper-eb-accordion-56iru\"><span class=\"fas fa-angle-right eb-accordion-icon\"><\/span><\/span><div class=\"eb-accordion-title-content-wrap title-content-eb-accordion-56iru\"><h3 class=\"eb-accordion-title\">En savoir plus ?<\/h3><\/div><\/div><div class=\"eb-accordion-content-wrapper eb-accordion-content-wrapper-eb-accordion-56iru\"><div class=\"eb-accordion-content\">\n<p>Vous pouvez acc\u00e9der \u00e0 un espace num\u00e9rique sp\u00e9cialement d\u00e9di\u00e9 aux personnes de r\u00e9f\u00e9rence par le biais de la division concern\u00e9e.<\/p>\n<\/div><\/div><\/div>\n<\/div><\/div><\/div><\/div>\n<\/div>\n\n\n\n<div id=\"section3\" class=\"wp-block-group step-content-item is-layout-flow wp-block-group-is-layout-flow\">\n<p class=\"step-content-item-number active\">3<\/p>\n\n\n\n<h2 class=\"wp-block-heading h2small has-septenary-color has-text-color has-link-color wp-elements-70ca61ca188d19195ef59ea583414b78\">Je suis d\u00e9j\u00e0 personne de r\u00e9f\u00e9rence<\/h2>\n\n\n\n<div class=\"wp-block-accordion-toggle-accordion-toggle  root-eb-accordion-qkwzh\"><div class=\"eb-parent-wrapper eb-parent-eb-accordion-qkwzh \"><div class=\"eb-accordion-container eb-accordion-qkwzh\" data-accordion-type=\"toggle\" data-tab-icon=\"fas fa-angle-right\" data-expanded-icon=\"fas fa-angle-down\" data-transition-duration=\"500\"><div class=\"eb-accordion-inner\">\n<div class=\"wp-block-accordion-toggle-accordion-item eb-accordion-item-eo6j5 eb-accordion-wrapper\" data-clickable=\"false\"><div class=\"eb-accordion-title-wrapper eb-accordion-title-wrapper-eb-accordion-qkwzh\" tabindex=\"0\"><span class=\"eb-accordion-icon-wrapper eb-accordion-icon-wrapper-eb-accordion-qkwzh\"><span class=\"fas fa-angle-right eb-accordion-icon\"><\/span><\/span><div class=\"eb-accordion-title-content-wrap title-content-eb-accordion-qkwzh\"><h3 class=\"eb-accordion-title\">Aupr\u00e8s de qui puis-je m\u2019adresser si j\u2019ai une question au sujet de ma mission ?<\/h3><\/div><\/div><div class=\"eb-accordion-content-wrapper eb-accordion-content-wrapper-eb-accordion-qkwzh\"><div class=\"eb-accordion-content\">\n<p>Je peux contacter les divisions de l&rsquo;IFEN concern\u00e9es pour :<\/p>\n\n\n\n<ul class=\"wp-block-list\">\n<li>m\u2019accompagner dans l\u2019exercice de mes missions<\/li>\n\n\n\n<li>conna\u00eetre les enseignants que j\u2019accompagne<\/li>\n\n\n\n<li>des questions d\u2019ordre organisationnel<\/li>\n\n\n\n<li>m\u2019assister dans l\u2019utilisation des plateformes num\u00e9riques p\u00e9dagogiques<\/li>\n\n\n\n<li>m\u2019assister sur place\/en ligne en cas de probl\u00e8me technique<\/li>\n\n\n\n<li>me former<\/li>\n<\/ul>\n\n\n\n<p>Contact de la division de l\u2019enseignement secondaire&nbsp;: <a href=\"mailto:stage-es@ifen.lu\" class=\"ek-link\">stage-es@ifen.lu<\/a><\/p>\n\n\n\n<p>Contact de la division de l\u2019enseignement fondamental&nbsp;: <a href=\"mailto:stage-ef@ifen.lu\" class=\"ek-link\">stage-ef@ifen.lu<\/a><\/p>\n<\/div><\/div><\/div>\n<\/div><\/div><\/div><\/div>\n<\/div>\n<\/div>\n<\/div>\n\n<\/div>    \r\n<\/section>\n\n\n<div aria-hidden=\"true\" class=\"wp-block-fsb-flexible-spacer fsb-flexible-spacer\"><div class=\"fsb-flexible-spacer__device fsb-flexible-spacer__device--lg\" style=\"height:100px\"><\/div><div class=\"fsb-flexible-spacer__device fsb-flexible-spacer__device--md\" style=\"height:100px\"><\/div><div class=\"fsb-flexible-spacer__device fsb-flexible-spacer__device--sm\" style=\"height:100px\"><\/div><\/div>\n","protected":false},"excerpt":{"rendered":"","protected":false},"author":1,"featured_media":0,"parent":128,"menu_order":0,"comment_status":"closed","ping_status":"closed","template":"","meta":{"_eb_attr":"","_editorskit_title_hidden":false,"_editorskit_reading_time":0,"_editorskit_is_block_options_detached":false,"_editorskit_block_options_position":"{}","inline_featured_image":false,"footnotes":""},"class_list":["post-9303","page","type-page","status-publish","hentry","etat-valide"],"acf":{"espace_type":""},"_links":{"self":[{"href":"https:\/\/ssl.education.lu\/ifen\/wp-json\/wp\/v2\/pages\/9303","targetHints":{"allow":["GET"]}}],"collection":[{"href":"https:\/\/ssl.education.lu\/ifen\/wp-json\/wp\/v2\/pages"}],"about":[{"href":"https:\/\/ssl.education.lu\/ifen\/wp-json\/wp\/v2\/types\/page"}],"author":[{"embeddable":true,"href":"https:\/\/ssl.education.lu\/ifen\/wp-json\/wp\/v2\/users\/1"}],"replies":[{"embeddable":true,"href":"https:\/\/ssl.education.lu\/ifen\/wp-json\/wp\/v2\/comments?post=9303"}],"version-history":[{"count":19,"href":"https:\/\/ssl.education.lu\/ifen\/wp-json\/wp\/v2\/pages\/9303\/revisions"}],"predecessor-version":[{"id":15374,"href":"https:\/\/ssl.education.lu\/ifen\/wp-json\/wp\/v2\/pages\/9303\/revisions\/15374"}],"up":[{"embeddable":true,"href":"https:\/\/ssl.education.lu\/ifen\/wp-json\/wp\/v2\/pages\/128"}],"wp:attachment":[{"href":"https:\/\/ssl.education.lu\/ifen\/wp-json\/wp\/v2\/media?parent=9303"}],"curies":[{"name":"wp","href":"https:\/\/api.w.org\/{rel}","templated":true}]}}