

{"id":8752,"date":"2024-06-17T10:31:15","date_gmt":"2024-06-17T08:31:15","guid":{"rendered":"\/ifen\/?page_id=8752"},"modified":"2025-11-20T08:38:48","modified_gmt":"2025-11-20T07:38:48","slug":"mallettes-pour-lenseignement-secondaire","status":"publish","type":"page","link":"\/ifen\/centre-de-documentation-pedagogique\/mallettes-pour-lenseignement-secondaire\/","title":{"rendered":"Mallettes pour l&rsquo;enseignement secondaire"},"content":{"rendered":"\n<div class=\"wp-block-cover alignfull banner-page banner-page-small hide-editor\" style=\"min-height:250px;aspect-ratio:unset;\"><img decoding=\"async\" class=\"wp-block-cover__image-background wp-image-9060\" alt=\"\" src=\"\/ifen\/wp-content\/uploads\/2024\/02\/banner_gradient.svg\" data-object-fit=\"cover\"\/><span aria-hidden=\"true\" class=\"wp-block-cover__background has-black-background-color has-background-dim-0 has-background-dim\"><\/span><div class=\"wp-block-cover__inner-container is-layout-flow wp-block-cover-is-layout-flow\">\n<div class=\"wp-block-group is-layout-flow wp-block-group-is-layout-flow\">\n<h1 class=\"wp-block-heading has-text-align-center has-text-color\" style=\"color:#ffffff\">Mallettes pour l&rsquo;enseignement secondaire<\/h1>\n<\/div>\n\n\n\n<svg class=\"curve curve-bottom curve-desktop\" xmlns=\"http:\/\/www.w3.org\/2000\/svg\" width=\"100%\" height=\"77.168\" viewBox=\"0 0 1600 77.168\" preserveAspectRatio=\"none\">\n              <path id=\"Trac\u00e9_454\" data-name=\"Trac\u00e9 454\" d=\"M0,0H1600V29.331S1204.669,77.168,804.669,77.168,0,29.331,0,29.331Z\" transform=\"translate(1600 77.168) rotate(180)\" fill=\"#fff\"\/>\n          <\/svg>\n  <svg class=\"curve curve-bottom curve-mobile\" xmlns=\"http:\/\/www.w3.org\/2000\/svg\" width=\"100%\" height=\"77.168\" viewBox=\"0 0 1600 77.168\">\n              <path id=\"Trac\u00e9_454\" data-name=\"Trac\u00e9 454\" d=\"M0,0H1600V29.331S1204.669,77.168,804.669,77.168,0,29.331,0,29.331Z\" transform=\"translate(1600 77.168) rotate(180)\" fill=\"#fff\"\/>\n          <\/svg>\n<\/div><\/div>\n\n\n \r\n\r\n<section  class=\"wp-block-section     alignwide    \"\r\n    >\r\n\r\n    \r\n        <div class=\"acf-innerblocks-container\">\n\n<p class=\"back\"><a href=\"\/ifen\/centre-de-documentation-pedagogique\/#malettes\" class=\"ek-link\">Retour<\/a><\/p>\n\n\n\n<div class=\"wp-block-columns are-vertically-aligned-center wrap-mobile-col is-layout-flex wp-container-core-columns-is-layout-28f84493 wp-block-columns-is-layout-flex\" data-aos=\"fade-up\" data-aos-once=\"true\">\n<div class=\"wp-block-column is-vertically-aligned-center is-layout-flow wp-block-column-is-layout-flow\" style=\"flex-basis:41.66666667%\">\n<div aria-hidden=\"true\" class=\"wp-block-fsb-flexible-spacer fsb-flexible-spacer\"><div class=\"fsb-flexible-spacer__device fsb-flexible-spacer__device--lg\" style=\"height:25px\"><\/div><div class=\"fsb-flexible-spacer__device fsb-flexible-spacer__device--md\" style=\"height:15px\"><\/div><div class=\"fsb-flexible-spacer__device fsb-flexible-spacer__device--sm\" style=\"height:15px\"><\/div><\/div>\n\n\n\n<p>Vous trouvez le d\u00e9tail de chaque mallette en cliquant sur le lien qui vous m\u00e8ne directement vers le catalogue&nbsp;<a href=\"http:\/\/www.a-z.lu\/\" target=\"_blank\" rel=\"noreferrer noopener\">www.a-z.lu<\/a>&nbsp;pour la r\u00e9servation&nbsp;:<\/p>\n\n\n\n<p><strong>Mallettes Vie et soci\u00e9t\u00e9 &#8211; enseignement secondaire<\/strong><\/p>\n\n\n\n<ul class=\"wp-block-list\">\n<li><a href=\"https:\/\/www.a-z.lu\/discovery\/fulldisplay?docid=alma990014848000107255&amp;context=L&amp;vid=352LUX_EDU:BIBNET_UNION&amp;search_scope=DN_and_CI_UCV&amp;tab=DiscoveryNetwork_UCV&amp;lang=fr\" target=\"_blank\" rel=\"noreferrer noopener\">Moi : Grandir &#8211; les passages entre l&rsquo;enfance, l&rsquo;adolescence et l&rsquo;\u00e2ge adulte &#8211; l&rsquo;identit\u00e9<\/a><\/li>\n\n\n\n<li><a href=\"https:\/\/www.a-z.lu\/discovery\/fulldisplay?docid=alma990014848270107255&amp;context=L&amp;vid=352LUX_EDU:BIBNET_UNION&amp;search_scope=DN_and_CI_UCV&amp;tab=DiscoveryNetwork_UCV&amp;lang=fr\" target=\"_blank\" rel=\"noreferrer noopener\">Moi et les autres : l&rsquo;amour et l&rsquo;amiti\u00e9<\/a><\/li>\n\n\n\n<li><a href=\"https:\/\/www.a-z.lu\/discovery\/fulldisplay?docid=alma990014847590107255&amp;context=L&amp;vid=352LUX_EDU:BIBNET_UNION&amp;search_scope=DN_and_CI_UCV&amp;tab=DiscoveryNetwork_UCV&amp;lang=fr\" target=\"_blank\" rel=\"noreferrer noopener\">Ich und die Anderen: Freundschaft<\/a><\/li>\n\n\n\n<li><a href=\"https:\/\/www.a-z.lu\/discovery\/fulldisplay?docid=alma990014847090107255&amp;context=L&amp;vid=352LUX_EDU:BIBNET_UNION&amp;search_scope=DN_and_CI_UCV&amp;tab=DiscoveryNetwork_UCV&amp;lang=fr\" target=\"_blank\" rel=\"noreferrer noopener\">Conceptions de vie, monde et soci\u00e9t\u00e9 : la diff\u00e9rence entre les cultures, l&rsquo;\u00e9galit\u00e9 entre les hommes<\/a><\/li>\n\n\n\n<li><a href=\"https:\/\/www.a-z.lu\/discovery\/fulldisplay?docid=alma990014847480107255&amp;context=L&amp;vid=352LUX_EDU:BIBNET_UNION&amp;search_scope=DN_and_CI_UCV&amp;tab=DiscoveryNetwork_UCV&amp;lang=fr\" target=\"_blank\" rel=\"noreferrer noopener\">Cultures et communications : la connaissance &#8211; comment peut-on conna\u00eetre la v\u00e9rit\u00e9 ?<\/a><\/li>\n\n\n\n<li><a href=\"https:\/\/www.a-z.lu\/discovery\/fulldisplay?docid=alma990014847580107255&amp;context=L&amp;vid=352LUX_EDU:BIBNET_UNION&amp;search_scope=DN_and_CI_UCV&amp;tab=DiscoveryNetwork_UCV&amp;lang=fr\" target=\"_blank\" rel=\"noreferrer noopener\">Grosse Fragen: Nachdenken \u00fcber Sterben und Tod<\/a><\/li>\n\n\n\n<li><a href=\"https:\/\/www.a-z.lu\/discovery\/fulldisplay?docid=alma990014847540107255&amp;context=L&amp;vid=352LUX_EDU:BIBNET_UNION&amp;search_scope=DN_and_CI_UCV&amp;tab=DiscoveryNetwork_UCV&amp;lang=fr\" target=\"_blank\" rel=\"noreferrer noopener\">Les grandes questions : la libert\u00e9, le bien et le mal &#8211; pourquoi les hommes ont-ils besoin de lois pour vivre ensemble ?<\/a><\/li>\n\n\n\n<li><a href=\"https:\/\/www.a-z.lu\/discovery\/fulldisplay?docid=alma990014848370107255&amp;context=L&amp;vid=352LUX_EDU:BIBNET_UNION&amp;search_scope=DN_and_CI_UCV&amp;tab=DiscoveryNetwork_UCV&amp;lang=fr\" target=\"_blank\" rel=\"noreferrer noopener\">Homme, nature et technologie : la nature, la culture : \u00ab\u00a0Qu&rsquo;est-ce qui fait de nous des hommes ?\u00a0\u00bb<\/a><\/li>\n\n\n\n<li><a href=\"https:\/\/www.a-z.lu\/discovery\/fulldisplay?docid=alma990014847690107255&amp;context=L&amp;vid=352LUX_EDU:BIBNET_UNION&amp;search_scope=DN_and_CI_UCV&amp;tab=DiscoveryNetwork_UCV&amp;lang=fr\" target=\"_blank\" rel=\"noreferrer noopener\">Mensch, Natur und Technik : \u00ab\u00a0Der letzte r\u00e4umt die Erde auf\u00a0\u00bb: \u00d6kologie und Ethik<\/a><\/li>\n\n\n\n<li><a href=\"https:\/\/www.a-z.lu\/discovery\/fulldisplay?docid=alma990014848640107255&amp;context=L&amp;vid=352LUX_EDU:BIBNET_UNION&amp;search_scope=DN_and_CI_UCV&amp;tab=DiscoveryNetwork_UCV&amp;lang=fr\" target=\"_blank\" rel=\"noreferrer noopener\">Didaktisch-methodische Grundlagen<\/a><\/li>\n<\/ul>\n<\/div>\n\n\n\n<div class=\"wp-block-column is-vertically-aligned-center editorskit-no-tablet editorskit-no-mobile is-layout-flow wp-block-column-is-layout-flow\" style=\"flex-basis:8.33333%\"><\/div>\n\n\n\n<div class=\"wp-block-column is-vertically-aligned-center is-layout-flow wp-block-column-is-layout-flow\" style=\"flex-basis:50%\">\n<figure class=\"wp-block-image size-full has-custom-border\"><img loading=\"lazy\" decoding=\"async\" width=\"725\" height=\"428\" src=\"https:\/\/ssl.education.lu\/ifen\/wp-content\/uploads\/2024\/06\/mallette_secondaire.jpg\" alt=\"\" class=\"wp-image-8775\" style=\"border-radius:15px\" srcset=\"https:\/\/ssl.education.lu\/ifen\/wp-content\/uploads\/2024\/06\/mallette_secondaire.jpg 725w, https:\/\/ssl.education.lu\/ifen\/wp-content\/uploads\/2024\/06\/mallette_secondaire-600x354.jpg 600w, https:\/\/ssl.education.lu\/ifen\/wp-content\/uploads\/2024\/06\/mallette_secondaire-18x12.jpg 18w\" sizes=\"auto, (max-width: 725px) 100vw, 725px\" \/><\/figure>\n<\/div>\n<\/div>\n\n<\/div>    \r\n<\/section>\n\n\n<div aria-hidden=\"true\" class=\"wp-block-fsb-flexible-spacer fsb-flexible-spacer\"><div class=\"fsb-flexible-spacer__device fsb-flexible-spacer__device--lg\" style=\"height:100px\"><\/div><div class=\"fsb-flexible-spacer__device fsb-flexible-spacer__device--md\" style=\"height:100px\"><\/div><div class=\"fsb-flexible-spacer__device fsb-flexible-spacer__device--sm\" style=\"height:100px\"><\/div><\/div>\n","protected":false},"excerpt":{"rendered":"","protected":false},"author":1,"featured_media":0,"parent":5007,"menu_order":0,"comment_status":"closed","ping_status":"closed","template":"","meta":{"_eb_attr":"","_editorskit_title_hidden":false,"_editorskit_reading_time":0,"_editorskit_is_block_options_detached":false,"_editorskit_block_options_position":"{}","inline_featured_image":false,"footnotes":""},"class_list":["post-8752","page","type-page","status-publish","hentry","etat-valide"],"acf":{"espace_type":""},"_links":{"self":[{"href":"https:\/\/ssl.education.lu\/ifen\/wp-json\/wp\/v2\/pages\/8752","targetHints":{"allow":["GET"]}}],"collection":[{"href":"https:\/\/ssl.education.lu\/ifen\/wp-json\/wp\/v2\/pages"}],"about":[{"href":"https:\/\/ssl.education.lu\/ifen\/wp-json\/wp\/v2\/types\/page"}],"author":[{"embeddable":true,"href":"https:\/\/ssl.education.lu\/ifen\/wp-json\/wp\/v2\/users\/1"}],"replies":[{"embeddable":true,"href":"https:\/\/ssl.education.lu\/ifen\/wp-json\/wp\/v2\/comments?post=8752"}],"version-history":[{"count":5,"href":"https:\/\/ssl.education.lu\/ifen\/wp-json\/wp\/v2\/pages\/8752\/revisions"}],"predecessor-version":[{"id":16026,"href":"https:\/\/ssl.education.lu\/ifen\/wp-json\/wp\/v2\/pages\/8752\/revisions\/16026"}],"up":[{"embeddable":true,"href":"https:\/\/ssl.education.lu\/ifen\/wp-json\/wp\/v2\/pages\/5007"}],"wp:attachment":[{"href":"https:\/\/ssl.education.lu\/ifen\/wp-json\/wp\/v2\/media?parent=8752"}],"curies":[{"name":"wp","href":"https:\/\/api.w.org\/{rel}","templated":true}]}}