

{"id":7314,"date":"2024-06-06T15:06:30","date_gmt":"2024-06-06T13:06:30","guid":{"rendered":"\/ifen\/?page_id=7314"},"modified":"2026-04-08T17:51:12","modified_gmt":"2026-04-08T15:51:12","slug":"espaces-ouverts","status":"publish","type":"page","link":"\/ifen\/espaces-dapprentissage-et-de-travail\/espaces-ouverts\/","title":{"rendered":"Espaces ouverts"},"content":{"rendered":"\n<div class=\"wp-block-cover alignfull is-light banner-page hide-editor\" style=\"min-height:250px;aspect-ratio:unset;\"><img loading=\"lazy\" decoding=\"async\" width=\"1920\" height=\"250\" class=\"wp-block-cover__image-background wp-image-4441\" alt=\"\" src=\"https:\/\/ssl.education.lu\/ifen\/wp-content\/uploads\/2023\/12\/banner_contact.svg\" data-object-fit=\"cover\"\/><span aria-hidden=\"true\" class=\"wp-block-cover__background has-black-background-color has-background-dim-0 has-background-dim\"><\/span><div class=\"wp-block-cover__inner-container is-layout-flow wp-block-cover-is-layout-flow\">\n<div class=\"wp-block-group is-layout-flow wp-block-group-is-layout-flow\">\n<div class=\"wp-block-group has-global-padding is-layout-constrained wp-block-group-is-layout-constrained\">\n<h1 class=\"wp-block-heading has-text-align-center has-primary-color has-text-color\">Espaces ouverts<\/h1>\n\n\n\n<p class=\"has-text-align-center has-primary-color has-text-color has-link-color wp-elements-d06f5ddb3d9b7e8cd2d2c8740660a9fa\">Nous vous proposons des espaces ouverts en continu. Ces espaces sont propices pour se poser le temps d&rsquo;une lecture, d&rsquo;un travail r\u00e9flexif ou encore d&rsquo;un \u00e9change entre pairs. En outre, diff\u00e9rents mat\u00e9riels p\u00e9dagogiques \u00e0 d\u00e9couvrir sont \u00e0 votre disposition.<\/p>\n<\/div>\n<\/div>\n\n\n\n<svg class=\"curve curve-bottom curve-desktop\" xmlns=\"http:\/\/www.w3.org\/2000\/svg\" width=\"100%\" height=\"77.168\" viewBox=\"0 0 1600 77.168\" preserveAspectRatio=\"none\">\n              <path id=\"Trac\u00e9_454\" data-name=\"Trac\u00e9 454\" d=\"M0,0H1600V29.331S1204.669,77.168,804.669,77.168,0,29.331,0,29.331Z\" transform=\"translate(1600 77.168) rotate(180)\" fill=\"#fff\"\/>\n          <\/svg>\n  <svg class=\"curve curve-bottom curve-mobile\" xmlns=\"http:\/\/www.w3.org\/2000\/svg\" width=\"100%\" height=\"77.168\" viewBox=\"0 0 1600 77.168\">\n              <path id=\"Trac\u00e9_454\" data-name=\"Trac\u00e9 454\" d=\"M0,0H1600V29.331S1204.669,77.168,804.669,77.168,0,29.331,0,29.331Z\" transform=\"translate(1600 77.168) rotate(180)\" fill=\"#fff\"\/>\n          <\/svg>\n<\/div><\/div>\n\n\n\n<div aria-hidden=\"true\" class=\"wp-block-fsb-flexible-spacer fsb-flexible-spacer\"><div class=\"fsb-flexible-spacer__device fsb-flexible-spacer__device--lg\" style=\"margin-bottom:-35px\"><\/div><div class=\"fsb-flexible-spacer__device fsb-flexible-spacer__device--md\" style=\"margin-bottom:-15px\"><\/div><div class=\"fsb-flexible-spacer__device fsb-flexible-spacer__device--sm\" style=\"margin-bottom:-15px\"><\/div><\/div>\n\n\n \r\n\r\n<section  class=\"wp-block-section     alignwide  lieux  \"\r\n    >\r\n\r\n    \r\n        <div class=\"acf-innerblocks-container\">\n\n<p class=\"back\"><a href=\"\/ifen\/espaces-dapprentissage-et-de-travail\/\" class=\"ek-link\">Retour<\/a><\/p>\n\n\n\n<ul class=\"wp-block-list list-flex list-event\">\n<li>Walferdange<\/li>\n\n\n\n<li>Belval<\/li>\n<\/ul>\n\n\n\n<div class=\"wp-block-group list-event-desc list-event-desc-first is-layout-flow wp-block-group-is-layout-flow\"> \r\n\r\n<section  class=\"wp-block-section       liste-salles  \"\r\n    >\r\n\r\n    \r\n        <div class=\"acf-innerblocks-container\">\n\n<div aria-hidden=\"true\" class=\"wp-block-fsb-flexible-spacer fsb-flexible-spacer\"><div class=\"fsb-flexible-spacer__device fsb-flexible-spacer__device--lg\" style=\"height:65px\"><\/div><div class=\"fsb-flexible-spacer__device fsb-flexible-spacer__device--md\" style=\"height:65px\"><\/div><div class=\"fsb-flexible-spacer__device fsb-flexible-spacer__device--sm\" style=\"height:30px\"><\/div><\/div>\n\n\n\n<h2 class=\"wp-block-heading h2small batiment\">B\u00e2timent 6<\/h2>\n\n\n\n<div class=\"wp-block-group card-salle ek-linked-block is-layout-flow wp-block-group-is-layout-flow\">\n<h3 class=\"wp-block-heading\">Rez-de-chauss\u00e9e &#8211; Espace restauration<\/h3>\n\n\n\n<div class=\"wp-block-group card-salle-attributes is-layout-flow wp-block-group-is-layout-flow\">\n<div class=\"wp-block-group card-salle-attributes-item is-layout-flow wp-block-group-is-layout-flow\">\n<div class=\"wp-block-group card-salle-attributes-item is-layout-flow wp-block-group-is-layout-flow\">\n<p>Capacit\u00e9 maximum : 10<\/p>\n<\/div>\n<\/div>\n<\/div>\n<a href=\"\/ifen\/espaces-dapprentissage-et-de-travail\/arts-creatifs\/salle-eduscene\/\" class=\"editorskit-block-link\" rel=\"\"><\/a><\/div>\n\n\n\n<div class=\"wp-block-group card-salle ek-linked-block is-layout-flow wp-block-group-is-layout-flow\">\n<h3 class=\"wp-block-heading\">\u00c9tage 2 &#8211; Salle 001 &#8211; Salle des formateurs<\/h3>\n\n\n\n<div class=\"wp-block-group card-salle-attributes is-layout-flow wp-block-group-is-layout-flow\">\n<div class=\"wp-block-group card-salle-attributes-item is-layout-flow wp-block-group-is-layout-flow\">\n<div class=\"wp-block-group card-salle-attributes-item is-layout-flow wp-block-group-is-layout-flow\">\n<p>Capacit\u00e9 maximum : 10<\/p>\n<\/div>\n\n\n\n<div class=\"wp-block-group card-salle-attributes-item is-layout-flow wp-block-group-is-layout-flow\">\n<p>Mat\u00e9riel : PC + Projecteur + Apple TV<\/p>\n<\/div>\n<\/div>\n<\/div>\n<a href=\"\/ifen\/espaces-dapprentissage-et-de-travail\/arts-creatifs\/salle-eduscene\/\" class=\"editorskit-block-link\" rel=\"\"><\/a><\/div>\n\n\n\n<div class=\"wp-block-group card-salle ek-linked-block is-layout-flow wp-block-group-is-layout-flow\">\n<h3 class=\"wp-block-heading\">\u00c9tage 2 &#8211; Cabine acoustique<\/h3>\n\n\n\n<div class=\"wp-block-group card-salle-attributes is-layout-flow wp-block-group-is-layout-flow\">\n<div class=\"wp-block-group card-salle-attributes-item is-layout-flow wp-block-group-is-layout-flow\">\n<div class=\"wp-block-group card-salle-attributes-item is-layout-flow wp-block-group-is-layout-flow\">\n<p>Capacit\u00e9 maximum : 1<\/p>\n<\/div>\n<\/div>\n<\/div>\n<a href=\"\/ifen\/espaces-dapprentissage-et-de-travail\/arts-creatifs\/salle-eduscene\/\" class=\"editorskit-block-link\" rel=\"\"><\/a><\/div>\n\n\n\n<div class=\"wp-block-group card-salle ek-linked-block is-layout-flow wp-block-group-is-layout-flow\">\n<h3 class=\"wp-block-heading\">\u00c9tage 3 &#8211; Salle 001 &#8211; Centre de documentation p\u00e9dagogique<\/h3>\n\n\n\n<div class=\"wp-block-group card-salle-attributes is-layout-flow wp-block-group-is-layout-flow\">\n<div class=\"wp-block-group card-salle-attributes-item is-layout-flow wp-block-group-is-layout-flow\">\n<div class=\"wp-block-group card-salle-attributes-item is-layout-flow wp-block-group-is-layout-flow\">\n<p>Capacit\u00e9 maximum : 8<\/p>\n<\/div>\n<\/div>\n<\/div>\n<a href=\"\/ifen\/espaces-dapprentissage-et-de-travail\/arts-creatifs\/salle-eduscene\/\" class=\"editorskit-block-link\" rel=\"\"><\/a><\/div>\n\n\n\n<div class=\"wp-block-group card-salle ek-linked-block is-layout-flow wp-block-group-is-layout-flow\">\n<h3 class=\"wp-block-heading\">\u00c9tage 3 &#8211; Salle 002<\/h3>\n\n\n\n<div class=\"wp-block-group card-salle-attributes is-layout-flow wp-block-group-is-layout-flow\">\n<div class=\"wp-block-group card-salle-attributes-item is-layout-flow wp-block-group-is-layout-flow\">\n<div class=\"wp-block-group card-salle-attributes-item is-layout-flow wp-block-group-is-layout-flow\">\n<p>Capacit\u00e9 maximum : 10<\/p>\n<\/div>\n<\/div>\n<\/div>\n<a href=\"\/ifen\/espaces-dapprentissage-et-de-travail\/arts-creatifs\/salle-eduscene\/\" class=\"editorskit-block-link\" rel=\"\"><\/a><\/div>\n\n<\/div>    \r\n<\/section><\/div>\n\n\n\n<div class=\"wp-block-group list-event-desc is-layout-flow wp-block-group-is-layout-flow\"> \r\n\r\n<section  class=\"wp-block-section       liste-salles  \"\r\n    >\r\n\r\n    \r\n        <div class=\"acf-innerblocks-container\">\n\n<h2 class=\"wp-block-heading h2small batiment\">B\u00e2timent E<\/h2>\n\n\n\n<div class=\"wp-block-group card-salle ek-linked-block is-layout-flow wp-block-group-is-layout-flow\">\n<h3 class=\"wp-block-heading\">Rez-de-chauss\u00e9e &#8211; Salle 005 &#8211; Salle des formateurs<\/h3>\n\n\n\n<div class=\"wp-block-group card-salle-attributes is-layout-flow wp-block-group-is-layout-flow\">\n<div class=\"wp-block-group card-salle-attributes-item is-layout-flow wp-block-group-is-layout-flow\">\n<p>Capacit\u00e9 maximum : 10<\/p>\n<\/div>\n<\/div>\n<a href=\"\/ifen\/espaces-dapprentissage-et-de-travail\/espaces-conference\/salle-belval\/\" class=\"editorskit-block-link\" rel=\"\"><\/a><\/div>\n\n<\/div>    \r\n<\/section><\/div>\n\n<\/div>    \r\n<\/section>\n\n\n<div aria-hidden=\"true\" class=\"wp-block-fsb-flexible-spacer fsb-flexible-spacer\"><div class=\"fsb-flexible-spacer__device fsb-flexible-spacer__device--lg\" style=\"height:100px\"><\/div><div class=\"fsb-flexible-spacer__device fsb-flexible-spacer__device--md\" style=\"height:100px\"><\/div><div class=\"fsb-flexible-spacer__device fsb-flexible-spacer__device--sm\" style=\"height:100px\"><\/div><\/div>\n","protected":false},"excerpt":{"rendered":"","protected":false},"author":1,"featured_media":0,"parent":4697,"menu_order":0,"comment_status":"closed","ping_status":"closed","template":"","meta":{"_eb_attr":"","_editorskit_title_hidden":false,"_editorskit_reading_time":0,"_editorskit_is_block_options_detached":false,"_editorskit_block_options_position":"{}","inline_featured_image":false,"footnotes":""},"class_list":["post-7314","page","type-page","status-publish","hentry","etat-a-reviser"],"acf":{"espace_type":""},"_links":{"self":[{"href":"https:\/\/ssl.education.lu\/ifen\/wp-json\/wp\/v2\/pages\/7314","targetHints":{"allow":["GET"]}}],"collection":[{"href":"https:\/\/ssl.education.lu\/ifen\/wp-json\/wp\/v2\/pages"}],"about":[{"href":"https:\/\/ssl.education.lu\/ifen\/wp-json\/wp\/v2\/types\/page"}],"author":[{"embeddable":true,"href":"https:\/\/ssl.education.lu\/ifen\/wp-json\/wp\/v2\/users\/1"}],"replies":[{"embeddable":true,"href":"https:\/\/ssl.education.lu\/ifen\/wp-json\/wp\/v2\/comments?post=7314"}],"version-history":[{"count":28,"href":"https:\/\/ssl.education.lu\/ifen\/wp-json\/wp\/v2\/pages\/7314\/revisions"}],"predecessor-version":[{"id":17195,"href":"https:\/\/ssl.education.lu\/ifen\/wp-json\/wp\/v2\/pages\/7314\/revisions\/17195"}],"up":[{"embeddable":true,"href":"https:\/\/ssl.education.lu\/ifen\/wp-json\/wp\/v2\/pages\/4697"}],"wp:attachment":[{"href":"https:\/\/ssl.education.lu\/ifen\/wp-json\/wp\/v2\/media?parent=7314"}],"curies":[{"name":"wp","href":"https:\/\/api.w.org\/{rel}","templated":true}]}}