

{"id":6358,"date":"2024-05-14T12:47:40","date_gmt":"2024-05-14T10:47:40","guid":{"rendered":"\/ifen\/?page_id=6358"},"modified":"2025-11-20T08:32:30","modified_gmt":"2025-11-20T07:32:30","slug":"conseil-scientifique","status":"publish","type":"page","link":"\/ifen\/linstitut\/conseil-scientifique\/","title":{"rendered":"Conseil scientifique"},"content":{"rendered":"\n<div class=\"wp-block-cover alignfull is-light banner-page banner-page-small bleu hide-editor\" style=\"min-height:250px;aspect-ratio:unset;\"><img loading=\"lazy\" decoding=\"async\" width=\"1920\" height=\"250\" class=\"wp-block-cover__image-background wp-image-3797\" alt=\"\" src=\"\/ifen\/wp-content\/uploads\/2023\/09\/banner-small-bleu-1.svg\" data-object-fit=\"cover\"\/><span aria-hidden=\"true\" class=\"wp-block-cover__background has-black-background-color has-background-dim-0 has-background-dim\"><\/span><div class=\"wp-block-cover__inner-container is-layout-flow wp-block-cover-is-layout-flow\">\n<div class=\"wp-block-group is-layout-flow wp-block-group-is-layout-flow\">\n<h1 class=\"wp-block-heading has-text-align-center has-primary-color has-text-color\">Conseil Scientifique<\/h1>\n<\/div>\n\n\n\n<svg class=\"curve curve-bottom curve-desktop\" xmlns=\"http:\/\/www.w3.org\/2000\/svg\" width=\"100%\" height=\"77.168\" viewBox=\"0 0 1600 77.168\" preserveAspectRatio=\"none\">\n              <path id=\"Trac\u00e9_454\" data-name=\"Trac\u00e9 454\" d=\"M0,0H1600V29.331S1204.669,77.168,804.669,77.168,0,29.331,0,29.331Z\" transform=\"translate(1600 77.168) rotate(180)\" fill=\"#fff\"\/>\n          <\/svg>\n          <svg class=\"curve curve-bottom curve-mobile\" xmlns=\"http:\/\/www.w3.org\/2000\/svg\" width=\"100%\" height=\"77.168\" viewBox=\"0 0 1600 77.168\">\n              <path id=\"Trac\u00e9_454\" data-name=\"Trac\u00e9 454\" d=\"M0,0H1600V29.331S1204.669,77.168,804.669,77.168,0,29.331,0,29.331Z\" transform=\"translate(1600 77.168) rotate(180)\" fill=\"#fff\"\/>\n          <\/svg>\n<\/div><\/div>\n\n\n \r\n\r\n<section  class=\"wp-block-section     alignwide    \"\r\n    >\r\n\r\n    \r\n        <div class=\"acf-innerblocks-container\">\n\n<p class=\"back\"><a href=\"\/ifen\/linstitut\/#conseil-scientifique\" class=\"ek-link\">Retour<\/a><\/p>\n\n\n\n<p>Le Conseil Scientifique est un organe consultatif compos\u00e9 d&rsquo;experts externes qui contribuent \u00e0 la d\u00e9finition et l&rsquo;\u00e9valuation de la strat\u00e9gie institutionnelle de l&rsquo;IFEN.<\/p>\n\n\n\n<p>Ses missions principales sont les suivantes :<\/p>\n\n\n\n<ul class=\"wp-block-list\">\n<li>Discuter de la strat\u00e9gie globale de l\u2019IFEN et de ses grandes orientations strat\u00e9giques<\/li>\n\n\n\n<li>Examiner les r\u00e9sultats des activit\u00e9s men\u00e9es par l&rsquo;IFEN en coh\u00e9rence avec ses missions et ses priorit\u00e9s<\/li>\n\n\n\n<li>Optimiser l&rsquo;organisation structurelle et le fonctionnement des divisions de l&rsquo;IFEN<\/li>\n\n\n\n<li>Promouvoir la participation de l&rsquo;IFEN \u00e0 des programmes de coop\u00e9ration internationale en conseillant sur des projets de recherche tels qu\u2019Erasmus+, des projets partenaires avec d&rsquo;autres organisations et institutions de recherche<\/li>\n<\/ul>\n\n\n\n<div aria-hidden=\"true\" class=\"wp-block-fsb-flexible-spacer fsb-flexible-spacer\"><div class=\"fsb-flexible-spacer__device fsb-flexible-spacer__device--lg\" style=\"height:30px\"><\/div><div class=\"fsb-flexible-spacer__device fsb-flexible-spacer__device--md\" style=\"height:30px\"><\/div><div class=\"fsb-flexible-spacer__device fsb-flexible-spacer__device--sm\" style=\"height:30px\"><\/div><\/div>\n\n\n\n<div class=\"wp-block-columns is-layout-flex wp-container-core-columns-is-layout-28f84493 wp-block-columns-is-layout-flex\">\n<div class=\"wp-block-column is-layout-flow wp-block-column-is-layout-flow\" data-aos=\"zoom-in\" data-aos-once=\"true\">\n<div class=\"wp-block-group card card-overlay ek-linked-block has-global-padding is-layout-constrained wp-block-group-is-layout-constrained\">\n<div class=\"wp-block-cover\" style=\"min-height:150px;aspect-ratio:unset;\"><img loading=\"lazy\" decoding=\"async\" width=\"800\" height=\"396\" class=\"wp-block-cover__image-background wp-image-8801\" alt=\"\" src=\"https:\/\/ssl.education.lu\/ifen\/wp-content\/uploads\/2024\/06\/cover_rapport_cs.jpg\" data-object-fit=\"cover\" srcset=\"https:\/\/ssl.education.lu\/ifen\/wp-content\/uploads\/2024\/06\/cover_rapport_cs.jpg 800w, https:\/\/ssl.education.lu\/ifen\/wp-content\/uploads\/2024\/06\/cover_rapport_cs-600x297.jpg 600w, https:\/\/ssl.education.lu\/ifen\/wp-content\/uploads\/2024\/06\/cover_rapport_cs-768x380.jpg 768w, https:\/\/ssl.education.lu\/ifen\/wp-content\/uploads\/2024\/06\/cover_rapport_cs-18x9.jpg 18w\" sizes=\"auto, (max-width: 800px) 100vw, 800px\" \/><span aria-hidden=\"true\" class=\"wp-block-cover__background has-background-dim-0 has-background-dim\"><\/span><div class=\"wp-block-cover__inner-container is-layout-flow wp-block-cover-is-layout-flow\">\n<p><\/p>\n<\/div><\/div>\n\n\n\n<h4 class=\"wp-block-heading\">Rapport de la r\u00e9union du Conseil Scientifique de Novembre 2023<\/h4>\n\n\n\n<div class=\"wp-block-buttons is-layout-flex wp-block-buttons-is-layout-flex\">\n<div class=\"wp-block-button\"><a class=\"wp-block-button__link wp-element-button\" href=\"https:\/\/ssl.education.lu\/ifen\/wp-content\/uploads\/2024\/06\/IFEN_Rapport_conseil_scientifique_doublepage_20240328.pdf\" target=\"_blank\" rel=\"noreferrer noopener\">T\u00e9l\u00e9charger<\/a><\/div>\n<\/div>\n<\/div>\n<\/div>\n\n\n\n<div class=\"wp-block-column wp-block-card is-layout-flow wp-block-column-is-layout-flow\" data-aos=\"zoom-in\" data-aos-delay=\"250\" data-aos-once=\"true\">\n<div class=\"wp-block-group card card-overlay ek-linked-block has-global-padding is-layout-constrained wp-block-group-is-layout-constrained\">\n<div class=\"wp-block-cover\" style=\"min-height:150px;aspect-ratio:unset;\"><img loading=\"lazy\" decoding=\"async\" width=\"800\" height=\"396\" class=\"wp-block-cover__image-background wp-image-8801\" alt=\"\" src=\"https:\/\/ssl.education.lu\/ifen\/wp-content\/uploads\/2024\/06\/cover_rapport_cs.jpg\" data-object-fit=\"cover\" srcset=\"https:\/\/ssl.education.lu\/ifen\/wp-content\/uploads\/2024\/06\/cover_rapport_cs.jpg 800w, https:\/\/ssl.education.lu\/ifen\/wp-content\/uploads\/2024\/06\/cover_rapport_cs-600x297.jpg 600w, https:\/\/ssl.education.lu\/ifen\/wp-content\/uploads\/2024\/06\/cover_rapport_cs-768x380.jpg 768w, https:\/\/ssl.education.lu\/ifen\/wp-content\/uploads\/2024\/06\/cover_rapport_cs-18x9.jpg 18w\" sizes=\"auto, (max-width: 800px) 100vw, 800px\" \/><span aria-hidden=\"true\" class=\"wp-block-cover__background has-background-dim-0 has-background-dim\"><\/span><div class=\"wp-block-cover__inner-container is-layout-flow wp-block-cover-is-layout-flow\">\n<h3 class=\"wp-block-heading has-text-align-center has-large-font-size\"><\/h3>\n<\/div><\/div>\n\n\n\n<h4 class=\"wp-block-heading\">Rapport de la r\u00e9union du Conseil Scientifique de juin 2024<\/h4>\n\n\n\n<div class=\"wp-block-buttons is-layout-flex wp-block-buttons-is-layout-flex\">\n<div class=\"wp-block-button\"><a class=\"wp-block-button__link wp-element-button\" href=\"https:\/\/ssl.education.lu\/ifen\/wp-content\/uploads\/2024\/06\/IFEN_Rapport_conseil_scientifique_doublepage_20240328.pdf\" target=\"_blank\" rel=\"noreferrer noopener\">T\u00e9l\u00e9charger<\/a><\/div>\n<\/div>\n<\/div>\n<\/div>\n\n\n\n<div class=\"wp-block-column is-layout-flow wp-block-column-is-layout-flow\"><\/div>\n<\/div>\n\n\n\n<div aria-hidden=\"true\" class=\"wp-block-fsb-flexible-spacer fsb-flexible-spacer\"><div class=\"fsb-flexible-spacer__device fsb-flexible-spacer__device--lg\" style=\"height:100px\"><\/div><div class=\"fsb-flexible-spacer__device fsb-flexible-spacer__device--md\" style=\"height:100px\"><\/div><div class=\"fsb-flexible-spacer__device fsb-flexible-spacer__device--sm\" style=\"height:100px\"><\/div><\/div>\n\n<\/div>    \r\n<\/section>","protected":false},"excerpt":{"rendered":"","protected":false},"author":1,"featured_media":0,"parent":119,"menu_order":0,"comment_status":"closed","ping_status":"closed","template":"","meta":{"_eb_attr":"","_editorskit_title_hidden":false,"_editorskit_reading_time":0,"_editorskit_is_block_options_detached":false,"_editorskit_block_options_position":"{}","inline_featured_image":false,"footnotes":""},"class_list":["post-6358","page","type-page","status-publish","hentry","etat-a-reviser"],"acf":{"espace_type":""},"_links":{"self":[{"href":"https:\/\/ssl.education.lu\/ifen\/wp-json\/wp\/v2\/pages\/6358","targetHints":{"allow":["GET"]}}],"collection":[{"href":"https:\/\/ssl.education.lu\/ifen\/wp-json\/wp\/v2\/pages"}],"about":[{"href":"https:\/\/ssl.education.lu\/ifen\/wp-json\/wp\/v2\/types\/page"}],"author":[{"embeddable":true,"href":"https:\/\/ssl.education.lu\/ifen\/wp-json\/wp\/v2\/users\/1"}],"replies":[{"embeddable":true,"href":"https:\/\/ssl.education.lu\/ifen\/wp-json\/wp\/v2\/comments?post=6358"}],"version-history":[{"count":26,"href":"https:\/\/ssl.education.lu\/ifen\/wp-json\/wp\/v2\/pages\/6358\/revisions"}],"predecessor-version":[{"id":15338,"href":"https:\/\/ssl.education.lu\/ifen\/wp-json\/wp\/v2\/pages\/6358\/revisions\/15338"}],"up":[{"embeddable":true,"href":"https:\/\/ssl.education.lu\/ifen\/wp-json\/wp\/v2\/pages\/119"}],"wp:attachment":[{"href":"https:\/\/ssl.education.lu\/ifen\/wp-json\/wp\/v2\/media?parent=6358"}],"curies":[{"name":"wp","href":"https:\/\/api.w.org\/{rel}","templated":true}]}}