

{"id":6326,"date":"2024-05-14T07:29:09","date_gmt":"2024-05-14T05:29:09","guid":{"rendered":"\/ifen\/?page_id=6326"},"modified":"2025-11-20T08:59:57","modified_gmt":"2025-11-20T07:59:57","slug":"periode-dapprofondissement","status":"publish","type":"page","link":"\/ifen\/je-suis\/stagiaire\/periode-dapprofondissement\/","title":{"rendered":"P\u00e9riode d&rsquo;approfondissement"},"content":{"rendered":"\n<div class=\"wp-block-cover alignfull is-light banner-page banner-page-small hide-editor\" style=\"min-height:250px;aspect-ratio:unset;\"><img loading=\"lazy\" decoding=\"async\" width=\"1920\" height=\"250\" class=\"wp-block-cover__image-background wp-image-4441\" alt=\"\" src=\"https:\/\/ssl.education.lu\/ifen\/wp-content\/uploads\/2023\/12\/banner_contact.svg\" data-object-fit=\"cover\"\/><span aria-hidden=\"true\" class=\"wp-block-cover__background has-black-background-color has-background-dim-0 has-background-dim\"><\/span><div class=\"wp-block-cover__inner-container is-layout-flow wp-block-cover-is-layout-flow\">\n<div class=\"wp-block-group is-layout-flow wp-block-group-is-layout-flow\">\n<h1 class=\"wp-block-heading has-text-align-center has-primary-color has-text-color\">P\u00e9riode d&rsquo;approfondissement<\/h1>\n<\/div>\n\n\n\n<svg class=\"curve curve-bottom curve-desktop\" xmlns=\"http:\/\/www.w3.org\/2000\/svg\" width=\"100%\" height=\"77.168\" viewBox=\"0 0 1600 77.168\" preserveAspectRatio=\"none\">\n              <path id=\"Trac\u00e9_454\" data-name=\"Trac\u00e9 454\" d=\"M0,0H1600V29.331S1204.669,77.168,804.669,77.168,0,29.331,0,29.331Z\" transform=\"translate(1600 77.168) rotate(180)\" fill=\"#fff\"\/>\n          <\/svg>\n  <svg class=\"curve curve-bottom curve-mobile\" xmlns=\"http:\/\/www.w3.org\/2000\/svg\" width=\"100%\" height=\"77.168\" viewBox=\"0 0 1600 77.168\">\n              <path id=\"Trac\u00e9_454\" data-name=\"Trac\u00e9 454\" d=\"M0,0H1600V29.331S1204.669,77.168,804.669,77.168,0,29.331,0,29.331Z\" transform=\"translate(1600 77.168) rotate(180)\" fill=\"#fff\"\/>\n          <\/svg>\n<\/div><\/div>\n\n\n\n<div class=\"wp-block-group hide-editor has-global-padding is-layout-constrained wp-block-group-is-layout-constrained\">\n<a href=\"#infos-pratiques\" class=\"groupe-fixe hide-editor\">\n  <svg xmlns=\"http:\/\/www.w3.org\/2000\/svg\" xmlns:xlink=\"http:\/\/www.w3.org\/1999\/xlink\" width=\"42\" height=\"42\" viewBox=\"0 0 42 42\">\n    <g id=\"Groupe_1638\" data-name=\"Groupe 1638\" transform=\"translate(-1805.341 -527.784)\">\n      <g id=\"Groupe_1637\" data-name=\"Groupe 1637\" transform=\"translate(1806.341 528.784)\">\n        <path id=\"Trac\u00e9_889\" data-name=\"Trac\u00e9 889\" d=\"M58.709,20.507a20,20,0,1,1-20-20A20,20,0,0,1,58.709,20.507Z\" transform=\"translate(-18.709 -0.507)\" fill=\"none\" stroke=\"#fff\" stroke-miterlimit=\"10\" stroke-width=\"2\"><\/path>\n        <g id=\"Groupe_1601\" data-name=\"Groupe 1601\" transform=\"translate(17.302 8.603)\">\n          <g id=\"Groupe_1600\" data-name=\"Groupe 1600\" transform=\"translate(0 0)\">\n            <path id=\"Trac\u00e9_890\" data-name=\"Trac\u00e9 890\" d=\"M.667,4.108A2.347,2.347,0,0,1,0,2.4,2.364,2.364,0,0,1,.651.667,2.289,2.289,0,0,1,2.364,0,2.341,2.341,0,0,1,4.093.667,2.339,2.339,0,0,1,4.76,2.4a2.335,2.335,0,0,1-2.4,2.4,2.27,2.27,0,0,1-1.7-.683M.348,22.028a.35.35,0,0,1-.106-.258V6.913a.352.352,0,0,1,.106-.258.353.353,0,0,1,.258-.107H4.153a.363.363,0,0,1,.364.365V21.77a.35.35,0,0,1-.106.258.353.353,0,0,1-.258.106H.606a.352.352,0,0,1-.258-.106\" transform=\"translate(0 0)\" fill=\"#fff\"><\/path>\n          <\/g>\n        <\/g>\n      <\/g>\n    <\/g>\n  <\/svg>\n  <span>Contact<\/span>\n  <\/a>\n<\/div>\n\n\n \r\n\r\n<section  class=\"wp-block-section     alignwide    \"\r\n    >\r\n\r\n    \r\n        <div class=\"acf-innerblocks-container\">\n\n<p class=\"back\"><a href=\"\/ifen\/#insertion-prof\" class=\"ek-link\">Retour<\/a><\/p>\n\n\n \r\n\r\n<section  class=\"wp-block-section         \"\r\n    >\r\n\r\n    \r\n        <div class=\"acf-innerblocks-container\">\n\n<div class=\"wp-block-columns are-vertically-aligned-center wrap-mobile-col is-layout-flex wp-container-core-columns-is-layout-28f84493 wp-block-columns-is-layout-flex\" data-aos=\"fade-up\" data-aos-once=\"true\">\n<div class=\"wp-block-column is-vertically-aligned-center is-layout-flow wp-block-column-is-layout-flow\" style=\"flex-basis:41.66666667%\">\n<div aria-hidden=\"true\" class=\"wp-block-fsb-flexible-spacer fsb-flexible-spacer\"><div class=\"fsb-flexible-spacer__device fsb-flexible-spacer__device--lg\" style=\"height:25px\"><\/div><div class=\"fsb-flexible-spacer__device fsb-flexible-spacer__device--md\" style=\"height:15px\"><\/div><div class=\"fsb-flexible-spacer__device fsb-flexible-spacer__device--sm\" style=\"height:15px\"><\/div><\/div>\n\n\n\n<h3 class=\"wp-block-heading has-l-font-size\">Agents concern\u00e9s<\/h3>\n\n\n\n<p>Si vous \u00eates enseignants, fonctionnaire ou employ\u00e9, vous b\u00e9n\u00e9ficiez, \u00e0 l&rsquo;issue de votre p\u00e9riode de stage (stage pour les fonctionnaires ou p\u00e9riode d\u2019initiation pour les employ\u00e9s), d&rsquo;une<strong> p\u00e9riode d&rsquo;approfondissement<\/strong> qui s&rsquo;\u00e9tend sur une p\u00e9riode de douze mois.<\/p>\n\n\n\n<p>Cette p\u00e9riode d&rsquo;approfondissement a pour but de consolider vos comp\u00e9tences professionnelles.<\/p>\n<\/div>\n\n\n\n<div class=\"wp-block-column is-vertically-aligned-center editorskit-no-tablet editorskit-no-mobile is-layout-flow wp-block-column-is-layout-flow\" style=\"flex-basis:8.33333%\"><\/div>\n\n\n\n<div class=\"wp-block-column is-vertically-aligned-center is-layout-flow wp-block-column-is-layout-flow\" style=\"flex-basis:50%\">\n<figure class=\"wp-block-image size-full has-custom-border\"><img loading=\"lazy\" decoding=\"async\" width=\"1000\" height=\"667\" src=\"https:\/\/ssl.education.lu\/ifen\/wp-content\/uploads\/2024\/07\/periode_approfondissement_1.jpg\" alt=\"\" class=\"wp-image-10362\" style=\"border-radius:15px\" srcset=\"https:\/\/ssl.education.lu\/ifen\/wp-content\/uploads\/2024\/07\/periode_approfondissement_1.jpg 1000w, https:\/\/ssl.education.lu\/ifen\/wp-content\/uploads\/2024\/07\/periode_approfondissement_1-600x400.jpg 600w, https:\/\/ssl.education.lu\/ifen\/wp-content\/uploads\/2024\/07\/periode_approfondissement_1-768x512.jpg 768w, https:\/\/ssl.education.lu\/ifen\/wp-content\/uploads\/2024\/07\/periode_approfondissement_1-18x12.jpg 18w\" sizes=\"auto, (max-width: 1000px) 100vw, 1000px\" \/><\/figure>\n<\/div>\n<\/div>\n\n\n\n<div aria-hidden=\"true\" class=\"wp-block-fsb-flexible-spacer fsb-flexible-spacer\"><div class=\"fsb-flexible-spacer__device fsb-flexible-spacer__device--lg\" style=\"height:75px\"><\/div><div class=\"fsb-flexible-spacer__device fsb-flexible-spacer__device--md\" style=\"height:50px\"><\/div><div class=\"fsb-flexible-spacer__device fsb-flexible-spacer__device--sm\" style=\"height:0px\"><\/div><\/div>\n\n\n\n<div class=\"wp-block-columns are-vertically-aligned-center wrap-mobile-col col-reverse is-layout-flex wp-container-core-columns-is-layout-28f84493 wp-block-columns-is-layout-flex\" data-aos=\"fade-up\" data-aos-once=\"true\">\n<div class=\"wp-block-column is-vertically-aligned-center is-layout-flow wp-block-column-is-layout-flow\" style=\"flex-basis:50%\">\n<figure class=\"wp-block-image size-full has-custom-border\"><img loading=\"lazy\" decoding=\"async\" width=\"1000\" height=\"622\" src=\"https:\/\/ssl.education.lu\/ifen\/wp-content\/uploads\/2024\/09\/periode_approfondissement_orga.jpg\" alt=\"\" class=\"wp-image-10787\" style=\"border-radius:15px\" srcset=\"https:\/\/ssl.education.lu\/ifen\/wp-content\/uploads\/2024\/09\/periode_approfondissement_orga.jpg 1000w, https:\/\/ssl.education.lu\/ifen\/wp-content\/uploads\/2024\/09\/periode_approfondissement_orga-600x373.jpg 600w, https:\/\/ssl.education.lu\/ifen\/wp-content\/uploads\/2024\/09\/periode_approfondissement_orga-768x478.jpg 768w, https:\/\/ssl.education.lu\/ifen\/wp-content\/uploads\/2024\/09\/periode_approfondissement_orga-18x12.jpg 18w\" sizes=\"auto, (max-width: 1000px) 100vw, 1000px\" \/><\/figure>\n<\/div>\n\n\n\n<div class=\"wp-block-column is-vertically-aligned-center editorskit-no-tablet editorskit-no-mobile is-layout-flow wp-block-column-is-layout-flow\" style=\"flex-basis:8.33333%\"><\/div>\n\n\n\n<div class=\"wp-block-column is-vertically-aligned-center is-layout-flow wp-block-column-is-layout-flow\" style=\"flex-basis:41.66666667%\">\n<h3 class=\"wp-block-heading has-l-font-size\">Organisation<\/h3>\n\n\n\n<p>Pendant cette p\u00e9riode, vous b\u00e9n\u00e9ficiez d&rsquo;un accompagnement par un conseiller p\u00e9dagogique ou une personne de r\u00e9f\u00e9rence. Vous participez \u00e0 <strong>48 heures de formation au choix<\/strong>, \u00e0 <strong>trois s\u00e9ances de regroupement entre pairs <\/strong>et \u00e0 <strong>deux s\u00e9ances d&rsquo;hospitation <\/strong>en relation avec votre projet individuel de d\u00e9veloppement professionnel.<\/p>\n\n\n\n<p>Au cours du premier trimestre, vous \u00e9tablissez avec votre conseiller p\u00e9dagogique ou votre personne de r\u00e9f\u00e9rence un programme individuel de formation en fonction du parcours suivi en insertion professionnelle, de votre profil, de votre contexte professionnel et de votre projet de d\u00e9veloppement professionnel dans le respect du volume fix\u00e9 \u00e0 48 heures. Ce programme peut se composer de modules d&rsquo;approfondissement et de formations continues propos\u00e9s par l\u2019IFEN ainsi que de formations organis\u00e9es en interne par votre \u00e9tablissement d&rsquo;affectation.<\/p>\n\n\n\n<p>Votre programme individuel de formation est soumis pour validation \u00e0 votre directeur d&rsquo;\u00e9tablissement ou de r\u00e9gion au cours du premier trimestre.<\/p>\n<\/div>\n<\/div>\n\n<\/div>    \r\n<\/section>\n\n\n<div aria-hidden=\"true\" class=\"wp-block-fsb-flexible-spacer fsb-flexible-spacer\"><div class=\"fsb-flexible-spacer__device fsb-flexible-spacer__device--lg\" style=\"height:200px\"><\/div><div class=\"fsb-flexible-spacer__device fsb-flexible-spacer__device--md\" style=\"height:200px\"><\/div><div class=\"fsb-flexible-spacer__device fsb-flexible-spacer__device--sm\" style=\"height:200px\"><\/div><\/div>\n\n<\/div>    \r\n<\/section>\n\n \r\n\r\n<section  class=\"wp-block-section     alignfull    \"\r\n                    \r\n                        style=\"background: rgb(234,248,248)\"\r\n        \r\n        \r\n    >\r\n\r\n                        <div class=\"shape-section shape-section-top\">\r\n                <svg xmlns=\"http:\/\/www.w3.org\/2000\/svg\" xmlns:xlink=\"http:\/\/www.w3.org\/1999\/xlink\" width=\"100%\" height=\"87\" viewBox=\"0 0 1921 87\" preserveAspectRatio=\"none\">\r\n                    <g id=\"Groupe_d\u00e9filant_42\" data-name=\"Groupe d\u00e9filant 42\" transform=\"translate(0 -99)\" style=\"isolation: isolate\">\r\n                        <g id=\"Groupe_d\u00e9filant_43\" data-name=\"Groupe d\u00e9filant 43\" transform=\"translate(0 0)\" style=\"isolation: isolate\">\r\n                        <g id=\"Groupe_933\" data-name=\"Groupe 933\" transform=\"translate(0 0)\">\r\n                            <g id=\"Groupe_737\" data-name=\"Groupe 737\" transform=\"translate(0 0)\">\r\n                            <g id=\"Groupe_736\" data-name=\"Groupe 736\" transform=\"translate(-3953.287 105.034)\">\r\n                                <path style=\"fill:rgb(234,248,248)\"  id=\"Trac\u00e9_472\" data-name=\"Trac\u00e9 472\" d=\"M7.906-402.606c1825.143-1234.975,4696.423-1612.721,7144.4-940.023,1138.806,313,2098.365,826.758,2774.82,1485.924l37.407,36.5L9419.413,461.351l-46.566-46.339C8770.1-185.4,7905.633-652.907,6873.094-936.523,4672.52-1541.17,2104.279-1194.435,481.472-73.732L422.953-33.376l-462.211-337.5Z\" transform=\"translate(39.258 1672.364)\"\/>\r\n                            <\/g>\r\n                            <\/g>\r\n                        <\/g>\r\n                        <\/g>\r\n                    <\/g>\r\n                <\/svg>\r\n            <\/div> \r\n         \r\n                    <div class=\"shape-section shape-section-bottom\">\r\n                <svg xmlns=\"http:\/\/www.w3.org\/2000\/svg\" xmlns:xlink=\"http:\/\/www.w3.org\/1999\/xlink\" width=\"100%\" height=\"93\" viewBox=\"0 0 1921 93\" preserveAspectRatio=\"none\">\r\n                    <g id=\"Groupe_d\u00e9filant_42\" data-name=\"Groupe d\u00e9filant 42\" transform=\"translate(0 -543)\" style=\"isolation: isolate\">\r\n                        <g id=\"Groupe_d\u00e9filant_43\" data-name=\"Groupe d\u00e9filant 43\" transform=\"translate(0 0)\" style=\"isolation: isolate\">\r\n                        <g id=\"Groupe_933\" data-name=\"Groupe 933\" transform=\"translate(0 0)\">\r\n                            <g id=\"Groupe_737\" data-name=\"Groupe 737\" transform=\"translate(0 0)\">\r\n                            <g id=\"Groupe_736\" data-name=\"Groupe 736\" transform=\"translate(-3953.287 105.034)\">\r\n                                <path style=\"fill:rgb(234,248,248)\" id=\"Trac\u00e9_472\" data-name=\"Trac\u00e9 472\" d=\"M7.906-402.606c1825.143-1234.975,4696.423-1612.721,7144.4-940.023,1138.806,313,2098.365,826.758,2774.82,1485.924l37.407,36.5L9419.413,461.351l-46.566-46.339C8770.1-185.4,7905.633-652.907,6873.094-936.523,4672.52-1541.17,2104.279-1194.435,481.472-73.732L422.953-33.376l-462.211-337.5Z\" transform=\"translate(39.258 1672.364)\"\/>\r\n                            <\/g>\r\n                            <\/g>\r\n                        <\/g>\r\n                        <\/g>\r\n                    <\/g>\r\n                <\/svg>\r\n            <\/div>\r\n         \r\n    \r\n        <div class=\"acf-innerblocks-container\">\n \r\n\r\n<section  class=\"wp-block-section     alignwide    \"\r\n    >\r\n\r\n    \r\n        <div class=\"acf-innerblocks-container\">\n\n<div class=\"wp-block-group has-global-padding is-layout-constrained wp-block-group-is-layout-constrained\">\n<h3 class=\"wp-block-heading\">D\u00e9charge<\/h3>\n\n\n\n<p>Vous b\u00e9n\u00e9ficiez, par rapport \u00e0 votre t\u00e2che normale, d&rsquo;une d\u00e9charge d&rsquo;une le\u00e7on d&rsquo;enseignement hebdomadaire pendant la p\u00e9riode d&rsquo;approfondissement.<\/p>\n\n\n\n<h3 class=\"wp-block-heading\">Prolongation<\/h3>\n\n\n\n<p>Si, durant votre p\u00e9riode d&rsquo;approfondissement, vous \u00eates absent plus d&rsquo;un mois en raison d&rsquo;un cong\u00e9 tel que pr\u00e9vu au chapitre 9 de la loi modifi\u00e9e du 16 avril 1979 fixant le statut g\u00e9n\u00e9ral des fonctionnaires de l&rsquo;\u00c9tat, votre p\u00e9riode d&rsquo;approfondissement est prolong\u00e9e d&rsquo;une dur\u00e9e \u00e9quivalente \u00e0 la dur\u00e9e de votre absence ou de votre cong\u00e9.<\/p>\n\n\n\n<h3 class=\"wp-block-heading\">Dispense<\/h3>\n\n\n\n<p>Si vous avez suivi une p\u00e9riode d\u2019approfondissement \u00e0 l\u2019issue d\u2019une p\u00e9riode d\u2019initiation ant\u00e9rieure, vous \u00eates dispens\u00e9 de la p\u00e9riode d\u2019approfondissement.<\/p>\n\n\n\n<h3 class=\"wp-block-heading\">Cadre l\u00e9gal<\/h3>\n\n\n\n<p>Vous trouverez l\u2019ensemble des dispositions l\u00e9gales relevant de la p\u00e9riode d\u2019approfondissement aux articles <a href=\"\/ifen\/wp-content\/uploads\/2024\/06\/loi_ifen.pdf#page=40\" target=\"_blank\" rel=\"noreferrer noopener\">89-25 et 89-26<\/a> de la loi modifi\u00e9e du 30 juillet 2015 portant cr\u00e9ation d\u2019un Institut de formation de l\u2019\u00e9ducation nationale.<\/p>\n<\/div>\n\n\n\n<div aria-hidden=\"true\" class=\"wp-block-fsb-flexible-spacer fsb-flexible-spacer\"><div class=\"fsb-flexible-spacer__device fsb-flexible-spacer__device--lg\" style=\"height:100px\"><\/div><div class=\"fsb-flexible-spacer__device fsb-flexible-spacer__device--md\" style=\"height:100px\"><\/div><div class=\"fsb-flexible-spacer__device fsb-flexible-spacer__device--sm\" style=\"height:100px\"><\/div><\/div>\n\n<\/div>    \r\n<\/section>\n<\/div>    \r\n<\/section>\n\n\n<div aria-hidden=\"true\" class=\"wp-block-fsb-flexible-spacer fsb-flexible-spacer\"><div class=\"fsb-flexible-spacer__device fsb-flexible-spacer__device--lg\" style=\"height:100px\"><\/div><div class=\"fsb-flexible-spacer__device fsb-flexible-spacer__device--md\" style=\"height:100px\"><\/div><div class=\"fsb-flexible-spacer__device fsb-flexible-spacer__device--sm\" style=\"height:100px\"><\/div><\/div>\n\n\n \r\n\r\n<section  class=\"wp-block-section     alignwide    \"\r\n    >\r\n\r\n    \r\n        <div class=\"acf-innerblocks-container\">\n\n<div class=\"timeline\">\n          <div class=\"phase\">\n              <h2>STAGE OU P\u00c9RIODE D&rsquo;INITIATION<\/h2>\n              <span>entre 12 et 24 mois<\/span>\n          <\/div>\n          <div class=\"arrow\"><\/div>\n          <div class=\"phase\">\n              <h2>P\u00c9RIODE D&rsquo;APPROFONDISSEMENT<\/h2>\n              <!--<p>Formations au choix : 48 h<\/p>\n              <p>Accompagnement<\/p>\n              <p>Hospitation : 2 s\u00e9ances<\/p>\n              <p>Regroupement entre pairs : 3 s\u00e9ances<\/p>-->\n              <span>12 mois<\/span>\n          <\/div>\n          <div class=\"arrow\"><\/div>\n          <div class=\"phase\">\n              <h2>FORMATION CONTINUE<\/h2>\n              <p>1\u00e8re p\u00e9riode de r\u00e9f\u00e9rence<\/p>\n              <span>36 mois<\/span>\n          <\/div>\n      <\/div>\n\n<\/div>    \r\n<\/section>\n\n\n<div aria-hidden=\"true\" class=\"wp-block-fsb-flexible-spacer fsb-flexible-spacer\"><div class=\"fsb-flexible-spacer__device fsb-flexible-spacer__device--lg\" style=\"height:200px\"><\/div><div class=\"fsb-flexible-spacer__device fsb-flexible-spacer__device--md\" style=\"height:200px\"><\/div><div class=\"fsb-flexible-spacer__device fsb-flexible-spacer__device--sm\" style=\"height:200px\"><\/div><\/div>\n\n\n \r\n\r\n<section data-aos-once=\"true\" data-aos=\"fade-up\" id=infos-pratiques class=\"wp-block-section     alignfull  hide-scroll section-contact  align-center \"\r\n                    \r\n                        style=\"background: rgb(0,178,187)\"\r\n        \r\n        \r\n    >\r\n\r\n                        <div class=\"shape-section shape-section-top\">\r\n                <svg xmlns=\"http:\/\/www.w3.org\/2000\/svg\" xmlns:xlink=\"http:\/\/www.w3.org\/1999\/xlink\" width=\"100%\" height=\"87\" viewBox=\"0 0 1921 87\" preserveAspectRatio=\"none\">\r\n                    <g id=\"Groupe_d\u00e9filant_42\" data-name=\"Groupe d\u00e9filant 42\" transform=\"translate(0 -99)\" style=\"isolation: isolate\">\r\n                        <g id=\"Groupe_d\u00e9filant_43\" data-name=\"Groupe d\u00e9filant 43\" transform=\"translate(0 0)\" style=\"isolation: isolate\">\r\n                        <g id=\"Groupe_933\" data-name=\"Groupe 933\" transform=\"translate(0 0)\">\r\n                            <g id=\"Groupe_737\" data-name=\"Groupe 737\" transform=\"translate(0 0)\">\r\n                            <g id=\"Groupe_736\" data-name=\"Groupe 736\" transform=\"translate(-3953.287 105.034)\">\r\n                                <path style=\"fill:rgb(0,178,187)\"  id=\"Trac\u00e9_472\" data-name=\"Trac\u00e9 472\" d=\"M7.906-402.606c1825.143-1234.975,4696.423-1612.721,7144.4-940.023,1138.806,313,2098.365,826.758,2774.82,1485.924l37.407,36.5L9419.413,461.351l-46.566-46.339C8770.1-185.4,7905.633-652.907,6873.094-936.523,4672.52-1541.17,2104.279-1194.435,481.472-73.732L422.953-33.376l-462.211-337.5Z\" transform=\"translate(39.258 1672.364)\"\/>\r\n                            <\/g>\r\n                            <\/g>\r\n                        <\/g>\r\n                        <\/g>\r\n                    <\/g>\r\n                <\/svg>\r\n            <\/div> \r\n         \r\n                    <div class=\"shape-section shape-section-bottom\">\r\n                <svg xmlns=\"http:\/\/www.w3.org\/2000\/svg\" xmlns:xlink=\"http:\/\/www.w3.org\/1999\/xlink\" width=\"100%\" height=\"93\" viewBox=\"0 0 1921 93\" preserveAspectRatio=\"none\">\r\n                    <g id=\"Groupe_d\u00e9filant_42\" data-name=\"Groupe d\u00e9filant 42\" transform=\"translate(0 -543)\" style=\"isolation: isolate\">\r\n                        <g id=\"Groupe_d\u00e9filant_43\" data-name=\"Groupe d\u00e9filant 43\" transform=\"translate(0 0)\" style=\"isolation: isolate\">\r\n                        <g id=\"Groupe_933\" data-name=\"Groupe 933\" transform=\"translate(0 0)\">\r\n                            <g id=\"Groupe_737\" data-name=\"Groupe 737\" transform=\"translate(0 0)\">\r\n                            <g id=\"Groupe_736\" data-name=\"Groupe 736\" transform=\"translate(-3953.287 105.034)\">\r\n                                <path style=\"fill:rgb(0,178,187)\" id=\"Trac\u00e9_472\" data-name=\"Trac\u00e9 472\" d=\"M7.906-402.606c1825.143-1234.975,4696.423-1612.721,7144.4-940.023,1138.806,313,2098.365,826.758,2774.82,1485.924l37.407,36.5L9419.413,461.351l-46.566-46.339C8770.1-185.4,7905.633-652.907,6873.094-936.523,4672.52-1541.17,2104.279-1194.435,481.472-73.732L422.953-33.376l-462.211-337.5Z\" transform=\"translate(39.258 1672.364)\"\/>\r\n                            <\/g>\r\n                            <\/g>\r\n                        <\/g>\r\n                        <\/g>\r\n                    <\/g>\r\n                <\/svg>\r\n            <\/div>\r\n         \r\n    \r\n        <div class=\"acf-innerblocks-container\">\n \r\n\r\n<section  class=\"wp-block-section     alignwide    \"\r\n    >\r\n\r\n    \r\n        <div class=\"acf-innerblocks-container\">\n\n<h2 class=\"wp-block-heading has-text-color\" style=\"color:#ffffff\">Contactez-nous<\/h2>\n\n\n\n<div class=\"wp-block-group has-global-padding is-layout-constrained wp-block-group-is-layout-constrained\">\n<p class=\"has-text-color has-link-color wp-elements-9a51c7c54d36d64daf54d0b1ca104c23\" style=\"color:#ffffff\">Si vous avez une question, n\u2019h\u00e9sitez pas \u00e0 nous contacter<br><br>Dans le contexte de l\u2019enseignement fondamental&nbsp;:<br><a class=\"ek-link\" href=\"mailto:stage-ef@ifen.lu\">stage-ef@ifen.lu<\/a><\/p>\n\n\n\n<p class=\"has-text-color has-link-color wp-elements-24352b64c5195a420c2f96a3d5bbb1d8\" style=\"color:#ffffff\">Dans le contexte de l\u2019enseignement secondaire:<br><a class=\"ek-link\" href=\"mailto:stage-ef@ifen.lu\">stage-es@ifen.lu<\/a><\/p>\n<\/div>\n\n\n\n<div aria-hidden=\"true\" class=\"wp-block-fsb-flexible-spacer fsb-flexible-spacer\"><div class=\"fsb-flexible-spacer__device fsb-flexible-spacer__device--lg\" style=\"height:80px\"><\/div><div class=\"fsb-flexible-spacer__device fsb-flexible-spacer__device--md\" style=\"height:80px\"><\/div><div class=\"fsb-flexible-spacer__device fsb-flexible-spacer__device--sm\" style=\"height:80px\"><\/div><\/div>\n\n<\/div>    \r\n<\/section>\n<\/div>    \r\n<\/section>","protected":false},"excerpt":{"rendered":"<p>Contact<\/p>\n","protected":false},"author":1,"featured_media":0,"parent":1764,"menu_order":0,"comment_status":"closed","ping_status":"closed","template":"","meta":{"_eb_attr":"","_editorskit_title_hidden":false,"_editorskit_reading_time":0,"_editorskit_is_block_options_detached":false,"_editorskit_block_options_position":"{}","inline_featured_image":false,"footnotes":""},"class_list":["post-6326","page","type-page","status-publish","hentry","etat-a-reviser"],"acf":{"espace_type":""},"_links":{"self":[{"href":"https:\/\/ssl.education.lu\/ifen\/wp-json\/wp\/v2\/pages\/6326","targetHints":{"allow":["GET"]}}],"collection":[{"href":"https:\/\/ssl.education.lu\/ifen\/wp-json\/wp\/v2\/pages"}],"about":[{"href":"https:\/\/ssl.education.lu\/ifen\/wp-json\/wp\/v2\/types\/page"}],"author":[{"embeddable":true,"href":"https:\/\/ssl.education.lu\/ifen\/wp-json\/wp\/v2\/users\/1"}],"replies":[{"embeddable":true,"href":"https:\/\/ssl.education.lu\/ifen\/wp-json\/wp\/v2\/comments?post=6326"}],"version-history":[{"count":82,"href":"https:\/\/ssl.education.lu\/ifen\/wp-json\/wp\/v2\/pages\/6326\/revisions"}],"predecessor-version":[{"id":15336,"href":"https:\/\/ssl.education.lu\/ifen\/wp-json\/wp\/v2\/pages\/6326\/revisions\/15336"}],"up":[{"embeddable":true,"href":"https:\/\/ssl.education.lu\/ifen\/wp-json\/wp\/v2\/pages\/1764"}],"wp:attachment":[{"href":"https:\/\/ssl.education.lu\/ifen\/wp-json\/wp\/v2\/media?parent=6326"}],"curies":[{"name":"wp","href":"https:\/\/api.w.org\/{rel}","templated":true}]}}