

{"id":5607,"date":"2024-04-23T13:48:38","date_gmt":"2024-04-23T11:48:38","guid":{"rendered":"\/ifen\/?page_id=5607"},"modified":"2026-03-11T12:12:52","modified_gmt":"2026-03-11T11:12:52","slug":"passerelle-c2-c4-vers-c1","status":"publish","type":"page","link":"\/ifen\/evolution-de-carriere\/passerelle-c2-c4-vers-c1\/","title":{"rendered":"Passerelle C2-C4 vers C1"},"content":{"rendered":"\n<div class=\"wp-block-cover alignfull is-light banner-page banner-page-small turquoise hide-editor\" style=\"min-height:250px;aspect-ratio:unset;\"><img loading=\"lazy\" decoding=\"async\" width=\"1920\" height=\"250\" class=\"wp-block-cover__image-background wp-image-3207\" alt=\"\" src=\"https:\/\/ssl.education.lu\/ifen\/wp-content\/uploads\/2023\/09\/banner-small-rose.svg\" data-object-fit=\"cover\"\/><span aria-hidden=\"true\" class=\"wp-block-cover__background has-black-background-color has-background-dim-0 has-background-dim\"><\/span><div class=\"wp-block-cover__inner-container is-layout-flow wp-block-cover-is-layout-flow\">\n<div class=\"wp-block-group is-layout-flow wp-block-group-is-layout-flow\">\n<h1 class=\"wp-block-heading has-text-align-center has-primary-color has-text-color\">Autorisation d&rsquo;enseigner au cycle 1<\/h1>\n<\/div>\n\n\n\n<svg class=\"curve curve-bottom curve-desktop\" xmlns=\"http:\/\/www.w3.org\/2000\/svg\" width=\"100%\" height=\"77.168\" viewBox=\"0 0 1600 77.168\" preserveAspectRatio=\"none\">\n              <path id=\"Trac\u00e9_454\" data-name=\"Trac\u00e9 454\" d=\"M0,0H1600V29.331S1204.669,77.168,804.669,77.168,0,29.331,0,29.331Z\" transform=\"translate(1600 77.168) rotate(180)\" fill=\"#fff\"\/>\n          <\/svg>\n  <svg class=\"curve curve-bottom curve-mobile\" xmlns=\"http:\/\/www.w3.org\/2000\/svg\" width=\"100%\" height=\"77.168\" viewBox=\"0 0 1600 77.168\">\n              <path id=\"Trac\u00e9_454\" data-name=\"Trac\u00e9 454\" d=\"M0,0H1600V29.331S1204.669,77.168,804.669,77.168,0,29.331,0,29.331Z\" transform=\"translate(1600 77.168) rotate(180)\" fill=\"#fff\"\/>\n          <\/svg>\n<\/div><\/div>\n\n\n\n<div class=\"wp-block-group groupe-fixe hide-editor rose ek-linked-block is-layout-flow wp-block-group-is-layout-flow\">\n<svg xmlns=\"http:\/\/www.w3.org\/2000\/svg\" xmlns:xlink=\"http:\/\/www.w3.org\/1999\/xlink\" width=\"42\" height=\"42\" viewBox=\"0 0 42 42\">\n    <g id=\"Groupe_1638\" data-name=\"Groupe 1638\" transform=\"translate(-1805.341 -527.784)\">\n      <g id=\"Groupe_1637\" data-name=\"Groupe 1637\" transform=\"translate(1806.341 528.784)\">\n        <path id=\"Trac\u00e9_889\" data-name=\"Trac\u00e9 889\" d=\"M58.709,20.507a20,20,0,1,1-20-20A20,20,0,0,1,58.709,20.507Z\" transform=\"translate(-18.709 -0.507)\" fill=\"none\" stroke=\"#fff\" stroke-miterlimit=\"10\" stroke-width=\"2\"\/>\n        <g id=\"Groupe_1601\" data-name=\"Groupe 1601\" transform=\"translate(17.302 8.603)\">\n          <g id=\"Groupe_1600\" data-name=\"Groupe 1600\" transform=\"translate(0 0)\">\n            <path id=\"Trac\u00e9_890\" data-name=\"Trac\u00e9 890\" d=\"M.667,4.108A2.347,2.347,0,0,1,0,2.4,2.364,2.364,0,0,1,.651.667,2.289,2.289,0,0,1,2.364,0,2.341,2.341,0,0,1,4.093.667,2.339,2.339,0,0,1,4.76,2.4a2.335,2.335,0,0,1-2.4,2.4,2.27,2.27,0,0,1-1.7-.683M.348,22.028a.35.35,0,0,1-.106-.258V6.913a.352.352,0,0,1,.106-.258.353.353,0,0,1,.258-.107H4.153a.363.363,0,0,1,.364.365V21.77a.35.35,0,0,1-.106.258.353.353,0,0,1-.258.106H.606a.352.352,0,0,1-.258-.106\" transform=\"translate(0 0)\" fill=\"#fff\"\/>\n          <\/g>\n        <\/g>\n      <\/g>\n    <\/g>\n  <\/svg>\n\n\n\n<p class=\"has-text-align-center\">Contact<\/p>\n<a href=\"#infos-pratiques\" class=\"editorskit-block-link\" rel=\"\"><\/a><\/div>\n\n\n \r\n\r\n<section  class=\"wp-block-section     alignwide    \"\r\n    >\r\n\r\n    \r\n        <div class=\"acf-innerblocks-container\">\n\n<div class=\"wp-block-group horizontal-scroll-wrapper horizontal-scroll-wrapper-sidebar hide-editor is-layout-flow wp-block-group-is-layout-flow\">\n<p class=\"back\"><a href=\"\/ifen\/evolution-de-carriere\/\" class=\"ek-link\">Retour<\/a><\/p>\n\n\n\n<div class=\"wp-block-group sidebar hide-editor sidebar-evol horizontal-scroll is-layout-flow wp-block-group-is-layout-flow\">\n<div class=\"wp-block-group sidebar-title sidebar-title-single is-layout-flow wp-block-group-is-layout-flow\">\n<h3 class=\"wp-block-heading\"><a href=\"\/ifen\/evolution-de-carriere\/passerelle-c1-vers-c2-c4\/\" class=\"ek-link\">Passerelle C1 vers C2-C4<\/a><\/h3>\n\n\n\n<svg xmlns=\"http:\/\/www.w3.org\/2000\/svg\" width=\"15.387\" height=\"7.414\" viewBox=\"0 0 15.387 7.414\">\n  <path id=\"Trac\u00e9_595\" data-name=\"Trac\u00e9 595\" d=\"M3759-2220.135l6.285,5.008,6.292-5.008\" transform=\"translate(-3757.595 2221.54)\" fill=\"none\" stroke=\"#ea528e\" stroke-linecap=\"round\" stroke-linejoin=\"round\" stroke-width=\"2\"\/>\n<\/svg>\n<\/div>\n\n\n\n<div class=\"wp-block-group sidebar-title sidebar-title-single is-layout-flow wp-block-group-is-layout-flow\">\n<h3 class=\"wp-block-heading\"><a href=\"\/ifen\/evolution-de-carriere\/passerelle-c2-c4-vers-c1\" class=\"ek-link\">Passerelle C2-C4 vers C1<\/a><\/h3>\n\n\n\n<svg xmlns=\"http:\/\/www.w3.org\/2000\/svg\" width=\"15.387\" height=\"7.414\" viewBox=\"0 0 15.387 7.414\">\n  <path id=\"Trac\u00e9_595\" data-name=\"Trac\u00e9 595\" d=\"M3759-2220.135l6.285,5.008,6.292-5.008\" transform=\"translate(-3757.595 2221.54)\" fill=\"none\" stroke=\"#ea528e\" stroke-linecap=\"round\" stroke-linejoin=\"round\" stroke-width=\"2\"\/>\n<\/svg>\n<\/div>\n<\/div>\n\n\n\n<button class=\"left\" onclick=\"leftScroll()\" aria-label=\"Faire d\u00e9filer vers la gauche\">\n  <span class=\"sr-only\">Gauche<\/span>\n<\/button>\n<button class=\"right\" onclick=\"rightScroll()\" aria-label=\"Faire d\u00e9filer vers la droite\">\n  <span class=\"sr-only\">Droite<\/span>\n<\/button>\n\n<\/div>\n\n\n\n<div class=\"wp-block-group sidebar-content is-layout-flow wp-block-group-is-layout-flow\">\n<div class=\"wp-block-group is-layout-flow wp-block-group-is-layout-flow\" style=\"margin-bottom:80px\">\n<h2 class=\"wp-block-heading\">Public cible<\/h2>\n\n\n\n<ul class=\"wp-block-list\">\n<li>D\u00e9tenteurs du brevet d&rsquo;aptitude p\u00e9dagogique \u2013 option primaire<\/li>\n\n\n\n<li>D\u00e9tenteurs du Certificat d&rsquo;\u00e9tudes p\u00e9dagogiques \u2013 option primaire<\/li>\n\n\n\n<li>D\u00e9tenteurs d&rsquo;un dipl\u00f4me \u00e9tranger d&rsquo;\u00e9tudes sup\u00e9rieures \u2013 C 2-4<\/li>\n<\/ul>\n<\/div>\n\n\n\n<div class=\"wp-block-group is-layout-flow wp-block-group-is-layout-flow\">\n<h2 class=\"wp-block-heading\">Aper\u00e7u global<\/h2>\n\n\n\n<div class=\"wp-block-group hasbutton gallery-container-1 is-layout-flow wp-block-group-is-layout-flow\">\n<figure class=\"wp-block-gallery has-nested-images columns-2 wp-block-gallery-1 is-layout-flex wp-block-gallery-is-layout-flex\">\n<figure class=\"wp-block-image size-thumbnail\"><a href=\"https:\/\/ssl.education.lu\/ifen\/wp-content\/uploads\/2024\/06\/Schema_Passerelle_C1.jpg\"><img loading=\"lazy\" decoding=\"async\" width=\"300\" height=\"300\" data-id=\"8922\" src=\"https:\/\/ssl.education.lu\/ifen\/wp-content\/uploads\/2024\/06\/Schema_Passerelle_C1-300x300.jpg\" alt=\"\" class=\"wp-image-8922\"\/><\/a><\/figure>\n<\/figure>\n\n\n\n<div class=\"wp-block-buttons is-nowrap is-layout-flex wp-container-core-buttons-is-layout-6c531013 wp-block-buttons-is-layout-flex\">\n<div class=\"wp-block-button btn-gallery\" data-=\"\"><a class=\"wp-block-button__link wp-element-button\">Voir le sch\u00e9ma<\/a><\/div>\n<\/div>\n<\/div>\n<\/div>\n\n\n\n<div class=\"wp-block-group is-layout-flow wp-block-group-is-layout-flow\">\n<h2 class=\"wp-block-heading\">Dispositions l\u00e9gales<\/h2>\n\n\n\n<p><a href=\"\/ifen\/wp-content\/uploads\/2024\/06\/rgd-du-30.09.2014.pdf\" target=\"_blank\" aria-label=\" (opens in a new tab)\" rel=\"noreferrer noopener\" class=\"ek-link\">R\u00e8glement grand-ducal du 30 septembre 2014<\/a>&nbsp;d\u00e9terminant les modalit\u00e9s de formations et des \u00e9preuves permettant \u00e0 des agents intervenant dans l&rsquo;enseignement fondamental d&rsquo;obtenir l&rsquo;autorisation d&rsquo;enseigner en tant qu&rsquo;instituteur dans les quatre cycles.<\/p>\n<\/div>\n\n\n\n<div class=\"wp-block-group is-layout-flow wp-block-group-is-layout-flow\">\n<h2 class=\"wp-block-heading\">Organisation administrative<\/h2>\n\n\n\n<div class=\"wp-block-accordion-toggle-accordion-toggle  root-eb-accordion-xzttk\"><div class=\"eb-parent-wrapper eb-parent-eb-accordion-xzttk \"><div class=\"eb-accordion-container eb-accordion-xzttk\" data-accordion-type=\"accordion\" data-tab-icon=\"fas fa-angle-right\" data-expanded-icon=\"fas fa-angle-down\" data-transition-duration=\"500\"><div class=\"eb-accordion-inner\">\n<div class=\"wp-block-accordion-toggle-accordion-item eb-accordion-item-pwk7y eb-accordion-wrapper\" data-clickable=\"false\"><div class=\"eb-accordion-title-wrapper eb-accordion-title-wrapper-eb-accordion-xzttk\" tabindex=\"0\"><span class=\"eb-accordion-icon-wrapper eb-accordion-icon-wrapper-eb-accordion-xzttk\"><span class=\"fas fa-angle-right eb-accordion-icon\"><\/span><\/span><div class=\"eb-accordion-title-content-wrap title-content-eb-accordion-xzttk\"><h3 class=\"eb-accordion-title\">Inscription \u00e0 la formation<\/h3><\/div><\/div><div class=\"eb-accordion-content-wrapper eb-accordion-content-wrapper-eb-accordion-xzttk\"><div class=\"eb-accordion-content\">\n<p>La prochaine session d&rsquo;inscription au dispositif autorisant \u00e0 enseigner au cycle 1 sera ouverte en avril 2027.<br>Ces informations sont transmises dans les \u00e9coles par les directions de r\u00e9gion\/les pr\u00e9sidents de comit\u00e9 d&rsquo;\u00e9cole.<\/p>\n<\/div><\/div><\/div>\n\n\n\n<div class=\"wp-block-accordion-toggle-accordion-item eb-accordion-item-tp5e4 eb-accordion-wrapper\" data-clickable=\"false\"><div class=\"eb-accordion-title-wrapper eb-accordion-title-wrapper-eb-accordion-xzttk\" tabindex=\"0\"><span class=\"eb-accordion-icon-wrapper eb-accordion-icon-wrapper-eb-accordion-xzttk\"><span class=\"fas fa-angle-right eb-accordion-icon\"><\/span><\/span><div class=\"eb-accordion-title-content-wrap title-content-eb-accordion-xzttk\"><h3 class=\"eb-accordion-title\">Absences et conditions de participation<\/h3><\/div><\/div><div class=\"eb-accordion-content-wrapper eb-accordion-content-wrapper-eb-accordion-xzttk\"><div class=\"eb-accordion-content\">\n<p><a href=\"\/ifen\/wp-content\/uploads\/2024\/06\/passerelle_schema_procedure_absence_v2.pdf\" class=\"ek-link\">Proc\u00e9dure<\/a> \u00e0 suivre en cas d&rsquo;absence \u00e0 une formation.<\/p>\n\n\n\n<p>La participation \u00e0 l&rsquo;enti\u00e8ret\u00e9 de la formation est obligatoire. La formation d\u00e9bute d\u00e9but septembre.<\/p>\n<\/div><\/div><\/div>\n<\/div><\/div><\/div><\/div>\n<\/div>\n<\/div>\n\n<\/div>    \r\n<\/section>\n\n \r\n\r\n<section data-aos-once=\"true\" data-aos=\"fade-up\" id=infos-pratiques class=\"wp-block-section     alignfull  hide-scroll section-contact  align-center \"\r\n                    \r\n                        style=\"background: rgb(234,82,142)\"\r\n        \r\n        \r\n    >\r\n\r\n                        <div class=\"shape-section shape-section-top\">\r\n                <svg xmlns=\"http:\/\/www.w3.org\/2000\/svg\" xmlns:xlink=\"http:\/\/www.w3.org\/1999\/xlink\" width=\"100%\" height=\"87\" viewBox=\"0 0 1921 87\" preserveAspectRatio=\"none\">\r\n                    <g id=\"Groupe_d\u00e9filant_42\" data-name=\"Groupe d\u00e9filant 42\" transform=\"translate(0 -99)\" style=\"isolation: isolate\">\r\n                        <g id=\"Groupe_d\u00e9filant_43\" data-name=\"Groupe d\u00e9filant 43\" transform=\"translate(0 0)\" style=\"isolation: isolate\">\r\n                        <g id=\"Groupe_933\" data-name=\"Groupe 933\" transform=\"translate(0 0)\">\r\n                            <g id=\"Groupe_737\" data-name=\"Groupe 737\" transform=\"translate(0 0)\">\r\n                            <g id=\"Groupe_736\" data-name=\"Groupe 736\" transform=\"translate(-3953.287 105.034)\">\r\n                                <path style=\"fill:rgb(234,82,142)\"  id=\"Trac\u00e9_472\" data-name=\"Trac\u00e9 472\" d=\"M7.906-402.606c1825.143-1234.975,4696.423-1612.721,7144.4-940.023,1138.806,313,2098.365,826.758,2774.82,1485.924l37.407,36.5L9419.413,461.351l-46.566-46.339C8770.1-185.4,7905.633-652.907,6873.094-936.523,4672.52-1541.17,2104.279-1194.435,481.472-73.732L422.953-33.376l-462.211-337.5Z\" transform=\"translate(39.258 1672.364)\"\/>\r\n                            <\/g>\r\n                            <\/g>\r\n                        <\/g>\r\n                        <\/g>\r\n                    <\/g>\r\n                <\/svg>\r\n            <\/div> \r\n         \r\n         \r\n    \r\n        <div class=\"acf-innerblocks-container\">\n \r\n\r\n<section  class=\"wp-block-section     alignwide    align-center \"\r\n    >\r\n\r\n    \r\n        <div class=\"acf-innerblocks-container\">\n\n<div class=\"wp-block-group has-global-padding is-layout-constrained wp-block-group-is-layout-constrained\">\n<h3 class=\"wp-block-heading has-text-color has-link-color wp-elements-a45ba156fabcadc9129897d087d0f744\" style=\"color:#ffffff\">Contact et demande de renseignements&nbsp;<\/h3>\n\n\n\n<p class=\"has-text-color has-link-color wp-elements-1543928a7334cf40c11d0a43ba10f9ef\" style=\"color:#ffffff\">Les dispositions relatives \u00e0 l&rsquo;autorisation d&rsquo;enseigner au cycle 1 sont g\u00e9r\u00e9es par la division du stage de l&rsquo;enseignement fondamental de l&rsquo;IFEN. Vous pouvez adresser vos questions \u00e0\u00a0<a href=\"mailto:evocarriere@ifen.lu\" class=\"ek-link\"><a href=\"mailto:stage-ef@ifen.lu\">evocarriere@ifen.lu<\/a><\/a>\u00a0ou par t\u00e9l\u00e9phone au 247-75202.<\/p>\n<\/div>\n\n\n\n<div aria-hidden=\"true\" class=\"wp-block-fsb-flexible-spacer fsb-flexible-spacer\"><div class=\"fsb-flexible-spacer__device fsb-flexible-spacer__device--lg\" style=\"height:100px\"><\/div><div class=\"fsb-flexible-spacer__device fsb-flexible-spacer__device--md\" style=\"height:100px\"><\/div><div class=\"fsb-flexible-spacer__device fsb-flexible-spacer__device--sm\" style=\"height:100px\"><\/div><\/div>\n\n<\/div>    \r\n<\/section>\n<\/div>    \r\n<\/section>","protected":false},"excerpt":{"rendered":"<p>Contact<\/p>\n","protected":false},"author":1,"featured_media":0,"parent":4471,"menu_order":0,"comment_status":"closed","ping_status":"closed","template":"template-sidebar.php","meta":{"_eb_attr":"","_editorskit_title_hidden":false,"_editorskit_reading_time":0,"_editorskit_is_block_options_detached":false,"_editorskit_block_options_position":"{}","inline_featured_image":false,"footnotes":""},"class_list":["post-5607","page","type-page","status-publish","hentry","etat-valide"],"acf":{"espace_type":""},"_links":{"self":[{"href":"https:\/\/ssl.education.lu\/ifen\/wp-json\/wp\/v2\/pages\/5607","targetHints":{"allow":["GET"]}}],"collection":[{"href":"https:\/\/ssl.education.lu\/ifen\/wp-json\/wp\/v2\/pages"}],"about":[{"href":"https:\/\/ssl.education.lu\/ifen\/wp-json\/wp\/v2\/types\/page"}],"author":[{"embeddable":true,"href":"https:\/\/ssl.education.lu\/ifen\/wp-json\/wp\/v2\/users\/1"}],"replies":[{"embeddable":true,"href":"https:\/\/ssl.education.lu\/ifen\/wp-json\/wp\/v2\/comments?post=5607"}],"version-history":[{"count":16,"href":"https:\/\/ssl.education.lu\/ifen\/wp-json\/wp\/v2\/pages\/5607\/revisions"}],"predecessor-version":[{"id":16463,"href":"https:\/\/ssl.education.lu\/ifen\/wp-json\/wp\/v2\/pages\/5607\/revisions\/16463"}],"up":[{"embeddable":true,"href":"https:\/\/ssl.education.lu\/ifen\/wp-json\/wp\/v2\/pages\/4471"}],"wp:attachment":[{"href":"https:\/\/ssl.education.lu\/ifen\/wp-json\/wp\/v2\/media?parent=5607"}],"curies":[{"name":"wp","href":"https:\/\/api.w.org\/{rel}","templated":true}]}}