

{"id":5570,"date":"2024-04-22T14:55:49","date_gmt":"2024-04-22T12:55:49","guid":{"rendered":"\/ifen\/?page_id=5570"},"modified":"2025-11-20T08:51:20","modified_gmt":"2025-11-20T07:51:20","slug":"enseignant","status":"publish","type":"page","link":"\/ifen\/je-suis\/enseignant\/","title":{"rendered":"Enseignant"},"content":{"rendered":"\n<div class=\"wp-block-cover alignfull is-light banner-page banner-page-small hide-editor\" style=\"min-height:250px;aspect-ratio:unset;\"><img loading=\"lazy\" decoding=\"async\" width=\"1920\" height=\"250\" class=\"wp-block-cover__image-background wp-image-4441\" alt=\"\" src=\"https:\/\/ssl.education.lu\/ifen\/wp-content\/uploads\/2023\/12\/banner_contact.svg\" data-object-fit=\"cover\"\/><span aria-hidden=\"true\" class=\"wp-block-cover__background has-black-background-color has-background-dim-0 has-background-dim\"><\/span><div class=\"wp-block-cover__inner-container is-layout-flow wp-block-cover-is-layout-flow\">\n<div class=\"wp-block-group is-layout-flow wp-block-group-is-layout-flow\">\n<h1 class=\"wp-block-heading has-text-align-center has-primary-color has-text-color\">Je suis enseignant<\/h1>\n<\/div>\n\n\n\n<svg class=\"curve curve-bottom curve-desktop\" xmlns=\"http:\/\/www.w3.org\/2000\/svg\" width=\"100%\" height=\"77.168\" viewBox=\"0 0 1600 77.168\" preserveAspectRatio=\"none\">\n              <path id=\"Trac\u00e9_454\" data-name=\"Trac\u00e9 454\" d=\"M0,0H1600V29.331S1204.669,77.168,804.669,77.168,0,29.331,0,29.331Z\" transform=\"translate(1600 77.168) rotate(180)\" fill=\"#fff\"\/>\n          <\/svg>\n  <svg class=\"curve curve-bottom curve-mobile\" xmlns=\"http:\/\/www.w3.org\/2000\/svg\" width=\"100%\" height=\"77.168\" viewBox=\"0 0 1600 77.168\">\n              <path id=\"Trac\u00e9_454\" data-name=\"Trac\u00e9 454\" d=\"M0,0H1600V29.331S1204.669,77.168,804.669,77.168,0,29.331,0,29.331Z\" transform=\"translate(1600 77.168) rotate(180)\" fill=\"#fff\"\/>\n          <\/svg>\n<\/div><\/div>\n\n\n \r\n\r\n<section  class=\"wp-block-section     alignwide    \"\r\n    >\r\n\r\n    \r\n        <div class=\"acf-innerblocks-container\">\n\n<p class=\"back\"><a href=\"\/ifen\/je-suis\/\" class=\"ek-link\">Retour<\/a><\/p>\n\n\n\n<div class=\"wp-block-columns are-vertically-aligned-center wrap-mobile-col is-layout-flex wp-container-core-columns-is-layout-28f84493 wp-block-columns-is-layout-flex\" data-aos=\"fade-up\" data-aos-once=\"true\">\n<div class=\"wp-block-column is-vertically-aligned-center is-layout-flow wp-block-column-is-layout-flow\" style=\"flex-basis:41.66666667%\">\n<p>Le m\u00e9tier d\u2019enseignant est en constante \u00e9volution. Il r\u00e9pond aux d\u00e9fis \u00e9ducatifs et soci\u00e9taux de notre temps. L\u2019IFEN est \u00e0 vos c\u00f4t\u00e9s et vous accompagne dans votre d\u00e9veloppement professionnel continu en organisant, \u00e0 votre attention, des formations cibl\u00e9es.<\/p>\n\n\n\n<p>Cette offre de formation vise \u00e0 renforcer vos comp\u00e9tences en tant que professionnels de l\u2019\u00e9ducation. Elle ambitionne de partager avec vous de nouvelles approches \u00e9ducatives et de renforcer votre expertise p\u00e9dagogique \u00e0 travers diff\u00e9rents domaines de formation et un large \u00e9ventail de formats.<\/p>\n\n\n\n<p>\u00c0 travers son offre de formation, l\u2019IFEN met \u00e0 votre disposition des outils et m\u00e9thodes innovantes pour renforcer votre capacit\u00e9 \u00e0 inspirer et \u00e0 motiver les \u00e9l\u00e8ves. Nous mettons notamment l\u2019accent sur la ma\u00eetrise de nouvelles approches didactiques, sur l\u2019int\u00e9gration des derni\u00e8res technologies \u00e9ducatives et sur la gestion de la diversit\u00e9 en classe dans le but de vous soutenir au mieux pour favoriser un environnement d\u2019apprentissage dynamique et inclusif.<\/p>\n<\/div>\n\n\n\n<div class=\"wp-block-column is-vertically-aligned-center editorskit-no-tablet editorskit-no-mobile is-layout-flow wp-block-column-is-layout-flow\" style=\"flex-basis:8.33333%\"><\/div>\n\n\n\n<div class=\"wp-block-column is-vertically-aligned-center is-layout-flow wp-block-column-is-layout-flow\" style=\"flex-basis:50%\">\n<figure class=\"wp-block-image size-full has-custom-border\"><img loading=\"lazy\" decoding=\"async\" width=\"1000\" height=\"667\" src=\"https:\/\/ssl.education.lu\/ifen\/wp-content\/uploads\/2024\/06\/jesuis_enseignant_illu.jpg\" alt=\"\" class=\"wp-image-9562\" style=\"border-style:none;border-width:0px;border-radius:15px\" srcset=\"https:\/\/ssl.education.lu\/ifen\/wp-content\/uploads\/2024\/06\/jesuis_enseignant_illu.jpg 1000w, https:\/\/ssl.education.lu\/ifen\/wp-content\/uploads\/2024\/06\/jesuis_enseignant_illu-600x400.jpg 600w, https:\/\/ssl.education.lu\/ifen\/wp-content\/uploads\/2024\/06\/jesuis_enseignant_illu-768x512.jpg 768w, https:\/\/ssl.education.lu\/ifen\/wp-content\/uploads\/2024\/06\/jesuis_enseignant_illu-18x12.jpg 18w\" sizes=\"auto, (max-width: 1000px) 100vw, 1000px\" \/><\/figure>\n<\/div>\n<\/div>\n\n<\/div>    \r\n<\/section>\n\n\n<div aria-hidden=\"true\" class=\"wp-block-fsb-flexible-spacer fsb-flexible-spacer\"><div class=\"fsb-flexible-spacer__device fsb-flexible-spacer__device--lg\" style=\"height:150px\"><\/div><div class=\"fsb-flexible-spacer__device fsb-flexible-spacer__device--md\" style=\"height:150px\"><\/div><div class=\"fsb-flexible-spacer__device fsb-flexible-spacer__device--sm\" style=\"height:150px\"><\/div><\/div>\n\n\n \r\n\r\n<section data-aos-once=\"true\" data-aos=\"fade-up\"  class=\"wp-block-section     alignfull    align-center \"\r\n                    \r\n                        style=\"background: rgb(234,248,248)\"\r\n        \r\n        \r\n    >\r\n\r\n                        <div class=\"shape-section shape-section-top\">\r\n                <svg xmlns=\"http:\/\/www.w3.org\/2000\/svg\" xmlns:xlink=\"http:\/\/www.w3.org\/1999\/xlink\" width=\"100%\" height=\"87\" viewBox=\"0 0 1921 87\" preserveAspectRatio=\"none\">\r\n                    <g id=\"Groupe_d\u00e9filant_42\" data-name=\"Groupe d\u00e9filant 42\" transform=\"translate(0 -99)\" style=\"isolation: isolate\">\r\n                        <g id=\"Groupe_d\u00e9filant_43\" data-name=\"Groupe d\u00e9filant 43\" transform=\"translate(0 0)\" style=\"isolation: isolate\">\r\n                        <g id=\"Groupe_933\" data-name=\"Groupe 933\" transform=\"translate(0 0)\">\r\n                            <g id=\"Groupe_737\" data-name=\"Groupe 737\" transform=\"translate(0 0)\">\r\n                            <g id=\"Groupe_736\" data-name=\"Groupe 736\" transform=\"translate(-3953.287 105.034)\">\r\n                                <path style=\"fill:rgb(234,248,248)\"  id=\"Trac\u00e9_472\" data-name=\"Trac\u00e9 472\" d=\"M7.906-402.606c1825.143-1234.975,4696.423-1612.721,7144.4-940.023,1138.806,313,2098.365,826.758,2774.82,1485.924l37.407,36.5L9419.413,461.351l-46.566-46.339C8770.1-185.4,7905.633-652.907,6873.094-936.523,4672.52-1541.17,2104.279-1194.435,481.472-73.732L422.953-33.376l-462.211-337.5Z\" transform=\"translate(39.258 1672.364)\"\/>\r\n                            <\/g>\r\n                            <\/g>\r\n                        <\/g>\r\n                        <\/g>\r\n                    <\/g>\r\n                <\/svg>\r\n            <\/div> \r\n         \r\n         \r\n    \r\n        <div class=\"acf-innerblocks-container\">\n\n<div class=\"wp-block-group has-global-padding is-layout-constrained wp-container-core-group-is-layout-689b5f1e wp-block-group-is-layout-constrained\" style=\"padding-top:0;padding-right:20px;padding-bottom:0;padding-left:20px\">\n<h2 class=\"wp-block-heading h2small has-primary-color has-text-color\">Notre offre de prestations<\/h2>\n\n\n\n<p class=\"has-primary-color has-text-color has-link-color wp-elements-a2f708c09c43f9a1d0142d56fc360c1b\">Trouvez la formation dont vous avez besoin dans notre catalogue de prestations<\/p>\n\n\n\n<div class=\"wp-block-buttons mt0 is-content-justification-center is-layout-flex wp-container-core-buttons-is-layout-a89b3969 wp-block-buttons-is-layout-flex\">\n<div class=\"wp-block-button btn-picto turquoise\"><a class=\"wp-block-button__link wp-element-button\" href=\"\/ifen\/catalog\/search?categories=12038\" target=\"_blank\" rel=\"noreferrer noopener\">Consultez notre offre<\/a><\/div>\n<\/div>\n<\/div>\n\n\n\n<div aria-hidden=\"true\" class=\"wp-block-fsb-flexible-spacer fsb-flexible-spacer\"><div class=\"fsb-flexible-spacer__device fsb-flexible-spacer__device--lg\" style=\"height:80px\"><\/div><div class=\"fsb-flexible-spacer__device fsb-flexible-spacer__device--md\" style=\"height:80px\"><\/div><div class=\"fsb-flexible-spacer__device fsb-flexible-spacer__device--sm\" style=\"height:80px\"><\/div><\/div>\n\n<\/div>    \r\n<\/section>","protected":false},"excerpt":{"rendered":"","protected":false},"author":1,"featured_media":0,"parent":128,"menu_order":0,"comment_status":"closed","ping_status":"closed","template":"","meta":{"_eb_attr":"","_editorskit_title_hidden":false,"_editorskit_reading_time":0,"_editorskit_is_block_options_detached":false,"_editorskit_block_options_position":"{}","inline_featured_image":false,"footnotes":""},"class_list":["post-5570","page","type-page","status-publish","hentry","etat-valide"],"acf":{"espace_type":""},"_links":{"self":[{"href":"https:\/\/ssl.education.lu\/ifen\/wp-json\/wp\/v2\/pages\/5570","targetHints":{"allow":["GET"]}}],"collection":[{"href":"https:\/\/ssl.education.lu\/ifen\/wp-json\/wp\/v2\/pages"}],"about":[{"href":"https:\/\/ssl.education.lu\/ifen\/wp-json\/wp\/v2\/types\/page"}],"author":[{"embeddable":true,"href":"https:\/\/ssl.education.lu\/ifen\/wp-json\/wp\/v2\/users\/1"}],"replies":[{"embeddable":true,"href":"https:\/\/ssl.education.lu\/ifen\/wp-json\/wp\/v2\/comments?post=5570"}],"version-history":[{"count":44,"href":"https:\/\/ssl.education.lu\/ifen\/wp-json\/wp\/v2\/pages\/5570\/revisions"}],"predecessor-version":[{"id":15309,"href":"https:\/\/ssl.education.lu\/ifen\/wp-json\/wp\/v2\/pages\/5570\/revisions\/15309"}],"up":[{"embeddable":true,"href":"https:\/\/ssl.education.lu\/ifen\/wp-json\/wp\/v2\/pages\/128"}],"wp:attachment":[{"href":"https:\/\/ssl.education.lu\/ifen\/wp-json\/wp\/v2\/media?parent=5570"}],"curies":[{"name":"wp","href":"https:\/\/api.w.org\/{rel}","templated":true}]}}