

{"id":5485,"date":"2024-04-17T15:22:13","date_gmt":"2024-04-17T13:22:13","guid":{"rendered":"\/ifen\/?page_id=5485"},"modified":"2026-03-12T13:53:00","modified_gmt":"2026-03-12T12:53:00","slug":"acces","status":"publish","type":"page","link":"\/ifen\/contact\/acces\/","title":{"rendered":"Acc\u00e8s"},"content":{"rendered":"\n<div class=\"wp-block-cover alignfull is-light banner-page banner-page-small hide-editor\" style=\"min-height:250px;aspect-ratio:unset;\"><img loading=\"lazy\" decoding=\"async\" width=\"1920\" height=\"250\" class=\"wp-block-cover__image-background wp-image-4441\" alt=\"\" src=\"\/ifen\/wp-content\/uploads\/2023\/12\/banner_contact.svg\" data-object-fit=\"cover\"\/><span aria-hidden=\"true\" class=\"wp-block-cover__background has-black-background-color has-background-dim-0 has-background-dim\"><\/span><div class=\"wp-block-cover__inner-container is-layout-flow wp-block-cover-is-layout-flow\">\n<div class=\"wp-block-group is-layout-flow wp-block-group-is-layout-flow\" data-aos=\"fade-down\">\n<h1 class=\"wp-block-heading has-text-align-center has-primary-color has-text-color\">Acc\u00e8s<\/h1>\n<\/div>\n\n\n\n<svg class=\"curve curve-bottom curve-desktop\" xmlns=\"http:\/\/www.w3.org\/2000\/svg\" width=\"100%\" height=\"77.168\" viewBox=\"0 0 1600 77.168\" preserveAspectRatio=\"none\">\n              <path id=\"Trac\u00e9_454\" data-name=\"Trac\u00e9 454\" d=\"M0,0H1600V29.331S1204.669,77.168,804.669,77.168,0,29.331,0,29.331Z\" transform=\"translate(1600 77.168) rotate(180)\" fill=\"#fff\"\/>\n          <\/svg>\n          <svg class=\"curve curve-bottom curve-mobile\" xmlns=\"http:\/\/www.w3.org\/2000\/svg\" width=\"100%\" height=\"77.168\" viewBox=\"0 0 1600 77.168\">\n              <path id=\"Trac\u00e9_454\" data-name=\"Trac\u00e9 454\" d=\"M0,0H1600V29.331S1204.669,77.168,804.669,77.168,0,29.331,0,29.331Z\" transform=\"translate(1600 77.168) rotate(180)\" fill=\"#fff\"\/>\n          <\/svg>\n<\/div><\/div>\n\n\n \r\n\r\n<section data-aos-once=\"true\" data-aos=\"fade-up\"  class=\"wp-block-section     alignfull    \"\r\n    >\r\n\r\n    \r\n        <div class=\"acf-innerblocks-container\">\n\n<figure class=\"wp-block-image size-large ellipse ellipse-right img-parallax-down\"><img loading=\"lazy\" decoding=\"async\" width=\"207\" height=\"755\" src=\"\/ifen\/wp-content\/uploads\/2023\/07\/ellipse_half_yellow.svg\" alt=\"\" class=\"wp-image-1336\"\/><\/figure>\n\n\n \r\n\r\n<section  class=\"wp-block-section     alignwide  acces  \"\r\n    >\r\n\r\n    \r\n        <div class=\"acf-innerblocks-container\">\n\n<p class=\"back\"><a href=\"\/ifen\/contact\/\" class=\"ek-link\">Retour<\/a><\/p>\n\n\n\n<div class=\"wp-block-columns nowrap-tablet is-layout-flex wp-container-core-columns-is-layout-28f84493 wp-block-columns-is-layout-flex\">\n<div class=\"wp-block-column is-layout-flow wp-block-column-is-layout-flow\">\n<div aria-hidden=\"true\" class=\"wp-block-fsb-flexible-spacer fsb-flexible-spacer\"><div class=\"fsb-flexible-spacer__device fsb-flexible-spacer__device--lg\" style=\"height:0px\"><\/div><div class=\"fsb-flexible-spacer__device fsb-flexible-spacer__device--md\" style=\"height:0px\"><\/div><div class=\"fsb-flexible-spacer__device fsb-flexible-spacer__device--sm\" style=\"height:0rem\"><\/div><\/div>\n\n\n\n<figure class=\"wp-block-image size-full has-custom-border\"><img loading=\"lazy\" decoding=\"async\" width=\"1000\" height=\"667\" src=\"https:\/\/ssl.education.lu\/ifen\/wp-content\/uploads\/2024\/06\/illu_institut.jpg\" alt=\"\" class=\"wp-image-9508\" style=\"border-radius:15px;aspect-ratio:4\/3;object-fit:cover\" srcset=\"https:\/\/ssl.education.lu\/ifen\/wp-content\/uploads\/2024\/06\/illu_institut.jpg 1000w, https:\/\/ssl.education.lu\/ifen\/wp-content\/uploads\/2024\/06\/illu_institut-600x400.jpg 600w, https:\/\/ssl.education.lu\/ifen\/wp-content\/uploads\/2024\/06\/illu_institut-768x512.jpg 768w, https:\/\/ssl.education.lu\/ifen\/wp-content\/uploads\/2024\/06\/illu_institut-18x12.jpg 18w\" sizes=\"auto, (max-width: 1000px) 100vw, 1000px\" \/><\/figure>\n\n\n\n<div aria-hidden=\"true\" class=\"wp-block-fsb-flexible-spacer fsb-flexible-spacer\"><div class=\"fsb-flexible-spacer__device fsb-flexible-spacer__device--lg\" style=\"height:10px\"><\/div><div class=\"fsb-flexible-spacer__device fsb-flexible-spacer__device--md\" style=\"height:10px\"><\/div><div class=\"fsb-flexible-spacer__device fsb-flexible-spacer__device--sm\" style=\"height:0px\"><\/div><\/div>\n\n\n\n<h3 class=\"wp-block-heading\">IFEN eduP\u00f4le Walferdange<\/h3>\n\n\n\n<div class=\"wp-block-buttons is-layout-flex wp-block-buttons-is-layout-flex\">\n<div class=\"wp-block-button\"><a class=\"wp-block-button__link wp-element-button\" href=\"https:\/\/ssl.education.lu\/ifen\/wp-content\/uploads\/2026\/03\/20260130_plan_ifen_walferdange-3.pdf\" target=\"_blank\" rel=\"noreferrer noopener\">Plan du site<\/a><\/div>\n\n\n\n<div class=\"wp-block-button\"><a class=\"wp-block-button__link wp-element-button\" href=\"https:\/\/ssl.education.lu\/ifen\/visite-virtuelle-edupole\/\" target=\"_blank\" rel=\"noreferrer noopener\">Visite virtuelle<\/a><\/div>\n<\/div>\n\n\n\n<div aria-hidden=\"true\" class=\"wp-block-fsb-flexible-spacer fsb-flexible-spacer\"><div class=\"fsb-flexible-spacer__device fsb-flexible-spacer__device--lg\" style=\"height:20px\"><\/div><div class=\"fsb-flexible-spacer__device fsb-flexible-spacer__device--md\" style=\"height:20px\"><\/div><div class=\"fsb-flexible-spacer__device fsb-flexible-spacer__device--sm\" style=\"height:20px\"><\/div><\/div>\n\n\n\n<div class=\"wp-block-group is-layout-flow wp-block-group-is-layout-flow\">\n<figure class=\"wp-block-image size-full\"><img decoding=\"async\" src=\"\/ifen\/wp-content\/uploads\/2023\/12\/picto_voiture_turquoise.png\" alt=\"\" class=\"wp-image-7228\"\/><\/figure>\n\n\n\n<p><strong>En voiture<\/strong><br>Un nombre limit\u00e9 de places de parking est disponible sur le site. Il n\u2019y a pas de place libre garantie pour les participants aux formations.<\/p>\n<\/div>\n\n\n\n<div class=\"wp-block-group is-layout-flow wp-block-group-is-layout-flow\">\n<figure class=\"wp-block-image size-full\"><img decoding=\"async\" src=\"\/ifen\/wp-content\/uploads\/2023\/12\/picto_train_turquoise.png\" alt=\"\" class=\"wp-image-7227\"\/><\/figure>\n\n\n\n<p><strong>En train<br><\/strong>La gare de Walferdange se trouve \u00e0 5 minutes \u00e0 pied des b\u00e2timents de l\u2019IFEN.<\/p>\n<\/div>\n\n\n\n<div class=\"wp-block-group is-layout-flow wp-block-group-is-layout-flow\">\n<figure class=\"wp-block-image size-full\"><img decoding=\"async\" src=\"\/ifen\/wp-content\/uploads\/2023\/12\/picto_bus_turquoise.png\" alt=\"\" class=\"wp-image-7226\"\/><\/figure>\n\n\n\n<p><strong>En Bus<br><\/strong>Les lignes 111 AVL, 11 AVL et 26 AVL d\u00e9sservent les arr\u00eats soit de Walferdange-Gemenge Plaz soit de Walferdange-Gare, tous deux situ\u00e9s \u00e0 5 minutes \u00e0 pied des b\u00e2timents de l\u2019IFEN.<\/p>\n<\/div>\n<\/div>\n\n\n\n<div class=\"wp-block-column is-layout-flow wp-block-column-is-layout-flow\">\n<div aria-hidden=\"true\" class=\"wp-block-fsb-flexible-spacer fsb-flexible-spacer\"><div class=\"fsb-flexible-spacer__device fsb-flexible-spacer__device--lg\" style=\"height:0px\"><\/div><div class=\"fsb-flexible-spacer__device fsb-flexible-spacer__device--md\" style=\"height:0px\"><\/div><div class=\"fsb-flexible-spacer__device fsb-flexible-spacer__device--sm\" style=\"height:50px\"><\/div><\/div>\n\n\n\n<figure class=\"wp-block-image size-full has-custom-border\"><img loading=\"lazy\" decoding=\"async\" width=\"1000\" height=\"750\" src=\"https:\/\/ssl.education.lu\/ifen\/wp-content\/uploads\/2024\/07\/IFEN_BELVAL_new.jpg\" alt=\"\" class=\"wp-image-10328\" style=\"border-radius:15px;aspect-ratio:4\/3;object-fit:cover\" srcset=\"https:\/\/ssl.education.lu\/ifen\/wp-content\/uploads\/2024\/07\/IFEN_BELVAL_new.jpg 1000w, https:\/\/ssl.education.lu\/ifen\/wp-content\/uploads\/2024\/07\/IFEN_BELVAL_new-600x450.jpg 600w, https:\/\/ssl.education.lu\/ifen\/wp-content\/uploads\/2024\/07\/IFEN_BELVAL_new-768x576.jpg 768w, https:\/\/ssl.education.lu\/ifen\/wp-content\/uploads\/2024\/07\/IFEN_BELVAL_new-16x12.jpg 16w, https:\/\/ssl.education.lu\/ifen\/wp-content\/uploads\/2024\/07\/IFEN_BELVAL_new-800x600.jpg 800w\" sizes=\"auto, (max-width: 1000px) 100vw, 1000px\" \/><\/figure>\n\n\n\n<div aria-hidden=\"true\" class=\"wp-block-fsb-flexible-spacer fsb-flexible-spacer\"><div class=\"fsb-flexible-spacer__device fsb-flexible-spacer__device--lg\" style=\"height:10px\"><\/div><div class=\"fsb-flexible-spacer__device fsb-flexible-spacer__device--md\" style=\"height:10px\"><\/div><div class=\"fsb-flexible-spacer__device fsb-flexible-spacer__device--sm\" style=\"height:0px\"><\/div><\/div>\n\n\n\n<h3 class=\"wp-block-heading\">IFEN Esch-Belval <\/h3>\n\n\n\n<div class=\"wp-block-buttons is-layout-flex wp-block-buttons-is-layout-flex\">\n<div class=\"wp-block-button\"><a class=\"wp-block-button__link wp-element-button\" href=\"https:\/\/ssl.education.lu\/ifen\/wp-content\/uploads\/2026\/01\/Plan_ifen_belval_BAT_2026.pdf\" target=\"_blank\" rel=\"noreferrer noopener\">Plan du site<\/a><\/div>\n<\/div>\n\n\n\n<div aria-hidden=\"true\" class=\"wp-block-fsb-flexible-spacer fsb-flexible-spacer\"><div class=\"fsb-flexible-spacer__device fsb-flexible-spacer__device--lg\" style=\"height:20px\"><\/div><div class=\"fsb-flexible-spacer__device fsb-flexible-spacer__device--md\" style=\"height:20px\"><\/div><div class=\"fsb-flexible-spacer__device fsb-flexible-spacer__device--sm\" style=\"height:20px\"><\/div><\/div>\n\n\n\n<div class=\"wp-block-group is-layout-flow wp-block-group-is-layout-flow\">\n<figure class=\"wp-block-image size-full\"><img decoding=\"async\" src=\"\/ifen\/wp-content\/uploads\/2023\/12\/picto_voiture_turquoise.png\" alt=\"\" class=\"wp-image-7228\"\/><\/figure>\n\n\n\n<p><strong>En voiture<\/strong><br>Nous vous invitons \u00e0 utiliser les parkings publics situ\u00e9s aux alentours du site de Belval.<\/p>\n<\/div>\n\n\n\n<div class=\"wp-block-group is-layout-flow wp-block-group-is-layout-flow\">\n<figure class=\"wp-block-image size-full\"><img decoding=\"async\" src=\"\/ifen\/wp-content\/uploads\/2023\/12\/picto_train_turquoise.png\" alt=\"\" class=\"wp-image-7227\"\/><\/figure>\n\n\n\n<p><strong>En train<\/strong><br>La gare Belval-Universit\u00e9 se trouve \u00e0 10 minutes \u00e0 pied<br>des b\u00e2timents de l\u2019IFEN.<\/p>\n<\/div>\n\n\n\n<div class=\"wp-block-group is-layout-flow wp-block-group-is-layout-flow\">\n<figure class=\"wp-block-image size-full\"><img decoding=\"async\" src=\"\/ifen\/wp-content\/uploads\/2023\/12\/picto_bus_turquoise.png\" alt=\"\" class=\"wp-image-7226\"\/><\/figure>\n\n\n\n<p><strong>En Bus<\/strong><br>Les lignes 750 RGTR et 4 TICE d\u00e9sservent l\u2019arr\u00eat Esch\/Alzette,<br>Porte des Sciences situ\u00e9 \u00e0 2 minutes \u00e0 pied des b\u00e2timents<br>de l\u2019IFEN.<br>La ligne 3 TICE d\u00e9ssert l\u2019arr\u00eat Belval-Universit\u00e9 situ\u00e9<br>\u00e0 10 minutes \u00e0 pied des b\u00e2timents de l\u2019IFEN.<\/p>\n<\/div>\n<\/div>\n<\/div>\n\n<\/div>    \r\n<\/section>\n<\/div>    \r\n<\/section>\n\n\n<div aria-hidden=\"true\" class=\"wp-block-fsb-flexible-spacer fsb-flexible-spacer\"><div class=\"fsb-flexible-spacer__device fsb-flexible-spacer__device--lg\" style=\"height:150px\"><\/div><div class=\"fsb-flexible-spacer__device fsb-flexible-spacer__device--md\" style=\"height:150px\"><\/div><div class=\"fsb-flexible-spacer__device fsb-flexible-spacer__device--sm\" style=\"height:150px\"><\/div><\/div>\n","protected":false},"excerpt":{"rendered":"<p>Retrouvez les informations pratiques pour rejoindre les sites de Walferdange et Esch-Belval en voiture, en train ou en bus.<\/p>\n","protected":false},"author":1,"featured_media":0,"parent":126,"menu_order":0,"comment_status":"closed","ping_status":"closed","template":"","meta":{"_eb_attr":"","_editorskit_title_hidden":false,"_editorskit_reading_time":0,"_editorskit_is_block_options_detached":false,"_editorskit_block_options_position":"{}","inline_featured_image":false,"footnotes":""},"class_list":["post-5485","page","type-page","status-publish","hentry","etat-valide"],"acf":{"espace_type":""},"_links":{"self":[{"href":"https:\/\/ssl.education.lu\/ifen\/wp-json\/wp\/v2\/pages\/5485","targetHints":{"allow":["GET"]}}],"collection":[{"href":"https:\/\/ssl.education.lu\/ifen\/wp-json\/wp\/v2\/pages"}],"about":[{"href":"https:\/\/ssl.education.lu\/ifen\/wp-json\/wp\/v2\/types\/page"}],"author":[{"embeddable":true,"href":"https:\/\/ssl.education.lu\/ifen\/wp-json\/wp\/v2\/users\/1"}],"replies":[{"embeddable":true,"href":"https:\/\/ssl.education.lu\/ifen\/wp-json\/wp\/v2\/comments?post=5485"}],"version-history":[{"count":33,"href":"https:\/\/ssl.education.lu\/ifen\/wp-json\/wp\/v2\/pages\/5485\/revisions"}],"predecessor-version":[{"id":16473,"href":"https:\/\/ssl.education.lu\/ifen\/wp-json\/wp\/v2\/pages\/5485\/revisions\/16473"}],"up":[{"embeddable":true,"href":"https:\/\/ssl.education.lu\/ifen\/wp-json\/wp\/v2\/pages\/126"}],"wp:attachment":[{"href":"https:\/\/ssl.education.lu\/ifen\/wp-json\/wp\/v2\/media?parent=5485"}],"curies":[{"name":"wp","href":"https:\/\/api.w.org\/{rel}","templated":true}]}}