

{"id":5396,"date":"2024-04-09T09:39:18","date_gmt":"2024-04-09T07:39:18","guid":{"rendered":"\/ifen\/?page_id=5396"},"modified":"2024-08-01T10:04:26","modified_gmt":"2024-08-01T08:04:26","slug":"exposition-pedagogique","status":"publish","type":"page","link":"\/ifen\/sinspirer\/exposition-pedagogique\/","title":{"rendered":"Exposition p\u00e9dagogique"},"content":{"rendered":"\n<div class=\"wp-block-cover alignfull is-light banner-page banner-page-small hide-editor\" style=\"min-height:250px;aspect-ratio:unset;\"><span aria-hidden=\"true\" class=\"wp-block-cover__background has-black-background-color has-background-dim-0 has-background-dim\"><\/span><img decoding=\"async\" class=\"wp-block-cover__image-background wp-image-5578\" alt=\"\" src=\"\/ifen\/wp-content\/uploads\/2023\/11\/banner_small_green.svg\" data-object-fit=\"cover\"\/><div class=\"wp-block-cover__inner-container is-layout-flow wp-block-cover-is-layout-flow\">\n<div class=\"wp-block-group is-layout-flow wp-block-group-is-layout-flow\">\n<h1 class=\"wp-block-heading has-text-align-center has-primary-color has-text-color\">Exposition p\u00e9dagogique<\/h1>\n<\/div>\n\n\n\n<svg class=\"curve curve-bottom curve-desktop\" xmlns=\"http:\/\/www.w3.org\/2000\/svg\" width=\"100%\" height=\"77.168\" viewBox=\"0 0 1600 77.168\" preserveAspectRatio=\"none\">\n            <path id=\"Trac\u00e9_454\" data-name=\"Trac\u00e9 454\" d=\"M0,0H1600V29.331S1204.669,77.168,804.669,77.168,0,29.331,0,29.331Z\" transform=\"translate(1600 77.168) rotate(180)\" fill=\"#fff\"\/>\n        <\/svg>\n        <svg class=\"curve curve-bottom curve-mobile\" xmlns=\"http:\/\/www.w3.org\/2000\/svg\" width=\"100%\" height=\"77.168\" viewBox=\"0 0 1600 77.168\">\n            <path id=\"Trac\u00e9_454\" data-name=\"Trac\u00e9 454\" d=\"M0,0H1600V29.331S1204.669,77.168,804.669,77.168,0,29.331,0,29.331Z\" transform=\"translate(1600 77.168) rotate(180)\" fill=\"#fff\"\/>\n        <\/svg>\n<\/div><\/div>\n\n\n \r\n\r\n<section  class=\"wp-block-section     alignwide    \"\r\n    >\r\n\r\n    \r\n        <div class=\"acf-innerblocks-container\">\n\n<p class=\"back\"><a href=\"\/ifen\/assister-a-un-evenement\/\" class=\"ek-link\">Retour<\/a><\/p>\n\n\n\n<p>Une exposition p\u00e9dagogique est un \u00e9v\u00e9nement dynamique qui associe l\u2019art, la culture et l\u2019apprentissage professionnel. Dans un environnement stimulant et cr\u00e9atif, les participants d\u00e9couvrent et explorent des pratiques innovantes \u00e0 travers des expositions et des pr\u00e9sentations interactives.<\/p>\n\n\n\n<p>Outre le d\u00e9veloppement des comp\u00e9tences professionnelles vis\u00e9es par l&rsquo;exposition p\u00e9dagogique, ce format offre l\u2019opportunit\u00e9 de rassembler les participants autour d\u2019autres approches \u00e9ducatives valoris\u00e9es par l\u2019art.<\/p>\n\n<\/div>    \r\n<\/section>\n\n\n<div aria-hidden=\"true\" class=\"wp-block-fsb-flexible-spacer fsb-flexible-spacer\"><div class=\"fsb-flexible-spacer__device fsb-flexible-spacer__device--lg\" style=\"height:150px\"><\/div><div class=\"fsb-flexible-spacer__device fsb-flexible-spacer__device--md\" style=\"height:100px\"><\/div><div class=\"fsb-flexible-spacer__device fsb-flexible-spacer__device--sm\" style=\"height:100px\"><\/div><\/div>\n\n\n \r\n\r\n<section  class=\"wp-block-section     alignfull  hide-editor  \"\r\n                                    style=\"background: #807b95;color:#ffffff\"\r\n        \r\n        \r\n        \r\n    >\r\n\r\n    \r\n        <div class=\"acf-innerblocks-container\">\n\n<svg class=\"curve curve-top curve-carousel curve-carousel-format curve-desktop\" xmlns=\"http:\/\/www.w3.org\/2000\/svg\" width=\"100%\" height=\"77.168\" viewBox=\"0 0 1600 77.168\" preserveAspectRatio=\"none\">\n            <path id=\"Trac\u00e9_454\" data-name=\"Trac\u00e9 454\" d=\"M0,0H1600V29.331S1204.669,77.168,804.669,77.168,0,29.331,0,29.331Z\" transform=\"translate(1600 77.168) rotate(180)\" fill=\"#fff\"><\/path>\n        <\/svg>\n\n<svg class=\"curve curve-top curve-carousel curve-carousel-format curve-mobile\" xmlns=\"http:\/\/www.w3.org\/2000\/svg\" width=\"100%\" height=\"77.168\" viewBox=\"0 0 1600 77.168\">\n            <path id=\"Trac\u00e9_454\" data-name=\"Trac\u00e9 454\" d=\"M0,0H1600V29.331S1204.669,77.168,804.669,77.168,0,29.331,0,29.331Z\" transform=\"translate(1600 77.168) rotate(180)\" fill=\"#fff\"><\/path>\n        <\/svg>\n\n\n \r\n\r\n<section  class=\"wp-block-section     alignwide    \"\r\n    >\r\n\r\n    \r\n        <div class=\"acf-innerblocks-container\">\n   \r\n<div  class=\"wp-block-ifen-carousel    carousel-style-1\">\r\n    <div class=\"swiper-container-carousel\" data-slidesperview=\"2\" data-center=\"\" data-effect=\"\">\r\n        <div class=\"swiper-wrapper\">\r\n                             \r\n                    <div class=\"swiper-slide\">\r\n                        <a href=\"https:\/\/www.developpement-scolaire.lu\/\" class=\"\" aria-label=\"https:\/\/www.developpement-scolaire.lu\/\">                            <div class=\"swiper-slide-group\">\r\n                                                                        <div class=\"swiper-slide-thumb\" style=\"border-radius: 15px 15px 0 0;\">\r\n                                            <img decoding=\"async\" src=\"https:\/\/ssl.education.lu\/ifen\/wp-content\/uploads\/2024\/06\/Ifen_inspire.jpg\" alt=\"\" loading=\"lazy\" sizes=\"(max-width: 767px) 100vw, 50vw\" srcset=\"https:\/\/ssl.education.lu\/ifen\/wp-content\/uploads\/2024\/06\/Ifen_inspire.jpg 1920w\">\r\n                                        <\/div>\r\n                                                                                                    <div class=\"swiper-slide-content\">\r\n                                        <h3 class=\"swiper-slide-content-titre\">Ifen Inspire<\/h3>                                                                                <img decoding=\"async\" class=\"wp-block-card-arrow\" src=\"https:\/\/ssl.education.lu\/ifen\/wp-content\/themes\/theme-ifen\/dist\/img\/arrow-card.svg\" width=\"29.201\" height=\"13.021\" alt=\"Arrow card\">\r\n                                    <\/div>\r\n                                                            <\/div>\r\n                        <\/a>                    <\/div>\r\n                 \r\n                    <div class=\"swiper-slide\">\r\n                        <a href=\"https:\/\/ifen.podbean.com\/\" class=\"\" aria-label=\"https:\/\/ifen.podbean.com\/\">                            <div class=\"swiper-slide-group\">\r\n                                                                        <div class=\"swiper-slide-thumb\" style=\"border-radius: 15px 15px 0 0;\">\r\n                                            <img decoding=\"async\" src=\"https:\/\/ssl.education.lu\/ifen\/wp-content\/uploads\/2024\/06\/ifen_podcast.jpg\" alt=\"\" loading=\"lazy\" sizes=\"(max-width: 767px) 100vw, 50vw\" srcset=\"https:\/\/ssl.education.lu\/ifen\/wp-content\/uploads\/2024\/06\/ifen_podcast.jpg 1920w\">\r\n                                        <\/div>\r\n                                                                                                    <div class=\"swiper-slide-content\">\r\n                                        <h3 class=\"swiper-slide-content-titre\">Podcasts<\/h3>                                                                                <img decoding=\"async\" class=\"wp-block-card-arrow\" src=\"https:\/\/ssl.education.lu\/ifen\/wp-content\/themes\/theme-ifen\/dist\/img\/arrow-card.svg\" width=\"29.201\" height=\"13.021\" alt=\"Arrow card\">\r\n                                    <\/div>\r\n                                                            <\/div>\r\n                        <\/a>                    <\/div>\r\n                 \r\n                    <div class=\"swiper-slide\">\r\n                        <a href=\"\/ifen\/centre-de-documentation-pedagogique\/\" class=\"\" aria-label=\"\/ifen\/centre-de-documentation-pedagogique\/\">                            <div class=\"swiper-slide-group\">\r\n                                                                        <div class=\"swiper-slide-thumb\" style=\"border-radius: 15px 15px 0 0;\">\r\n                                            <img decoding=\"async\" src=\"https:\/\/ssl.education.lu\/ifen\/wp-content\/uploads\/2024\/06\/CDP-Etage-01-7.jpg\" alt=\"Espaces d\u2019apprentissage - CDP\" loading=\"lazy\" sizes=\"(max-width: 767px) 100vw, 50vw\" srcset=\"https:\/\/ssl.education.lu\/ifen\/wp-content\/uploads\/2024\/06\/CDP-Etage-01-7.jpg 1920w\">\r\n                                        <\/div>\r\n                                                                                                    <div class=\"swiper-slide-content\">\r\n                                        <h3 class=\"swiper-slide-content-titre\">Le centre de documentation p\u00e9dagogique<\/h3>                                                                                <img decoding=\"async\" class=\"wp-block-card-arrow\" src=\"https:\/\/ssl.education.lu\/ifen\/wp-content\/themes\/theme-ifen\/dist\/img\/arrow-card.svg\" width=\"29.201\" height=\"13.021\" alt=\"Arrow card\">\r\n                                    <\/div>\r\n                                                            <\/div>\r\n                        <\/a>                    <\/div>\r\n                 \r\n                    <div class=\"swiper-slide\">\r\n                        <a href=\"\/ifen\/espaces-dapprentissage-et-de-travail\/\" class=\"\" aria-label=\"\/ifen\/espaces-dapprentissage-et-de-travail\/\">                            <div class=\"swiper-slide-group\">\r\n                                                                        <div class=\"swiper-slide-thumb\" style=\"border-radius: 15px 15px 0 0;\">\r\n                                            <img decoding=\"async\" src=\"https:\/\/ssl.education.lu\/ifen\/wp-content\/uploads\/2024\/06\/CDP.jpg\" alt=\"\" loading=\"lazy\" sizes=\"(max-width: 767px) 100vw, 50vw\" srcset=\"https:\/\/ssl.education.lu\/ifen\/wp-content\/uploads\/2024\/06\/CDP.jpg 1920w\">\r\n                                        <\/div>\r\n                                                                                                    <div class=\"swiper-slide-content\">\r\n                                        <h3 class=\"swiper-slide-content-titre\">Espaces d\u2019apprentissage et de travail<\/h3>                                                                                <img decoding=\"async\" class=\"wp-block-card-arrow\" src=\"https:\/\/ssl.education.lu\/ifen\/wp-content\/themes\/theme-ifen\/dist\/img\/arrow-card.svg\" width=\"29.201\" height=\"13.021\" alt=\"Arrow card\">\r\n                                    <\/div>\r\n                                                            <\/div>\r\n                        <\/a>                    <\/div>\r\n                                    <\/div> \r\n        <div class=\"carousel-pagination\"><\/div>\r\n        <div class=\"button-prev-carousel button-nav-carousel prev\">\r\n            <svg xmlns=\"http:\/\/www.w3.org\/2000\/svg\" width=\"20.345\" height=\"13.021\" viewBox=\"0 0 20.345 13.021\">\r\n                <title>Fl\u00e8che pour aller au slide pr\u00e9c\u00e9dent<\/title> \r\n                <g id=\"Groupe_678\" data-name=\"Groupe 678\" transform=\"translate(931.595 2091.214) rotate(180)\">\r\n                    <path id=\"Trac\u00e9_445\" data-name=\"Trac\u00e9 445\" d=\"M2341,1916.792h17.031\" transform=\"translate(-1429 168)\" fill=\"none\" stroke=\"#fff\" stroke-linecap=\"round\" stroke-width=\"1.5\"\/>\r\n                    <path id=\"Trac\u00e9_446\" data-name=\"Trac\u00e9 446\" d=\"M2371.2,1911.245l7.532,5.757-7.532,5.17\" transform=\"translate(-1448.416 168)\" fill=\"none\" stroke=\"#fff\" stroke-linecap=\"round\" stroke-width=\"1.5\"\/>\r\n                <\/g>\r\n            <\/svg>\r\n        <\/div>  \r\n        <div class=\"button-next-carousel button-nav-carousel next\">\r\n            <svg xmlns=\"http:\/\/www.w3.org\/2000\/svg\" width=\"20.345\" height=\"13.021\" viewBox=\"0 0 20.345 13.021\">\r\n                <title>Fl\u00e8che pour aller au slide suivant<\/title>\r\n                <g id=\"Groupe_678\" data-name=\"Groupe 678\" transform=\"translate(-911.25 -2078.193)\">\r\n                    <path id=\"Trac\u00e9_445\" data-name=\"Trac\u00e9 445\" d=\"M2341,1916.792h17.031\" transform=\"translate(-1429 168)\" fill=\"none\" stroke=\"#fff\" stroke-linecap=\"round\" stroke-width=\"1.5\"\/>\r\n                    <path id=\"Trac\u00e9_446\" data-name=\"Trac\u00e9 446\" d=\"M2371.2,1911.245l7.532,5.757-7.532,5.17\" transform=\"translate(-1448.416 168)\" fill=\"none\" stroke=\"#fff\" stroke-linecap=\"round\" stroke-width=\"1.5\"\/>\r\n                <\/g>\r\n            <\/svg>\r\n        <\/div>\r\n    <\/div>\r\n<\/div> \n<\/div>    \r\n<\/section>\n<\/div>    \r\n<\/section>","protected":false},"excerpt":{"rendered":"","protected":false},"author":1,"featured_media":0,"parent":1423,"menu_order":0,"comment_status":"closed","ping_status":"closed","template":"","meta":{"_eb_attr":"","_editorskit_title_hidden":false,"_editorskit_reading_time":0,"_editorskit_is_block_options_detached":false,"_editorskit_block_options_position":"{}","inline_featured_image":false,"footnotes":""},"class_list":["post-5396","page","type-page","status-publish","hentry","etat-valide"],"acf":{"espace_type":[]},"_links":{"self":[{"href":"https:\/\/ssl.education.lu\/ifen\/wp-json\/wp\/v2\/pages\/5396","targetHints":{"allow":["GET"]}}],"collection":[{"href":"https:\/\/ssl.education.lu\/ifen\/wp-json\/wp\/v2\/pages"}],"about":[{"href":"https:\/\/ssl.education.lu\/ifen\/wp-json\/wp\/v2\/types\/page"}],"author":[{"embeddable":true,"href":"https:\/\/ssl.education.lu\/ifen\/wp-json\/wp\/v2\/users\/1"}],"replies":[{"embeddable":true,"href":"https:\/\/ssl.education.lu\/ifen\/wp-json\/wp\/v2\/comments?post=5396"}],"version-history":[{"count":17,"href":"https:\/\/ssl.education.lu\/ifen\/wp-json\/wp\/v2\/pages\/5396\/revisions"}],"predecessor-version":[{"id":10449,"href":"https:\/\/ssl.education.lu\/ifen\/wp-json\/wp\/v2\/pages\/5396\/revisions\/10449"}],"up":[{"embeddable":true,"href":"https:\/\/ssl.education.lu\/ifen\/wp-json\/wp\/v2\/pages\/1423"}],"wp:attachment":[{"href":"https:\/\/ssl.education.lu\/ifen\/wp-json\/wp\/v2\/media?parent=5396"}],"curies":[{"name":"wp","href":"https:\/\/api.w.org\/{rel}","templated":true}]}}