

{"id":5385,"date":"2024-04-09T09:26:11","date_gmt":"2024-04-09T07:26:11","guid":{"rendered":"\/ifen\/?page_id=5385"},"modified":"2024-08-02T14:25:57","modified_gmt":"2024-08-02T12:25:57","slug":"visite-detude","status":"publish","type":"page","link":"\/ifen\/participer-a-une-formation\/visite-detude\/","title":{"rendered":"Visite d\u2019\u00e9tude"},"content":{"rendered":"\n<div class=\"wp-block-cover alignfull is-light banner-page banner-page-small hide-editor\" style=\"min-height:250px;aspect-ratio:unset;\"><span aria-hidden=\"true\" class=\"wp-block-cover__background has-black-background-color has-background-dim-0 has-background-dim\"><\/span><img decoding=\"async\" class=\"wp-block-cover__image-background wp-image-5578\" alt=\"\" src=\"\/ifen\/wp-content\/uploads\/2023\/11\/banner_small_green.svg\" data-object-fit=\"cover\"\/><div class=\"wp-block-cover__inner-container is-layout-flow wp-block-cover-is-layout-flow\">\n<div class=\"wp-block-group is-layout-flow wp-block-group-is-layout-flow\">\n<h1 class=\"wp-block-heading has-text-align-center has-primary-color has-text-color\">Visite d\u2019\u00e9tude<\/h1>\n<\/div>\n\n\n\n<svg class=\"curve curve-bottom curve-desktop\" xmlns=\"http:\/\/www.w3.org\/2000\/svg\" width=\"100%\" height=\"77.168\" viewBox=\"0 0 1600 77.168\" preserveAspectRatio=\"none\">\n            <path id=\"Trac\u00e9_454\" data-name=\"Trac\u00e9 454\" d=\"M0,0H1600V29.331S1204.669,77.168,804.669,77.168,0,29.331,0,29.331Z\" transform=\"translate(1600 77.168) rotate(180)\" fill=\"#fff\"\/>\n        <\/svg>\n<svg class=\"curve curve-bottom curve-mobile\" xmlns=\"http:\/\/www.w3.org\/2000\/svg\" width=\"100%\" height=\"77.168\" viewBox=\"0 0 1600 77.168\">\n            <path id=\"Trac\u00e9_454\" data-name=\"Trac\u00e9 454\" d=\"M0,0H1600V29.331S1204.669,77.168,804.669,77.168,0,29.331,0,29.331Z\" transform=\"translate(1600 77.168) rotate(180)\" fill=\"#fff\"\/>\n        <\/svg>\n<\/div><\/div>\n\n\n \r\n\r\n<section  class=\"wp-block-section     alignwide    \"\r\n    >\r\n\r\n    \r\n        <div class=\"acf-innerblocks-container\">\n\n<p class=\"back\"><a href=\"\/ifen\/participer-a-une-formation\/\" class=\"ek-link\">Retour<\/a><\/p>\n\n\n\n<p>Une visite d&rsquo;\u00e9tude est un s\u00e9jour propos\u00e9 \u00e0 un groupe de participants dans un pays d\u2019accueil, et peut \u00eatre r\u00e9alis\u00e9e \u00e0 l&rsquo;\u00e9chelle locale, nationale ou internationale. Ce type de visite comprend g\u00e9n\u00e9ralement des pr\u00e9sentations, des visites d\u2019\u00e9tablissements d\u2019\u00e9ducation ou de formation, ainsi que des services minist\u00e9riels. L&rsquo;exp\u00e9rience offre une opportunit\u00e9 concr\u00e8te d\u2019immersion dans le pays h\u00f4te, favorisant ainsi les \u00e9changes et le partage d\u2019exp\u00e9rience sur des th\u00e8mes d\u2019int\u00e9r\u00eat commun, ainsi que sur des priorit\u00e9s nationales et europ\u00e9ennes.<\/p>\n\n\n\n<div aria-hidden=\"true\" class=\"wp-block-fsb-flexible-spacer fsb-flexible-spacer\"><div class=\"fsb-flexible-spacer__device fsb-flexible-spacer__device--lg\" style=\"height:50px\"><\/div><div class=\"fsb-flexible-spacer__device fsb-flexible-spacer__device--md\" style=\"height:50px\"><\/div><div class=\"fsb-flexible-spacer__device fsb-flexible-spacer__device--sm\" style=\"height:50px\"><\/div><\/div>\n\n\n\n<h2 class=\"wp-block-heading has-text-align-center\">L&rsquo;offre de visite d&rsquo;\u00e9tude par domaine<\/h2>\n\n\n\n<div aria-hidden=\"true\" class=\"wp-block-fsb-flexible-spacer fsb-flexible-spacer\"><div class=\"fsb-flexible-spacer__device fsb-flexible-spacer__device--lg\" style=\"height:20px\"><\/div><div class=\"fsb-flexible-spacer__device fsb-flexible-spacer__device--md\" style=\"height:20px\"><\/div><div class=\"fsb-flexible-spacer__device fsb-flexible-spacer__device--sm\" style=\"height:20px\"><\/div><\/div>\n\n\n<div class=\"row limit-9\"><div class=\"col-md-6 col-lg-4\"><div class=\"domaines-item\"><h3>\u00c9ducation \u00e0 la citoyennet\u00e9 <\/h3><figure class=\"arrow\"><img loading=\"lazy\" decoding=\"async\" width=\"59\" height=\"27\" src=\"\/ifen\/wp-content\/uploads\/2023\/07\/arrow_card.png\" alt=\"\" style=\"width:27px\"><\/figure><\/div><\/div><div class=\"col-md-6 col-lg-4\"><a href=\"\/ifen\/catalog\/search?subdomains=2023&#038;formats=6020\" target=\"_blank\" class=\"domain-link\"><div class=\"domaines-item\"><h3>Gestion et d\u00e9veloppement de l&#039;organisation<\/h3><figure class=\"arrow\"><img loading=\"lazy\" decoding=\"async\" width=\"59\" height=\"27\" src=\"\/ifen\/wp-content\/uploads\/2023\/07\/arrow_card.png\" alt=\"\" style=\"width:27px\"><\/figure><\/div><\/a><\/div><div class=\"col-md-6 col-lg-4\"><a href=\"\/ifen\/catalog\/search?subdomains=2002&#038;formats=6020\" target=\"_blank\" class=\"domain-link\"><div class=\"domaines-item\"><h3>\u00c9thique professionnelle<\/h3><figure class=\"arrow\"><img loading=\"lazy\" decoding=\"async\" width=\"59\" height=\"27\" src=\"\/ifen\/wp-content\/uploads\/2023\/07\/arrow_card.png\" alt=\"\" style=\"width:27px\"><\/figure><\/div><\/a><\/div><div class=\"col-md-6 col-lg-4\"><div class=\"domaines-item\"><h3>Gestion et administration du personnel et de<\/h3><figure class=\"arrow\"><img loading=\"lazy\" decoding=\"async\" width=\"59\" height=\"27\" src=\"\/ifen\/wp-content\/uploads\/2023\/07\/arrow_card.png\" alt=\"\" style=\"width:27px\"><\/figure><\/div><\/div><div class=\"col-md-6 col-lg-4\"><div class=\"domaines-item\"><h3>Conception et mise en \u0153uvre de situations d&#039;<\/h3><figure class=\"arrow\"><img loading=\"lazy\" decoding=\"async\" width=\"59\" height=\"27\" src=\"\/ifen\/wp-content\/uploads\/2023\/07\/arrow_card.png\" alt=\"\" style=\"width:27px\"><\/figure><\/div><\/div><div class=\"col-md-6 col-lg-4\"><a href=\"\/ifen\/catalog\/search?subdomains=2024&#038;formats=6020\" target=\"_blank\" class=\"domain-link\"><div class=\"domaines-item\"><h3>Gestion et d\u00e9veloppement du personnel<\/h3><figure class=\"arrow\"><img loading=\"lazy\" decoding=\"async\" width=\"59\" height=\"27\" src=\"\/ifen\/wp-content\/uploads\/2023\/07\/arrow_card.png\" alt=\"\" style=\"width:27px\"><\/figure><\/div><\/a><\/div><div class=\"col-md-6 col-lg-4\"><a href=\"\/ifen\/catalog\/search?subdomains=2003&#038;formats=6020\" target=\"_blank\" class=\"domain-link\"><div class=\"domaines-item\"><h3>D\u00e9veloppement professionnel personnel<\/h3><figure class=\"arrow\"><img loading=\"lazy\" decoding=\"async\" width=\"59\" height=\"27\" src=\"\/ifen\/wp-content\/uploads\/2023\/07\/arrow_card.png\" alt=\"\" style=\"width:27px\"><\/figure><\/div><\/a><\/div><div class=\"col-md-6 col-lg-4\"><a href=\"\/ifen\/catalog\/search?subdomains=2001&#038;formats=6020\" target=\"_blank\" class=\"domain-link\"><div class=\"domaines-item\"><h3>Missions et responsabilit\u00e9s<\/h3><figure class=\"arrow\"><img loading=\"lazy\" decoding=\"async\" width=\"59\" height=\"27\" src=\"\/ifen\/wp-content\/uploads\/2023\/07\/arrow_card.png\" alt=\"\" style=\"width:27px\"><\/figure><\/div><\/a><\/div><\/div>\n<\/div>    \r\n<\/section>\n\n\n<div aria-hidden=\"true\" class=\"wp-block-fsb-flexible-spacer fsb-flexible-spacer\"><div class=\"fsb-flexible-spacer__device fsb-flexible-spacer__device--lg\" style=\"height:150px\"><\/div><div class=\"fsb-flexible-spacer__device fsb-flexible-spacer__device--md\" style=\"height:100px\"><\/div><div class=\"fsb-flexible-spacer__device fsb-flexible-spacer__device--sm\" style=\"height:100px\"><\/div><\/div>\n\n\n \r\n\r\n<section  class=\"wp-block-section     alignfull  hide-editor  \"\r\n                                    style=\"background: #807b95;color:#ffffff\"\r\n        \r\n        \r\n        \r\n    >\r\n\r\n    \r\n        <div class=\"acf-innerblocks-container\">\n\n<svg class=\"curve curve-top curve-carousel curve-carousel-format curve-desktop\" xmlns=\"http:\/\/www.w3.org\/2000\/svg\" width=\"100%\" height=\"77.168\" viewBox=\"0 0 1600 77.168\" preserveAspectRatio=\"none\">\n            <path id=\"Trac\u00e9_454\" data-name=\"Trac\u00e9 454\" d=\"M0,0H1600V29.331S1204.669,77.168,804.669,77.168,0,29.331,0,29.331Z\" transform=\"translate(1600 77.168) rotate(180)\" fill=\"#fff\"><\/path>\n        <\/svg>\n\n<svg class=\"curve curve-top curve-carousel curve-carousel-format curve-mobile\" xmlns=\"http:\/\/www.w3.org\/2000\/svg\" width=\"100%\" height=\"77.168\" viewBox=\"0 0 1600 77.168\">\n            <path id=\"Trac\u00e9_454\" data-name=\"Trac\u00e9 454\" d=\"M0,0H1600V29.331S1204.669,77.168,804.669,77.168,0,29.331,0,29.331Z\" transform=\"translate(1600 77.168) rotate(180)\" fill=\"#fff\"><\/path>\n        <\/svg>\n\n\n \r\n\r\n<section  class=\"wp-block-section     alignwide    \"\r\n    >\r\n\r\n    \r\n        <div class=\"acf-innerblocks-container\">\n   \r\n<div  class=\"wp-block-ifen-carousel    carousel-style-1\">\r\n    <div class=\"swiper-container-carousel\" data-slidesperview=\"2\" data-center=\"\" data-effect=\"\">\r\n        <div class=\"swiper-wrapper\">\r\n                             \r\n                    <div class=\"swiper-slide\">\r\n                        <a href=\"\/ifen\/participer-a-une-formation\/seminaire\/\" class=\"\" aria-label=\"\/ifen\/participer-a-une-formation\/seminaire\/\">                            <div class=\"swiper-slide-group\">\r\n                                                                        <div class=\"swiper-slide-thumb\" style=\"border-radius: 15px 15px 0 0;\">\r\n                                            <img decoding=\"async\" src=\"https:\/\/ssl.education.lu\/ifen\/wp-content\/uploads\/2024\/07\/Journee_Canope-18.jpg\" alt=\"\" loading=\"lazy\" sizes=\"(max-width: 767px) 100vw, 50vw\" srcset=\"https:\/\/ssl.education.lu\/ifen\/wp-content\/uploads\/2024\/07\/Journee_Canope-18.jpg 1920w\">\r\n                                        <\/div>\r\n                                                                                                    <div class=\"swiper-slide-content\">\r\n                                        <h3 class=\"swiper-slide-content-titre\">S\u00e9minaire<\/h3>                                                                                <img decoding=\"async\" class=\"wp-block-card-arrow\" src=\"https:\/\/ssl.education.lu\/ifen\/wp-content\/themes\/theme-ifen\/dist\/img\/arrow-card.svg\" width=\"29.201\" height=\"13.021\" alt=\"Arrow card\">\r\n                                    <\/div>\r\n                                                            <\/div>\r\n                        <\/a>                    <\/div>\r\n                 \r\n                    <div class=\"swiper-slide\">\r\n                        <a href=\"\/ifen\/participer-a-une-formation\/seminaire-avec-phase-de-mise-en-pratique\/\" class=\"\" aria-label=\"\/ifen\/participer-a-une-formation\/seminaire-avec-phase-de-mise-en-pratique\/\">                            <div class=\"swiper-slide-group\">\r\n                                                                        <div class=\"swiper-slide-thumb\" style=\"border-radius: 15px 15px 0 0;\">\r\n                                            <img decoding=\"async\" src=\"https:\/\/ssl.education.lu\/ifen\/wp-content\/uploads\/2024\/07\/Educatorsday-Photos.jpg\" alt=\"\" loading=\"lazy\" sizes=\"(max-width: 767px) 100vw, 50vw\" srcset=\"https:\/\/ssl.education.lu\/ifen\/wp-content\/uploads\/2024\/07\/Educatorsday-Photos.jpg 1920w\">\r\n                                        <\/div>\r\n                                                                                                    <div class=\"swiper-slide-content\">\r\n                                        <h3 class=\"swiper-slide-content-titre\">S\u00e9minaire avec phase de mise en pratique<\/h3>                                                                                <img decoding=\"async\" class=\"wp-block-card-arrow\" src=\"https:\/\/ssl.education.lu\/ifen\/wp-content\/themes\/theme-ifen\/dist\/img\/arrow-card.svg\" width=\"29.201\" height=\"13.021\" alt=\"Arrow card\">\r\n                                    <\/div>\r\n                                                            <\/div>\r\n                        <\/a>                    <\/div>\r\n                 \r\n                    <div class=\"swiper-slide\">\r\n                        <a href=\"\/ifen\/participer-a-une-formation\/cercle-de-lecture\/\" class=\"\" aria-label=\"\/ifen\/participer-a-une-formation\/cercle-de-lecture\/\">                            <div class=\"swiper-slide-group\">\r\n                                                                        <div class=\"swiper-slide-thumb\" style=\"border-radius: 15px 15px 0 0;\">\r\n                                            <img decoding=\"async\" src=\"https:\/\/ssl.education.lu\/ifen\/wp-content\/uploads\/2024\/06\/cercle_lecture.jpg\" alt=\"\" loading=\"lazy\" sizes=\"(max-width: 767px) 100vw, 50vw\" srcset=\"https:\/\/ssl.education.lu\/ifen\/wp-content\/uploads\/2024\/06\/cercle_lecture.jpg 1920w\">\r\n                                        <\/div>\r\n                                                                                                    <div class=\"swiper-slide-content\">\r\n                                        <h3 class=\"swiper-slide-content-titre\">Cercle de lecture<\/h3>                                                                                <img decoding=\"async\" class=\"wp-block-card-arrow\" src=\"https:\/\/ssl.education.lu\/ifen\/wp-content\/themes\/theme-ifen\/dist\/img\/arrow-card.svg\" width=\"29.201\" height=\"13.021\" alt=\"Arrow card\">\r\n                                    <\/div>\r\n                                                            <\/div>\r\n                        <\/a>                    <\/div>\r\n                 \r\n                    <div class=\"swiper-slide\">\r\n                        <a href=\"\/ifen\/participer-a-une-formation\/marche-pedagogique\/\" class=\"\" aria-label=\"\/ifen\/participer-a-une-formation\/marche-pedagogique\/\">                            <div class=\"swiper-slide-group\">\r\n                                                                        <div class=\"swiper-slide-thumb\" style=\"border-radius: 15px 15px 0 0;\">\r\n                                            <img decoding=\"async\" src=\"https:\/\/ssl.education.lu\/ifen\/wp-content\/uploads\/2024\/06\/marche_pedagogique.jpg\" alt=\"\" loading=\"lazy\" sizes=\"(max-width: 767px) 100vw, 50vw\" srcset=\"https:\/\/ssl.education.lu\/ifen\/wp-content\/uploads\/2024\/06\/marche_pedagogique.jpg 1920w\">\r\n                                        <\/div>\r\n                                                                                                    <div class=\"swiper-slide-content\">\r\n                                        <h3 class=\"swiper-slide-content-titre\">Marche p\u00e9dagogique<\/h3>                                                                                <img decoding=\"async\" class=\"wp-block-card-arrow\" src=\"https:\/\/ssl.education.lu\/ifen\/wp-content\/themes\/theme-ifen\/dist\/img\/arrow-card.svg\" width=\"29.201\" height=\"13.021\" alt=\"Arrow card\">\r\n                                    <\/div>\r\n                                                            <\/div>\r\n                        <\/a>                    <\/div>\r\n                                    <\/div> \r\n        <div class=\"carousel-pagination\"><\/div>\r\n        <div class=\"button-prev-carousel button-nav-carousel prev\">\r\n            <svg xmlns=\"http:\/\/www.w3.org\/2000\/svg\" width=\"20.345\" height=\"13.021\" viewBox=\"0 0 20.345 13.021\">\r\n                <title>Fl\u00e8che pour aller au slide pr\u00e9c\u00e9dent<\/title> \r\n                <g id=\"Groupe_678\" data-name=\"Groupe 678\" transform=\"translate(931.595 2091.214) rotate(180)\">\r\n                    <path id=\"Trac\u00e9_445\" data-name=\"Trac\u00e9 445\" d=\"M2341,1916.792h17.031\" transform=\"translate(-1429 168)\" fill=\"none\" stroke=\"#fff\" stroke-linecap=\"round\" stroke-width=\"1.5\"\/>\r\n                    <path id=\"Trac\u00e9_446\" data-name=\"Trac\u00e9 446\" d=\"M2371.2,1911.245l7.532,5.757-7.532,5.17\" transform=\"translate(-1448.416 168)\" fill=\"none\" stroke=\"#fff\" stroke-linecap=\"round\" stroke-width=\"1.5\"\/>\r\n                <\/g>\r\n            <\/svg>\r\n        <\/div>  \r\n        <div class=\"button-next-carousel button-nav-carousel next\">\r\n            <svg xmlns=\"http:\/\/www.w3.org\/2000\/svg\" width=\"20.345\" height=\"13.021\" viewBox=\"0 0 20.345 13.021\">\r\n                <title>Fl\u00e8che pour aller au slide suivant<\/title>\r\n                <g id=\"Groupe_678\" data-name=\"Groupe 678\" transform=\"translate(-911.25 -2078.193)\">\r\n                    <path id=\"Trac\u00e9_445\" data-name=\"Trac\u00e9 445\" d=\"M2341,1916.792h17.031\" transform=\"translate(-1429 168)\" fill=\"none\" stroke=\"#fff\" stroke-linecap=\"round\" stroke-width=\"1.5\"\/>\r\n                    <path id=\"Trac\u00e9_446\" data-name=\"Trac\u00e9 446\" d=\"M2371.2,1911.245l7.532,5.757-7.532,5.17\" transform=\"translate(-1448.416 168)\" fill=\"none\" stroke=\"#fff\" stroke-linecap=\"round\" stroke-width=\"1.5\"\/>\r\n                <\/g>\r\n            <\/svg>\r\n        <\/div>\r\n    <\/div>\r\n<\/div> \n<\/div>    \r\n<\/section>\n<\/div>    \r\n<\/section>","protected":false},"excerpt":{"rendered":"","protected":false},"author":1,"featured_media":0,"parent":1434,"menu_order":0,"comment_status":"closed","ping_status":"closed","template":"","meta":{"_eb_attr":"","_editorskit_title_hidden":false,"_editorskit_reading_time":0,"_editorskit_is_block_options_detached":false,"_editorskit_block_options_position":"{}","inline_featured_image":false,"footnotes":""},"class_list":["post-5385","page","type-page","status-publish","hentry","etat-valide"],"acf":{"espace_type":[]},"_links":{"self":[{"href":"https:\/\/ssl.education.lu\/ifen\/wp-json\/wp\/v2\/pages\/5385","targetHints":{"allow":["GET"]}}],"collection":[{"href":"https:\/\/ssl.education.lu\/ifen\/wp-json\/wp\/v2\/pages"}],"about":[{"href":"https:\/\/ssl.education.lu\/ifen\/wp-json\/wp\/v2\/types\/page"}],"author":[{"embeddable":true,"href":"https:\/\/ssl.education.lu\/ifen\/wp-json\/wp\/v2\/users\/1"}],"replies":[{"embeddable":true,"href":"https:\/\/ssl.education.lu\/ifen\/wp-json\/wp\/v2\/comments?post=5385"}],"version-history":[{"count":12,"href":"https:\/\/ssl.education.lu\/ifen\/wp-json\/wp\/v2\/pages\/5385\/revisions"}],"predecessor-version":[{"id":10538,"href":"https:\/\/ssl.education.lu\/ifen\/wp-json\/wp\/v2\/pages\/5385\/revisions\/10538"}],"up":[{"embeddable":true,"href":"https:\/\/ssl.education.lu\/ifen\/wp-json\/wp\/v2\/pages\/1434"}],"wp:attachment":[{"href":"https:\/\/ssl.education.lu\/ifen\/wp-json\/wp\/v2\/media?parent=5385"}],"curies":[{"name":"wp","href":"https:\/\/api.w.org\/{rel}","templated":true}]}}