

{"id":5322,"date":"2024-04-02T15:43:18","date_gmt":"2024-04-02T13:43:18","guid":{"rendered":"\/ifen\/?page_id=5322"},"modified":"2024-08-02T14:28:07","modified_gmt":"2024-08-02T12:28:07","slug":"vernissage-pedagogique","status":"publish","type":"page","link":"\/ifen\/assister-a-un-evenement\/vernissage-pedagogique\/","title":{"rendered":"Vernissage p\u00e9dagogique"},"content":{"rendered":"\n<div class=\"wp-block-cover alignfull is-light banner-page banner-page-small hide-editor\" style=\"min-height:250px;aspect-ratio:unset;\"><span aria-hidden=\"true\" class=\"wp-block-cover__background has-black-background-color has-background-dim-0 has-background-dim\"><\/span><img decoding=\"async\" class=\"wp-block-cover__image-background wp-image-5578\" alt=\"\" src=\"\/ifen\/wp-content\/uploads\/2023\/11\/banner_small_green.svg\" data-object-fit=\"cover\"\/><div class=\"wp-block-cover__inner-container is-layout-flow wp-block-cover-is-layout-flow\">\n<div class=\"wp-block-group is-layout-flow wp-block-group-is-layout-flow\">\n<h1 class=\"wp-block-heading has-text-align-center has-primary-color has-text-color\">Vernissage p\u00e9dagogique<\/h1>\n<\/div>\n\n\n\n<svg class=\"curve curve-bottom curve-desktop\" xmlns=\"http:\/\/www.w3.org\/2000\/svg\" width=\"100%\" height=\"77.168\" viewBox=\"0 0 1600 77.168\" preserveAspectRatio=\"none\">\n            <path id=\"Trac\u00e9_454\" data-name=\"Trac\u00e9 454\" d=\"M0,0H1600V29.331S1204.669,77.168,804.669,77.168,0,29.331,0,29.331Z\" transform=\"translate(1600 77.168) rotate(180)\" fill=\"#fff\"\/>\n        <\/svg>\n        <svg class=\"curve curve-bottom curve-mobile\" xmlns=\"http:\/\/www.w3.org\/2000\/svg\" width=\"100%\" height=\"77.168\" viewBox=\"0 0 1600 77.168\">\n            <path id=\"Trac\u00e9_454\" data-name=\"Trac\u00e9 454\" d=\"M0,0H1600V29.331S1204.669,77.168,804.669,77.168,0,29.331,0,29.331Z\" transform=\"translate(1600 77.168) rotate(180)\" fill=\"#fff\"\/>\n        <\/svg>\n<\/div><\/div>\n\n\n \r\n\r\n<section  class=\"wp-block-section     alignwide    \"\r\n    >\r\n\r\n    \r\n        <div class=\"acf-innerblocks-container\">\n\n<p class=\"back\"><a href=\"\/ifen\/sinspirer\/\" class=\"ek-link\">Retour<\/a><\/p>\n\n\n\n<p>Un vernissage p\u00e9dagogique est un \u00e9v\u00e9nement dynamique qui associe l\u2019art, la culture et l\u2019apprentissage professionnel. Dans un environnement stimulant et cr\u00e9atif, les participants d\u00e9couvrent et explorent des pratiques innovantes \u00e0 travers des expositions et des pr\u00e9sentations interactives. Outre le d\u00e9veloppement des comp\u00e9tences professionnelles vis\u00e9es par le vernissage p\u00e9dagogique, ce format offre l\u2019opportunit\u00e9 de rassembler les participants autour d\u2019autres approches \u00e9ducatives valoris\u00e9es par l\u2019art.<\/p>\n\n\n\n<div aria-hidden=\"true\" class=\"wp-block-fsb-flexible-spacer fsb-flexible-spacer\"><div class=\"fsb-flexible-spacer__device fsb-flexible-spacer__device--lg\" style=\"height:50px\"><\/div><div class=\"fsb-flexible-spacer__device fsb-flexible-spacer__device--md\" style=\"height:50px\"><\/div><div class=\"fsb-flexible-spacer__device fsb-flexible-spacer__device--sm\" style=\"height:50px\"><\/div><\/div>\n\n\n\n<h3 class=\"wp-block-heading has-text-align-center\">L&rsquo;offre de vernissage p\u00e9dagogique par domaine<\/h3>\n\n\n\n<div aria-hidden=\"true\" class=\"wp-block-fsb-flexible-spacer fsb-flexible-spacer\"><div class=\"fsb-flexible-spacer__device fsb-flexible-spacer__device--lg\" style=\"height:20px\"><\/div><div class=\"fsb-flexible-spacer__device fsb-flexible-spacer__device--md\" style=\"height:20px\"><\/div><div class=\"fsb-flexible-spacer__device fsb-flexible-spacer__device--sm\" style=\"height:20px\"><\/div><\/div>\n\n\n<div class=\"row limit-9\"><div class=\"col-md-6 col-lg-4\"><a href=\"\/ifen\/catalog\/search?subdomains=2030&#038;formats=6024\" target=\"_blank\" class=\"domain-link\"><div class=\"domaines-item\"><h3>Gestion de classe ou de groupe<\/h3><figure class=\"arrow\"><img loading=\"lazy\" decoding=\"async\" width=\"59\" height=\"27\" src=\"\/ifen\/wp-content\/uploads\/2023\/07\/arrow_card.png\" alt=\"\" style=\"width:27px\"><\/figure><\/div><\/a><\/div><div class=\"col-md-6 col-lg-4\"><a href=\"\/ifen\/catalog\/search?subdomains=2048&#038;formats=6024\" target=\"_blank\" class=\"domain-link\"><div class=\"domaines-item\"><h3>Apprentissage initial des langues<\/h3><figure class=\"arrow\"><img loading=\"lazy\" decoding=\"async\" width=\"59\" height=\"27\" src=\"\/ifen\/wp-content\/uploads\/2023\/07\/arrow_card.png\" alt=\"\" style=\"width:27px\"><\/figure><\/div><\/a><\/div><div class=\"col-md-6 col-lg-4\"><div class=\"domaines-item\"><h3>Intelligence artificielle <\/h3><figure class=\"arrow\"><img loading=\"lazy\" decoding=\"async\" width=\"59\" height=\"27\" src=\"\/ifen\/wp-content\/uploads\/2023\/07\/arrow_card.png\" alt=\"\" style=\"width:27px\"><\/figure><\/div><\/div><div class=\"col-md-6 col-lg-4\"><a href=\"\/ifen\/catalog\/search?subdomains=2040&#038;formats=6024\" target=\"_blank\" class=\"domain-link\"><div class=\"domaines-item\"><h3>Environnement num\u00e9rique<\/h3><figure class=\"arrow\"><img loading=\"lazy\" decoding=\"async\" width=\"59\" height=\"27\" src=\"\/ifen\/wp-content\/uploads\/2023\/07\/arrow_card.png\" alt=\"\" style=\"width:27px\"><\/figure><\/div><\/a><\/div><div class=\"col-md-6 col-lg-4\"><a href=\"\/ifen\/catalog\/search?subdomains=2038&#038;formats=6024\" target=\"_blank\" class=\"domain-link\"><div class=\"domaines-item\"><h3>Cr\u00e9ation de contenus<\/h3><figure class=\"arrow\"><img loading=\"lazy\" decoding=\"async\" width=\"59\" height=\"27\" src=\"\/ifen\/wp-content\/uploads\/2023\/07\/arrow_card.png\" alt=\"\" style=\"width:27px\"><\/figure><\/div><\/a><\/div><div class=\"col-md-6 col-lg-4\"><a href=\"\/ifen\/catalog\/search?subdomains=2003&#038;formats=6024\" target=\"_blank\" class=\"domain-link\"><div class=\"domaines-item\"><h3>D\u00e9veloppement professionnel personnel<\/h3><figure class=\"arrow\"><img loading=\"lazy\" decoding=\"async\" width=\"59\" height=\"27\" src=\"\/ifen\/wp-content\/uploads\/2023\/07\/arrow_card.png\" alt=\"\" style=\"width:27px\"><\/figure><\/div><\/a><\/div><div class=\"col-md-6 col-lg-4\"><a href=\"\/ifen\/catalog\/search?subdomains=2033&#038;formats=6024\" target=\"_blank\" class=\"domain-link\"><div class=\"domaines-item\"><h3>Andragogie<\/h3><figure class=\"arrow\"><img loading=\"lazy\" decoding=\"async\" width=\"59\" height=\"27\" src=\"\/ifen\/wp-content\/uploads\/2023\/07\/arrow_card.png\" alt=\"\" style=\"width:27px\"><\/figure><\/div><\/a><\/div><\/div>\n<\/div>    \r\n<\/section>\n\n\n<div aria-hidden=\"true\" class=\"wp-block-fsb-flexible-spacer fsb-flexible-spacer\"><div class=\"fsb-flexible-spacer__device fsb-flexible-spacer__device--lg\" style=\"height:150px\"><\/div><div class=\"fsb-flexible-spacer__device fsb-flexible-spacer__device--md\" style=\"height:100px\"><\/div><div class=\"fsb-flexible-spacer__device fsb-flexible-spacer__device--sm\" style=\"height:100px\"><\/div><\/div>\n\n\n \r\n\r\n<section  class=\"wp-block-section     alignfull  hide-editor  \"\r\n                                    style=\"background: #807b95;color:#ffffff\"\r\n        \r\n        \r\n        \r\n    >\r\n\r\n    \r\n        <div class=\"acf-innerblocks-container\">\n\n<svg class=\"curve curve-top curve-carousel curve-carousel-format curve-desktop\" xmlns=\"http:\/\/www.w3.org\/2000\/svg\" width=\"100%\" height=\"77.168\" viewBox=\"0 0 1600 77.168\" preserveAspectRatio=\"none\">\n            <path id=\"Trac\u00e9_454\" data-name=\"Trac\u00e9 454\" d=\"M0,0H1600V29.331S1204.669,77.168,804.669,77.168,0,29.331,0,29.331Z\" transform=\"translate(1600 77.168) rotate(180)\" fill=\"#fff\"><\/path>\n        <\/svg>\n\n<svg class=\"curve curve-top curve-carousel curve-carousel-format curve-mobile\" xmlns=\"http:\/\/www.w3.org\/2000\/svg\" width=\"100%\" height=\"77.168\" viewBox=\"0 0 1600 77.168\">\n            <path id=\"Trac\u00e9_454\" data-name=\"Trac\u00e9 454\" d=\"M0,0H1600V29.331S1204.669,77.168,804.669,77.168,0,29.331,0,29.331Z\" transform=\"translate(1600 77.168) rotate(180)\" fill=\"#fff\"><\/path>\n        <\/svg>\n\n\n \r\n\r\n<section  class=\"wp-block-section     alignwide    \"\r\n    >\r\n\r\n    \r\n        <div class=\"acf-innerblocks-container\">\n   \r\n<div  class=\"wp-block-ifen-carousel    carousel-style-1\">\r\n    <div class=\"swiper-container-carousel\" data-slidesperview=\"2\" data-center=\"\" data-effect=\"\">\r\n        <div class=\"swiper-wrapper\">\r\n                             \r\n                    <div class=\"swiper-slide\">\r\n                        <a href=\"\/ifen\/assister-a-un-evenement\/conference\/\" class=\"\" aria-label=\"\/ifen\/assister-a-un-evenement\/conference\/\">                            <div class=\"swiper-slide-group\">\r\n                                                                        <div class=\"swiper-slide-thumb\" style=\"border-radius: 15px 15px 0 0;\">\r\n                                            <img decoding=\"async\" src=\"https:\/\/ssl.education.lu\/ifen\/wp-content\/uploads\/2024\/07\/caron_01-bildungsraume-01102022.jpg\" alt=\"\" loading=\"lazy\" sizes=\"(max-width: 767px) 100vw, 50vw\" srcset=\"https:\/\/ssl.education.lu\/ifen\/wp-content\/uploads\/2024\/07\/caron_01-bildungsraume-01102022.jpg 1920w\">\r\n                                        <\/div>\r\n                                                                                                    <div class=\"swiper-slide-content\">\r\n                                        <h3 class=\"swiper-slide-content-titre\">Conf\u00e9rence<\/h3>                                                                                <img decoding=\"async\" class=\"wp-block-card-arrow\" src=\"https:\/\/ssl.education.lu\/ifen\/wp-content\/themes\/theme-ifen\/dist\/img\/arrow-card.svg\" width=\"29.201\" height=\"13.021\" alt=\"Arrow card\">\r\n                                    <\/div>\r\n                                                            <\/div>\r\n                        <\/a>                    <\/div>\r\n                 \r\n                    <div class=\"swiper-slide\">\r\n                        <a href=\"\/ifen\/assister-a-un-evenement\/colloque\/\" class=\"\" aria-label=\"\/ifen\/assister-a-un-evenement\/colloque\/\">                            <div class=\"swiper-slide-group\">\r\n                                                                        <div class=\"swiper-slide-thumb\" style=\"border-radius: 15px 15px 0 0;\">\r\n                                            <img decoding=\"async\" src=\"https:\/\/ssl.education.lu\/ifen\/wp-content\/uploads\/2024\/06\/colloque.jpg\" alt=\"\" loading=\"lazy\" sizes=\"(max-width: 767px) 100vw, 50vw\" srcset=\"https:\/\/ssl.education.lu\/ifen\/wp-content\/uploads\/2024\/06\/colloque.jpg 1920w\">\r\n                                        <\/div>\r\n                                                                                                    <div class=\"swiper-slide-content\">\r\n                                        <h3 class=\"swiper-slide-content-titre\">Colloque<\/h3>                                                                                <img decoding=\"async\" class=\"wp-block-card-arrow\" src=\"https:\/\/ssl.education.lu\/ifen\/wp-content\/themes\/theme-ifen\/dist\/img\/arrow-card.svg\" width=\"29.201\" height=\"13.021\" alt=\"Arrow card\">\r\n                                    <\/div>\r\n                                                            <\/div>\r\n                        <\/a>                    <\/div>\r\n                 \r\n                    <div class=\"swiper-slide\">\r\n                        <a href=\"\/ifen\/assister-a-un-evenement\/cine-debat\/\" class=\"\" aria-label=\"\/ifen\/assister-a-un-evenement\/cine-debat\/\">                            <div class=\"swiper-slide-group\">\r\n                                                                        <div class=\"swiper-slide-thumb\" style=\"border-radius: 15px 15px 0 0;\">\r\n                                            <img decoding=\"async\" src=\"https:\/\/ssl.education.lu\/ifen\/wp-content\/uploads\/2024\/07\/Cine-Debat-Kiss-the-ground_20230418_recadre.jpg\" alt=\"\" loading=\"lazy\" sizes=\"(max-width: 767px) 100vw, 50vw\" srcset=\"https:\/\/ssl.education.lu\/ifen\/wp-content\/uploads\/2024\/07\/Cine-Debat-Kiss-the-ground_20230418_recadre.jpg 1920w\">\r\n                                        <\/div>\r\n                                                                                                    <div class=\"swiper-slide-content\">\r\n                                        <h3 class=\"swiper-slide-content-titre\">Cin\u00e9-d\u00e9bat<\/h3>                                                                                <img decoding=\"async\" class=\"wp-block-card-arrow\" src=\"https:\/\/ssl.education.lu\/ifen\/wp-content\/themes\/theme-ifen\/dist\/img\/arrow-card.svg\" width=\"29.201\" height=\"13.021\" alt=\"Arrow card\">\r\n                                    <\/div>\r\n                                                            <\/div>\r\n                        <\/a>                    <\/div>\r\n                                    <\/div> \r\n        <div class=\"carousel-pagination\"><\/div>\r\n        <div class=\"button-prev-carousel button-nav-carousel prev\">\r\n            <svg xmlns=\"http:\/\/www.w3.org\/2000\/svg\" width=\"20.345\" height=\"13.021\" viewBox=\"0 0 20.345 13.021\">\r\n                <title>Fl\u00e8che pour aller au slide pr\u00e9c\u00e9dent<\/title> \r\n                <g id=\"Groupe_678\" data-name=\"Groupe 678\" transform=\"translate(931.595 2091.214) rotate(180)\">\r\n                    <path id=\"Trac\u00e9_445\" data-name=\"Trac\u00e9 445\" d=\"M2341,1916.792h17.031\" transform=\"translate(-1429 168)\" fill=\"none\" stroke=\"#fff\" stroke-linecap=\"round\" stroke-width=\"1.5\"\/>\r\n                    <path id=\"Trac\u00e9_446\" data-name=\"Trac\u00e9 446\" d=\"M2371.2,1911.245l7.532,5.757-7.532,5.17\" transform=\"translate(-1448.416 168)\" fill=\"none\" stroke=\"#fff\" stroke-linecap=\"round\" stroke-width=\"1.5\"\/>\r\n                <\/g>\r\n            <\/svg>\r\n        <\/div>  \r\n        <div class=\"button-next-carousel button-nav-carousel next\">\r\n            <svg xmlns=\"http:\/\/www.w3.org\/2000\/svg\" width=\"20.345\" height=\"13.021\" viewBox=\"0 0 20.345 13.021\">\r\n                <title>Fl\u00e8che pour aller au slide suivant<\/title>\r\n                <g id=\"Groupe_678\" data-name=\"Groupe 678\" transform=\"translate(-911.25 -2078.193)\">\r\n                    <path id=\"Trac\u00e9_445\" data-name=\"Trac\u00e9 445\" d=\"M2341,1916.792h17.031\" transform=\"translate(-1429 168)\" fill=\"none\" stroke=\"#fff\" stroke-linecap=\"round\" stroke-width=\"1.5\"\/>\r\n                    <path id=\"Trac\u00e9_446\" data-name=\"Trac\u00e9 446\" d=\"M2371.2,1911.245l7.532,5.757-7.532,5.17\" transform=\"translate(-1448.416 168)\" fill=\"none\" stroke=\"#fff\" stroke-linecap=\"round\" stroke-width=\"1.5\"\/>\r\n                <\/g>\r\n            <\/svg>\r\n        <\/div>\r\n    <\/div>\r\n<\/div> \n<\/div>    \r\n<\/section>\n<\/div>    \r\n<\/section>","protected":false},"excerpt":{"rendered":"","protected":false},"author":1,"featured_media":0,"parent":1436,"menu_order":0,"comment_status":"closed","ping_status":"closed","template":"","meta":{"_eb_attr":"","_editorskit_title_hidden":false,"_editorskit_reading_time":0,"_editorskit_is_block_options_detached":false,"_editorskit_block_options_position":"{}","inline_featured_image":false,"footnotes":""},"class_list":["post-5322","page","type-page","status-publish","hentry","etat-valide"],"acf":{"espace_type":[]},"_links":{"self":[{"href":"https:\/\/ssl.education.lu\/ifen\/wp-json\/wp\/v2\/pages\/5322","targetHints":{"allow":["GET"]}}],"collection":[{"href":"https:\/\/ssl.education.lu\/ifen\/wp-json\/wp\/v2\/pages"}],"about":[{"href":"https:\/\/ssl.education.lu\/ifen\/wp-json\/wp\/v2\/types\/page"}],"author":[{"embeddable":true,"href":"https:\/\/ssl.education.lu\/ifen\/wp-json\/wp\/v2\/users\/1"}],"replies":[{"embeddable":true,"href":"https:\/\/ssl.education.lu\/ifen\/wp-json\/wp\/v2\/comments?post=5322"}],"version-history":[{"count":16,"href":"https:\/\/ssl.education.lu\/ifen\/wp-json\/wp\/v2\/pages\/5322\/revisions"}],"predecessor-version":[{"id":10548,"href":"https:\/\/ssl.education.lu\/ifen\/wp-json\/wp\/v2\/pages\/5322\/revisions\/10548"}],"up":[{"embeddable":true,"href":"https:\/\/ssl.education.lu\/ifen\/wp-json\/wp\/v2\/pages\/1436"}],"wp:attachment":[{"href":"https:\/\/ssl.education.lu\/ifen\/wp-json\/wp\/v2\/media?parent=5322"}],"curies":[{"name":"wp","href":"https:\/\/api.w.org\/{rel}","templated":true}]}}