

{"id":4860,"date":"2024-01-26T08:41:56","date_gmt":"2024-01-26T07:41:56","guid":{"rendered":"\/ifen\/?page_id=4860"},"modified":"2024-07-29T16:24:18","modified_gmt":"2024-07-29T14:24:18","slug":"fonctionnarisation-des-employes-relevant-du-sous-groupe-educatif-et-psycho-social-groupes-dindemnite-a1-et-a2","status":"publish","type":"page","link":"\/ifen\/evolution-de-carriere\/fonctionnarisation-des-employes-relevant-du-sous-groupe-educatif-et-psycho-social-groupes-dindemnite-a1-et-a2\/","title":{"rendered":"Fonctionnarisation des employ\u00e9s relevant du sous-groupe \u00e9ducatif et psycho-social &#8211; groupes d&rsquo;indemnit\u00e9 A1 et A2"},"content":{"rendered":"\n<div class=\"wp-block-cover alignfull is-light banner-page banner-page-small turquoise hide-editor\" style=\"min-height:250px;aspect-ratio:unset;\"><span aria-hidden=\"true\" class=\"wp-block-cover__background has-black-background-color has-background-dim-0 has-background-dim\"><\/span><img loading=\"lazy\" decoding=\"async\" width=\"1920\" height=\"250\" class=\"wp-block-cover__image-background wp-image-3806\" alt=\"\" src=\"\/ifen\/wp-content\/uploads\/2023\/09\/banner-small-jaune-1.svg\" data-object-fit=\"cover\"\/><div class=\"wp-block-cover__inner-container is-layout-flow wp-block-cover-is-layout-flow\">\n<div class=\"wp-block-group is-layout-flow wp-block-group-is-layout-flow\">\n<h1 class=\"wp-block-heading has-text-align-center has-primary-color has-text-color\">Fonctionnarisation des employ\u00e9s relevant du sous-groupe<br>\u00e9ducatif et psycho-social &#8211; groupes d&rsquo;indemnit\u00e9 A1 et A2<\/h1>\n<\/div>\n\n\n\n<svg class=\"curve curve-bottom curve-desktop\" xmlns=\"http:\/\/www.w3.org\/2000\/svg\" width=\"100%\" height=\"77.168\" viewBox=\"0 0 1600 77.168\" preserveAspectRatio=\"none\">\n            <path id=\"Trac\u00e9_454\" data-name=\"Trac\u00e9 454\" d=\"M0,0H1600V29.331S1204.669,77.168,804.669,77.168,0,29.331,0,29.331Z\" transform=\"translate(1600 77.168) rotate(180)\" fill=\"#fff\"\/>\n        <\/svg>\n<svg class=\"curve curve-bottom curve-mobile\" xmlns=\"http:\/\/www.w3.org\/2000\/svg\" width=\"100%\" height=\"77.168\" viewBox=\"0 0 1600 77.168\">\n            <path id=\"Trac\u00e9_454\" data-name=\"Trac\u00e9 454\" d=\"M0,0H1600V29.331S1204.669,77.168,804.669,77.168,0,29.331,0,29.331Z\" transform=\"translate(1600 77.168) rotate(180)\" fill=\"#fff\"\/>\n        <\/svg>\n<\/div><\/div>\n\n\n\n<div class=\"wp-block-group groupe-fixe hide-editor jaune ek-linked-block is-layout-flow wp-block-group-is-layout-flow\">\n<svg xmlns=\"http:\/\/www.w3.org\/2000\/svg\" xmlns:xlink=\"http:\/\/www.w3.org\/1999\/xlink\" width=\"42\" height=\"42\" viewBox=\"0 0 42 42\">\n  <g id=\"Groupe_1638\" data-name=\"Groupe 1638\" transform=\"translate(-1805.341 -527.784)\">\n    <g id=\"Groupe_1637\" data-name=\"Groupe 1637\" transform=\"translate(1806.341 528.784)\">\n      <path id=\"Trac\u00e9_889\" data-name=\"Trac\u00e9 889\" d=\"M58.709,20.507a20,20,0,1,1-20-20A20,20,0,0,1,58.709,20.507Z\" transform=\"translate(-18.709 -0.507)\" fill=\"none\" stroke=\"#fff\" stroke-miterlimit=\"10\" stroke-width=\"2\"\/>\n      <g id=\"Groupe_1601\" data-name=\"Groupe 1601\" transform=\"translate(17.302 8.603)\">\n        <g id=\"Groupe_1600\" data-name=\"Groupe 1600\" transform=\"translate(0 0)\">\n          <path id=\"Trac\u00e9_890\" data-name=\"Trac\u00e9 890\" d=\"M.667,4.108A2.347,2.347,0,0,1,0,2.4,2.364,2.364,0,0,1,.651.667,2.289,2.289,0,0,1,2.364,0,2.341,2.341,0,0,1,4.093.667,2.339,2.339,0,0,1,4.76,2.4a2.335,2.335,0,0,1-2.4,2.4,2.27,2.27,0,0,1-1.7-.683M.348,22.028a.35.35,0,0,1-.106-.258V6.913a.352.352,0,0,1,.106-.258.353.353,0,0,1,.258-.107H4.153a.363.363,0,0,1,.364.365V21.77a.35.35,0,0,1-.106.258.353.353,0,0,1-.258.106H.606a.352.352,0,0,1-.258-.106\" transform=\"translate(0 0)\" fill=\"#fff\"\/>\n        <\/g>\n      <\/g>\n    <\/g>\n  <\/g>\n<\/svg>\n\n\n\n<p class=\"has-text-align-center\">Contact<\/p>\n<a href=\"#infos-pratiques\" class=\"editorskit-block-link\" rel=\"\"><\/a><\/div>\n\n\n \r\n\r\n<section  class=\"wp-block-section     alignwide    \"\r\n    >\r\n\r\n    \r\n        <div class=\"acf-innerblocks-container\">\n\n<div class=\"wp-block-group horizontal-scroll-wrapper horizontal-scroll-wrapper-sidebar hide-editor is-layout-flow wp-block-group-is-layout-flow\">\n<p class=\"back\"><a href=\"\/ifen\/evolution-de-carriere\/\" class=\"ek-link\">Retour<\/a><\/p>\n\n\n\n<div class=\"wp-block-group sidebar hide-editor sidebar-evol horizontal-scroll is-layout-flow wp-block-group-is-layout-flow\">\n<div class=\"wp-block-group sidebar-title sidebar-title-single is-layout-flow wp-block-group-is-layout-flow\">\n<h3 class=\"wp-block-heading\"><a href=\"\/ifen\/evolution-de-carriere\/fonctionnarisation-des-employes-relevant-du-sous-groupe-enseignement-fondamental\/\" class=\"ek-link\">Sous-groupe enseignement &#8211; Fondamental<\/a><\/h3>\n\n\n\n<svg xmlns=\"http:\/\/www.w3.org\/2000\/svg\" width=\"15.387\" height=\"7.414\" viewBox=\"0 0 15.387 7.414\">\n  <path id=\"Trac\u00e9_595\" data-name=\"Trac\u00e9 595\" d=\"M3759-2220.135l6.285,5.008,6.292-5.008\" transform=\"translate(-3757.595 2221.54)\" fill=\"none\" stroke=\"#ea528e\" stroke-linecap=\"round\" stroke-linejoin=\"round\" stroke-width=\"2\"\/>\n<\/svg>\n<\/div>\n\n\n\n<div class=\"wp-block-group sidebar-title sidebar-title-single is-layout-flow wp-block-group-is-layout-flow\">\n<h3 class=\"wp-block-heading\"><a href=\"\/ifen\/evolution-de-carriere\/fonctionnarisation-des-employes-relevant-du-sous-groupe-enseignement-secondaire\/\" class=\"ek-link\">Sous-groupe enseignement &#8211; Secondaire<\/a><\/h3>\n\n\n\n<svg xmlns=\"http:\/\/www.w3.org\/2000\/svg\" width=\"15.387\" height=\"7.414\" viewBox=\"0 0 15.387 7.414\">\n  <path id=\"Trac\u00e9_595\" data-name=\"Trac\u00e9 595\" d=\"M3759-2220.135l6.285,5.008,6.292-5.008\" transform=\"translate(-3757.595 2221.54)\" fill=\"none\" stroke=\"#ea528e\" stroke-linecap=\"round\" stroke-linejoin=\"round\" stroke-width=\"2\"\/>\n<\/svg>\n<\/div>\n\n\n\n<div class=\"wp-block-group sidebar-title sidebar-title-single is-layout-flow wp-block-group-is-layout-flow\">\n<h3 class=\"wp-block-heading\"><a href=\"\/ifen\/evolution-de-carriere\/fonctionnarisation-des-employes-relevant-du-sous-groupe-educatif-et-psycho-social-groupes-dindemnite-a1-et-a2\/\" class=\"ek-link\">Sous-groupe \u00e9ducatif et psycho-social &#8211; A1\/A2<\/a><\/h3>\n\n\n\n<svg xmlns=\"http:\/\/www.w3.org\/2000\/svg\" width=\"15.387\" height=\"7.414\" viewBox=\"0 0 15.387 7.414\">\n  <path id=\"Trac\u00e9_595\" data-name=\"Trac\u00e9 595\" d=\"M3759-2220.135l6.285,5.008,6.292-5.008\" transform=\"translate(-3757.595 2221.54)\" fill=\"none\" stroke=\"#ea528e\" stroke-linecap=\"round\" stroke-linejoin=\"round\" stroke-width=\"2\"\/>\n<\/svg>\n<\/div>\n\n\n\n<div class=\"wp-block-group sidebar-title sidebar-title-single is-layout-flow wp-block-group-is-layout-flow\">\n<h3 class=\"wp-block-heading\"><a href=\"\/ifen\/evolution-de-carriere\/fonctionnarisation-des-employes-relevant-du-sous-groupe-educatif-et-psycho-social-groupe-dindeminite-b1\/\" class=\"ek-link\">Sous-groupe \u00e9ducatif et psycho-social &#8211; B1<\/a><\/h3>\n\n\n\n<svg xmlns=\"http:\/\/www.w3.org\/2000\/svg\" width=\"15.387\" height=\"7.414\" viewBox=\"0 0 15.387 7.414\">\n  <path id=\"Trac\u00e9_595\" data-name=\"Trac\u00e9 595\" d=\"M3759-2220.135l6.285,5.008,6.292-5.008\" transform=\"translate(-3757.595 2221.54)\" fill=\"none\" stroke=\"#ea528e\" stroke-linecap=\"round\" stroke-linejoin=\"round\" stroke-width=\"2\"\/>\n<\/svg>\n<\/div>\n<\/div>\n\n\n\n<button class=\"left\" onclick=\"leftScroll()\"><\/button> <button class=\"right\" onclick=\"rightScroll()\"><\/button>\n<\/div>\n\n\n\n<div class=\"wp-block-group sidebar-content is-layout-flow wp-block-group-is-layout-flow\">\n<div class=\"wp-block-group is-layout-flow wp-block-group-is-layout-flow\" style=\"margin-bottom:80px\">\n<h2 class=\"wp-block-heading\">Public cible<\/h2>\n\n\n\n<p>Agents de la cat\u00e9gorie d&rsquo;indemnit\u00e9 A, groupe d&rsquo;indemnit\u00e9 A1 et A2, sous-groupe \u00e9ducatif et psycho-social.<\/p>\n<\/div>\n\n\n\n<div class=\"wp-block-group is-layout-flow wp-block-group-is-layout-flow\">\n<h2 class=\"wp-block-heading\">Cadre r\u00e8glementaire<\/h2>\n\n\n\n<p>La pr\u00e9sente instruction a pour objet de pr\u00e9ciser la proc\u00e9dure et les modalit\u00e9s selon lesquelles les employ\u00e9s de l&rsquo;\u00c9tat des groupes d&rsquo;indemnit\u00e9 A1 et A2, sous-groupe \u00e9ducatif et psycho-social engag\u00e9s aupr\u00e8s du Minist\u00e8re de l&rsquo;\u00c9ducation nationale, de l&rsquo;Enfance et de la Jeunesse (MENJE) peuvent \u00eatre admis au statut de fonctionnaire de l&rsquo;\u00c9tat.<\/p>\n\n\n\n<p>Ces dispositions s&rsquo;appliquent aux agents du sous-groupe \u00e9ducatif et psycho-social des \u00e9tablissements scolaires et des \u00e9tablissements socio-\u00e9ducatifs tels que d\u00e9finis \u00e0 l&rsquo;<a aria-label=\" (opens in a new tab)\" href=\"\/ifen\/wp-content\/uploads\/2024\/06\/loi_ifen.pdf#page=2\" target=\"_blank\" rel=\"noreferrer noopener\" class=\"ek-link\">article 1<sup>er<\/sup> de la loi modifi\u00e9e du 30 juillet 2015<\/a> portant cr\u00e9ation d&rsquo;un Institut de formation de l&rsquo;\u00e9ducation nationale, notamment les \u00e9coles fondamentales, les directions de r\u00e9gion de l&rsquo;enseignement fondamental, les lyc\u00e9es, la formation professionnelle, la formation des adultes, le Centre psycho-social et d&rsquo;accompagnement scolaires, les Centres de comp\u00e9tences, le Centre socio-\u00e9ducatif de l&rsquo;\u00c9tat, l&rsquo;Institut \u00e9tatique d&rsquo;aide \u00e0 l&rsquo;enfance et \u00e0 la jeunesse, l&rsquo;Office national de l&rsquo;Enfance et le Service national de la Jeunesse.<br><a href=\"\/ifen\/wp-content\/uploads\/2024\/07\/Instruction-fonctionnarisation_personnel-EPS.pdf\" target=\"_blank\" aria-label=\"Lire la suite (opens in a new tab)\" rel=\"noreferrer noopener\" class=\"ek-link\">Lire la suite<\/a><\/p>\n<\/div>\n\n\n\n<div class=\"wp-block-group is-layout-flow wp-block-group-is-layout-flow\">\n<h2 class=\"wp-block-heading\">R\u00e9f\u00e9rentiel de comp\u00e9tences<\/h2>\n\n\n\n<p>Le <a href=\"\/ifen\/wp-content\/uploads\/2024\/07\/Referentiel-de-competences_Stage_EPS.pdf\" target=\"_blank\" rel=\"noreferrer noopener\">r\u00e9f\u00e9rentiel de comp\u00e9tences<\/a> a pour objectif de d\u00e9finir de mani\u00e8re transparente le r\u00f4le majeur de \u00ab professionnel de l&rsquo;\u00e9ducation \u00bb que constituent les m\u00e9tiers du domaine \u00e9ducatif et psycho-social. Il permet aux candidats de conceptualiser les comp\u00e9tences requises relevant de leurs pratiques professionnelles et de partager un langage commun li\u00e9 \u00e0 l&rsquo;accomplissement de leurs t\u00e2ches professionnelles.<\/p>\n<\/div>\n\n\n\n<div class=\"wp-block-group is-layout-flow wp-block-group-is-layout-flow\">\n<h2 class=\"wp-block-heading\">\u00c9valuation<\/h2>\n\n\n\n<ul class=\"wp-block-list\">\n<li><strong>La proc\u00e9dure d&rsquo;admission <\/strong>ainsi que <strong>les modalit\u00e9s d&rsquo;\u00e9valuation <\/strong>dans le cadre de la fonctionnarisation sont d\u00e9finies dans l&rsquo;instruction minist\u00e9rielle.<\/li>\n<\/ul>\n<\/div>\n<\/div>\n\n<\/div>    \r\n<\/section>\n\n \r\n\r\n<section data-aos-once=\"true\" data-aos=\"fade-up\" id=infos-pratiques class=\"wp-block-section     alignfull  hide-scroll section-contact  align-center \"\r\n                    \r\n                        style=\"background: rgb(242,181,50)\"\r\n        \r\n        \r\n    >\r\n\r\n                        <div class=\"shape-section shape-section-top\">\r\n                <svg xmlns=\"http:\/\/www.w3.org\/2000\/svg\" xmlns:xlink=\"http:\/\/www.w3.org\/1999\/xlink\" width=\"100%\" height=\"87\" viewBox=\"0 0 1921 87\" preserveAspectRatio=\"none\">\r\n                    <g id=\"Groupe_d\u00e9filant_42\" data-name=\"Groupe d\u00e9filant 42\" transform=\"translate(0 -99)\" style=\"isolation: isolate\">\r\n                        <g id=\"Groupe_d\u00e9filant_43\" data-name=\"Groupe d\u00e9filant 43\" transform=\"translate(0 0)\" style=\"isolation: isolate\">\r\n                        <g id=\"Groupe_933\" data-name=\"Groupe 933\" transform=\"translate(0 0)\">\r\n                            <g id=\"Groupe_737\" data-name=\"Groupe 737\" transform=\"translate(0 0)\">\r\n                            <g id=\"Groupe_736\" data-name=\"Groupe 736\" transform=\"translate(-3953.287 105.034)\">\r\n                                <path style=\"fill:rgb(242,181,50)\"  id=\"Trac\u00e9_472\" data-name=\"Trac\u00e9 472\" d=\"M7.906-402.606c1825.143-1234.975,4696.423-1612.721,7144.4-940.023,1138.806,313,2098.365,826.758,2774.82,1485.924l37.407,36.5L9419.413,461.351l-46.566-46.339C8770.1-185.4,7905.633-652.907,6873.094-936.523,4672.52-1541.17,2104.279-1194.435,481.472-73.732L422.953-33.376l-462.211-337.5Z\" transform=\"translate(39.258 1672.364)\"\/>\r\n                            <\/g>\r\n                            <\/g>\r\n                        <\/g>\r\n                        <\/g>\r\n                    <\/g>\r\n                <\/svg>\r\n            <\/div> \r\n         \r\n         \r\n    \r\n        <div class=\"acf-innerblocks-container\">\n \r\n\r\n<section  class=\"wp-block-section     alignwide    align-center \"\r\n    >\r\n\r\n    \r\n        <div class=\"acf-innerblocks-container\">\n\n<div class=\"wp-block-group has-global-padding is-layout-constrained wp-block-group-is-layout-constrained\">\n<h3 class=\"wp-block-heading has-text-align-center has-text-color\" style=\"color:#ffffff\">Contact et demande de renseignements&nbsp;<\/h3>\n\n\n\n<p class=\"has-text-align-center has-text-color has-link-color wp-elements-3e41a6fe2bdf26c6e12efd772222a9f2\" style=\"color:#ffffff\">Pour tout renseignement que vous ne trouveriez pas dans cette rubrique, veuillez contacter : carriere-eps@ifen.lu<br><\/p>\n<\/div>\n\n\n\n<div aria-hidden=\"true\" class=\"wp-block-fsb-flexible-spacer fsb-flexible-spacer\"><div class=\"fsb-flexible-spacer__device fsb-flexible-spacer__device--lg\" style=\"height:100px\"><\/div><div class=\"fsb-flexible-spacer__device fsb-flexible-spacer__device--md\" style=\"height:100px\"><\/div><div class=\"fsb-flexible-spacer__device fsb-flexible-spacer__device--sm\" style=\"height:100px\"><\/div><\/div>\n\n<\/div>    \r\n<\/section>\n<\/div>    \r\n<\/section>","protected":false},"excerpt":{"rendered":"<p>Contact<\/p>\n","protected":false},"author":1,"featured_media":0,"parent":4471,"menu_order":0,"comment_status":"closed","ping_status":"closed","template":"template-sidebar.php","meta":{"_eb_attr":"","_editorskit_title_hidden":false,"_editorskit_reading_time":0,"_editorskit_is_block_options_detached":false,"_editorskit_block_options_position":"{}","inline_featured_image":false,"footnotes":""},"class_list":["post-4860","page","type-page","status-publish","hentry","etat-valide"],"acf":{"espace_type":[]},"_links":{"self":[{"href":"https:\/\/ssl.education.lu\/ifen\/wp-json\/wp\/v2\/pages\/4860","targetHints":{"allow":["GET"]}}],"collection":[{"href":"https:\/\/ssl.education.lu\/ifen\/wp-json\/wp\/v2\/pages"}],"about":[{"href":"https:\/\/ssl.education.lu\/ifen\/wp-json\/wp\/v2\/types\/page"}],"author":[{"embeddable":true,"href":"https:\/\/ssl.education.lu\/ifen\/wp-json\/wp\/v2\/users\/1"}],"replies":[{"embeddable":true,"href":"https:\/\/ssl.education.lu\/ifen\/wp-json\/wp\/v2\/comments?post=4860"}],"version-history":[{"count":29,"href":"https:\/\/ssl.education.lu\/ifen\/wp-json\/wp\/v2\/pages\/4860\/revisions"}],"predecessor-version":[{"id":10219,"href":"https:\/\/ssl.education.lu\/ifen\/wp-json\/wp\/v2\/pages\/4860\/revisions\/10219"}],"up":[{"embeddable":true,"href":"https:\/\/ssl.education.lu\/ifen\/wp-json\/wp\/v2\/pages\/4471"}],"wp:attachment":[{"href":"https:\/\/ssl.education.lu\/ifen\/wp-json\/wp\/v2\/media?parent=4860"}],"curies":[{"name":"wp","href":"https:\/\/api.w.org\/{rel}","templated":true}]}}