

{"id":4857,"date":"2024-01-26T08:40:39","date_gmt":"2024-01-26T07:40:39","guid":{"rendered":"\/ifen\/?page_id=4857"},"modified":"2024-11-18T11:31:22","modified_gmt":"2024-11-18T10:31:22","slug":"fonctionnarisation-des-employes-relevant-du-sous-groupe-educatif-et-psycho-social-groupe-dindeminite-b1","status":"publish","type":"page","link":"\/ifen\/evolution-de-carriere\/fonctionnarisation-des-employes-relevant-du-sous-groupe-educatif-et-psycho-social-groupe-dindeminite-b1\/","title":{"rendered":"Fonctionnarisation des employ\u00e9s relevant du sous-groupe \u00e9ducatif et psycho-social &#8211; groupe d&rsquo;indemnit\u00e9 B1"},"content":{"rendered":"\n<div class=\"wp-block-cover alignfull is-light banner-page banner-page-small turquoise hide-editor\" style=\"min-height:250px;aspect-ratio:unset;\"><span aria-hidden=\"true\" class=\"wp-block-cover__background has-black-background-color has-background-dim-0 has-background-dim\"><\/span><img loading=\"lazy\" decoding=\"async\" width=\"1920\" height=\"250\" class=\"wp-block-cover__image-background wp-image-3806\" alt=\"\" src=\"\/ifen\/wp-content\/uploads\/2023\/09\/banner-small-jaune-1.svg\" data-object-fit=\"cover\"\/><div class=\"wp-block-cover__inner-container is-layout-flow wp-block-cover-is-layout-flow\">\n<div class=\"wp-block-group is-layout-flow wp-block-group-is-layout-flow\">\n<h1 class=\"wp-block-heading has-text-align-center has-primary-color has-text-color\">Fonctionnarisation des employ\u00e9s relevant du sous-groupe<br>\u00e9ducatif et psycho-social &#8211; groupe d&rsquo;indemnit\u00e9 B1<\/h1>\n<\/div>\n\n\n\n<svg class=\"curve curve-bottom curve-desktop\" xmlns=\"http:\/\/www.w3.org\/2000\/svg\" width=\"100%\" height=\"77.168\" viewBox=\"0 0 1600 77.168\" preserveAspectRatio=\"none\">\n            <path id=\"Trac\u00e9_454\" data-name=\"Trac\u00e9 454\" d=\"M0,0H1600V29.331S1204.669,77.168,804.669,77.168,0,29.331,0,29.331Z\" transform=\"translate(1600 77.168) rotate(180)\" fill=\"#fff\"\/>\n        <\/svg>\n<svg class=\"curve curve-bottom curve-mobile\" xmlns=\"http:\/\/www.w3.org\/2000\/svg\" width=\"100%\" height=\"77.168\" viewBox=\"0 0 1600 77.168\">\n            <path id=\"Trac\u00e9_454\" data-name=\"Trac\u00e9 454\" d=\"M0,0H1600V29.331S1204.669,77.168,804.669,77.168,0,29.331,0,29.331Z\" transform=\"translate(1600 77.168) rotate(180)\" fill=\"#fff\"\/>\n        <\/svg>\n<\/div><\/div>\n\n\n \r\n\r\n<section  class=\"wp-block-section     alignwide    \"\r\n    >\r\n\r\n    \r\n        <div class=\"acf-innerblocks-container\">\n\n<div class=\"wp-block-group horizontal-scroll-wrapper horizontal-scroll-wrapper-sidebar hide-editor is-layout-flow wp-block-group-is-layout-flow\">\n<p class=\"back\"><a href=\"\/ifen\/evolution-de-carriere\/\" class=\"ek-link\">Retour<\/a><\/p>\n\n\n\n<div class=\"wp-block-group sidebar hide-editor sidebar-evol horizontal-scroll is-layout-flow wp-block-group-is-layout-flow\">\n<div class=\"wp-block-group sidebar-title sidebar-title-single is-layout-flow wp-block-group-is-layout-flow\">\n<h3 class=\"wp-block-heading\"><a href=\"\/ifen\/evolution-de-carriere\/fonctionnarisation-des-employes-relevant-du-sous-groupe-enseignement-fondamental\/\" class=\"ek-link\">Sous-groupe enseignement &#8211; Fondamental<\/a><\/h3>\n\n\n\n<svg xmlns=\"http:\/\/www.w3.org\/2000\/svg\" width=\"15.387\" height=\"7.414\" viewBox=\"0 0 15.387 7.414\">\n  <path id=\"Trac\u00e9_595\" data-name=\"Trac\u00e9 595\" d=\"M3759-2220.135l6.285,5.008,6.292-5.008\" transform=\"translate(-3757.595 2221.54)\" fill=\"none\" stroke=\"#ea528e\" stroke-linecap=\"round\" stroke-linejoin=\"round\" stroke-width=\"2\"\/>\n<\/svg>\n<\/div>\n\n\n\n<div class=\"wp-block-group sidebar-title sidebar-title-single is-layout-flow wp-block-group-is-layout-flow\">\n<h3 class=\"wp-block-heading\"><a href=\"\/ifen\/evolution-de-carriere\/fonctionnarisation-des-employes-relevant-du-sous-groupe-enseignement-secondaire\/\" class=\"ek-link\">Sous-groupe enseignement &#8211; Secondaire<\/a><\/h3>\n\n\n\n<svg xmlns=\"http:\/\/www.w3.org\/2000\/svg\" width=\"15.387\" height=\"7.414\" viewBox=\"0 0 15.387 7.414\">\n  <path id=\"Trac\u00e9_595\" data-name=\"Trac\u00e9 595\" d=\"M3759-2220.135l6.285,5.008,6.292-5.008\" transform=\"translate(-3757.595 2221.54)\" fill=\"none\" stroke=\"#ea528e\" stroke-linecap=\"round\" stroke-linejoin=\"round\" stroke-width=\"2\"\/>\n<\/svg>\n<\/div>\n\n\n\n<div class=\"wp-block-group sidebar-title sidebar-title-single is-layout-flow wp-block-group-is-layout-flow\">\n<h3 class=\"wp-block-heading\"><a href=\"\/ifen\/evolution-de-carriere\/fonctionnarisation-des-employes-relevant-du-sous-groupe-educatif-et-psycho-social-groupes-dindemnite-a1-et-a2\/\" class=\"ek-link\">Sous-groupe \u00e9ducatif et psycho-social &#8211; A1\/A2<\/a><\/h3>\n\n\n\n<svg xmlns=\"http:\/\/www.w3.org\/2000\/svg\" width=\"15.387\" height=\"7.414\" viewBox=\"0 0 15.387 7.414\">\n  <path id=\"Trac\u00e9_595\" data-name=\"Trac\u00e9 595\" d=\"M3759-2220.135l6.285,5.008,6.292-5.008\" transform=\"translate(-3757.595 2221.54)\" fill=\"none\" stroke=\"#ea528e\" stroke-linecap=\"round\" stroke-linejoin=\"round\" stroke-width=\"2\"\/>\n<\/svg>\n<\/div>\n\n\n\n<div class=\"wp-block-group sidebar-title sidebar-title-single is-layout-flow wp-block-group-is-layout-flow\">\n<h3 class=\"wp-block-heading\"><a href=\"\/ifen\/evolution-de-carriere\/fonctionnarisation-des-employes-relevant-du-sous-groupe-educatif-et-psycho-social-groupe-dindeminite-b1\/\" class=\"ek-link\">Sous-groupe \u00e9ducatif et psycho-social &#8211; B1<\/a><\/h3>\n\n\n\n<svg xmlns=\"http:\/\/www.w3.org\/2000\/svg\" width=\"15.387\" height=\"7.414\" viewBox=\"0 0 15.387 7.414\">\n  <path id=\"Trac\u00e9_595\" data-name=\"Trac\u00e9 595\" d=\"M3759-2220.135l6.285,5.008,6.292-5.008\" transform=\"translate(-3757.595 2221.54)\" fill=\"none\" stroke=\"#ea528e\" stroke-linecap=\"round\" stroke-linejoin=\"round\" stroke-width=\"2\"\/>\n<\/svg>\n<\/div>\n<\/div>\n\n\n\n<button class=\"left\" onclick=\"leftScroll()\"><\/button> <button class=\"right\" onclick=\"rightScroll()\"><\/button>\n<\/div>\n\n\n\n<div class=\"wp-block-group sidebar-content is-layout-flow wp-block-group-is-layout-flow\">\n<p>Pour les employ\u00e9s de l&rsquo;\u00c9tat du groupe d&rsquo;indemnit\u00e9 B1, sous-groupe \u00e9ducatif et psycho-social engag\u00e9s aupr\u00e8s du Minist\u00e8re de l&rsquo;\u00c9ducation nationale, de l&rsquo;Enfance et de la Jeunesse (MENJE) les modalit\u00e9s g\u00e9n\u00e9rales de la fonctionnarisation sont d&rsquo;application.<\/p>\n\n\n\n<p><br>Pour en savoir plus :<\/p>\n\n\n\n<ul class=\"wp-block-list\">\n<li>Consultez, sur le <a href=\"https:\/\/fonction-publique.public.lu\/fr\/carriere\/parcours-remuneration\/employe\/fonctionnarisationemployes.html\" target=\"_blank\" rel=\"noreferrer noopener\">site de la Fonction publique<\/a>, les principales dispositions relevant de la fonctionnarisation des employ\u00e9s de l&rsquo;\u00c9tat.<\/li>\n\n\n\n<li>Consultez, dans sa version consolid\u00e9e, l&rsquo;article 80 de la <a href=\"https:\/\/legilux.public.lu\/eli\/etat\/leg\/loi\/1979\/04\/16\/n1\/jo\" target=\"_blank\" rel=\"noreferrer noopener\">loi modifi\u00e9e du 16 avril 1979<\/a> fixant le statut g\u00e9n\u00e9ral des fonctionnaires de l&rsquo;\u00c9tat.<\/li>\n<\/ul>\n<\/div>\n\n<\/div>    \r\n<\/section>\n\n\n<div aria-hidden=\"true\" class=\"wp-block-fsb-flexible-spacer fsb-flexible-spacer\"><div class=\"fsb-flexible-spacer__device fsb-flexible-spacer__device--lg\" style=\"height:150px\"><\/div><div class=\"fsb-flexible-spacer__device fsb-flexible-spacer__device--md\" style=\"height:150px\"><\/div><div class=\"fsb-flexible-spacer__device fsb-flexible-spacer__device--sm\" style=\"height:150px\"><\/div><\/div>\n\n\n \r\n\r\n<section data-aos-once=\"true\" data-aos=\"fade-up\"  class=\"wp-block-section     alignfull  hide-scroll section-contact  align-center \"\r\n                    \r\n                        style=\"background: rgb(242,181,50)\"\r\n        \r\n        \r\n    >\r\n\r\n                        <div class=\"shape-section shape-section-top\">\r\n                <svg xmlns=\"http:\/\/www.w3.org\/2000\/svg\" xmlns:xlink=\"http:\/\/www.w3.org\/1999\/xlink\" width=\"100%\" height=\"87\" viewBox=\"0 0 1921 87\" preserveAspectRatio=\"none\">\r\n                    <g id=\"Groupe_d\u00e9filant_42\" data-name=\"Groupe d\u00e9filant 42\" transform=\"translate(0 -99)\" style=\"isolation: isolate\">\r\n                        <g id=\"Groupe_d\u00e9filant_43\" data-name=\"Groupe d\u00e9filant 43\" transform=\"translate(0 0)\" style=\"isolation: isolate\">\r\n                        <g id=\"Groupe_933\" data-name=\"Groupe 933\" transform=\"translate(0 0)\">\r\n                            <g id=\"Groupe_737\" data-name=\"Groupe 737\" transform=\"translate(0 0)\">\r\n                            <g id=\"Groupe_736\" data-name=\"Groupe 736\" transform=\"translate(-3953.287 105.034)\">\r\n                                <path style=\"fill:rgb(242,181,50)\"  id=\"Trac\u00e9_472\" data-name=\"Trac\u00e9 472\" d=\"M7.906-402.606c1825.143-1234.975,4696.423-1612.721,7144.4-940.023,1138.806,313,2098.365,826.758,2774.82,1485.924l37.407,36.5L9419.413,461.351l-46.566-46.339C8770.1-185.4,7905.633-652.907,6873.094-936.523,4672.52-1541.17,2104.279-1194.435,481.472-73.732L422.953-33.376l-462.211-337.5Z\" transform=\"translate(39.258 1672.364)\"\/>\r\n                            <\/g>\r\n                            <\/g>\r\n                        <\/g>\r\n                        <\/g>\r\n                    <\/g>\r\n                <\/svg>\r\n            <\/div> \r\n         \r\n         \r\n    \r\n        <div class=\"acf-innerblocks-container\">\n \r\n\r\n<section  class=\"wp-block-section     alignwide    align-center \"\r\n    >\r\n\r\n    \r\n        <div class=\"acf-innerblocks-container\">\n\n<div class=\"wp-block-group has-global-padding is-layout-constrained wp-block-group-is-layout-constrained\">\n<h3 class=\"wp-block-heading has-text-align-center has-text-color\" style=\"color:#ffffff\">Contact et demande de renseignements&nbsp;<\/h3>\n\n\n\n<p class=\"has-text-align-center has-text-color has-link-color wp-elements-204ad1d454770bdc6e96a10c0fa72bd8\" style=\"color:#ffffff\">Pour tout renseignement que vous ne trouveriez pas dans cette rubrique, veuillez contacter :<br>Monsieur <a href=\"mailto:amir.becic@ifen.lu\">Amir Becic<\/a> I t\u00e9l. : 247 75981<\/p>\n<\/div>\n\n\n\n<div aria-hidden=\"true\" class=\"wp-block-fsb-flexible-spacer fsb-flexible-spacer\"><div class=\"fsb-flexible-spacer__device fsb-flexible-spacer__device--lg\" style=\"height:100px\"><\/div><div class=\"fsb-flexible-spacer__device fsb-flexible-spacer__device--md\" style=\"height:100px\"><\/div><div class=\"fsb-flexible-spacer__device fsb-flexible-spacer__device--sm\" style=\"height:100px\"><\/div><\/div>\n\n<\/div>    \r\n<\/section>\n<\/div>    \r\n<\/section>","protected":false},"excerpt":{"rendered":"","protected":false},"author":1,"featured_media":0,"parent":4471,"menu_order":0,"comment_status":"closed","ping_status":"closed","template":"template-sidebar.php","meta":{"_eb_attr":"","_editorskit_title_hidden":false,"_editorskit_reading_time":0,"_editorskit_is_block_options_detached":false,"_editorskit_block_options_position":"{}","inline_featured_image":false,"footnotes":""},"class_list":["post-4857","page","type-page","status-publish","hentry","etat-valide"],"acf":{"espace_type":[]},"_links":{"self":[{"href":"https:\/\/ssl.education.lu\/ifen\/wp-json\/wp\/v2\/pages\/4857","targetHints":{"allow":["GET"]}}],"collection":[{"href":"https:\/\/ssl.education.lu\/ifen\/wp-json\/wp\/v2\/pages"}],"about":[{"href":"https:\/\/ssl.education.lu\/ifen\/wp-json\/wp\/v2\/types\/page"}],"author":[{"embeddable":true,"href":"https:\/\/ssl.education.lu\/ifen\/wp-json\/wp\/v2\/users\/1"}],"replies":[{"embeddable":true,"href":"https:\/\/ssl.education.lu\/ifen\/wp-json\/wp\/v2\/comments?post=4857"}],"version-history":[{"count":32,"href":"https:\/\/ssl.education.lu\/ifen\/wp-json\/wp\/v2\/pages\/4857\/revisions"}],"predecessor-version":[{"id":11278,"href":"https:\/\/ssl.education.lu\/ifen\/wp-json\/wp\/v2\/pages\/4857\/revisions\/11278"}],"up":[{"embeddable":true,"href":"https:\/\/ssl.education.lu\/ifen\/wp-json\/wp\/v2\/pages\/4471"}],"wp:attachment":[{"href":"https:\/\/ssl.education.lu\/ifen\/wp-json\/wp\/v2\/media?parent=4857"}],"curies":[{"name":"wp","href":"https:\/\/api.w.org\/{rel}","templated":true}]}}