

{"id":4454,"date":"2023-12-05T13:22:25","date_gmt":"2023-12-05T12:22:25","guid":{"rendered":"\/ifen\/?page_id=4454"},"modified":"2025-11-10T12:09:49","modified_gmt":"2025-11-10T11:09:49","slug":"ressources","status":"publish","type":"page","link":"\/ifen\/ressources\/","title":{"rendered":"Ressources"},"content":{"rendered":"\n<div class=\"wp-block-cover alignfull banner-page hide-editor\"><img loading=\"lazy\" decoding=\"async\" width=\"1900\" height=\"689\" class=\"wp-block-cover__image-background wp-image-9524\" alt=\"\" src=\"https:\/\/ssl.education.lu\/ifen\/wp-content\/uploads\/2024\/06\/banner_ressources.jpg\" data-object-fit=\"cover\" srcset=\"https:\/\/ssl.education.lu\/ifen\/wp-content\/uploads\/2024\/06\/banner_ressources.jpg 1900w, https:\/\/ssl.education.lu\/ifen\/wp-content\/uploads\/2024\/06\/banner_ressources-600x218.jpg 600w, https:\/\/ssl.education.lu\/ifen\/wp-content\/uploads\/2024\/06\/banner_ressources-1024x371.jpg 1024w, https:\/\/ssl.education.lu\/ifen\/wp-content\/uploads\/2024\/06\/banner_ressources-768x279.jpg 768w, https:\/\/ssl.education.lu\/ifen\/wp-content\/uploads\/2024\/06\/banner_ressources-1536x557.jpg 1536w, https:\/\/ssl.education.lu\/ifen\/wp-content\/uploads\/2024\/06\/banner_ressources-18x7.jpg 18w\" sizes=\"auto, (max-width: 1900px) 100vw, 1900px\" \/><span aria-hidden=\"true\" class=\"wp-block-cover__background has-black-background-color has-background-dim-60 has-background-dim\"><\/span><div class=\"wp-block-cover__inner-container is-layout-flow wp-block-cover-is-layout-flow\">\n<div class=\"wp-block-group has-global-padding is-layout-constrained wp-block-group-is-layout-constrained\" data-aos=\"fade-up\">\n<h1 class=\"wp-block-heading has-text-align-center\">Ressources<\/h1>\n\n\n\n<p class=\"has-text-align-center\">Acc\u00e9dez \u00e0 nos ressources documentaires, sur place ou en ligne et trouvez de l\u2019inspiration gr\u00e2ce \u00e0 nos podcasts<\/p>\n<\/div>\n\n\n\n<svg class=\"curve curve-bottom curve-desktop\" xmlns=\"http:\/\/www.w3.org\/2000\/svg\" width=\"100%\" height=\"77.168\" viewBox=\"0 0 1600 77.168\" preserveAspectRatio=\"none\">\n            <path id=\"Trac\u00e9_454\" data-name=\"Trac\u00e9 454\" d=\"M0,0H1600V29.331S1204.669,77.168,804.669,77.168,0,29.331,0,29.331Z\" transform=\"translate(1600 77.168) rotate(180)\" fill=\"#fff\"\/>\n        <\/svg>\n        <svg class=\"curve curve-bottom curve-mobile\" xmlns=\"http:\/\/www.w3.org\/2000\/svg\" width=\"100%\" height=\"77.168\" viewBox=\"0 0 1600 77.168\">\n            <path id=\"Trac\u00e9_454\" data-name=\"Trac\u00e9 454\" d=\"M0,0H1600V29.331S1204.669,77.168,804.669,77.168,0,29.331,0,29.331Z\" transform=\"translate(1600 77.168) rotate(180)\" fill=\"#fff\"\/>\n        <\/svg>\n<\/div><\/div>\n\n\n \r\n\r\n<section  class=\"wp-block-section     alignfull    \"\r\n    >\r\n\r\n    \r\n        <div class=\"acf-innerblocks-container\">\n\n<figure class=\"wp-block-image size-large ellipse-right ellipse img-parallax-up\"><img decoding=\"async\" src=\"\/ifen\/wp-content\/uploads\/2023\/12\/ellipse_turquoise_big.svg\" alt=\"\" class=\"wp-image-7169\"\/><\/figure>\n\n\n \r\n\r\n<section  class=\"wp-block-section     alignwide    \"\r\n    >\r\n\r\n    \r\n        <div class=\"acf-innerblocks-container\">\n\n<div aria-hidden=\"true\" class=\"wp-block-fsb-flexible-spacer fsb-flexible-spacer\"><div class=\"fsb-flexible-spacer__device fsb-flexible-spacer__device--lg\" style=\"height:20px\"><\/div><div class=\"fsb-flexible-spacer__device fsb-flexible-spacer__device--md\" style=\"height:20px\"><\/div><div class=\"fsb-flexible-spacer__device fsb-flexible-spacer__device--sm\" style=\"height:20px\"><\/div><\/div>\n\n\n\n<div class=\"wp-block-columns col-jesuis is-layout-flex wp-container-core-columns-is-layout-28f84493 wp-block-columns-is-layout-flex\">\n<div class=\"wp-block-column wp-block-card is-layout-flow wp-block-column-is-layout-flow\" data-aos=\"zoom-in\" data-aos-delay=\"250\" data-aos-once=\"true\">\n<div class=\"wp-block-group card card-1 card-ressources ek-linked-block has-global-padding is-layout-constrained wp-block-group-is-layout-constrained card-ressources\">\n<figure class=\"wp-block-image size-full\"><img loading=\"lazy\" decoding=\"async\" width=\"1000\" height=\"665\" src=\"https:\/\/ssl.education.lu\/ifen\/wp-content\/uploads\/2024\/06\/CDP-Etage-01-7.jpg\" alt=\"\" class=\"wp-image-9470\" srcset=\"https:\/\/ssl.education.lu\/ifen\/wp-content\/uploads\/2024\/06\/CDP-Etage-01-7.jpg 1000w, https:\/\/ssl.education.lu\/ifen\/wp-content\/uploads\/2024\/06\/CDP-Etage-01-7-600x399.jpg 600w, https:\/\/ssl.education.lu\/ifen\/wp-content\/uploads\/2024\/06\/CDP-Etage-01-7-768x511.jpg 768w, https:\/\/ssl.education.lu\/ifen\/wp-content\/uploads\/2024\/06\/CDP-Etage-01-7-18x12.jpg 18w\" sizes=\"auto, (max-width: 1000px) 100vw, 1000px\" \/><\/figure>\n\n\n\n<h3 class=\"wp-block-heading\">Centre de documentation p\u00e9dagogique<\/h3>\n\n\n\n<p>Le Centre de documentation p\u00e9dagogique propose un fonds de r\u00e9f\u00e9rences actualis\u00e9es dans le domaine de l\u2019\u00c9ducation, de l\u2019Enfance et de la Jeunesse. Il est au service du personnel enseignant et psycho-socio-\u00e9ducatif et assure le lien entre l\u2019action de formation dispens\u00e9e par l\u2019IFEN et l\u2019offre documentaire.<\/p>\n\n\n\n<figure class=\"wp-block-image size-full is-resized card-arrow\"><img loading=\"lazy\" decoding=\"async\" width=\"59\" height=\"27\" src=\"\/ifen\/wp-content\/uploads\/2023\/07\/arrow_card.png\" alt=\"\" class=\"wp-image-1112\"\/><\/figure>\n<a href=\"\/ifen\/centre-de-documentation-pedagogique\/\" class=\"editorskit-block-link card-ressources-link\" target=\"_blank\" rel=\" noreferrer noopener\"><\/a><\/div>\n<\/div>\n\n\n\n<div class=\"wp-block-column wp-block-card is-layout-flow wp-block-column-is-layout-flow\" data-aos=\"zoom-in\" data-aos-delay=\"250\" data-aos-once=\"true\">\n<div class=\"wp-block-group card card-1 card-ressources ek-linked-block has-global-padding is-layout-constrained wp-block-group-is-layout-constrained card-ressources\">\n<figure class=\"wp-block-image size-full\"><img loading=\"lazy\" decoding=\"async\" width=\"1600\" height=\"1067\" src=\"https:\/\/ssl.education.lu\/ifen\/wp-content\/uploads\/2025\/11\/thumb_IFEN_INPSIRE.jpg\" alt=\"\" class=\"wp-image-14687\" srcset=\"https:\/\/ssl.education.lu\/ifen\/wp-content\/uploads\/2025\/11\/thumb_IFEN_INPSIRE.jpg 1600w, https:\/\/ssl.education.lu\/ifen\/wp-content\/uploads\/2025\/11\/thumb_IFEN_INPSIRE-600x400.jpg 600w, https:\/\/ssl.education.lu\/ifen\/wp-content\/uploads\/2025\/11\/thumb_IFEN_INPSIRE-1024x683.jpg 1024w, https:\/\/ssl.education.lu\/ifen\/wp-content\/uploads\/2025\/11\/thumb_IFEN_INPSIRE-768x512.jpg 768w, https:\/\/ssl.education.lu\/ifen\/wp-content\/uploads\/2025\/11\/thumb_IFEN_INPSIRE-1536x1024.jpg 1536w\" sizes=\"auto, (max-width: 1600px) 100vw, 1600px\" \/><\/figure>\n\n\n\n<h3 class=\"wp-block-heading\">Ifen Inspire<\/h3>\n\n\n\n<p>Une plateforme pens\u00e9e pour r\u00e9pondre encore mieux aux besoins de l\u2019ensemble de la communaut\u00e9 \u00e9ducative du Luxembourg. Que vous cherchiez des id\u00e9es pour la classe, des exemples concrets ou simplement une dose d\u2019inspiration \u2013 IFEN Inspire est l\u00e0 pour vous accompagner. Explorer, apprendre, s\u2019inspirer \u2013 chaque semaine de nouvelles d\u00e9couvertes.<\/p>\n\n\n\n<figure class=\"wp-block-image size-full is-resized card-arrow\"><img loading=\"lazy\" decoding=\"async\" width=\"59\" height=\"27\" src=\"\/ifen\/wp-content\/uploads\/2023\/07\/arrow_card.png\" alt=\"\" class=\"wp-image-1112\"\/><\/figure>\n<a href=\"https:\/\/ssl.education.lu\/ifen\/inspire\/\" class=\"editorskit-block-link card-ressources-link\" target=\"_blank\" rel=\" noreferrer noopener\"><\/a><\/div>\n<\/div>\n<\/div>\n\n<\/div>    \r\n<\/section>\n<\/div>    \r\n<\/section>\n\n\n<div aria-hidden=\"true\" class=\"wp-block-fsb-flexible-spacer fsb-flexible-spacer\"><div class=\"fsb-flexible-spacer__device fsb-flexible-spacer__device--lg\" style=\"height:100px\"><\/div><div class=\"fsb-flexible-spacer__device fsb-flexible-spacer__device--md\" style=\"height:100px\"><\/div><div class=\"fsb-flexible-spacer__device fsb-flexible-spacer__device--sm\" style=\"height:100px\"><\/div><\/div>\n","protected":false},"excerpt":{"rendered":"","protected":false},"author":1,"featured_media":0,"parent":0,"menu_order":0,"comment_status":"closed","ping_status":"closed","template":"","meta":{"_eb_attr":"","_editorskit_title_hidden":false,"_editorskit_reading_time":0,"_editorskit_is_block_options_detached":false,"_editorskit_block_options_position":"{}","inline_featured_image":false,"footnotes":""},"class_list":["post-4454","page","type-page","status-publish","hentry","etat-a-reviser"],"acf":{"espace_type":[]},"_links":{"self":[{"href":"https:\/\/ssl.education.lu\/ifen\/wp-json\/wp\/v2\/pages\/4454","targetHints":{"allow":["GET"]}}],"collection":[{"href":"https:\/\/ssl.education.lu\/ifen\/wp-json\/wp\/v2\/pages"}],"about":[{"href":"https:\/\/ssl.education.lu\/ifen\/wp-json\/wp\/v2\/types\/page"}],"author":[{"embeddable":true,"href":"https:\/\/ssl.education.lu\/ifen\/wp-json\/wp\/v2\/users\/1"}],"replies":[{"embeddable":true,"href":"https:\/\/ssl.education.lu\/ifen\/wp-json\/wp\/v2\/comments?post=4454"}],"version-history":[{"count":36,"href":"https:\/\/ssl.education.lu\/ifen\/wp-json\/wp\/v2\/pages\/4454\/revisions"}],"predecessor-version":[{"id":15499,"href":"https:\/\/ssl.education.lu\/ifen\/wp-json\/wp\/v2\/pages\/4454\/revisions\/15499"}],"wp:attachment":[{"href":"https:\/\/ssl.education.lu\/ifen\/wp-json\/wp\/v2\/media?parent=4454"}],"curies":[{"name":"wp","href":"https:\/\/api.w.org\/{rel}","templated":true}]}}