

{"id":4418,"date":"2023-11-14T13:52:36","date_gmt":"2023-11-14T12:52:36","guid":{"rendered":"\/ifen\/?page_id=4418"},"modified":"2026-01-13T16:03:27","modified_gmt":"2026-01-13T15:03:27","slug":"peer-to-peer","status":"publish","type":"page","link":"\/ifen\/apprendre-ensemble\/peer-to-peer\/","title":{"rendered":"Peer to peer"},"content":{"rendered":"\n<div class=\"wp-block-cover alignfull is-light banner-page banner-page-small hide-editor\" style=\"min-height:250px;aspect-ratio:unset;\"><img decoding=\"async\" class=\"wp-block-cover__image-background wp-image-5578\" alt=\"\" src=\"\/ifen\/wp-content\/uploads\/2023\/11\/banner_small_green.svg\" data-object-fit=\"cover\"\/><span aria-hidden=\"true\" class=\"wp-block-cover__background has-black-background-color has-background-dim-0 has-background-dim\"><\/span><div class=\"wp-block-cover__inner-container is-layout-flow wp-block-cover-is-layout-flow\">\n<div class=\"wp-block-group is-layout-flow wp-block-group-is-layout-flow\">\n<h1 class=\"wp-block-heading has-text-align-center has-primary-color has-text-color\">Peer to peer<\/h1>\n<\/div>\n\n\n\n<svg class=\"curve curve-bottom curve-desktop\" xmlns=\"http:\/\/www.w3.org\/2000\/svg\" width=\"100%\" height=\"77.168\" viewBox=\"0 0 1600 77.168\" preserveAspectRatio=\"none\">\n            <path id=\"Trac\u00e9_454\" data-name=\"Trac\u00e9 454\" d=\"M0,0H1600V29.331S1204.669,77.168,804.669,77.168,0,29.331,0,29.331Z\" transform=\"translate(1600 77.168) rotate(180)\" fill=\"#fff\"\/>\n        <\/svg>\n        <svg class=\"curve curve-bottom curve-mobile\" xmlns=\"http:\/\/www.w3.org\/2000\/svg\" width=\"100%\" height=\"77.168\" viewBox=\"0 0 1600 77.168\">\n            <path id=\"Trac\u00e9_454\" data-name=\"Trac\u00e9 454\" d=\"M0,0H1600V29.331S1204.669,77.168,804.669,77.168,0,29.331,0,29.331Z\" transform=\"translate(1600 77.168) rotate(180)\" fill=\"#fff\"\/>\n        <\/svg>\n<\/div><\/div>\n\n\n \r\n\r\n<section  class=\"wp-block-section     alignwide    \"\r\n    >\r\n\r\n    \r\n        <div class=\"acf-innerblocks-container\">\n\n<p class=\"back\"><a href=\"\/ifen\/apprendre-ensemble\/\" class=\"ek-link\">Retour<\/a><\/p>\n\n\n\n<p>Les formations peer to peer sont des s\u00e9ances de formation organis\u00e9es au sein des \u00e9tablissements secondaires. Des enseignants volontaires exp\u00e9riment\u00e9s endossent le r\u00f4le de mentors dans le but d\u2019inspirer leurs coll\u00e8gues dans leur champ d\u2019expertise. Dans cette relation privil\u00e9gi\u00e9e, les enseignants sont encourag\u00e9s \u00e0 collaborer, \u00e0 r\u00e9fl\u00e9chir sur leur pratique, \u00e0 am\u00e9liorer la qualit\u00e9 de leur enseignement et \u00e0 cr\u00e9er un r\u00e9seau d\u2019apprentissage professionnel solide et durable avec ses pairs au sein de l\u2019\u00e9tablissement scolaire.<\/p>\n\n\n\n<p>Les modalit\u00e9s de travail de cette formation peuvent prendre la forme d\u2019expos\u00e9s, de concertations, de groupes de travail, de discussions critiques ou de mises en situation.<\/p>\n\n\n\n<div class=\"wp-block-accordion-toggle-accordion-toggle  root-eb-accordion-2t2ak\"><div class=\"eb-parent-wrapper eb-parent-eb-accordion-2t2ak \"><div class=\"eb-accordion-container eb-accordion-2t2ak\" data-accordion-type=\"toggle\" data-tab-icon=\"fas fa-angle-right\" data-expanded-icon=\"fas fa-angle-down\" data-transition-duration=\"500\"><div class=\"eb-accordion-inner\">\n<div class=\"wp-block-accordion-toggle-accordion-item eb-accordion-item-k0b3f eb-accordion-wrapper\" data-clickable=\"false\"><div class=\"eb-accordion-title-wrapper eb-accordion-title-wrapper-eb-accordion-2t2ak\" tabindex=\"0\"><span class=\"eb-accordion-icon-wrapper eb-accordion-icon-wrapper-eb-accordion-2t2ak\"><span class=\"fas fa-angle-right eb-accordion-icon\"><\/span><\/span><div class=\"eb-accordion-title-content-wrap title-content-eb-accordion-2t2ak\"><h3 class=\"eb-accordion-title\">Concept<\/h3><\/div><\/div><div class=\"eb-accordion-content-wrapper eb-accordion-content-wrapper-eb-accordion-2t2ak\"><div class=\"eb-accordion-content\">\n<p>Les formations peer to peer sont des s\u00e9ances de formation organis\u00e9es au sein des \u00e9tablissements secondaires. L\u2019objectif de ce concept est de permettre \u00e0 des enseignants disposant d\u2019une expertise pointue et d\u2019une solide exp\u00e9rience p\u00e9dagogique de partager leurs savoirs et pratiques avec leurs coll\u00e8gues, dans leur propre communaut\u00e9 \u00e9ducative.<\/p>\n\n\n\n<p>Des enseignants volontaires, reconnus pour leur professionnalisme et leur engagement, assument ainsi le r\u00f4le de formateur peer to peer, dans le but d\u2019inspirer et de soutenir leurs pairs dans un domaine sp\u00e9cifique. Cette dynamique favorise la collaboration, la r\u00e9flexion p\u00e9dagogique, l\u2019am\u00e9lioration continue des pratiques d\u2019enseignement et le d\u00e9veloppement d\u2019un r\u00e9seau professionnel d\u2019apprentissage durable au sein de l\u2019\u00e9tablissement.<\/p>\n\n\n\n<h4 class=\"wp-block-heading\">D\u00e9roulement d&rsquo;une formation peer to peer<\/h4>\n\n\n\n<div aria-hidden=\"true\" class=\"wp-block-fsb-flexible-spacer fsb-flexible-spacer\"><div class=\"fsb-flexible-spacer__device fsb-flexible-spacer__device--lg\" style=\"height:5px\"><\/div><div class=\"fsb-flexible-spacer__device fsb-flexible-spacer__device--md\" style=\"height:5px\"><\/div><div class=\"fsb-flexible-spacer__device fsb-flexible-spacer__device--sm\" style=\"height:5px\"><\/div><\/div>\n\n\n\n<ol class=\"wp-block-list\">\n<li>Pr\u00e9paration de la formation peer to peer et soumission de la proposition via un formulaire en ligne aupr\u00e8s de l\u2019IFEN<\/li>\n\n\n\n<li>Animation de la formation peer to peer, incluant \u00e9changes entre pairs et r\u00e9flexions collectives<\/li>\n\n\n\n<li>Transmission de la liste de pr\u00e9sence (\u00e0 des fins administratives)<\/li>\n<\/ol>\n\n\n\n<p>Si vous souhaitez avoir plus d\u2019informations sur ce concept vous pouvez adresser votre demande \u00e0 <a href=\"mailto:viktoriia.boretska@ifen.lu\"><a href=\"mailto:Jacques.BRADTKE@ifen.lu\">jacques.bradtke@ifen.lu<\/a><\/a>.<\/p>\n<\/div><\/div><\/div>\n\n\n\n<div class=\"wp-block-accordion-toggle-accordion-item eb-accordion-item-seiup eb-accordion-wrapper\" data-clickable=\"false\"><div class=\"eb-accordion-title-wrapper eb-accordion-title-wrapper-eb-accordion-2t2ak\" tabindex=\"0\"><span class=\"eb-accordion-icon-wrapper eb-accordion-icon-wrapper-eb-accordion-2t2ak\"><span class=\"fas fa-angle-right eb-accordion-icon\"><\/span><\/span><div class=\"eb-accordion-title-content-wrap title-content-eb-accordion-2t2ak\"><h3 class=\"eb-accordion-title\">Inscriptions<\/h3><\/div><\/div><div class=\"eb-accordion-content-wrapper eb-accordion-content-wrapper-eb-accordion-2t2ak\"><div class=\"eb-accordion-content\">\n<p>Vous souhaitez partager vos exp\u00e9riences, vos pratiques p\u00e9dagogiques ou vos expertises disciplinaires avec vos coll\u00e8gues ?<\/p>\n\n\n\n<p>Proposez votre formation peer to peer via ce formulaire en ligne <a href=\"http:\/\/www.edulink.lu\/rpv7\" target=\"_blank\" rel=\"noreferrer noopener\">FR<\/a> \/ <a href=\"http:\/\/www.edulink.lu\/rabb\" target=\"_blank\" rel=\"noreferrer noopener\">DE<\/a>.<\/p>\n\n\n\n<p>Pour toute question, n\u2019h\u00e9sitez pas \u00e0 \u00e9crire \u00e0 <a href=\"mailto:viktoriia.boretska@ifen.lu\"><a href=\"mailto:Jacques.BRADTKE@ifen.lu\">jacques.bradtke@ifen.lu<\/a><\/a>.<\/p>\n\n\n\n<p>Vous avez \u00e9galement la possibilit\u00e9 de consulter le papier <a href=\"https:\/\/ssl.education.lu\/ifen\/wp-content\/uploads\/2025\/06\/PTP-concept_20250422_FINAL.pdf\" target=\"_blank\" rel=\"noreferrer noopener\">concept<\/a>&nbsp;qui vous fournira toutes les informations n\u00e9cessaires.<\/p>\n<\/div><\/div><\/div>\n<\/div><\/div><\/div><\/div>\n\n\n\n<div aria-hidden=\"true\" class=\"wp-block-fsb-flexible-spacer fsb-flexible-spacer\"><div class=\"fsb-flexible-spacer__device fsb-flexible-spacer__device--lg\" style=\"height:50px\"><\/div><div class=\"fsb-flexible-spacer__device fsb-flexible-spacer__device--md\" style=\"height:50px\"><\/div><div class=\"fsb-flexible-spacer__device fsb-flexible-spacer__device--sm\" style=\"height:50px\"><\/div><\/div>\n\n\n\n<h2 class=\"wp-block-heading has-text-align-center\">L&rsquo;offre peer to peer par domaine<\/h2>\n\n\n\n<div aria-hidden=\"true\" class=\"wp-block-fsb-flexible-spacer fsb-flexible-spacer\"><div class=\"fsb-flexible-spacer__device fsb-flexible-spacer__device--lg\" style=\"height:20px\"><\/div><div class=\"fsb-flexible-spacer__device fsb-flexible-spacer__device--md\" style=\"height:20px\"><\/div><div class=\"fsb-flexible-spacer__device fsb-flexible-spacer__device--sm\" style=\"height:20px\"><\/div><\/div>\n\n\n<div class=\"row limit-9\"><div class=\"col-md-6 col-lg-4\"><div class=\"domaines-item\"><h3>Conception et mise en \u0153uvre de situations d&#039;<\/h3><figure class=\"arrow\"><img loading=\"lazy\" decoding=\"async\" width=\"59\" height=\"27\" src=\"\/ifen\/wp-content\/uploads\/2023\/07\/arrow_card.png\" alt=\"\" style=\"width:27px\"><\/figure><\/div><\/div><\/div>\n<\/div>    \r\n<\/section>\n\n\n<div aria-hidden=\"true\" class=\"wp-block-fsb-flexible-spacer fsb-flexible-spacer\"><div class=\"fsb-flexible-spacer__device fsb-flexible-spacer__device--lg\" style=\"height:150px\"><\/div><div class=\"fsb-flexible-spacer__device fsb-flexible-spacer__device--md\" style=\"height:100px\"><\/div><div class=\"fsb-flexible-spacer__device fsb-flexible-spacer__device--sm\" style=\"height:100px\"><\/div><\/div>\n\n\n \r\n\r\n<section  class=\"wp-block-section     alignfull  hide-editor  \"\r\n                                    style=\"background: #807b95;color:#ffffff\"\r\n        \r\n        \r\n        \r\n    >\r\n\r\n    \r\n        <div class=\"acf-innerblocks-container\">\n\n<svg class=\"curve curve-top curve-carousel curve-carousel-format curve-desktop\" xmlns=\"http:\/\/www.w3.org\/2000\/svg\" width=\"100%\" height=\"77.168\" viewBox=\"0 0 1600 77.168\" preserveAspectRatio=\"none\">\n            <path id=\"Trac\u00e9_454\" data-name=\"Trac\u00e9 454\" d=\"M0,0H1600V29.331S1204.669,77.168,804.669,77.168,0,29.331,0,29.331Z\" transform=\"translate(1600 77.168) rotate(180)\" fill=\"#fff\"><\/path>\n        <\/svg>\n\n<svg class=\"curve curve-top curve-carousel curve-carousel-format curve-mobile\" xmlns=\"http:\/\/www.w3.org\/2000\/svg\" width=\"100%\" height=\"77.168\" viewBox=\"0 0 1600 77.168\">\n            <path id=\"Trac\u00e9_454\" data-name=\"Trac\u00e9 454\" d=\"M0,0H1600V29.331S1204.669,77.168,804.669,77.168,0,29.331,0,29.331Z\" transform=\"translate(1600 77.168) rotate(180)\" fill=\"#fff\"><\/path>\n        <\/svg>\n\n\n \r\n\r\n<section  class=\"wp-block-section     alignwide    \"\r\n    >\r\n\r\n    \r\n        <div class=\"acf-innerblocks-container\">\n   \r\n<div  class=\"wp-block-ifen-carousel    carousel-style-1\">\r\n    <div class=\"swiper-container-carousel\" data-slidesperview=\"2\" data-center=\"\" data-effect=\"\">\r\n        <div class=\"swiper-wrapper\">\r\n                             \r\n                    <div class=\"swiper-slide\">\r\n                        <a href=\"\/ifen\/apprendre-ensemble\/hospitation\/\" class=\"\" aria-label=\"\/ifen\/apprendre-ensemble\/hospitation\/\">                            <div class=\"swiper-slide-group\">\r\n                                                                        <div class=\"swiper-slide-thumb\" style=\"border-radius: 15px 15px 0 0;\">\r\n                                            <img decoding=\"async\" src=\"https:\/\/ssl.education.lu\/ifen\/wp-content\/uploads\/2024\/06\/hospitation.jpg\" alt=\"\" loading=\"lazy\" sizes=\"(max-width: 767px) 100vw, 50vw\" srcset=\"https:\/\/ssl.education.lu\/ifen\/wp-content\/uploads\/2024\/06\/hospitation.jpg 1920w\">\r\n                                        <\/div>\r\n                                                                                                    <div class=\"swiper-slide-content\">\r\n                                        <h3 class=\"swiper-slide-content-titre\">Hospitation<\/h3>                                                                                <img decoding=\"async\" class=\"wp-block-card-arrow\" src=\"https:\/\/ssl.education.lu\/ifen\/wp-content\/themes\/theme-ifen\/dist\/img\/arrow-card.svg\" width=\"29.201\" height=\"13.021\" alt=\"Arrow card\">\r\n                                    <\/div>\r\n                                                            <\/div>\r\n                        <\/a>                    <\/div>\r\n                 \r\n                    <div class=\"swiper-slide\">\r\n                        <a href=\"\/ifen\/apprendre-ensemble\/reseau-dechange-autonome\/\" class=\"\" aria-label=\"\/ifen\/apprendre-ensemble\/reseau-dechange-autonome\/\">                            <div class=\"swiper-slide-group\">\r\n                                                                        <div class=\"swiper-slide-thumb\" style=\"border-radius: 15px 15px 0 0;\">\r\n                                            <img decoding=\"async\" src=\"https:\/\/ssl.education.lu\/ifen\/wp-content\/uploads\/2024\/06\/reseau_echange_autonome.jpg\" alt=\"\" loading=\"lazy\" sizes=\"(max-width: 767px) 100vw, 50vw\" srcset=\"https:\/\/ssl.education.lu\/ifen\/wp-content\/uploads\/2024\/06\/reseau_echange_autonome.jpg 1920w\">\r\n                                        <\/div>\r\n                                                                                                    <div class=\"swiper-slide-content\">\r\n                                        <h3 class=\"swiper-slide-content-titre\">R\u00e9seau d\u2019\u00e9change autonome<\/h3>                                                                                <img decoding=\"async\" class=\"wp-block-card-arrow\" src=\"https:\/\/ssl.education.lu\/ifen\/wp-content\/themes\/theme-ifen\/dist\/img\/arrow-card.svg\" width=\"29.201\" height=\"13.021\" alt=\"Arrow card\">\r\n                                    <\/div>\r\n                                                            <\/div>\r\n                        <\/a>                    <\/div>\r\n                 \r\n                    <div class=\"swiper-slide\">\r\n                        <a href=\"\/ifen\/apprendre-ensemble\/reseau-dechange-guide\/\" class=\"\" aria-label=\"\/ifen\/apprendre-ensemble\/reseau-dechange-guide\/\">                            <div class=\"swiper-slide-group\">\r\n                                                                        <div class=\"swiper-slide-thumb\" style=\"border-radius: 15px 15px 0 0;\">\r\n                                            <img decoding=\"async\" src=\"https:\/\/ssl.education.lu\/ifen\/wp-content\/uploads\/2024\/06\/reseau_echange_guide.jpg\" alt=\"\" loading=\"lazy\" sizes=\"(max-width: 767px) 100vw, 50vw\" srcset=\"https:\/\/ssl.education.lu\/ifen\/wp-content\/uploads\/2024\/06\/reseau_echange_guide.jpg 1920w\">\r\n                                        <\/div>\r\n                                                                                                    <div class=\"swiper-slide-content\">\r\n                                        <h3 class=\"swiper-slide-content-titre\">R\u00e9seau d\u2019\u00e9change guid\u00e9<\/h3>                                                                                <img decoding=\"async\" class=\"wp-block-card-arrow\" src=\"https:\/\/ssl.education.lu\/ifen\/wp-content\/themes\/theme-ifen\/dist\/img\/arrow-card.svg\" width=\"29.201\" height=\"13.021\" alt=\"Arrow card\">\r\n                                    <\/div>\r\n                                                            <\/div>\r\n                        <\/a>                    <\/div>\r\n                                    <\/div> \r\n        <div class=\"carousel-pagination\"><\/div>\r\n        <div class=\"button-prev-carousel button-nav-carousel prev\">\r\n            <svg xmlns=\"http:\/\/www.w3.org\/2000\/svg\" width=\"20.345\" height=\"13.021\" viewBox=\"0 0 20.345 13.021\">\r\n                <title>Fl\u00e8che pour aller au slide pr\u00e9c\u00e9dent<\/title> \r\n                <g id=\"Groupe_678\" data-name=\"Groupe 678\" transform=\"translate(931.595 2091.214) rotate(180)\">\r\n                    <path id=\"Trac\u00e9_445\" data-name=\"Trac\u00e9 445\" d=\"M2341,1916.792h17.031\" transform=\"translate(-1429 168)\" fill=\"none\" stroke=\"#fff\" stroke-linecap=\"round\" stroke-width=\"1.5\"\/>\r\n                    <path id=\"Trac\u00e9_446\" data-name=\"Trac\u00e9 446\" d=\"M2371.2,1911.245l7.532,5.757-7.532,5.17\" transform=\"translate(-1448.416 168)\" fill=\"none\" stroke=\"#fff\" stroke-linecap=\"round\" stroke-width=\"1.5\"\/>\r\n                <\/g>\r\n            <\/svg>\r\n        <\/div>  \r\n        <div class=\"button-next-carousel button-nav-carousel next\">\r\n            <svg xmlns=\"http:\/\/www.w3.org\/2000\/svg\" width=\"20.345\" height=\"13.021\" viewBox=\"0 0 20.345 13.021\">\r\n                <title>Fl\u00e8che pour aller au slide suivant<\/title>\r\n                <g id=\"Groupe_678\" data-name=\"Groupe 678\" transform=\"translate(-911.25 -2078.193)\">\r\n                    <path id=\"Trac\u00e9_445\" data-name=\"Trac\u00e9 445\" d=\"M2341,1916.792h17.031\" transform=\"translate(-1429 168)\" fill=\"none\" stroke=\"#fff\" stroke-linecap=\"round\" stroke-width=\"1.5\"\/>\r\n                    <path id=\"Trac\u00e9_446\" data-name=\"Trac\u00e9 446\" d=\"M2371.2,1911.245l7.532,5.757-7.532,5.17\" transform=\"translate(-1448.416 168)\" fill=\"none\" stroke=\"#fff\" stroke-linecap=\"round\" stroke-width=\"1.5\"\/>\r\n                <\/g>\r\n            <\/svg>\r\n        <\/div>\r\n    <\/div>\r\n<\/div> \n<\/div>    \r\n<\/section>\n<\/div>    \r\n<\/section>","protected":false},"excerpt":{"rendered":"","protected":false},"author":1,"featured_media":0,"parent":1160,"menu_order":0,"comment_status":"closed","ping_status":"closed","template":"","meta":{"_eb_attr":"","_editorskit_title_hidden":false,"_editorskit_reading_time":0,"_editorskit_is_block_options_detached":false,"_editorskit_block_options_position":"{}","inline_featured_image":false,"footnotes":""},"class_list":["post-4418","page","type-page","status-publish","hentry","etat-valide"],"acf":{"espace_type":""},"_links":{"self":[{"href":"https:\/\/ssl.education.lu\/ifen\/wp-json\/wp\/v2\/pages\/4418","targetHints":{"allow":["GET"]}}],"collection":[{"href":"https:\/\/ssl.education.lu\/ifen\/wp-json\/wp\/v2\/pages"}],"about":[{"href":"https:\/\/ssl.education.lu\/ifen\/wp-json\/wp\/v2\/types\/page"}],"author":[{"embeddable":true,"href":"https:\/\/ssl.education.lu\/ifen\/wp-json\/wp\/v2\/users\/1"}],"replies":[{"embeddable":true,"href":"https:\/\/ssl.education.lu\/ifen\/wp-json\/wp\/v2\/comments?post=4418"}],"version-history":[{"count":38,"href":"https:\/\/ssl.education.lu\/ifen\/wp-json\/wp\/v2\/pages\/4418\/revisions"}],"predecessor-version":[{"id":16711,"href":"https:\/\/ssl.education.lu\/ifen\/wp-json\/wp\/v2\/pages\/4418\/revisions\/16711"}],"up":[{"embeddable":true,"href":"https:\/\/ssl.education.lu\/ifen\/wp-json\/wp\/v2\/pages\/1160"}],"wp:attachment":[{"href":"https:\/\/ssl.education.lu\/ifen\/wp-json\/wp\/v2\/media?parent=4418"}],"curies":[{"name":"wp","href":"https:\/\/api.w.org\/{rel}","templated":true}]}}