

{"id":3063,"date":"2023-09-07T11:21:01","date_gmt":"2023-09-07T09:21:01","guid":{"rendered":"\/ifen\/?page_id=3063"},"modified":"2025-11-20T09:03:50","modified_gmt":"2025-11-20T08:03:50","slug":"soutien-personnalise","status":"publish","type":"page","link":"\/ifen\/soutien-personnalise\/","title":{"rendered":"Soutien personnalis\u00e9"},"content":{"rendered":"\n<div class=\"wp-block-cover alignfull is-light banner-page banner-page-small hide-editor\" style=\"min-height:250px;aspect-ratio:unset;\"><img loading=\"lazy\" decoding=\"async\" width=\"1920\" height=\"250\" class=\"wp-block-cover__image-background wp-image-3204\" alt=\"\" src=\"\/ifen\/wp-content\/uploads\/2023\/09\/banner-small-mauve.svg\" data-object-fit=\"cover\"\/><span aria-hidden=\"true\" class=\"wp-block-cover__background has-black-background-color has-background-dim-0 has-background-dim\"><\/span><div class=\"wp-block-cover__inner-container is-layout-flow wp-block-cover-is-layout-flow\">\n<div class=\"wp-block-group is-layout-flow wp-block-group-is-layout-flow\" data-aos=\"fade-down\">\n<div class=\"wp-block-group has-global-padding is-layout-constrained wp-block-group-is-layout-constrained\">\n<h1 class=\"wp-block-heading has-text-align-center has-primary-color has-text-color\">Soutien et accompagnement<br>professionnel et psycho-social<\/h1>\n\n\n\n<p class=\"has-text-align-center\">Faites de votre d\u00e9veloppement personnel une priorit\u00e9 !<\/p>\n<\/div>\n<\/div>\n\n\n\n<svg class=\"curve curve-bottom curve-desktop\" xmlns=\"http:\/\/www.w3.org\/2000\/svg\" width=\"100%\" height=\"77.168\" viewBox=\"0 0 1600 77.168\" preserveAspectRatio=\"none\">\n              <path id=\"Trac\u00e9_454\" data-name=\"Trac\u00e9 454\" d=\"M0,0H1600V29.331S1204.669,77.168,804.669,77.168,0,29.331,0,29.331Z\" transform=\"translate(1600 77.168) rotate(180)\" fill=\"#fff\"\/>\n          <\/svg>\n          <svg class=\"curve curve-bottom curve-mobile\" xmlns=\"http:\/\/www.w3.org\/2000\/svg\" width=\"100%\" height=\"77.168\" viewBox=\"0 0 1600 77.168\">\n              <path id=\"Trac\u00e9_454\" data-name=\"Trac\u00e9 454\" d=\"M0,0H1600V29.331S1204.669,77.168,804.669,77.168,0,29.331,0,29.331Z\" transform=\"translate(1600 77.168) rotate(180)\" fill=\"#fff\"\/>\n          <\/svg>\n<\/div><\/div>\n\n\n\n<div class=\"wp-block-group hide-editor has-global-padding is-layout-constrained wp-block-group-is-layout-constrained\">\n<a href=\"#infos-pratiques\" class=\"groupe-fixe hide-editor mauve\">\n  <svg xmlns=\"http:\/\/www.w3.org\/2000\/svg\" xmlns:xlink=\"http:\/\/www.w3.org\/1999\/xlink\" width=\"42\" height=\"42\" viewBox=\"0 0 42 42\">\n    <g id=\"Groupe_1638\" data-name=\"Groupe 1638\" transform=\"translate(-1805.341 -527.784)\">\n      <g id=\"Groupe_1637\" data-name=\"Groupe 1637\" transform=\"translate(1806.341 528.784)\">\n        <path id=\"Trac\u00e9_889\" data-name=\"Trac\u00e9 889\" d=\"M58.709,20.507a20,20,0,1,1-20-20A20,20,0,0,1,58.709,20.507Z\" transform=\"translate(-18.709 -0.507)\" fill=\"none\" stroke=\"#fff\" stroke-miterlimit=\"10\" stroke-width=\"2\"><\/path>\n        <g id=\"Groupe_1601\" data-name=\"Groupe 1601\" transform=\"translate(17.302 8.603)\">\n          <g id=\"Groupe_1600\" data-name=\"Groupe 1600\" transform=\"translate(0 0)\">\n            <path id=\"Trac\u00e9_890\" data-name=\"Trac\u00e9 890\" d=\"M.667,4.108A2.347,2.347,0,0,1,0,2.4,2.364,2.364,0,0,1,.651.667,2.289,2.289,0,0,1,2.364,0,2.341,2.341,0,0,1,4.093.667,2.339,2.339,0,0,1,4.76,2.4a2.335,2.335,0,0,1-2.4,2.4,2.27,2.27,0,0,1-1.7-.683M.348,22.028a.35.35,0,0,1-.106-.258V6.913a.352.352,0,0,1,.106-.258.353.353,0,0,1,.258-.107H4.153a.363.363,0,0,1,.364.365V21.77a.35.35,0,0,1-.106.258.353.353,0,0,1-.258.106H.606a.352.352,0,0,1-.258-.106\" transform=\"translate(0 0)\" fill=\"#fff\"><\/path>\n          <\/g>\n        <\/g>\n      <\/g>\n    <\/g>\n  <\/svg>\n  <span>Contact<\/span>\n  <\/a>\n<\/div>\n\n\n \r\n\r\n<section  class=\"wp-block-section     alignwide    \"\r\n    >\r\n\r\n    \r\n        <div class=\"acf-innerblocks-container\">\n\n<div class=\"wp-block-columns are-vertically-aligned-center wrap-mobile-col is-layout-flex wp-container-core-columns-is-layout-28f84493 wp-block-columns-is-layout-flex\" data-aos=\"fade-up\" data-aos-once=\"true\">\n<div class=\"wp-block-column is-vertically-aligned-center is-layout-flow wp-block-column-is-layout-flow\" style=\"flex-basis:41.66666667%\">\n<h2 class=\"wp-block-heading h2small has-nonary-color has-text-color has-link-color wp-elements-058deb642981768c0ddbf5e750ffae7a\" data-aos=\"fade-up\" data-aos-once=\"true\">Un accompagnement personnalis\u00e9 pour tous les professionnels de l\u2019\u00c9ducation nationale<\/h2>\n\n\n\n<div aria-hidden=\"true\" class=\"wp-block-fsb-flexible-spacer fsb-flexible-spacer\"><div class=\"fsb-flexible-spacer__device fsb-flexible-spacer__device--lg\" style=\"height:25px\"><\/div><div class=\"fsb-flexible-spacer__device fsb-flexible-spacer__device--md\" style=\"height:15px\"><\/div><div class=\"fsb-flexible-spacer__device fsb-flexible-spacer__device--sm\" style=\"height:15px\"><\/div><\/div>\n\n\n\n<p>Vous \u00eates membre du personnel enseignant ou \u00e9ducatif et psycho-social de l\u2019\u00c9ducation nationale et vous avez besoin d\u2019un accompagnement personnalis\u00e9 pour atteindre vos objectifs professionnels, r\u00e9soudre des probl\u00e8mes sp\u00e9cifiques ou approfondir votre r\u00e9flexion sur votre travail ? L\u2019IFEN est l\u00e0 pour vous, dans une approche sur mesure et flexible.<\/p>\n\n\n\n<div aria-hidden=\"true\" class=\"wp-block-fsb-flexible-spacer fsb-flexible-spacer\"><div class=\"fsb-flexible-spacer__device fsb-flexible-spacer__device--lg\" style=\"height:25px\"><\/div><div class=\"fsb-flexible-spacer__device fsb-flexible-spacer__device--md\" style=\"height:15px\"><\/div><div class=\"fsb-flexible-spacer__device fsb-flexible-spacer__device--sm\" style=\"height:15px\"><\/div><\/div>\n\n\n\n<h3 class=\"wp-block-heading has-l-font-size\">Nos intervenants<\/h3>\n\n\n\n<p>L\u2019IFEN s\u2019appuie sur un r\u00e9seau de coachs et de m\u00e9diateurs exp\u00e9riment\u00e9s, luxembourgeois ou issus de la Grande r\u00e9gion. Les professionnels auxquels nous faisons appel connaissent les sp\u00e9cificit\u00e9s du secteur \u00e9ducatif et de notre environnement.<\/p>\n<\/div>\n\n\n\n<div class=\"wp-block-column is-vertically-aligned-center editorskit-no-tablet editorskit-no-mobile is-layout-flow wp-block-column-is-layout-flow\" style=\"flex-basis:8.33333%\"><\/div>\n\n\n\n<div class=\"wp-block-column is-vertically-aligned-center is-layout-flow wp-block-column-is-layout-flow\" style=\"flex-basis:50%\">\n<figure class=\"wp-block-image size-full has-custom-border\"><img loading=\"lazy\" decoding=\"async\" width=\"800\" height=\"533\" src=\"\/ifen\/wp-content\/uploads\/2023\/07\/soutien_perso.jpg\" alt=\"\" class=\"wp-image-808\" style=\"border-radius:15px\" srcset=\"https:\/\/ssl.education.lu\/ifen\/wp-content\/uploads\/2023\/07\/soutien_perso.jpg 800w, https:\/\/ssl.education.lu\/ifen\/wp-content\/uploads\/2023\/07\/soutien_perso-600x400.jpg 600w, https:\/\/ssl.education.lu\/ifen\/wp-content\/uploads\/2023\/07\/soutien_perso-768x512.jpg 768w, https:\/\/ssl.education.lu\/ifen\/wp-content\/uploads\/2023\/07\/soutien_perso-300x200.jpg 300w\" sizes=\"auto, (max-width: 800px) 100vw, 800px\" \/><\/figure>\n<\/div>\n<\/div>\n\n\n\n<div aria-hidden=\"true\" class=\"wp-block-fsb-flexible-spacer fsb-flexible-spacer\"><div class=\"fsb-flexible-spacer__device fsb-flexible-spacer__device--lg\" style=\"height:75px\"><\/div><div class=\"fsb-flexible-spacer__device fsb-flexible-spacer__device--md\" style=\"height:50px\"><\/div><div class=\"fsb-flexible-spacer__device fsb-flexible-spacer__device--sm\" style=\"height:0px\"><\/div><\/div>\n\n\n\n<div class=\"wp-block-columns are-vertically-aligned-center wrap-mobile-col col-reverse is-layout-flex wp-container-core-columns-is-layout-28f84493 wp-block-columns-is-layout-flex\" data-aos=\"fade-up\" data-aos-once=\"true\">\n<div class=\"wp-block-column is-vertically-aligned-center is-layout-flow wp-block-column-is-layout-flow\" style=\"flex-basis:50%\">\n<figure class=\"wp-block-image size-full has-custom-border\"><img loading=\"lazy\" decoding=\"async\" width=\"1000\" height=\"667\" src=\"https:\/\/ssl.education.lu\/ifen\/wp-content\/uploads\/2024\/06\/illu_soutien_perso_2.jpg\" alt=\"\" class=\"wp-image-9538\" style=\"border-radius:15px\" srcset=\"https:\/\/ssl.education.lu\/ifen\/wp-content\/uploads\/2024\/06\/illu_soutien_perso_2.jpg 1000w, https:\/\/ssl.education.lu\/ifen\/wp-content\/uploads\/2024\/06\/illu_soutien_perso_2-600x400.jpg 600w, https:\/\/ssl.education.lu\/ifen\/wp-content\/uploads\/2024\/06\/illu_soutien_perso_2-768x512.jpg 768w, https:\/\/ssl.education.lu\/ifen\/wp-content\/uploads\/2024\/06\/illu_soutien_perso_2-18x12.jpg 18w\" sizes=\"auto, (max-width: 1000px) 100vw, 1000px\" \/><\/figure>\n<\/div>\n\n\n\n<div class=\"wp-block-column is-vertically-aligned-center editorskit-no-tablet editorskit-no-mobile is-layout-flow wp-block-column-is-layout-flow\" style=\"flex-basis:8.33333%\"><\/div>\n\n\n\n<div class=\"wp-block-column is-vertically-aligned-center is-layout-flow wp-block-column-is-layout-flow\" style=\"flex-basis:41.66666667%\">\n<div aria-hidden=\"true\" class=\"wp-block-fsb-flexible-spacer fsb-flexible-spacer\"><div class=\"fsb-flexible-spacer__device fsb-flexible-spacer__device--lg\" style=\"height:25px\"><\/div><div class=\"fsb-flexible-spacer__device fsb-flexible-spacer__device--md\" style=\"height:15px\"><\/div><div class=\"fsb-flexible-spacer__device fsb-flexible-spacer__device--sm\" style=\"height:15px\"><\/div><\/div>\n\n\n\n<p>Notre \u00e9quipe du soutien et de l\u2019accompagnement professionnel et psycho-social est \u00e0 votre \u00e9coute. Elle vous soutient et vous accompagne gr\u00e2ce \u00e0 un conseil sp\u00e9cifique et individualis\u00e9.<\/p>\n\n\n\n<p>Apr\u00e8s un premier \u00e9change (t\u00e9l\u00e9phonique ou personnel), un membre de notre \u00e9quipe vous conseillera un parcours adapt\u00e9 \u00e0 votre situation.<\/p>\n\n\n\n<p>Ce parcours peut \u00eatre compos\u00e9 de formations sp\u00e9cifiques relatives \u00e0 vos besoins, d\u2019\u00e9v\u00e8nements (conf\u00e9rence, cin\u00e9-d\u00e9bat, cercle de lecture), d\u2019un accompagnement personnalis\u00e9 (coaching individuel, de groupe, m\u00e9diation) ou d\u2019un r\u00e9seau d\u2019\u00e9change.<\/p>\n\n\n\n<p>Except\u00e9e l\u2019offre d\u2019accompagnement personnalis\u00e9 qui est d\u00e9finie avec un collaborateur de l\u2019\u00e9quipe, vous trouverez ci-dessous notre offre de prestations.<\/p>\n\n\n\n<p>L\u2019IFEN met \u00e9galement \u00e0 votre disposition une vari\u00e9t\u00e9 de ressources en lien avec le bien-\u00eatre et le d\u00e9veloppement personnel et professionnel : des articles, des podcasts, des vid\u00e9os, des outils et ouvrages. Retrouvez ces ressources sur notre site <a href=\"https:\/\/www.developpement-scolaire.lu\/\" target=\"_blank\" aria-label=\" (opens in a new tab)\" rel=\"noreferrer noopener\" class=\"ek-link\">IFEN Inspire<\/a> ou dans notre <a href=\"\/ifen\/centre-de-documentation-pedagogique\/\" target=\"_blank\" aria-label=\" (opens in a new tab)\" rel=\"noreferrer noopener\" class=\"ek-link\">Centre de documentation p\u00e9dagogique<\/a>.<\/p>\n\n\n\n<p><strong>Notre offre vous int\u00e9resse ou vous souhaitez la partager avec vos coll\u00e8gues&nbsp;? <a href=\"\/ifen\/wp-content\/uploads\/2024\/06\/Flyer_poster_soutien_perso_digital_A5_FR-1.pdf\" target=\"_blank\" aria-label=\"T\u00e9l\u00e9chargez notre flyer (opens in a new tab)\" rel=\"noreferrer noopener\" class=\"ek-link\">T\u00e9l\u00e9chargez notre flyer<\/a>&nbsp;!<\/strong><\/p>\n<\/div>\n<\/div>\n\n<\/div>    \r\n<\/section>\n\n\n<div aria-hidden=\"true\" class=\"wp-block-fsb-flexible-spacer fsb-flexible-spacer\"><div class=\"fsb-flexible-spacer__device fsb-flexible-spacer__device--lg\" style=\"height:100px\"><\/div><div class=\"fsb-flexible-spacer__device fsb-flexible-spacer__device--md\" style=\"height:50px\"><\/div><div class=\"fsb-flexible-spacer__device fsb-flexible-spacer__device--sm\" style=\"height:75px\"><\/div><\/div>\n\n\n\n<div aria-hidden=\"true\" class=\"wp-block-fsb-flexible-spacer fsb-flexible-spacer\" id=\"infos-pratiques\"><div class=\"fsb-flexible-spacer__device fsb-flexible-spacer__device--lg\" style=\"height:150px\"><\/div><div class=\"fsb-flexible-spacer__device fsb-flexible-spacer__device--md\" style=\"height:150px\"><\/div><div class=\"fsb-flexible-spacer__device fsb-flexible-spacer__device--sm\" style=\"height:150px\"><\/div><\/div>\n\n\n \r\n\r\n<section  class=\"wp-block-section     alignfull    \"\r\n                    \r\n                        style=\"background: rgb(227,221,232)\"\r\n        \r\n        \r\n    >\r\n\r\n                        <div class=\"shape-section shape-section-top\">\r\n                <svg xmlns=\"http:\/\/www.w3.org\/2000\/svg\" xmlns:xlink=\"http:\/\/www.w3.org\/1999\/xlink\" width=\"100%\" height=\"87\" viewBox=\"0 0 1921 87\" preserveAspectRatio=\"none\">\r\n                    <g id=\"Groupe_d\u00e9filant_42\" data-name=\"Groupe d\u00e9filant 42\" transform=\"translate(0 -99)\" style=\"isolation: isolate\">\r\n                        <g id=\"Groupe_d\u00e9filant_43\" data-name=\"Groupe d\u00e9filant 43\" transform=\"translate(0 0)\" style=\"isolation: isolate\">\r\n                        <g id=\"Groupe_933\" data-name=\"Groupe 933\" transform=\"translate(0 0)\">\r\n                            <g id=\"Groupe_737\" data-name=\"Groupe 737\" transform=\"translate(0 0)\">\r\n                            <g id=\"Groupe_736\" data-name=\"Groupe 736\" transform=\"translate(-3953.287 105.034)\">\r\n                                <path style=\"fill:rgb(227,221,232)\"  id=\"Trac\u00e9_472\" data-name=\"Trac\u00e9 472\" d=\"M7.906-402.606c1825.143-1234.975,4696.423-1612.721,7144.4-940.023,1138.806,313,2098.365,826.758,2774.82,1485.924l37.407,36.5L9419.413,461.351l-46.566-46.339C8770.1-185.4,7905.633-652.907,6873.094-936.523,4672.52-1541.17,2104.279-1194.435,481.472-73.732L422.953-33.376l-462.211-337.5Z\" transform=\"translate(39.258 1672.364)\"\/>\r\n                            <\/g>\r\n                            <\/g>\r\n                        <\/g>\r\n                        <\/g>\r\n                    <\/g>\r\n                <\/svg>\r\n            <\/div> \r\n         \r\n                    <div class=\"shape-section shape-section-bottom\">\r\n                <svg xmlns=\"http:\/\/www.w3.org\/2000\/svg\" xmlns:xlink=\"http:\/\/www.w3.org\/1999\/xlink\" width=\"100%\" height=\"93\" viewBox=\"0 0 1921 93\" preserveAspectRatio=\"none\">\r\n                    <g id=\"Groupe_d\u00e9filant_42\" data-name=\"Groupe d\u00e9filant 42\" transform=\"translate(0 -543)\" style=\"isolation: isolate\">\r\n                        <g id=\"Groupe_d\u00e9filant_43\" data-name=\"Groupe d\u00e9filant 43\" transform=\"translate(0 0)\" style=\"isolation: isolate\">\r\n                        <g id=\"Groupe_933\" data-name=\"Groupe 933\" transform=\"translate(0 0)\">\r\n                            <g id=\"Groupe_737\" data-name=\"Groupe 737\" transform=\"translate(0 0)\">\r\n                            <g id=\"Groupe_736\" data-name=\"Groupe 736\" transform=\"translate(-3953.287 105.034)\">\r\n                                <path style=\"fill:rgb(227,221,232)\" id=\"Trac\u00e9_472\" data-name=\"Trac\u00e9 472\" d=\"M7.906-402.606c1825.143-1234.975,4696.423-1612.721,7144.4-940.023,1138.806,313,2098.365,826.758,2774.82,1485.924l37.407,36.5L9419.413,461.351l-46.566-46.339C8770.1-185.4,7905.633-652.907,6873.094-936.523,4672.52-1541.17,2104.279-1194.435,481.472-73.732L422.953-33.376l-462.211-337.5Z\" transform=\"translate(39.258 1672.364)\"\/>\r\n                            <\/g>\r\n                            <\/g>\r\n                        <\/g>\r\n                        <\/g>\r\n                    <\/g>\r\n                <\/svg>\r\n            <\/div>\r\n         \r\n    \r\n        <div class=\"acf-innerblocks-container\">\n \r\n\r\n<section  class=\"wp-block-section     alignwide    \"\r\n    >\r\n\r\n    \r\n        <div class=\"acf-innerblocks-container\">\n\n<div aria-hidden=\"true\" class=\"wp-block-fsb-flexible-spacer fsb-flexible-spacer\"><div class=\"fsb-flexible-spacer__device fsb-flexible-spacer__device--lg\" style=\"margin-bottom:-100px\"><\/div><div class=\"fsb-flexible-spacer__device fsb-flexible-spacer__device--md\" style=\"margin-bottom:-100px\"><\/div><div class=\"fsb-flexible-spacer__device fsb-flexible-spacer__device--sm\" style=\"margin-bottom:-100px\"><\/div><\/div>\n\n\n\n<h2 class=\"wp-block-heading has-text-align-center h2small\">D\u00e9couvrez notre offre de prestations<\/h2>\n\n\n\n<p class=\"has-text-align-center\"><em>Pour l\u2019offre d\u2019accompagnement personnalis\u00e9, veuillez prendre contact avec l\u2019\u00e9quipe pour une entrevue individuelle<\/em><\/p>\n\n\n\n<div aria-hidden=\"true\" class=\"wp-block-fsb-flexible-spacer fsb-flexible-spacer\"><div class=\"fsb-flexible-spacer__device fsb-flexible-spacer__device--lg\" style=\"height:10px\"><\/div><div class=\"fsb-flexible-spacer__device fsb-flexible-spacer__device--md\" style=\"height:10px\"><\/div><div class=\"fsb-flexible-spacer__device fsb-flexible-spacer__device--sm\" style=\"height:10px\"><\/div><\/div>\n\n\n\n<div class=\"wp-block-buttons is-content-justification-center is-layout-flex wp-container-core-buttons-is-layout-a89b3969 wp-block-buttons-is-layout-flex\">\n<div class=\"wp-block-button btn-picto mauve\"><a class=\"wp-block-button__link wp-element-button\" href=\"https:\/\/ssl.education.lu\/ifen\/catalog\/search?formats=6007&amp;thematics=19005\" target=\"_blank\" rel=\"noreferrer noopener\">Coaching individuel<\/a><\/div>\n\n\n\n<div class=\"wp-block-button btn-picto mauve\"><a class=\"wp-block-button__link wp-element-button\" href=\"https:\/\/ssl.education.lu\/ifen\/catalog\/search?formats=6018&amp;thematics=19005\" target=\"_blank\" rel=\"noreferrer noopener\">Coaching de groupe<\/a><\/div>\n<\/div>\n\n\n\n<div aria-hidden=\"true\" class=\"wp-block-fsb-flexible-spacer fsb-flexible-spacer\"><div class=\"fsb-flexible-spacer__device fsb-flexible-spacer__device--lg\" style=\"height:30px\"><\/div><div class=\"fsb-flexible-spacer__device fsb-flexible-spacer__device--md\" style=\"height:30px\"><\/div><div class=\"fsb-flexible-spacer__device fsb-flexible-spacer__device--sm\" style=\"height:30px\"><\/div><\/div>\n\n\n\n<div class=\"wp-block-buttons is-content-justification-center is-layout-flex wp-container-core-buttons-is-layout-a89b3969 wp-block-buttons-is-layout-flex\">\n<div class=\"wp-block-button btn-picto mauve\"><a class=\"wp-block-button__link wp-element-button\" href=\"https:\/\/ssl.education.lu\/ifen\/catalog\/search?formats=6013&amp;thematics=19005\" target=\"_blank\" rel=\"noreferrer noopener\">M\u00e9diation<\/a><\/div>\n\n\n\n<div class=\"wp-block-button btn-picto mauve\"><a class=\"wp-block-button__link wp-element-button\" href=\"https:\/\/ssl.education.lu\/ifen\/catalog\/search?thematics=19005\" target=\"_blank\" rel=\"noreferrer noopener\">Formation<\/a><\/div>\n<\/div>\n\n<\/div>    \r\n<\/section>\n\n\n<div aria-hidden=\"true\" class=\"wp-block-fsb-flexible-spacer fsb-flexible-spacer\"><div class=\"fsb-flexible-spacer__device fsb-flexible-spacer__device--lg\" style=\"height:80px\"><\/div><div class=\"fsb-flexible-spacer__device fsb-flexible-spacer__device--md\" style=\"height:80px\"><\/div><div class=\"fsb-flexible-spacer__device fsb-flexible-spacer__device--sm\" style=\"height:80px\"><\/div><\/div>\n\n<\/div>    \r\n<\/section>\n\n\n<div aria-hidden=\"true\" class=\"wp-block-fsb-flexible-spacer fsb-flexible-spacer\"><div class=\"fsb-flexible-spacer__device fsb-flexible-spacer__device--lg\" style=\"height:85px\"><\/div><div class=\"fsb-flexible-spacer__device fsb-flexible-spacer__device--md\" style=\"height:85px\"><\/div><div class=\"fsb-flexible-spacer__device fsb-flexible-spacer__device--sm\" style=\"height:85px\"><\/div><\/div>\n\n\n \r\n\r\n<section data-aos-once=\"true\" data-aos=\"fade-up\"  class=\"wp-block-section     alignfull  hide-scroll section-contact  align-center \"\r\n                    \r\n                        style=\"background: rgb(114,83,142)\"\r\n        \r\n        \r\n    >\r\n\r\n                        <div class=\"shape-section shape-section-top\">\r\n                <svg xmlns=\"http:\/\/www.w3.org\/2000\/svg\" xmlns:xlink=\"http:\/\/www.w3.org\/1999\/xlink\" width=\"100%\" height=\"87\" viewBox=\"0 0 1921 87\" preserveAspectRatio=\"none\">\r\n                    <g id=\"Groupe_d\u00e9filant_42\" data-name=\"Groupe d\u00e9filant 42\" transform=\"translate(0 -99)\" style=\"isolation: isolate\">\r\n                        <g id=\"Groupe_d\u00e9filant_43\" data-name=\"Groupe d\u00e9filant 43\" transform=\"translate(0 0)\" style=\"isolation: isolate\">\r\n                        <g id=\"Groupe_933\" data-name=\"Groupe 933\" transform=\"translate(0 0)\">\r\n                            <g id=\"Groupe_737\" data-name=\"Groupe 737\" transform=\"translate(0 0)\">\r\n                            <g id=\"Groupe_736\" data-name=\"Groupe 736\" transform=\"translate(-3953.287 105.034)\">\r\n                                <path style=\"fill:rgb(114,83,142)\"  id=\"Trac\u00e9_472\" data-name=\"Trac\u00e9 472\" d=\"M7.906-402.606c1825.143-1234.975,4696.423-1612.721,7144.4-940.023,1138.806,313,2098.365,826.758,2774.82,1485.924l37.407,36.5L9419.413,461.351l-46.566-46.339C8770.1-185.4,7905.633-652.907,6873.094-936.523,4672.52-1541.17,2104.279-1194.435,481.472-73.732L422.953-33.376l-462.211-337.5Z\" transform=\"translate(39.258 1672.364)\"\/>\r\n                            <\/g>\r\n                            <\/g>\r\n                        <\/g>\r\n                        <\/g>\r\n                    <\/g>\r\n                <\/svg>\r\n            <\/div> \r\n         \r\n         \r\n    \r\n        <div class=\"acf-innerblocks-container\">\n \r\n\r\n<section  class=\"wp-block-section     alignwide    \"\r\n    >\r\n\r\n    \r\n        <div class=\"acf-innerblocks-container\">\n\n<h2 class=\"wp-block-heading has-text-color\" style=\"color:#ffffff\">Contactez-nous<\/h2>\n\n\n\n<div class=\"wp-block-group has-global-padding is-layout-constrained wp-block-group-is-layout-constrained\">\n<p class=\"has-text-color has-link-color wp-elements-b75e29f545c7b6f10a38652916341f5c\" style=\"color:#ffffff\">Un point de contact unique a \u00e9t\u00e9 mis en place pour accueillir vos demandes de soutien et d\u2019accompagnement professionnel et psycho-social.<\/p>\n\n\n\n<p class=\"has-text-color has-link-color has-xl-font-size wp-elements-dfc5ca4ca7959a9ab8ec8c914373cd97\" style=\"color:#ffffff;font-style:normal;font-weight:400\"><a href=\"tel:0035224785208\" class=\"ek-link\"><\/a><a href=\"tel:0035224795180\">(+352) 247-95180<\/a><\/p>\n\n\n\n<p class=\"has-text-color has-link-color has-xl-font-size wp-elements-bddb1fb81b21f2fd131824799e20eaf8\" style=\"color:#ffffff;font-style:normal;font-weight:400\"><a href=\"mailto:foco@ifen.lu\" class=\"ek-link\"><\/a><a href=\"mailto:soutienperso@ifen.lu\">soutienperso@ifen.lu<\/a><\/p>\n<\/div>\n\n\n\n<div aria-hidden=\"true\" class=\"wp-block-fsb-flexible-spacer fsb-flexible-spacer\"><div class=\"fsb-flexible-spacer__device fsb-flexible-spacer__device--lg\" style=\"height:80px\"><\/div><div class=\"fsb-flexible-spacer__device fsb-flexible-spacer__device--md\" style=\"height:80px\"><\/div><div class=\"fsb-flexible-spacer__device fsb-flexible-spacer__device--sm\" style=\"height:80px\"><\/div><\/div>\n\n<\/div>    \r\n<\/section>\n<\/div>    \r\n<\/section>","protected":false},"excerpt":{"rendered":"<p>Contact<\/p>\n","protected":false},"author":1,"featured_media":0,"parent":0,"menu_order":0,"comment_status":"closed","ping_status":"closed","template":"","meta":{"_eb_attr":"","_editorskit_title_hidden":false,"_editorskit_reading_time":0,"_editorskit_is_block_options_detached":false,"_editorskit_block_options_position":"{}","inline_featured_image":false,"footnotes":""},"class_list":["post-3063","page","type-page","status-publish","hentry","etat-valide"],"acf":{"espace_type":""},"_links":{"self":[{"href":"https:\/\/ssl.education.lu\/ifen\/wp-json\/wp\/v2\/pages\/3063","targetHints":{"allow":["GET"]}}],"collection":[{"href":"https:\/\/ssl.education.lu\/ifen\/wp-json\/wp\/v2\/pages"}],"about":[{"href":"https:\/\/ssl.education.lu\/ifen\/wp-json\/wp\/v2\/types\/page"}],"author":[{"embeddable":true,"href":"https:\/\/ssl.education.lu\/ifen\/wp-json\/wp\/v2\/users\/1"}],"replies":[{"embeddable":true,"href":"https:\/\/ssl.education.lu\/ifen\/wp-json\/wp\/v2\/comments?post=3063"}],"version-history":[{"count":394,"href":"https:\/\/ssl.education.lu\/ifen\/wp-json\/wp\/v2\/pages\/3063\/revisions"}],"predecessor-version":[{"id":15351,"href":"https:\/\/ssl.education.lu\/ifen\/wp-json\/wp\/v2\/pages\/3063\/revisions\/15351"}],"wp:attachment":[{"href":"https:\/\/ssl.education.lu\/ifen\/wp-json\/wp\/v2\/media?parent=3063"}],"curies":[{"name":"wp","href":"https:\/\/api.w.org\/{rel}","templated":true}]}}