

{"id":2278,"date":"2023-08-31T07:59:45","date_gmt":"2023-08-31T05:59:45","guid":{"rendered":"\/ifen\/?page_id=2278"},"modified":"2024-06-24T10:09:07","modified_gmt":"2024-06-24T08:09:07","slug":"enseignant-fonctionnaire-de-lenseignement-secondaire","status":"publish","type":"page","link":"\/ifen\/je-suis\/stagiaire\/enseignant-fonctionnaire-de-lenseignement-secondaire\/","title":{"rendered":"Enseignant fonctionnaire\u00a0de l&rsquo;enseignement secondaire\u00a0"},"content":{"rendered":"\n<div class=\"wp-block-cover alignfull is-light banner-page banner-page-small hide-editor\" style=\"min-height:250px;aspect-ratio:unset;\"><span aria-hidden=\"true\" class=\"wp-block-cover__background has-black-background-color has-background-dim-0 has-background-dim\"><\/span><img loading=\"lazy\" decoding=\"async\" width=\"1920\" height=\"250\" class=\"wp-block-cover__image-background wp-image-3797\" alt=\"\" src=\"\/ifen\/wp-content\/uploads\/2023\/09\/banner-small-bleu-1.svg\" data-object-fit=\"cover\"\/><div class=\"wp-block-cover__inner-container is-layout-flow wp-block-cover-is-layout-flow\">\n<div class=\"wp-block-group has-global-padding is-layout-constrained wp-container-core-group-is-layout-704e782a wp-block-group-is-layout-constrained\" data-aos=\"fade-up\">\n<h1 class=\"wp-block-heading has-text-align-center has-primary-color has-text-color\">Stage des enseignants fonctionnaires de l\u2019enseignement secondaire et de la formation des adultes<\/h1>\n<\/div>\n\n\n\n<svg class=\"curve curve-bottom curve-desktop\" xmlns=\"http:\/\/www.w3.org\/2000\/svg\" width=\"100%\" height=\"77.168\" viewBox=\"0 0 1600 77.168\" preserveAspectRatio=\"none\">\n            <path id=\"Trac\u00e9_454\" data-name=\"Trac\u00e9 454\" d=\"M0,0H1600V29.331S1204.669,77.168,804.669,77.168,0,29.331,0,29.331Z\" transform=\"translate(1600 77.168) rotate(180)\" fill=\"#fff\"\/>\n        <\/svg>\n<svg class=\"curve curve-bottom curve-mobile\" xmlns=\"http:\/\/www.w3.org\/2000\/svg\" width=\"100%\" height=\"77.168\" viewBox=\"0 0 1600 77.168\">\n            <path id=\"Trac\u00e9_454\" data-name=\"Trac\u00e9 454\" d=\"M0,0H1600V29.331S1204.669,77.168,804.669,77.168,0,29.331,0,29.331Z\" transform=\"translate(1600 77.168) rotate(180)\" fill=\"#fff\"\/>\n        <\/svg>\n<\/div><\/div>\n\n\n \r\n\r\n<section  class=\"wp-block-section     alignwide    \"\r\n    >\r\n\r\n    \r\n        <div class=\"acf-innerblocks-container\">\n\n<p class=\"back\"><a href=\"\/ifen\/je-suis\/stagiaire\/\" class=\"ek-link\">Retour<\/a><\/p>\n\n\n\n<div class=\"wp-block-group text-intro is-layout-flow wp-block-group-is-layout-flow\">\n<p class=\"has-text-align-center\">Vous d\u00e9butez votre carri\u00e8re d&rsquo;enseignant aupr\u00e8s du Minist\u00e8re de l\u2019\u00c9ducation nationale, de l\u2019Enfance et de la Jeunesse. Cette rubrique d\u00e9crit l\u2019organisation de votre p\u00e9riode d\u2019insertion professionnelle. La <strong>division du stage des enseignants de l\u2019enseignement secondaire et de la formation des adultes\u00a0<\/strong>vous guide, vous appuie et vous fournit tous les \u00e9l\u00e9ments d\u2019information indispensables \u00e0 un d\u00e9roulement serein de votre stage.<\/p>\n<\/div>\n\n\n\n<div class=\"wp-block-group horizontal-scroll-wrapper horizontal-scroll-wrapper-sidebar hide-editor is-layout-flow wp-block-group-is-layout-flow\">\n<p class=\"back\"><a href=\"\/ifen\/je-suis\/stagiaire\/enseignant-fonctionnaire-de-lenseignement-secondaire\/\" data-type=\"page\" data-id=\"2286\">Retour<\/a><\/p>\n\n\n\n<div class=\"wp-block-group sidebar hide-editor bleu horizontal-scroll is-layout-flow wp-block-group-is-layout-flow\">\n<div class=\"wp-block-group sidebar-group is-layout-flow wp-block-group-is-layout-flow\">\n<div class=\"wp-block-group sidebar-title horizontal-scroll-button is-layout-flow wp-block-group-is-layout-flow\">\n<svg xmlns=\"http:\/\/www.w3.org\/2000\/svg\" xmlns:xlink=\"http:\/\/www.w3.org\/1999\/xlink\" width=\"87.638\" height=\"79.234\" viewBox=\"0 0 87.638 79.234\">\n  <g id=\"Groupe_1010\" data-name=\"Groupe 1010\" transform=\"translate(0 0)\">\n    <rect id=\"Rectangle_260\" data-name=\"Rectangle 260\" width=\"19.287\" height=\"7.128\" transform=\"translate(21.869 58.171)\" fill=\"none\" stroke=\"#ea528e\" stroke-linecap=\"round\" stroke-linejoin=\"round\" stroke-width=\"1.5\"\/>\n    <g id=\"Groupe_857\" data-name=\"Groupe 857\" transform=\"translate(0 0)\">\n      <g id=\"Groupe_856\" data-name=\"Groupe 856\">\n        <path id=\"Trac\u00e9_527\" data-name=\"Trac\u00e9 527\" d=\"M30.634,50.017a5.265,5.265,0,1,1-10.53,0\" transform=\"translate(6.143 15.282)\" fill=\"none\" stroke=\"#ea528e\" stroke-linecap=\"round\" stroke-linejoin=\"round\" stroke-width=\"1.5\"\/>\n        <path id=\"Trac\u00e9_528\" data-name=\"Trac\u00e9 528\" d=\"M24.137,54.05h0a8.017,8.017,0,0,0,8.017,8.017H55.8\" transform=\"translate(7.375 16.514)\" fill=\"none\" stroke=\"#ea528e\" stroke-linecap=\"round\" stroke-linejoin=\"round\" stroke-width=\"1.5\"\/>\n        <path id=\"Trac\u00e9_529\" data-name=\"Trac\u00e9 529\" d=\"M20.327,50.151h16.2a1.357,1.357,0,0,0,1.239-.858l.38-1.048a27.375,27.375,0,0,1,4.384-7.908,19.662,19.662,0,0,0,3.525-7.051,18.186,18.186,0,0,0-32.11-15.435,18.082,18.082,0,0,0,.191,22.295,25.386,25.386,0,0,1,4.573,8.195l.381,1.048A1.374,1.374,0,0,0,20.327,50.151Zm-.191-21.819a2.242,2.242,0,0,1,3.144,0l3.336,3.336,7.147-7.147a2.223,2.223,0,0,1,3.144,3.144L28.14,36.431a2.255,2.255,0,0,1-1.525.667,1.9,1.9,0,0,1-1.525-.667l-4.859-4.859A2.276,2.276,0,0,1,20.136,28.331Z\" transform=\"translate(3.114 3.264)\" fill=\"none\" stroke=\"#ea528e\" stroke-linecap=\"round\" stroke-linejoin=\"round\" stroke-width=\"1.5\"\/>\n        <line id=\"Ligne_84\" data-name=\"Ligne 84\" y1=\"8.575\" transform=\"translate(31.892 0.652)\" fill=\"none\" stroke=\"#ea528e\" stroke-linecap=\"round\" stroke-linejoin=\"round\" stroke-width=\"1.5\"\/>\n        <line id=\"Ligne_85\" data-name=\"Ligne 85\" x1=\"4.287\" y1=\"7.426\" transform=\"translate(16.231 4.781)\" fill=\"none\" stroke=\"#ea528e\" stroke-linecap=\"round\" stroke-linejoin=\"round\" stroke-width=\"1.5\"\/>\n        <line id=\"Ligne_86\" data-name=\"Ligne 86\" x1=\"7.426\" y1=\"4.287\" transform=\"translate(4.507 16.295)\" fill=\"none\" stroke=\"#ea528e\" stroke-linecap=\"round\" stroke-linejoin=\"round\" stroke-width=\"1.5\"\/>\n        <line id=\"Ligne_87\" data-name=\"Ligne 87\" y1=\"4.287\" x2=\"7.426\" transform=\"translate(4.507 43.461)\" fill=\"none\" stroke=\"#ea528e\" stroke-linecap=\"round\" stroke-linejoin=\"round\" stroke-width=\"1.5\"\/>\n        <line id=\"Ligne_88\" data-name=\"Ligne 88\" x1=\"8.575\" transform=\"translate(0.652 32.066)\" fill=\"none\" stroke=\"#ea528e\" stroke-linecap=\"round\" stroke-linejoin=\"round\" stroke-width=\"1.5\"\/>\n        <line id=\"Ligne_89\" data-name=\"Ligne 89\" y1=\"7.426\" x2=\"4.287\" transform=\"translate(43.498 4.781)\" fill=\"none\" stroke=\"#ea528e\" stroke-linecap=\"round\" stroke-linejoin=\"round\" stroke-width=\"1.5\"\/>\n        <line id=\"Ligne_90\" data-name=\"Ligne 90\" y1=\"4.287\" x2=\"7.426\" transform=\"translate(52.083 16.295)\" fill=\"none\" stroke=\"#ea528e\" stroke-linecap=\"round\" stroke-linejoin=\"round\" stroke-width=\"1.5\"\/>\n        <line id=\"Ligne_91\" data-name=\"Ligne 91\" x1=\"7.426\" y1=\"4.287\" transform=\"translate(52.083 43.461)\" fill=\"none\" stroke=\"#ea528e\" stroke-linecap=\"round\" stroke-linejoin=\"round\" stroke-width=\"1.5\"\/>\n        <line id=\"Ligne_92\" data-name=\"Ligne 92\" x2=\"8.575\" transform=\"translate(54.789 32.066)\" fill=\"none\" stroke=\"#ea528e\" stroke-linecap=\"round\" stroke-linejoin=\"round\" stroke-width=\"1.5\"\/>\n        <path id=\"Trac\u00e9_530\" data-name=\"Trac\u00e9 530\" d=\"M58.116,62.793l-9.729-3.3L62.326,18.448a2.725,2.725,0,0,1,3.457-1.7L70.353,18.3a2.724,2.724,0,0,1,1.7,3.456Z\" transform=\"translate(14.784 5.072)\" fill=\"none\" stroke=\"#ea528e\" stroke-linecap=\"round\" stroke-linejoin=\"round\" stroke-width=\"1.5\"\/>\n        <path id=\"Trac\u00e9_531\" data-name=\"Trac\u00e9 531\" d=\"M48.387,49.451l2.025,10.012,7.7-6.708\" transform=\"translate(14.784 15.109)\" fill=\"none\" stroke=\"#ea528e\" stroke-linecap=\"round\" stroke-linejoin=\"round\" stroke-width=\"1.5\"\/>\n      <\/g>\n    <\/g>\n  <\/g>\n<\/svg>\n\n\n\n<h3 class=\"wp-block-heading\"><a href=\"\/ifen\/je-suis\/stagiaire\/enseignant-fonctionnaire-de-lenseignement-secondaire\/concept\/\" class=\"ek-link\">Concept<\/a><\/h3>\n\n\n\n<svg xmlns=\"http:\/\/www.w3.org\/2000\/svg\" width=\"15.387\" height=\"7.414\" viewBox=\"0 0 15.387 7.414\">\n  <path id=\"Trac\u00e9_595\" data-name=\"Trac\u00e9 595\" d=\"M3759-2220.135l6.285,5.008,6.292-5.008\" transform=\"translate(-3757.595 2221.54)\" fill=\"none\" stroke=\"#ea528e\" stroke-linecap=\"round\" stroke-linejoin=\"round\" stroke-width=\"2\"\/>\n<\/svg>\n<\/div>\n\n\n\n<ul class=\"wp-block-list\">\n<li><a href=\"\/ifen\/je-suis\/stagiaire\/enseignant-fonctionnaire-de-lenseignement-secondaire\/concept\/#contexte\" class=\"ek-link\">Contexte<\/a><\/li>\n\n\n\n<li><a href=\"\/ifen\/je-suis\/stagiaire\/enseignant-fonctionnaire-de-lenseignement-secondaire\/concept\/#missions\" class=\"ek-link\">Missions de l&rsquo;enseignant<\/a><\/li>\n\n\n\n<li><a href=\"\/ifen\/je-suis\/stagiaire\/enseignant-fonctionnaire-de-lenseignement-secondaire\/concept\/#referentiel-de-competences\" class=\"ek-link\">R\u00e9f\u00e9rentiel de comp\u00e9tences<\/a><\/li>\n\n\n\n<li><a href=\"\/ifen\/je-suis\/stagiaire\/enseignant-fonctionnaire-de-lenseignement-secondaire\/concept\/#objectifs\">Objectifs du stage<\/a><\/li>\n\n\n\n<li><a href=\"\/ifen\/je-suis\/stagiaire\/enseignant-fonctionnaire-de-lenseignement-secondaire\/concept\/#cadre-conceptuel\" class=\"ek-link\">Cadre conceptuel<\/a><\/li>\n\n\n\n<li><a href=\"\/ifen\/je-suis\/stagiaire\/enseignant-fonctionnaire-de-lenseignement-secondaire\/concept\/#cadre-legislatif-et-reglementaire\" class=\"ek-link\">Cadre l\u00e9gislatif et r\u00e9glementaire<\/a><\/li>\n<\/ul>\n<\/div>\n\n\n\n<div class=\"wp-block-group sidebar-group is-layout-flow wp-block-group-is-layout-flow\">\n<div class=\"wp-block-group sidebar-title horizontal-scroll-button is-layout-flow wp-block-group-is-layout-flow\">\n<svg xmlns=\"http:\/\/www.w3.org\/2000\/svg\" xmlns:xlink=\"http:\/\/www.w3.org\/1999\/xlink\" width=\"90.496\" height=\"67.62\" viewBox=\"0 0 90.496 67.62\">\n  <g id=\"Groupe_1016\" data-name=\"Groupe 1016\" transform=\"translate(0 0)\">\n    <g id=\"Groupe_869\" data-name=\"Groupe 869\" transform=\"translate(0 0)\">\n      <path id=\"Trac\u00e9_539\" data-name=\"Trac\u00e9 539\" d=\"M47.308,23.5A11.822,11.822,0,1,1,35.486,11.684,11.822,11.822,0,0,1,47.308,23.5Z\" transform=\"translate(9.889 4.882)\" fill=\"none\" stroke=\"#ea528e\" stroke-miterlimit=\"10\" stroke-width=\"1.5\"\/>\n      <path id=\"Trac\u00e9_540\" data-name=\"Trac\u00e9 540\" d=\"M60.09,55.061H16.08v-4.7a22,22,0,1,1,44.01,0Z\" transform=\"translate(6.72 11.85)\" fill=\"none\" stroke=\"#ea528e\" stroke-miterlimit=\"10\" stroke-width=\"1.5\"\/>\n      <path id=\"Trac\u00e9_541\" data-name=\"Trac\u00e9 541\" d=\"M63.513,12.321A11.822,11.822,0,1,1,51.692.5,11.821,11.821,0,0,1,63.513,12.321Z\" transform=\"translate(16.661 0.209)\" fill=\"none\" stroke=\"#ea528e\" stroke-miterlimit=\"10\" stroke-width=\"1.5\"\/>\n      <path id=\"Trac\u00e9_542\" data-name=\"Trac\u00e9 542\" d=\"M40.339,19.885a22.011,22.011,0,0,1,32.591,19.3v4.7H46.914\" transform=\"translate(16.857 7.177)\" fill=\"none\" stroke=\"#ea528e\" stroke-miterlimit=\"10\" stroke-width=\"1.5\"\/>\n      <path id=\"Trac\u00e9_543\" data-name=\"Trac\u00e9 543\" d=\"M7.28,12.321A11.822,11.822,0,1,0,19.1.5,11.821,11.821,0,0,0,7.28,12.321Z\" transform=\"translate(3.042 0.209)\" fill=\"none\" stroke=\"#ea528e\" stroke-miterlimit=\"10\" stroke-width=\"1.5\"\/>\n      <path id=\"Trac\u00e9_544\" data-name=\"Trac\u00e9 544\" d=\"M33.091,19.885A22.011,22.011,0,0,0,.5,39.181v4.7H25.629\" transform=\"translate(0.209 7.177)\" fill=\"none\" stroke=\"#ea528e\" stroke-miterlimit=\"10\" stroke-width=\"1.5\"\/>\n    <\/g>\n  <\/g>\n<\/svg>\n\n\n\n<h3 class=\"wp-block-heading\"><a href=\"\/ifen\/je-suis\/stagiaire\/enseignant-fonctionnaire-de-lenseignement-secondaire\/intervenants\/\" class=\"ek-link\">Intervenants<\/a><\/h3>\n\n\n\n<svg xmlns=\"http:\/\/www.w3.org\/2000\/svg\" width=\"15.387\" height=\"7.414\" viewBox=\"0 0 15.387 7.414\">\n  <path id=\"Trac\u00e9_595\" data-name=\"Trac\u00e9 595\" d=\"M3759-2220.135l6.285,5.008,6.292-5.008\" transform=\"translate(-3757.595 2221.54)\" fill=\"none\" stroke=\"#ea528e\" stroke-linecap=\"round\" stroke-linejoin=\"round\" stroke-width=\"2\"\/>\n<\/svg>\n<\/div>\n\n\n\n<ul class=\"wp-block-list\">\n<li><a href=\"\/ifen\/je-suis\/stagiaire\/enseignant-fonctionnaire-de-lenseignement-secondaire\/intervenants\/#division-stage-es-fa\" class=\"ek-link\">Division du stage ES-FA<\/a><\/li>\n\n\n\n<li><a href=\"\/ifen\/je-suis\/stagiaire\/enseignant-fonctionnaire-de-lenseignement-secondaire\/intervenants\/#directeur-de-region\" class=\"ek-link\">Directeur d\u2019\u00e9tablissement<\/a><\/li>\n\n\n\n<li><a href=\"\/ifen\/je-suis\/stagiaire\/enseignant-fonctionnaire-de-lenseignement-secondaire\/intervenants\/#coordinateur-de-stage\">Coordinateur de stage<\/a><\/li>\n\n\n\n<li><a href=\"\/ifen\/je-suis\/stagiaire\/enseignant-fonctionnaire-de-lenseignement-secondaire\/intervenants\/#conseiller-didactique\" class=\"ek-link\">Conseiller didactique<\/a><\/li>\n\n\n\n<li><a href=\"\/ifen\/je-suis\/stagiaire\/enseignant-fonctionnaire-de-lenseignement-secondaire\/intervenants\/#conseiller-pedagogique\" class=\"ek-link\">Conseiller p\u00e9dagogique<\/a><\/li>\n\n\n\n<li><a href=\"\/ifen\/je-suis\/stagiaire\/enseignant-fonctionnaire-de-lenseignement-secondaire\/intervenants\/#formateur\" class=\"ek-link\">Formateur<\/a><\/li>\n<\/ul>\n<\/div>\n\n\n\n<div class=\"wp-block-group sidebar-group is-layout-flow wp-block-group-is-layout-flow\">\n<div class=\"wp-block-group sidebar-title horizontal-scroll-button is-layout-flow wp-block-group-is-layout-flow\">\n<svg xmlns=\"http:\/\/www.w3.org\/2000\/svg\" xmlns:xlink=\"http:\/\/www.w3.org\/1999\/xlink\" width=\"80.24\" height=\"77.916\" viewBox=\"0 0 80.24 77.916\">\n  <g id=\"Groupe_1011\" data-name=\"Groupe 1011\" transform=\"translate(0 0)\">\n    <g id=\"Groupe_860\" data-name=\"Groupe 860\" transform=\"translate(0 0)\">\n      <g id=\"Groupe_859\" data-name=\"Groupe 859\">\n        <path id=\"Trac\u00e9_532\" data-name=\"Trac\u00e9 532\" d=\"M79.2,76.88H.5V.5H79.2Z\" transform=\"translate(0.268 0.268)\" fill=\"none\" stroke=\"#ea528e\" stroke-linecap=\"round\" stroke-linejoin=\"round\" stroke-width=\"1.5\"\/>\n        <line id=\"Ligne_93\" data-name=\"Ligne 93\" y1=\"75.42\" transform=\"translate(20.958 0.767)\" fill=\"none\" stroke=\"#ea528e\" stroke-linecap=\"round\" stroke-linejoin=\"round\" stroke-width=\"1.5\"\/>\n        <line id=\"Ligne_94\" data-name=\"Ligne 94\" y1=\"75.42\" transform=\"translate(40.12 0.767)\" fill=\"none\" stroke=\"#ea528e\" stroke-linecap=\"round\" stroke-linejoin=\"round\" stroke-width=\"1.5\"\/>\n        <line id=\"Ligne_95\" data-name=\"Ligne 95\" y1=\"75.42\" transform=\"translate(59.266 0.767)\" fill=\"none\" stroke=\"#ea528e\" stroke-linecap=\"round\" stroke-linejoin=\"round\" stroke-width=\"1.5\"\/>\n      <\/g>\n    <\/g>\n    <rect id=\"Rectangle_263\" data-name=\"Rectangle 263\" width=\"5.493\" height=\"24.565\" transform=\"translate(8.48 8.797)\" fill=\"none\" stroke=\"#ea528e\" stroke-linecap=\"round\" stroke-linejoin=\"round\" stroke-width=\"1.5\"\/>\n    <rect id=\"Rectangle_264\" data-name=\"Rectangle 264\" width=\"5.493\" height=\"24.565\" transform=\"translate(27.866 8.797)\" fill=\"none\" stroke=\"#ea528e\" stroke-linecap=\"round\" stroke-linejoin=\"round\" stroke-width=\"1.5\"\/>\n    <rect id=\"Rectangle_265\" data-name=\"Rectangle 265\" width=\"5.493\" height=\"24.565\" transform=\"translate(46.947 8.797)\" fill=\"none\" stroke=\"#ea528e\" stroke-linecap=\"round\" stroke-linejoin=\"round\" stroke-width=\"1.5\"\/>\n    <rect id=\"Rectangle_266\" data-name=\"Rectangle 266\" width=\"5.493\" height=\"24.565\" transform=\"translate(66.109 8.797)\" fill=\"none\" stroke=\"#ea528e\" stroke-linecap=\"round\" stroke-linejoin=\"round\" stroke-width=\"1.5\"\/>\n    <g id=\"Groupe_862\" data-name=\"Groupe 862\" transform=\"translate(0 0)\">\n      <g id=\"Groupe_861\" data-name=\"Groupe 861\">\n        <circle id=\"Ellipse_47\" data-name=\"Ellipse 47\" cx=\"3.266\" cy=\"3.266\" r=\"3.266\" transform=\"translate(7.961 59.726)\" fill=\"none\" stroke=\"#ea528e\" stroke-linecap=\"round\" stroke-linejoin=\"round\" stroke-width=\"1.5\"\/>\n        <circle id=\"Ellipse_48\" data-name=\"Ellipse 48\" cx=\"3.266\" cy=\"3.266\" r=\"3.266\" transform=\"translate(27.273 59.726)\" fill=\"none\" stroke=\"#ea528e\" stroke-linecap=\"round\" stroke-linejoin=\"round\" stroke-width=\"1.5\"\/>\n        <circle id=\"Ellipse_49\" data-name=\"Ellipse 49\" cx=\"3.266\" cy=\"3.266\" r=\"3.266\" transform=\"translate(46.468 59.726)\" fill=\"none\" stroke=\"#ea528e\" stroke-linecap=\"round\" stroke-linejoin=\"round\" stroke-width=\"1.5\"\/>\n        <circle id=\"Ellipse_50\" data-name=\"Ellipse 50\" cx=\"3.266\" cy=\"3.266\" r=\"3.266\" transform=\"translate(65.744 59.726)\" fill=\"none\" stroke=\"#ea528e\" stroke-linecap=\"round\" stroke-linejoin=\"round\" stroke-width=\"1.5\"\/>\n      <\/g>\n    <\/g>\n  <\/g>\n<\/svg>\n\n\n\n<h3 class=\"wp-block-heading\"><a href=\"\/ifen\/je-suis\/stagiaire\/enseignant-fonctionnaire-de-lenseignement-secondaire\/organisation-et-programme-de-formation\/\">Organisation et programme de formation<\/a><\/h3>\n\n\n\n<svg xmlns=\"http:\/\/www.w3.org\/2000\/svg\" width=\"15.387\" height=\"7.414\" viewBox=\"0 0 15.387 7.414\">\n  <path id=\"Trac\u00e9_595\" data-name=\"Trac\u00e9 595\" d=\"M3759-2220.135l6.285,5.008,6.292-5.008\" transform=\"translate(-3757.595 2221.54)\" fill=\"none\" stroke=\"#ea528e\" stroke-linecap=\"round\" stroke-linejoin=\"round\" stroke-width=\"2\"\/>\n<\/svg>\n<\/div>\n\n\n\n<ul class=\"wp-block-list\">\n<li><a href=\"\/ifen\/je-suis\/stagiaire\/enseignant-fonctionnaire-de-lenseignement-secondaire\/organisation-et-programme-de-formation\/#vue-d-ensemble\">Vue d&rsquo;ensemble<\/a><\/li>\n\n\n\n<li><a href=\"\/ifen\/je-suis\/stagiaire\/enseignant-fonctionnaire-de-lenseignement-secondaire\/organisation-et-programme-de-formation\/#organisation-administrative\">Organisation administrative<\/a><\/li>\n\n\n\n<li><a href=\"\/ifen\/je-suis\/stagiaire\/enseignant-fonctionnaire-de-lenseignement-secondaire\/organisation-et-programme-de-formation\/#le-programme-de-formation\">Programme de formation<\/a><\/li>\n\n\n\n<li><a href=\"\/ifen\/je-suis\/stagiaire\/enseignant-fonctionnaire-de-lenseignement-secondaire\/organisation-et-programme-de-formation\/#pratique-professionnelle\" class=\"ek-link\">Pratique professionnelle et accompagnement<\/a><\/li>\n\n\n\n<li><a href=\"\/ifen\/je-suis\/stagiaire\/enseignant-fonctionnaire-de-lenseignement-secondaire\/organisation-et-programme-de-formation\/#instruments-du-stage\" class=\"ek-link\">Instruments du stage<\/a><\/li>\n<\/ul>\n<\/div>\n\n\n\n<div class=\"wp-block-group sidebar-group is-layout-flow wp-block-group-is-layout-flow\">\n<div class=\"wp-block-group sidebar-title horizontal-scroll-button is-layout-flow wp-block-group-is-layout-flow\">\n<svg xmlns=\"http:\/\/www.w3.org\/2000\/svg\" xmlns:xlink=\"http:\/\/www.w3.org\/1999\/xlink\" width=\"61.515\" height=\"77.916\" viewBox=\"0 0 61.515 77.916\">\n  <g id=\"Groupe_1014\" data-name=\"Groupe 1014\" transform=\"translate(0 0)\">\n    <g id=\"Groupe_875\" data-name=\"Groupe 875\" transform=\"translate(0 0)\">\n      <path id=\"Trac\u00e9_566\" data-name=\"Trac\u00e9 566\" d=\"M44.685,4.972H56.209a4.365,4.365,0,0,1,4.365,4.365v61.3A4.366,4.366,0,0,1,56.209,75H4.867A4.367,4.367,0,0,1,.5,70.636V9.337A4.365,4.365,0,0,1,4.867,4.972H16.786\" transform=\"translate(0.221 2.193)\" fill=\"none\" stroke=\"#ea528e\" stroke-linecap=\"round\" stroke-linejoin=\"round\" stroke-width=\"1.5\"\/>\n      <path id=\"Trac\u00e9_567\" data-name=\"Trac\u00e9 567\" d=\"M43.718,8.562h9.541a1.3,1.3,0,0,1,1.332,1.264V67.588a1.3,1.3,0,0,1-1.332,1.263H5.141a1.3,1.3,0,0,1-1.33-1.263V9.826a1.3,1.3,0,0,1,1.33-1.264H14.76\" transform=\"translate(1.681 3.777)\" fill=\"none\" stroke=\"#ea528e\" stroke-linecap=\"round\" stroke-linejoin=\"round\" stroke-width=\"1.5\"\/>\n      <path id=\"Trac\u00e9_568\" data-name=\"Trac\u00e9 568\" d=\"M31.9,4.024a7.137,7.137,0,0,0-12.309,0H11.8V15.308H39.7V4.024Z\" transform=\"translate(5.206 0.22)\" fill=\"none\" stroke=\"#ea528e\" stroke-linecap=\"round\" stroke-linejoin=\"round\" stroke-width=\"1.5\"\/>\n      <path id=\"Trac\u00e9_569\" data-name=\"Trac\u00e9 569\" d=\"M8.991,18.536l3.372,3.25,7.176-6.5\" transform=\"translate(3.967 6.744)\" fill=\"none\" stroke=\"#ea528e\" stroke-linecap=\"round\" stroke-linejoin=\"round\" stroke-width=\"1.5\"\/>\n      <path id=\"Trac\u00e9_570\" data-name=\"Trac\u00e9 570\" d=\"M8.991,26.537l3.372,3.25,7.176-6.5\" transform=\"translate(3.967 10.274)\" fill=\"none\" stroke=\"#ea528e\" stroke-linecap=\"round\" stroke-linejoin=\"round\" stroke-width=\"1.5\"\/>\n      <path id=\"Trac\u00e9_571\" data-name=\"Trac\u00e9 571\" d=\"M8.991,34.306l3.372,3.25,7.176-6.5\" transform=\"translate(3.967 13.702)\" fill=\"none\" stroke=\"#ea528e\" stroke-linecap=\"round\" stroke-linejoin=\"round\" stroke-width=\"1.5\"\/>\n      <path id=\"Trac\u00e9_572\" data-name=\"Trac\u00e9 572\" d=\"M8.991,42.085l3.372,3.25,7.176-6.5\" transform=\"translate(3.967 17.134)\" fill=\"none\" stroke=\"#ea528e\" stroke-linecap=\"round\" stroke-linejoin=\"round\" stroke-width=\"1.5\"\/>\n      <line id=\"Ligne_102\" data-name=\"Ligne 102\" x2=\"21.143\" transform=\"translate(27.861 22.534)\" fill=\"none\" stroke=\"#ea528e\" stroke-linecap=\"round\" stroke-linejoin=\"round\" stroke-width=\"1.5\"\/>\n      <line id=\"Ligne_103\" data-name=\"Ligne 103\" x2=\"21.143\" transform=\"translate(27.861 29.225)\" fill=\"none\" stroke=\"#ea528e\" stroke-linecap=\"round\" stroke-linejoin=\"round\" stroke-width=\"1.5\"\/>\n      <line id=\"Ligne_104\" data-name=\"Ligne 104\" x2=\"21.143\" transform=\"translate(27.861 35.89)\" fill=\"none\" stroke=\"#ea528e\" stroke-linecap=\"round\" stroke-linejoin=\"round\" stroke-width=\"1.5\"\/>\n      <line id=\"Ligne_105\" data-name=\"Ligne 105\" x2=\"21.143\" transform=\"translate(27.861 42.551)\" fill=\"none\" stroke=\"#ea528e\" stroke-linecap=\"round\" stroke-linejoin=\"round\" stroke-width=\"1.5\"\/>\n      <line id=\"Ligne_106\" data-name=\"Ligne 106\" x2=\"21.143\" transform=\"translate(27.861 49.198)\" fill=\"none\" stroke=\"#ea528e\" stroke-linecap=\"round\" stroke-linejoin=\"round\" stroke-width=\"1.5\"\/>\n      <line id=\"Ligne_107\" data-name=\"Ligne 107\" x2=\"21.143\" transform=\"translate(27.861 55.968)\" fill=\"none\" stroke=\"#ea528e\" stroke-linecap=\"round\" stroke-linejoin=\"round\" stroke-width=\"1.5\"\/>\n      <line id=\"Ligne_108\" data-name=\"Ligne 108\" x2=\"21.143\" transform=\"translate(27.861 62.469)\" fill=\"none\" stroke=\"#ea528e\" stroke-linecap=\"round\" stroke-linejoin=\"round\" stroke-width=\"1.5\"\/>\n    <\/g>\n  <\/g>\n<\/svg>\n\n\n\n<h3 class=\"wp-block-heading\"><a class=\"ek-link\" href=\"\/ifen\/je-suis\/stagiaire\/enseignant-fonctionnaire-de-lenseignement-secondaire\/evaluation\/\">\u00c9valuation<\/a><\/h3>\n\n\n\n<svg xmlns=\"http:\/\/www.w3.org\/2000\/svg\" width=\"15.387\" height=\"7.414\" viewBox=\"0 0 15.387 7.414\">\n  <path id=\"Trac\u00e9_595\" data-name=\"Trac\u00e9 595\" d=\"M3759-2220.135l6.285,5.008,6.292-5.008\" transform=\"translate(-3757.595 2221.54)\" fill=\"none\" stroke=\"#ea528e\" stroke-linecap=\"round\" stroke-linejoin=\"round\" stroke-width=\"2\"\/>\n<\/svg>\n<\/div>\n\n\n\n<ul class=\"wp-block-list\">\n<li><a href=\"\/ifen\/je-suis\/stagiaire\/enseignant-fonctionnaire-de-lenseignement-secondaire\/evaluation\/#modalites\" class=\"ek-link\">Modalit\u00e9s d\u2019\u00e9valuation<\/a><\/li>\n\n\n\n<li><a href=\"\/ifen\/je-suis\/stagiaire\/enseignant-fonctionnaire-de-lenseignement-secondaire\/evaluation\/#notation\" class=\"ek-link\">Notation<\/a><\/li>\n\n\n\n<li><a href=\"\/ifen\/je-suis\/stagiaire\/enseignant-fonctionnaire-de-lenseignement-secondaire\/evaluation\/#resultats\" class=\"ek-link\">R\u00e9sultats<\/a><\/li>\n<\/ul>\n<\/div>\n<\/div>\n\n\n\n<button class=\"left\" onclick=\"leftScroll()\" aria-label=\"Faire d\u00e9filer vers la gauche\">\n  <span class=\"sr-only\">Gauche<\/span>\n<\/button>\n<button class=\"right\" onclick=\"rightScroll()\" aria-label=\"Faire d\u00e9filer vers la droite\">\n  <span class=\"sr-only\">Droite<\/span>\n<\/button>\n<\/div>\n\n<\/div>    \r\n<\/section>","protected":false},"excerpt":{"rendered":"","protected":false},"author":1,"featured_media":0,"parent":1764,"menu_order":0,"comment_status":"closed","ping_status":"closed","template":"","meta":{"_eb_attr":"","_editorskit_title_hidden":false,"_editorskit_reading_time":0,"_editorskit_is_block_options_detached":false,"_editorskit_block_options_position":"{}","inline_featured_image":false,"footnotes":""},"class_list":["post-2278","page","type-page","status-publish","hentry","etat-a-reviser"],"acf":{"espace_type":[]},"_links":{"self":[{"href":"https:\/\/ssl.education.lu\/ifen\/wp-json\/wp\/v2\/pages\/2278","targetHints":{"allow":["GET"]}}],"collection":[{"href":"https:\/\/ssl.education.lu\/ifen\/wp-json\/wp\/v2\/pages"}],"about":[{"href":"https:\/\/ssl.education.lu\/ifen\/wp-json\/wp\/v2\/types\/page"}],"author":[{"embeddable":true,"href":"https:\/\/ssl.education.lu\/ifen\/wp-json\/wp\/v2\/users\/1"}],"replies":[{"embeddable":true,"href":"https:\/\/ssl.education.lu\/ifen\/wp-json\/wp\/v2\/comments?post=2278"}],"version-history":[{"count":44,"href":"https:\/\/ssl.education.lu\/ifen\/wp-json\/wp\/v2\/pages\/2278\/revisions"}],"predecessor-version":[{"id":9172,"href":"https:\/\/ssl.education.lu\/ifen\/wp-json\/wp\/v2\/pages\/2278\/revisions\/9172"}],"up":[{"embeddable":true,"href":"https:\/\/ssl.education.lu\/ifen\/wp-json\/wp\/v2\/pages\/1764"}],"wp:attachment":[{"href":"https:\/\/ssl.education.lu\/ifen\/wp-json\/wp\/v2\/media?parent=2278"}],"curies":[{"name":"wp","href":"https:\/\/api.w.org\/{rel}","templated":true}]}}