

{"id":2276,"date":"2023-08-31T07:58:24","date_gmt":"2023-08-31T05:58:24","guid":{"rendered":"\/ifen\/?page_id=2276"},"modified":"2024-06-12T11:52:44","modified_gmt":"2024-06-12T09:52:44","slug":"enseignant-employe-de-lenseignement-fondamental","status":"publish","type":"page","link":"\/ifen\/je-suis\/stagiaire\/enseignant-employe-de-lenseignement-fondamental\/","title":{"rendered":"Enseignant employ\u00e9 de l&rsquo;enseignement\u00a0fondamental"},"content":{"rendered":"\n<div class=\"wp-block-cover alignfull is-light banner-page banner-page-small hide-editor\" style=\"min-height:250px;aspect-ratio:unset;\"><span aria-hidden=\"true\" class=\"wp-block-cover__background has-black-background-color has-background-dim-0 has-background-dim\"><\/span><img loading=\"lazy\" decoding=\"async\" width=\"1920\" height=\"250\" class=\"wp-block-cover__image-background wp-image-3207\" alt=\"\" src=\"\/ifen\/wp-content\/uploads\/2023\/09\/banner-small-rose.svg\" data-object-fit=\"cover\"\/><div class=\"wp-block-cover__inner-container is-layout-flow wp-block-cover-is-layout-flow\">\n<div class=\"wp-block-group is-layout-flow wp-block-group-is-layout-flow\" data-aos=\"fade-up\">\n<h1 class=\"wp-block-heading has-text-align-center has-primary-color has-text-color\">Stage des enseignants employ\u00e9s de l&rsquo;enseignement fondamental<\/h1>\n<\/div>\n\n\n\n<svg class=\"curve curve-bottom curve-desktop\" xmlns=\"http:\/\/www.w3.org\/2000\/svg\" width=\"100%\" height=\"77.168\" viewBox=\"0 0 1600 77.168\" preserveAspectRatio=\"none\">\n              <path id=\"Trac\u00e9_454\" data-name=\"Trac\u00e9 454\" d=\"M0,0H1600V29.331S1204.669,77.168,804.669,77.168,0,29.331,0,29.331Z\" transform=\"translate(1600 77.168) rotate(180)\" fill=\"#fff\"\/>\n          <\/svg>\n  <svg class=\"curve curve-bottom curve-mobile\" xmlns=\"http:\/\/www.w3.org\/2000\/svg\" width=\"100%\" height=\"77.168\" viewBox=\"0 0 1600 77.168\">\n              <path id=\"Trac\u00e9_454\" data-name=\"Trac\u00e9 454\" d=\"M0,0H1600V29.331S1204.669,77.168,804.669,77.168,0,29.331,0,29.331Z\" transform=\"translate(1600 77.168) rotate(180)\" fill=\"#fff\"\/>\n          <\/svg>\n<\/div><\/div>\n\n\n \r\n\r\n<section  class=\"wp-block-section     alignwide    \"\r\n    >\r\n\r\n    \r\n        <div class=\"acf-innerblocks-container\">\n\n<p class=\"back\"><a href=\"\/ifen\/je-suis\/stagiaire\/\" class=\"ek-link\">Retour<\/a><\/p>\n\n\n\n<div class=\"wp-block-group text-intro is-layout-flow wp-block-group-is-layout-flow\">\n<p class=\"has-text-align-center\">Vous d\u00e9butez votre carri\u00e8re d&rsquo;enseignant aupr\u00e8s du Minist\u00e8re de l\u2019\u00c9ducation nationale, de l\u2019Enfance et de la Jeunesse.  Cette rubrique d\u00e9crit l\u2019organisation de votre p\u00e9riode d\u2019insertion professionnelle. La <strong>division du stage des enseignants de l\u2019enseignement fondamental\u00a0<\/strong>vous guide, vous appuie et vous fournit tous les \u00e9l\u00e9ments d\u2019information indispensables \u00e0 un d\u00e9roulement serein de votre stage.<\/p>\n<\/div>\n\n\n\n<div class=\"wp-block-group horizontal-scroll-wrapper horizontal-scroll-wrapper-sidebar hide-editor is-layout-flow wp-block-group-is-layout-flow\">\n<p class=\"back\"><a href=\"\/ifen\/je-suis\/stagiaire\/enseignant-employe-de-lenseignement-fondamental\/\" class=\"ek-link\">Retour<\/a><\/p>\n\n\n\n<div class=\"wp-block-group sidebar rose horizontal-scroll hide-editor is-layout-flow wp-block-group-is-layout-flow\">\n<div class=\"wp-block-group sidebar-group is-layout-flow wp-block-group-is-layout-flow\">\n<div class=\"wp-block-group sidebar-title horizontal-scroll-button is-layout-flow wp-block-group-is-layout-flow\">\n<svg xmlns=\"http:\/\/www.w3.org\/2000\/svg\" xmlns:xlink=\"http:\/\/www.w3.org\/1999\/xlink\" width=\"82.747\" height=\"74.813\" viewBox=\"0 0 82.747 74.813\">\n    <g id=\"Groupe_1647\" data-name=\"Groupe 1647\" transform=\"translate(0 0)\">\n      <rect id=\"Rectangle_373\" data-name=\"Rectangle 373\" width=\"18.21\" height=\"6.73\" transform=\"translate(20.649 54.925)\" fill=\"none\" stroke=\"#ea528e\" stroke-linecap=\"round\" stroke-linejoin=\"round\" stroke-width=\"1.5\"\/>\n      <g id=\"Groupe_1611\" data-name=\"Groupe 1611\" transform=\"translate(0 0)\">\n        <g id=\"Groupe_1610\" data-name=\"Groupe 1610\">\n          <path id=\"Trac\u00e9_924\" data-name=\"Trac\u00e9 924\" d=\"M30.047,50.017a4.971,4.971,0,1,1-9.943,0\" transform=\"translate(4.678 11.638)\" fill=\"none\" stroke=\"#ea528e\" stroke-linecap=\"round\" stroke-linejoin=\"round\" stroke-width=\"1.5\"\/>\n          <path id=\"Trac\u00e9_925\" data-name=\"Trac\u00e9 925\" d=\"M24.137,54.05h0a7.57,7.57,0,0,0,7.57,7.57H54.029\" transform=\"translate(5.616 12.576)\" fill=\"none\" stroke=\"#ea528e\" stroke-linecap=\"round\" stroke-linejoin=\"round\" stroke-width=\"1.5\"\/>\n          <path id=\"Trac\u00e9_926\" data-name=\"Trac\u00e9 926\" d=\"M19.761,47.948H35.055a1.284,1.284,0,0,0,1.17-.81l.359-.99a25.847,25.847,0,0,1,4.139-7.466,18.565,18.565,0,0,0,3.328-6.658A17.172,17.172,0,0,0,13.733,17.45a17.075,17.075,0,0,0,.18,21.052,23.952,23.952,0,0,1,4.318,7.736l.36.99A1.3,1.3,0,0,0,19.761,47.948Z\" transform=\"translate(2.372 2.486)\" fill=\"none\" stroke=\"#ea528e\" stroke-linecap=\"round\" stroke-linejoin=\"round\" stroke-width=\"1.5\"\/>\n          <line id=\"Ligne_166\" data-name=\"Ligne 166\" y1=\"8.096\" transform=\"translate(30.112 0.616)\" fill=\"none\" stroke=\"#ea528e\" stroke-linecap=\"round\" stroke-linejoin=\"round\" stroke-width=\"1.5\"\/>\n          <line id=\"Ligne_167\" data-name=\"Ligne 167\" x1=\"4.048\" y1=\"7.011\" transform=\"translate(15.325 4.514)\" fill=\"none\" stroke=\"#ea528e\" stroke-linecap=\"round\" stroke-linejoin=\"round\" stroke-width=\"1.5\"\/>\n          <line id=\"Ligne_168\" data-name=\"Ligne 168\" x1=\"7.011\" y1=\"4.048\" transform=\"translate(4.256 15.385)\" fill=\"none\" stroke=\"#ea528e\" stroke-linecap=\"round\" stroke-linejoin=\"round\" stroke-width=\"1.5\"\/>\n          <line id=\"Ligne_169\" data-name=\"Ligne 169\" y1=\"4.048\" x2=\"7.011\" transform=\"translate(4.256 41.035)\" fill=\"none\" stroke=\"#ea528e\" stroke-linecap=\"round\" stroke-linejoin=\"round\" stroke-width=\"1.5\"\/>\n          <line id=\"Ligne_170\" data-name=\"Ligne 170\" x1=\"8.096\" transform=\"translate(0.616 30.276)\" fill=\"none\" stroke=\"#ea528e\" stroke-linecap=\"round\" stroke-linejoin=\"round\" stroke-width=\"1.5\"\/>\n          <line id=\"Ligne_171\" data-name=\"Ligne 171\" y1=\"7.011\" x2=\"4.048\" transform=\"translate(41.07 4.514)\" fill=\"none\" stroke=\"#ea528e\" stroke-linecap=\"round\" stroke-linejoin=\"round\" stroke-width=\"1.5\"\/>\n          <line id=\"Ligne_172\" data-name=\"Ligne 172\" y1=\"4.048\" x2=\"7.011\" transform=\"translate(49.176 15.385)\" fill=\"none\" stroke=\"#ea528e\" stroke-linecap=\"round\" stroke-linejoin=\"round\" stroke-width=\"1.5\"\/>\n          <line id=\"Ligne_173\" data-name=\"Ligne 173\" x1=\"7.011\" y1=\"4.048\" transform=\"translate(49.176 41.035)\" fill=\"none\" stroke=\"#ea528e\" stroke-linecap=\"round\" stroke-linejoin=\"round\" stroke-width=\"1.5\"\/>\n          <line id=\"Ligne_174\" data-name=\"Ligne 174\" x2=\"8.096\" transform=\"translate(51.731 30.276)\" fill=\"none\" stroke=\"#ea528e\" stroke-linecap=\"round\" stroke-linejoin=\"round\" stroke-width=\"1.5\"\/>\n          <path id=\"Trac\u00e9_927\" data-name=\"Trac\u00e9 927\" d=\"M57.573,60.215l-9.186-3.12L61.548,18.344a2.573,2.573,0,0,1,3.264-1.607L69.127,18.2a2.572,2.572,0,0,1,1.607,3.263Z\" transform=\"translate(11.259 3.862)\" fill=\"none\" stroke=\"#ea528e\" stroke-linecap=\"round\" stroke-linejoin=\"round\" stroke-width=\"1.5\"\/>\n          <path id=\"Trac\u00e9_928\" data-name=\"Trac\u00e9 928\" d=\"M48.387,49.451,50.3,58.9l7.274-6.334\" transform=\"translate(11.259 11.506)\" fill=\"none\" stroke=\"#ea528e\" stroke-linecap=\"round\" stroke-linejoin=\"round\" stroke-width=\"1.5\"\/>\n        <\/g>\n      <\/g>\n    <\/g>\n  <\/svg>\n\n\n\n<h3 class=\"wp-block-heading\"><a href=\"\/ifen\/je-suis\/stagiaire\/enseignant-employe-de-lenseignement-fondamental\/concept\/\" class=\"ek-link\">Concept<\/a><\/h3>\n\n\n\n<svg xmlns=\"http:\/\/www.w3.org\/2000\/svg\" width=\"15.387\" height=\"7.414\" viewBox=\"0 0 15.387 7.414\">\n    <path id=\"Trac\u00e9_595\" data-name=\"Trac\u00e9 595\" d=\"M3759-2220.135l6.285,5.008,6.292-5.008\" transform=\"translate(-3757.595 2221.54)\" fill=\"none\" stroke=\"#ea528e\" stroke-linecap=\"round\" stroke-linejoin=\"round\" stroke-width=\"2\"\/>\n  <\/svg>\n<\/div>\n\n\n\n<ul class=\"wp-block-list\">\n<li><a href=\"\/ifen\/je-suis\/stagiaire\/enseignant-employe-de-lenseignement-fondamental\/concept\/#contexte\" class=\"ek-link\">Contexte<\/a><\/li>\n\n\n\n<li><a href=\"\/ifen\/je-suis\/stagiaire\/enseignant-employe-de-lenseignement-fondamental\/concept\/#missions\" class=\"ek-link\">Missions de l&rsquo;enseignant<\/a><\/li>\n\n\n\n<li><a href=\"\/ifen\/je-suis\/stagiaire\/enseignant-employe-de-lenseignement-fondamental\/concept\/#referentiel-de-competences\" class=\"ek-link\">R\u00e9f\u00e9rentiel de comp\u00e9tences<\/a><\/li>\n\n\n\n<li><a href=\"\/ifen\/je-suis\/stagiaire\/enseignant-employe-de-lenseignement-fondamental\/concept\/#objectifs\" class=\"ek-link\">Objectifs<\/a><\/li>\n\n\n\n<li><a href=\"\/ifen\/je-suis\/stagiaire\/enseignant-employe-de-lenseignement-fondamental\/concept\/#cadre-conceptuel\" class=\"ek-link\">Cadre conceptuel<\/a><\/li>\n\n\n\n<li><a href=\"\/ifen\/je-suis\/stagiaire\/enseignant-employe-de-lenseignement-fondamental\/concept\/#cadre-legislatif-et-reglementaire\" class=\"ek-link\">Cadre l\u00e9gislatif et r\u00e9glementaire<\/a><\/li>\n<\/ul>\n<\/div>\n\n\n\n<div class=\"wp-block-group sidebar-group is-layout-flow wp-block-group-is-layout-flow\">\n<div class=\"wp-block-group sidebar-title horizontal-scroll-button is-layout-flow wp-block-group-is-layout-flow\">\n<svg xmlns=\"http:\/\/www.w3.org\/2000\/svg\" xmlns:xlink=\"http:\/\/www.w3.org\/1999\/xlink\" width=\"90.496\" height=\"67.62\" viewBox=\"0 0 92 68\">\n    <g id=\"Groupe_1653\" data-name=\"Groupe 1653\" transform=\"translate(0 0)\">\n      <g id=\"Groupe_869\" data-name=\"Groupe 869\" transform=\"translate(0 0)\">\n        <path id=\"Trac\u00e9_539\" data-name=\"Trac\u00e9 539\" d=\"M47.308,23.5A11.822,11.822,0,1,1,35.486,11.684,11.822,11.822,0,0,1,47.308,23.5Z\" transform=\"translate(9.889 4.882)\" fill=\"none\" stroke=\"#ea528e\" stroke-miterlimit=\"10\" stroke-width=\"1.5\"\/>\n        <path id=\"Trac\u00e9_540\" data-name=\"Trac\u00e9 540\" d=\"M60.09,55.061H16.08v-4.7a22,22,0,1,1,44.01,0Z\" transform=\"translate(6.72 11.85)\" fill=\"none\" stroke=\"#ea528e\" stroke-miterlimit=\"10\" stroke-width=\"1.5\"\/>\n        <path id=\"Trac\u00e9_541\" data-name=\"Trac\u00e9 541\" d=\"M63.513,12.321A11.822,11.822,0,1,1,51.692.5,11.821,11.821,0,0,1,63.513,12.321Z\" transform=\"translate(16.661 0.209)\" fill=\"none\" stroke=\"#ea528e\" stroke-miterlimit=\"10\" stroke-width=\"1.5\"\/>\n        <path id=\"Trac\u00e9_542\" data-name=\"Trac\u00e9 542\" d=\"M40.339,19.885a22.011,22.011,0,0,1,32.591,19.3v4.7H46.914\" transform=\"translate(16.857 7.177)\" fill=\"none\" stroke=\"#ea528e\" stroke-miterlimit=\"10\" stroke-width=\"1.5\"\/>\n        <path id=\"Trac\u00e9_543\" data-name=\"Trac\u00e9 543\" d=\"M7.28,12.321A11.822,11.822,0,1,0,19.1.5,11.821,11.821,0,0,0,7.28,12.321Z\" transform=\"translate(3.042 0.209)\" fill=\"none\" stroke=\"#ea528e\" stroke-miterlimit=\"10\" stroke-width=\"1.5\"\/>\n        <path id=\"Trac\u00e9_544\" data-name=\"Trac\u00e9 544\" d=\"M33.091,19.885A22.011,22.011,0,0,0,.5,39.181v4.7H25.629\" transform=\"translate(0.209 7.177)\" fill=\"none\" stroke=\"#ea528e\" stroke-miterlimit=\"10\" stroke-width=\"1.5\"\/>\n      <\/g>\n    <\/g>\n  <\/svg>\n\n\n\n<h3 class=\"wp-block-heading\"><a href=\"\/ifen\/je-suis\/stagiaire\/enseignant-employe-de-lenseignement-fondamental\/intervenants\/\" class=\"ek-link\">Intervenants<\/a><\/h3>\n\n\n\n<svg xmlns=\"http:\/\/www.w3.org\/2000\/svg\" width=\"15.387\" height=\"7.414\" viewBox=\"0 0 15.387 7.414\">\n    <path id=\"Trac\u00e9_595\" data-name=\"Trac\u00e9 595\" d=\"M3759-2220.135l6.285,5.008,6.292-5.008\" transform=\"translate(-3757.595 2221.54)\" fill=\"none\" stroke=\"#ea528e\" stroke-linecap=\"round\" stroke-linejoin=\"round\" stroke-width=\"2\"\/>\n  <\/svg>\n<\/div>\n\n\n\n<ul class=\"wp-block-list\">\n<li><a href=\"\/ifen\/je-suis\/stagiaire\/enseignant-employe-de-lenseignement-fondamental\/intervenants\/#division-du-stage-ef\" class=\"ek-link\">Division du stage EF<\/a><\/li>\n\n\n\n<li><a class=\"ek-link\" href=\"\/ifen\/je-suis\/stagiaire\/enseignant-employe-de-lenseignement-fondamental\/intervenants\/#directeur-de-region\">Directeur de r\u00e9gion<\/a><\/li>\n\n\n\n<li><a href=\"\/ifen\/je-suis\/stagiaire\/enseignant-employe-de-lenseignement-fondamental\/intervenants\/#personne-de-reference\" class=\"ek-link\">Personne de r\u00e9f\u00e9rence<\/a><\/li>\n\n\n\n<li><a class=\"ek-link\" href=\"\/ifen\/je-suis\/stagiaire\/enseignant-employe-de-lenseignement-fondamental\/intervenants\/#formateur\">Formateur<\/a><\/li>\n<\/ul>\n<\/div>\n\n\n\n<div class=\"wp-block-group sidebar-group is-layout-flow wp-block-group-is-layout-flow\">\n<div class=\"wp-block-group sidebar-title horizontal-scroll-button is-layout-flow wp-block-group-is-layout-flow\">\n<svg xmlns=\"http:\/\/www.w3.org\/2000\/svg\" xmlns:xlink=\"http:\/\/www.w3.org\/1999\/xlink\" width=\"71.296\" height=\"77.916\" viewBox=\"0 0 71.296 77.916\">\n    <g id=\"Groupe_1648\" data-name=\"Groupe 1648\" transform=\"translate(0 0)\">\n      <g id=\"Groupe_1051\" data-name=\"Groupe 1051\" transform=\"translate(0 0)\">\n        <g id=\"Groupe_1050\" data-name=\"Groupe 1050\">\n          <path id=\"Trac\u00e9_765\" data-name=\"Trac\u00e9 765\" d=\"M70.283,76.9H.488V.489H70.283Z\" transform=\"translate(0.262 0.262)\" fill=\"none\" stroke=\"#ea528e\" stroke-linecap=\"round\" stroke-linejoin=\"round\" stroke-width=\"1.5\"\/>\n          <line id=\"Ligne_141\" data-name=\"Ligne 141\" y1=\"75.454\" transform=\"translate(24.015 1.23)\" fill=\"none\" stroke=\"#ea528e\" stroke-linecap=\"round\" stroke-linejoin=\"round\" stroke-width=\"1.5\"\/>\n          <line id=\"Ligne_142\" data-name=\"Ligne 142\" y1=\"75.454\" transform=\"translate(47.28 0.99)\" fill=\"none\" stroke=\"#ea528e\" stroke-linecap=\"round\" stroke-linejoin=\"round\" stroke-width=\"1.5\"\/>\n        <\/g>\n      <\/g>\n      <rect id=\"Rectangle_361\" data-name=\"Rectangle 361\" width=\"6.33\" height=\"24.576\" transform=\"translate(9.219 9.024)\" fill=\"none\" stroke=\"#ea528e\" stroke-linecap=\"round\" stroke-linejoin=\"round\" stroke-width=\"1.5\"\/>\n      <rect id=\"Rectangle_362\" data-name=\"Rectangle 362\" width=\"6.33\" height=\"24.576\" transform=\"translate(32.484 9.024)\" fill=\"none\" stroke=\"#ea528e\" stroke-linecap=\"round\" stroke-linejoin=\"round\" stroke-width=\"1.5\"\/>\n      <rect id=\"Rectangle_363\" data-name=\"Rectangle 363\" width=\"6.33\" height=\"24.576\" transform=\"translate(55.748 9.024)\" fill=\"none\" stroke=\"#ea528e\" stroke-linecap=\"round\" stroke-linejoin=\"round\" stroke-width=\"1.5\"\/>\n      <g id=\"Groupe_1053\" data-name=\"Groupe 1053\" transform=\"translate(0 0)\">\n        <g id=\"Groupe_1052\" data-name=\"Groupe 1052\">\n          <path id=\"Trac\u00e9_766\" data-name=\"Trac\u00e9 766\" d=\"M13.923,42.678a4.356,4.356,0,1,1-4.357-4.357A4.356,4.356,0,0,1,13.923,42.678Z\" transform=\"translate(2.797 20.566)\" fill=\"none\" stroke=\"#ea528e\" stroke-linecap=\"round\" stroke-linejoin=\"round\" stroke-width=\"1.5\"\/>\n          <path id=\"Trac\u00e9_767\" data-name=\"Trac\u00e9 767\" d=\"M29.135,42.678a4.356,4.356,0,1,1-4.357-4.357A4.356,4.356,0,0,1,29.135,42.678Z\" transform=\"translate(10.961 20.566)\" fill=\"none\" stroke=\"#ea528e\" stroke-linecap=\"round\" stroke-linejoin=\"round\" stroke-width=\"1.5\"\/>\n          <path id=\"Trac\u00e9_768\" data-name=\"Trac\u00e9 768\" d=\"M44.652,42.678A4.356,4.356,0,1,1,40.3,38.321,4.356,4.356,0,0,1,44.652,42.678Z\" transform=\"translate(19.289 20.566)\" fill=\"none\" stroke=\"#ea528e\" stroke-linecap=\"round\" stroke-linejoin=\"round\" stroke-width=\"1.5\"\/>\n        <\/g>\n      <\/g>\n    <\/g>\n  <\/svg>\n\n\n\n<h3 class=\"wp-block-heading\"><a href=\"\/ifen\/je-suis\/stagiaire\/enseignant-employe-de-lenseignement-fondamental\/organisation-et-programme-de-formation\/\" data-type=\"page\" data-id=\"2313\">Organisation et programme de formation<\/a><\/h3>\n\n\n\n<svg xmlns=\"http:\/\/www.w3.org\/2000\/svg\" width=\"15.387\" height=\"7.414\" viewBox=\"0 0 15.387 7.414\">\n    <path id=\"Trac\u00e9_595\" data-name=\"Trac\u00e9 595\" d=\"M3759-2220.135l6.285,5.008,6.292-5.008\" transform=\"translate(-3757.595 2221.54)\" fill=\"none\" stroke=\"#ea528e\" stroke-linecap=\"round\" stroke-linejoin=\"round\" stroke-width=\"2\"\/>\n  <\/svg>\n<\/div>\n\n\n\n<ul class=\"wp-block-list\">\n<li><a href=\"\/ifen\/je-suis\/stagiaire\/enseignant-employe-de-lenseignement-fondamental\/organisation-et-programme-de-formation\/#vue-d-ensemble\">Vue d&rsquo;ensemble<\/a><\/li>\n\n\n\n<li><a href=\"\/ifen\/je-suis\/stagiaire\/enseignant-employe-de-lenseignement-fondamental\/organisation-et-programme-de-formation\/#organisation-administrative\" class=\"ek-link\">Organisation administrative<\/a><\/li>\n\n\n\n<li><a href=\"\/ifen\/je-suis\/stagiaire\/enseignant-employe-de-lenseignement-fondamental\/organisation-et-programme-de-formation\/#le-programme-de-formation\" class=\"ek-link\">Programme de formation<\/a><\/li>\n\n\n\n<li><a href=\"\/ifen\/je-suis\/stagiaire\/enseignant-employe-de-lenseignement-fondamental\/organisation-et-programme-de-formation\/#pratique-professionelle-et-accompagnement\" class=\"ek-link\">Pratique professionnelle et accompagnement<\/a><\/li>\n<\/ul>\n<\/div>\n\n\n\n<div class=\"wp-block-group sidebar-group is-layout-flow wp-block-group-is-layout-flow\">\n<div class=\"wp-block-group sidebar-title horizontal-scroll-button is-layout-flow wp-block-group-is-layout-flow\">\n<svg xmlns=\"http:\/\/www.w3.org\/2000\/svg\" xmlns:xlink=\"http:\/\/www.w3.org\/1999\/xlink\" width=\"59.419\" height=\"75.995\" viewBox=\"0 0 60 76\">\n    <g id=\"Groupe_1652\" data-name=\"Groupe 1652\" transform=\"translate(0 0)\">\n      <g id=\"Groupe_1618\" data-name=\"Groupe 1618\" transform=\"translate(0 0)\">\n        <path id=\"Trac\u00e9_936\" data-name=\"Trac\u00e9 936\" d=\"M47.774,7.3h6.607A4.162,4.162,0,0,1,58.6,11.4V68.945a4.162,4.162,0,0,1-4.223,4.1H4.722A4.162,4.162,0,0,1,.5,68.945V11.4A4.162,4.162,0,0,1,4.722,7.3H11.01\" transform=\"translate(0.157 2.294)\" fill=\"none\" stroke=\"#ea528e\" stroke-linecap=\"round\" stroke-linejoin=\"round\" stroke-width=\"1.5\"><\/path>\n        <path id=\"Trac\u00e9_937\" data-name=\"Trac\u00e9 937\" d=\"M34.646,3.713A10.132,10.132,0,0,0,26.838.5,10.132,10.132,0,0,0,19.03,3.713H9.14V14h35.4V3.713Z\" transform=\"translate(2.871 0.157)\" fill=\"none\" stroke=\"#ea528e\" stroke-linecap=\"round\" stroke-linejoin=\"round\" stroke-width=\"1.5\"><\/path>\n        <path id=\"Trac\u00e9_938\" data-name=\"Trac\u00e9 938\" d=\"M8.085,27.04,11.16,30,17.7,24.077\" transform=\"translate(2.539 7.562)\" fill=\"none\" stroke=\"#ea528e\" stroke-linecap=\"round\" stroke-linejoin=\"round\" stroke-width=\"1.5\"><\/path>\n        <path id=\"Trac\u00e9_939\" data-name=\"Trac\u00e9 939\" d=\"M8.085,41.442,11.16,44.4,17.7,38.479\" transform=\"translate(2.539 12.085)\" fill=\"none\" stroke=\"#ea528e\" stroke-linecap=\"round\" stroke-linejoin=\"round\" stroke-width=\"1.5\"><\/path>\n        <line id=\"Ligne_178\" data-name=\"Ligne 178\" x2=\"21.259\" transform=\"translate(27.613 30.41)\" fill=\"none\" stroke=\"#ea528e\" stroke-linecap=\"round\" stroke-linejoin=\"round\" stroke-width=\"1.5\"><\/line>\n        <line id=\"Ligne_179\" data-name=\"Ligne 179\" x2=\"21.259\" transform=\"translate(27.613 39.513)\" fill=\"none\" stroke=\"#ea528e\" stroke-linecap=\"round\" stroke-linejoin=\"round\" stroke-width=\"1.5\"><\/line>\n        <line id=\"Ligne_180\" data-name=\"Ligne 180\" x2=\"21.259\" transform=\"translate(27.613 48.616)\" fill=\"none\" stroke=\"#ea528e\" stroke-linecap=\"round\" stroke-linejoin=\"round\" stroke-width=\"1.5\"><\/line>\n        <line id=\"Ligne_181\" data-name=\"Ligne 181\" x2=\"21.259\" transform=\"translate(27.613 57.719)\" fill=\"none\" stroke=\"#ea528e\" stroke-linecap=\"round\" stroke-linejoin=\"round\" stroke-width=\"1.5\"><\/line>\n      <\/g>\n    <\/g>\n  <\/svg>\n\n\n\n<h3 class=\"wp-block-heading\"><a href=\"\/ifen\/je-suis\/stagiaire\/enseignant-employe-de-lenseignement-fondamental\/evaluation\/\" class=\"ek-link\">\u00c9valuation<\/a><\/h3>\n\n\n\n<svg xmlns=\"http:\/\/www.w3.org\/2000\/svg\" width=\"15.387\" height=\"7.414\" viewBox=\"0 0 15.387 7.414\">\n    <path id=\"Trac\u00e9_595\" data-name=\"Trac\u00e9 595\" d=\"M3759-2220.135l6.285,5.008,6.292-5.008\" transform=\"translate(-3757.595 2221.54)\" fill=\"none\" stroke=\"#ea528e\" stroke-linecap=\"round\" stroke-linejoin=\"round\" stroke-width=\"2\"\/>\n  <\/svg>\n<\/div>\n\n\n\n<ul class=\"wp-block-list\">\n<li><a href=\"\/ifen\/je-suis\/stagiaire\/enseignant-employe-de-lenseignement-fondamental\/evaluation\/\" class=\"ek-link\">Modalit\u00e9s d&rsquo;\u00e9valuation<\/a><\/li>\n<\/ul>\n<\/div>\n<\/div>\n\n\n\n<button class=\"left\" onclick=\"leftScroll()\" aria-label=\"Faire d\u00e9filer vers la gauche\">\n  <span class=\"sr-only\">Gauche<\/span>\n<\/button>\n<button class=\"right\" onclick=\"rightScroll()\" aria-label=\"Faire d\u00e9filer vers la droite\">\n  <span class=\"sr-only\">Droite<\/span>\n<\/button>\n<\/div>\n\n<\/div>    \r\n<\/section>","protected":false},"excerpt":{"rendered":"","protected":false},"author":1,"featured_media":0,"parent":1764,"menu_order":0,"comment_status":"closed","ping_status":"closed","template":"","meta":{"_eb_attr":"","_editorskit_title_hidden":false,"_editorskit_reading_time":0,"_editorskit_is_block_options_detached":false,"_editorskit_block_options_position":"{}","inline_featured_image":false,"footnotes":""},"class_list":["post-2276","page","type-page","status-publish","hentry","etat-a-reviser"],"acf":{"espace_type":[]},"_links":{"self":[{"href":"https:\/\/ssl.education.lu\/ifen\/wp-json\/wp\/v2\/pages\/2276","targetHints":{"allow":["GET"]}}],"collection":[{"href":"https:\/\/ssl.education.lu\/ifen\/wp-json\/wp\/v2\/pages"}],"about":[{"href":"https:\/\/ssl.education.lu\/ifen\/wp-json\/wp\/v2\/types\/page"}],"author":[{"embeddable":true,"href":"https:\/\/ssl.education.lu\/ifen\/wp-json\/wp\/v2\/users\/1"}],"replies":[{"embeddable":true,"href":"https:\/\/ssl.education.lu\/ifen\/wp-json\/wp\/v2\/comments?post=2276"}],"version-history":[{"count":10,"href":"https:\/\/ssl.education.lu\/ifen\/wp-json\/wp\/v2\/pages\/2276\/revisions"}],"predecessor-version":[{"id":15319,"href":"https:\/\/ssl.education.lu\/ifen\/wp-json\/wp\/v2\/pages\/2276\/revisions\/15319"}],"up":[{"embeddable":true,"href":"https:\/\/ssl.education.lu\/ifen\/wp-json\/wp\/v2\/pages\/1764"}],"wp:attachment":[{"href":"https:\/\/ssl.education.lu\/ifen\/wp-json\/wp\/v2\/media?parent=2276"}],"curies":[{"name":"wp","href":"https:\/\/api.w.org\/{rel}","templated":true}]}}