

{"id":16092,"date":"2026-03-04T15:17:24","date_gmt":"2026-03-04T14:17:24","guid":{"rendered":"\/ifen\/?page_id=16092"},"modified":"2026-03-04T16:41:58","modified_gmt":"2026-03-04T15:41:58","slug":"reserver-un-espace-ifen","status":"publish","type":"page","link":"\/ifen\/reserver-un-espace-ifen\/","title":{"rendered":"R\u00e9server un espace IFEN"},"content":{"rendered":"\n<div class=\"wp-block-cover alignfull is-light banner-page banner-page-small hide-editor\" style=\"min-height:250px;aspect-ratio:unset;\"><img loading=\"lazy\" decoding=\"async\" width=\"1920\" height=\"250\" class=\"wp-block-cover__image-background wp-image-4441 size-large\" alt=\"\" src=\"https:\/\/ssl.education.lu\/ifen\/wp-content\/uploads\/2023\/12\/banner_contact.svg\" data-object-fit=\"cover\"\/><span aria-hidden=\"true\" class=\"wp-block-cover__background has-black-background-color has-background-dim-0 has-background-dim\"><\/span><div class=\"wp-block-cover__inner-container is-layout-flow wp-block-cover-is-layout-flow\">\n<div class=\"wp-block-group is-layout-flow wp-block-group-is-layout-flow\" data-aos=\"fade-down\">\n<div class=\"wp-block-group has-global-padding is-layout-constrained wp-block-group-is-layout-constrained\">\n<h1 class=\"wp-block-heading has-text-align-center has-primary-color has-text-color\">R\u00e9server un espace IFEN<\/h1>\n\n\n\n<p class=\"has-text-align-center\">Lib\u00e9rer sa cr\u00e9ativit\u00e9, vivre ses id\u00e9es<\/p>\n<\/div>\n<\/div>\n\n\n\n<svg class=\"curve curve-bottom curve-desktop\" xmlns=\"http:\/\/www.w3.org\/2000\/svg\" width=\"100%\" height=\"77.168\" viewBox=\"0 0 1600 77.168\" preserveAspectRatio=\"none\">\n            <path id=\"Trac\u00e9_454\" data-name=\"Trac\u00e9 454\" d=\"M0,0H1600V29.331S1204.669,77.168,804.669,77.168,0,29.331,0,29.331Z\" transform=\"translate(1600 77.168) rotate(180)\" fill=\"#fff\"\/>\n        <\/svg>\n<svg class=\"curve curve-bottom curve-mobile\" xmlns=\"http:\/\/www.w3.org\/2000\/svg\" width=\"100%\" height=\"77.168\" viewBox=\"0 0 1600 77.168\">\n            <path id=\"Trac\u00e9_454\" data-name=\"Trac\u00e9 454\" d=\"M0,0H1600V29.331S1204.669,77.168,804.669,77.168,0,29.331,0,29.331Z\" transform=\"translate(1600 77.168) rotate(180)\" fill=\"#fff\"\/>\n        <\/svg>\n<\/div><\/div>\n\n\n\n<div class=\"wp-block-group has-global-padding is-layout-constrained wp-block-group-is-layout-constrained\">\n<a href=\"#infos-pratiques\" class=\"groupe-fixe hide-editor turquoise\">\n<svg xmlns=\"http:\/\/www.w3.org\/2000\/svg\" xmlns:xlink=\"http:\/\/www.w3.org\/1999\/xlink\" width=\"42\" height=\"42\" viewBox=\"0 0 42 42\">\n  <g id=\"Groupe_1638\" data-name=\"Groupe 1638\" transform=\"translate(-1805.341 -527.784)\">\n    <g id=\"Groupe_1637\" data-name=\"Groupe 1637\" transform=\"translate(1806.341 528.784)\">\n      <path id=\"Trac\u00e9_889\" data-name=\"Trac\u00e9 889\" d=\"M58.709,20.507a20,20,0,1,1-20-20A20,20,0,0,1,58.709,20.507Z\" transform=\"translate(-18.709 -0.507)\" fill=\"none\" stroke=\"#fff\" stroke-miterlimit=\"10\" stroke-width=\"2\"><\/path>\n      <g id=\"Groupe_1601\" data-name=\"Groupe 1601\" transform=\"translate(17.302 8.603)\">\n        <g id=\"Groupe_1600\" data-name=\"Groupe 1600\" transform=\"translate(0 0)\">\n          <path id=\"Trac\u00e9_890\" data-name=\"Trac\u00e9 890\" d=\"M.667,4.108A2.347,2.347,0,0,1,0,2.4,2.364,2.364,0,0,1,.651.667,2.289,2.289,0,0,1,2.364,0,2.341,2.341,0,0,1,4.093.667,2.339,2.339,0,0,1,4.76,2.4a2.335,2.335,0,0,1-2.4,2.4,2.27,2.27,0,0,1-1.7-.683M.348,22.028a.35.35,0,0,1-.106-.258V6.913a.352.352,0,0,1,.106-.258.353.353,0,0,1,.258-.107H4.153a.363.363,0,0,1,.364.365V21.77a.35.35,0,0,1-.106.258.353.353,0,0,1-.258.106H.606a.352.352,0,0,1-.258-.106\" transform=\"translate(0 0)\" fill=\"#fff\"><\/path>\n        <\/g>\n      <\/g>\n    <\/g>\n  <\/g>\n<\/svg>\n<span>Contact<\/span>\n<\/a>\n<\/div>\n\n\n \r\n\r\n<section  class=\"wp-block-section     alignfull    \"\r\n    >\r\n\r\n    \r\n        <div class=\"acf-innerblocks-container\">\n \r\n\r\n<section  class=\"wp-block-section     alignwide    \"\r\n    >\r\n\r\n    \r\n        <div class=\"acf-innerblocks-container\">\n\n<div class=\"wp-block-columns are-vertically-aligned-center wrap-mobile-col is-layout-flex wp-container-core-columns-is-layout-28f84493 wp-block-columns-is-layout-flex\" data-aos=\"fade-up\" data-aos-once=\"true\">\n<div class=\"wp-block-column is-vertically-aligned-center is-layout-flow wp-block-column-is-layout-flow\" style=\"flex-basis:41.66666667%\">\n<p>L&rsquo;IFEN met ses espaces d&rsquo;apprentissage et de travail (Walferdange et Belval) \u00e0 la disposition du personnel de l&rsquo;\u00e9ducation nationale et de tout d\u00e9partement, service ou \u00e9quipe du MENJE. Chaque espace a ses sp\u00e9cificit\u00e9s, et tous sont pens\u00e9s pour soutenir les dynamiques p\u00e9dagogiques, cr\u00e9atives et collaboratives.<\/p>\n\n\n\n<div aria-hidden=\"true\" class=\"wp-block-fsb-flexible-spacer fsb-flexible-spacer\"><div class=\"fsb-flexible-spacer__device fsb-flexible-spacer__device--lg\" style=\"height:10px\"><\/div><div class=\"fsb-flexible-spacer__device fsb-flexible-spacer__device--md\" style=\"height:10px\"><\/div><div class=\"fsb-flexible-spacer__device fsb-flexible-spacer__device--sm\" style=\"height:10px\"><\/div><\/div>\n\n\n\n<p class=\"h2-small\"><strong>En soumettant une demande de r\u00e9servation, vous vous engagez \u00e0 :<\/strong><\/p>\n\n\n\n<ul class=\"wp-block-list\">\n<li>Veiller au respect du mobilier ainsi que des \u00e9quipements mis \u00e0 disposition.<\/li>\n\n\n\n<li>Vous assurer que l\u2019usage est coh\u00e9rent avec la vocation p\u00e9dagogique ou professionnelle de l\u2019espace.<\/li>\n\n\n\n<li>Utiliser l\u2019espace\/la salle dans le respect du voisinage\/des autres utilisateurs des locaux (bruit, d\u00e9placements, etc.).<\/li>\n\n\n\n<li>Veiller au respect des horaires r\u00e9serv\u00e9s et lib\u00e9rer l\u2019espace en temps voulu.<\/li>\n\n\n\n<li>Veiller au respect des consignes de s\u00e9curit\u00e9 (jauge maximale de l\u2019espace\/la salle, plan d\u2019\u00e9vacuation, utilisation du mat\u00e9riel, acc\u00e8s aux zones restreintes) ainsi que les r\u00e8gles d\u2019hygi\u00e8ne applicables sur le lieu (notamment l\u2019interdiction de fumer dans les lieux affect\u00e9s \u00e0 un usage collectif).<\/li>\n\n\n\n<li>Laisser l\u2019espace propre, rang\u00e9 et pr\u00eat \u00e0 accueillir les suivants.<\/li>\n\n\n\n<li>Accepter que l\u2019IFEN ne peut \u00eatre tenu responsable en cas de perte, vol ou d\u00e9t\u00e9rioration d\u2019effets personnels.<\/li>\n<\/ul>\n\n\n\n<ul class=\"wp-block-list\">\n<li>Informer l\u2019IFEN de tout souci rencontr\u00e9, de tout dysfonctionnement ou d\u00e9gradation du mat\u00e9riel.<\/li>\n\n\n\n<li>Pr\u00e9venir le plus t\u00f4t possible l\u2019IFEN en cas d\u2019annulation ou de modification de r\u00e9servation.<\/li>\n<\/ul>\n<\/div>\n\n\n\n<div class=\"wp-block-column is-vertically-aligned-center editorskit-no-tablet editorskit-no-mobile is-layout-flow wp-block-column-is-layout-flow\" style=\"flex-basis:8.33333%\"><\/div>\n\n\n\n<div class=\"wp-block-column is-vertically-aligned-center is-layout-flow wp-block-column-is-layout-flow\" style=\"flex-basis:50%\">\n<figure class=\"wp-block-image size-full has-custom-border\"><img loading=\"lazy\" decoding=\"async\" width=\"856\" height=\"606\" src=\"https:\/\/ssl.education.lu\/ifen\/wp-content\/uploads\/2026\/03\/vignette_reservation_salles-1.jpg\" alt=\"\" class=\"wp-image-16088\" style=\"border-style:none;border-width:0px;border-radius:15px\" srcset=\"https:\/\/ssl.education.lu\/ifen\/wp-content\/uploads\/2026\/03\/vignette_reservation_salles-1.jpg 856w, https:\/\/ssl.education.lu\/ifen\/wp-content\/uploads\/2026\/03\/vignette_reservation_salles-1-600x425.jpg 600w, https:\/\/ssl.education.lu\/ifen\/wp-content\/uploads\/2026\/03\/vignette_reservation_salles-1-768x544.jpg 768w\" sizes=\"auto, (max-width: 856px) 100vw, 856px\" \/><\/figure>\n<\/div>\n<\/div>\n\n<\/div>    \r\n<\/section>\n\n \r\n\r\n<section  class=\"wp-block-section     alignwide    \"\r\n    >\r\n\r\n    \r\n        <div class=\"acf-innerblocks-container\">\n\n<h4 class=\"wp-block-heading h3small\">\/!\\ La demande de r\u00e9servation ne vaut pas confirmation. Chaque demande fait l\u2019objet d\u2019une validation par l\u2019IFEN.<\/h4>\n\n<\/div>    \r\n<\/section>\n\n\n<div aria-hidden=\"true\" class=\"wp-block-fsb-flexible-spacer fsb-flexible-spacer\" id=\"infos-pratiques\"><div class=\"fsb-flexible-spacer__device fsb-flexible-spacer__device--lg\" style=\"height:250px\"><\/div><div class=\"fsb-flexible-spacer__device fsb-flexible-spacer__device--md\" style=\"height:250px\"><\/div><div class=\"fsb-flexible-spacer__device fsb-flexible-spacer__device--sm\" style=\"height:250px\"><\/div><\/div>\n\n<\/div>    \r\n<\/section>\n\n \r\n\r\n<section  class=\"wp-block-section     alignfull    \"\r\n                    \r\n                        style=\"background: rgb(234,248,248)\"\r\n        \r\n        \r\n    >\r\n\r\n                        <div class=\"shape-section shape-section-top\">\r\n                <svg xmlns=\"http:\/\/www.w3.org\/2000\/svg\" xmlns:xlink=\"http:\/\/www.w3.org\/1999\/xlink\" width=\"100%\" height=\"87\" viewBox=\"0 0 1921 87\" preserveAspectRatio=\"none\">\r\n                    <g id=\"Groupe_d\u00e9filant_42\" data-name=\"Groupe d\u00e9filant 42\" transform=\"translate(0 -99)\" style=\"isolation: isolate\">\r\n                        <g id=\"Groupe_d\u00e9filant_43\" data-name=\"Groupe d\u00e9filant 43\" transform=\"translate(0 0)\" style=\"isolation: isolate\">\r\n                        <g id=\"Groupe_933\" data-name=\"Groupe 933\" transform=\"translate(0 0)\">\r\n                            <g id=\"Groupe_737\" data-name=\"Groupe 737\" transform=\"translate(0 0)\">\r\n                            <g id=\"Groupe_736\" data-name=\"Groupe 736\" transform=\"translate(-3953.287 105.034)\">\r\n                                <path style=\"fill:rgb(234,248,248)\"  id=\"Trac\u00e9_472\" data-name=\"Trac\u00e9 472\" d=\"M7.906-402.606c1825.143-1234.975,4696.423-1612.721,7144.4-940.023,1138.806,313,2098.365,826.758,2774.82,1485.924l37.407,36.5L9419.413,461.351l-46.566-46.339C8770.1-185.4,7905.633-652.907,6873.094-936.523,4672.52-1541.17,2104.279-1194.435,481.472-73.732L422.953-33.376l-462.211-337.5Z\" transform=\"translate(39.258 1672.364)\"\/>\r\n                            <\/g>\r\n                            <\/g>\r\n                        <\/g>\r\n                        <\/g>\r\n                    <\/g>\r\n                <\/svg>\r\n            <\/div> \r\n         \r\n                    <div class=\"shape-section shape-section-bottom\">\r\n                <svg xmlns=\"http:\/\/www.w3.org\/2000\/svg\" xmlns:xlink=\"http:\/\/www.w3.org\/1999\/xlink\" width=\"100%\" height=\"93\" viewBox=\"0 0 1921 93\" preserveAspectRatio=\"none\">\r\n                    <g id=\"Groupe_d\u00e9filant_42\" data-name=\"Groupe d\u00e9filant 42\" transform=\"translate(0 -543)\" style=\"isolation: isolate\">\r\n                        <g id=\"Groupe_d\u00e9filant_43\" data-name=\"Groupe d\u00e9filant 43\" transform=\"translate(0 0)\" style=\"isolation: isolate\">\r\n                        <g id=\"Groupe_933\" data-name=\"Groupe 933\" transform=\"translate(0 0)\">\r\n                            <g id=\"Groupe_737\" data-name=\"Groupe 737\" transform=\"translate(0 0)\">\r\n                            <g id=\"Groupe_736\" data-name=\"Groupe 736\" transform=\"translate(-3953.287 105.034)\">\r\n                                <path style=\"fill:rgb(234,248,248)\" id=\"Trac\u00e9_472\" data-name=\"Trac\u00e9 472\" d=\"M7.906-402.606c1825.143-1234.975,4696.423-1612.721,7144.4-940.023,1138.806,313,2098.365,826.758,2774.82,1485.924l37.407,36.5L9419.413,461.351l-46.566-46.339C8770.1-185.4,7905.633-652.907,6873.094-936.523,4672.52-1541.17,2104.279-1194.435,481.472-73.732L422.953-33.376l-462.211-337.5Z\" transform=\"translate(39.258 1672.364)\"\/>\r\n                            <\/g>\r\n                            <\/g>\r\n                        <\/g>\r\n                        <\/g>\r\n                    <\/g>\r\n                <\/svg>\r\n            <\/div>\r\n         \r\n    \r\n        <div class=\"acf-innerblocks-container\">\n \r\n\r\n<section  class=\"wp-block-section     alignwide    \"\r\n    >\r\n\r\n    \r\n        <div class=\"acf-innerblocks-container\">\n\n<div aria-hidden=\"true\" class=\"wp-block-fsb-flexible-spacer fsb-flexible-spacer\"><div class=\"fsb-flexible-spacer__device fsb-flexible-spacer__device--lg\" style=\"margin-bottom:-100px\"><\/div><div class=\"fsb-flexible-spacer__device fsb-flexible-spacer__device--md\" style=\"margin-bottom:-100px\"><\/div><div class=\"fsb-flexible-spacer__device fsb-flexible-spacer__device--sm\" style=\"margin-bottom:-100px\"><\/div><\/div>\n\n\n\n<h2 class=\"wp-block-heading has-text-align-center h2small\">Demander la r\u00e9servation&nbsp;d\u2019un espace IFEN<\/h2>\n\n\n\n<div class=\"wp-block-buttons is-content-justification-center is-layout-flex wp-container-core-buttons-is-layout-a89b3969 wp-block-buttons-is-layout-flex\">\n<div class=\"wp-block-button btn-picto turquoise\"><a class=\"wp-block-button__link wp-element-button\" href=\"http:\/\/www.edulink.lu\/x982\" target=\"_blank\" rel=\"noreferrer noopener\">Demander une r\u00e9servation<\/a><\/div>\n<\/div>\n\n<\/div>    \r\n<\/section>\n\n\n<div aria-hidden=\"true\" class=\"wp-block-fsb-flexible-spacer fsb-flexible-spacer\"><div class=\"fsb-flexible-spacer__device fsb-flexible-spacer__device--lg\" style=\"height:80px\"><\/div><div class=\"fsb-flexible-spacer__device fsb-flexible-spacer__device--md\" style=\"height:80px\"><\/div><div class=\"fsb-flexible-spacer__device fsb-flexible-spacer__device--sm\" style=\"height:80px\"><\/div><\/div>\n\n<\/div>    \r\n<\/section>\n\n\n<div aria-hidden=\"true\" class=\"wp-block-fsb-flexible-spacer fsb-flexible-spacer\"><div class=\"fsb-flexible-spacer__device fsb-flexible-spacer__device--lg\" style=\"height:85px\"><\/div><div class=\"fsb-flexible-spacer__device fsb-flexible-spacer__device--md\" style=\"height:85px\"><\/div><div class=\"fsb-flexible-spacer__device fsb-flexible-spacer__device--sm\" style=\"height:85px\"><\/div><\/div>\n\n\n \r\n\r\n<section data-aos-once=\"true\" data-aos=\"fade-up\"  class=\"wp-block-section     alignfull  hide-scroll section-contact  align-center \"\r\n                    \r\n                        style=\"background: rgb(0,178,187)\"\r\n        \r\n        \r\n    >\r\n\r\n                        <div class=\"shape-section shape-section-top\">\r\n                <svg xmlns=\"http:\/\/www.w3.org\/2000\/svg\" xmlns:xlink=\"http:\/\/www.w3.org\/1999\/xlink\" width=\"100%\" height=\"87\" viewBox=\"0 0 1921 87\" preserveAspectRatio=\"none\">\r\n                    <g id=\"Groupe_d\u00e9filant_42\" data-name=\"Groupe d\u00e9filant 42\" transform=\"translate(0 -99)\" style=\"isolation: isolate\">\r\n                        <g id=\"Groupe_d\u00e9filant_43\" data-name=\"Groupe d\u00e9filant 43\" transform=\"translate(0 0)\" style=\"isolation: isolate\">\r\n                        <g id=\"Groupe_933\" data-name=\"Groupe 933\" transform=\"translate(0 0)\">\r\n                            <g id=\"Groupe_737\" data-name=\"Groupe 737\" transform=\"translate(0 0)\">\r\n                            <g id=\"Groupe_736\" data-name=\"Groupe 736\" transform=\"translate(-3953.287 105.034)\">\r\n                                <path style=\"fill:rgb(0,178,187)\"  id=\"Trac\u00e9_472\" data-name=\"Trac\u00e9 472\" d=\"M7.906-402.606c1825.143-1234.975,4696.423-1612.721,7144.4-940.023,1138.806,313,2098.365,826.758,2774.82,1485.924l37.407,36.5L9419.413,461.351l-46.566-46.339C8770.1-185.4,7905.633-652.907,6873.094-936.523,4672.52-1541.17,2104.279-1194.435,481.472-73.732L422.953-33.376l-462.211-337.5Z\" transform=\"translate(39.258 1672.364)\"\/>\r\n                            <\/g>\r\n                            <\/g>\r\n                        <\/g>\r\n                        <\/g>\r\n                    <\/g>\r\n                <\/svg>\r\n            <\/div> \r\n         \r\n         \r\n    \r\n        <div class=\"acf-innerblocks-container\">\n\n<h2 class=\"wp-block-heading has-text-color\" style=\"color:#ffffff\">Contactez-nous<\/h2>\n\n\n\n<div class=\"wp-block-group is-layout-flow wp-block-group-is-layout-flow\">\n<p class=\"has-text-color has-link-color wp-elements-be14ccb05af45d0906a59620c91d03f0\" style=\"color:#ffffff\">Si vous avez une question, n\u2019h\u00e9sitez pas \u00e0 nous contacter\u00a0:<\/p>\n\n\n\n<p class=\"has-text-color has-link-color has-xl-font-size wp-elements-a409655d2a060321e358c3364deaaa55\" style=\"color:#ffffff;font-style:normal;font-weight:400\"><a href=\"tel:0035224795213\" class=\"ek-link\">(+352) 247-95213<\/a><\/p>\n\n\n\n<p class=\"has-text-color has-link-color has-xl-font-size wp-elements-14f73062ee6cf118278e94811d34db22\" style=\"color:#ffffff;font-style:normal;font-weight:400\"><a href=\"mailto:reservation-salles@ifen.lu\" class=\"ek-link\">reservation-salles@ifen.lu<\/a><\/p>\n<\/div>\n\n\n \r\n\r\n<section  class=\"wp-block-section     alignwide    \"\r\n    >\r\n\r\n    \r\n        <div class=\"acf-innerblocks-container\">\n\n<div aria-hidden=\"true\" class=\"wp-block-fsb-flexible-spacer fsb-flexible-spacer\"><div class=\"fsb-flexible-spacer__device fsb-flexible-spacer__device--lg\" style=\"height:80px\"><\/div><div class=\"fsb-flexible-spacer__device fsb-flexible-spacer__device--md\" style=\"height:80px\"><\/div><div class=\"fsb-flexible-spacer__device fsb-flexible-spacer__device--sm\" style=\"height:80px\"><\/div><\/div>\n\n<\/div>    \r\n<\/section>\n<\/div>    \r\n<\/section>","protected":false},"excerpt":{"rendered":"<p>Contact<\/p>\n","protected":false},"author":1,"featured_media":0,"parent":0,"menu_order":0,"comment_status":"closed","ping_status":"closed","template":"","meta":{"_eb_attr":"","_editorskit_title_hidden":false,"_editorskit_reading_time":0,"_editorskit_is_block_options_detached":false,"_editorskit_block_options_position":"{}","inline_featured_image":false,"footnotes":""},"class_list":["post-16092","page","type-page","status-publish","hentry","etat-valide"],"acf":{"espace_type":""},"_links":{"self":[{"href":"https:\/\/ssl.education.lu\/ifen\/wp-json\/wp\/v2\/pages\/16092","targetHints":{"allow":["GET"]}}],"collection":[{"href":"https:\/\/ssl.education.lu\/ifen\/wp-json\/wp\/v2\/pages"}],"about":[{"href":"https:\/\/ssl.education.lu\/ifen\/wp-json\/wp\/v2\/types\/page"}],"author":[{"embeddable":true,"href":"https:\/\/ssl.education.lu\/ifen\/wp-json\/wp\/v2\/users\/1"}],"replies":[{"embeddable":true,"href":"https:\/\/ssl.education.lu\/ifen\/wp-json\/wp\/v2\/comments?post=16092"}],"version-history":[{"count":42,"href":"https:\/\/ssl.education.lu\/ifen\/wp-json\/wp\/v2\/pages\/16092\/revisions"}],"predecessor-version":[{"id":16144,"href":"https:\/\/ssl.education.lu\/ifen\/wp-json\/wp\/v2\/pages\/16092\/revisions\/16144"}],"wp:attachment":[{"href":"https:\/\/ssl.education.lu\/ifen\/wp-json\/wp\/v2\/media?parent=16092"}],"curies":[{"name":"wp","href":"https:\/\/api.w.org\/{rel}","templated":true}]}}