

{"id":15461,"date":"2025-12-09T13:10:53","date_gmt":"2025-12-09T12:10:53","guid":{"rendered":"\/ifen\/?page_id=15461"},"modified":"2025-12-11T10:02:48","modified_gmt":"2025-12-11T09:02:48","slug":"young-professionals","status":"publish","type":"page","link":"\/ifen\/young-professionals\/","title":{"rendered":"YOUng Professionals"},"content":{"rendered":"\n<div class=\"wp-block-cover alignfull is-light banner-page banner-page-small hide-editor\" style=\"min-height:250px;aspect-ratio:unset;\"><img decoding=\"async\" class=\"wp-block-cover__image-background wp-image-5578\" alt=\"\" src=\"\/ifen\/wp-content\/uploads\/2023\/11\/banner_small_green.svg\" data-object-fit=\"cover\"\/><span aria-hidden=\"true\" class=\"wp-block-cover__background has-black-background-color has-background-dim-0 has-background-dim\"><\/span><div class=\"wp-block-cover__inner-container is-layout-flow wp-block-cover-is-layout-flow\">\n<div class=\"wp-block-group is-layout-flow wp-block-group-is-layout-flow\" data-aos=\"fade-down\">\n<div class=\"wp-block-group has-global-padding is-layout-constrained wp-block-group-is-layout-constrained\">\n<h1 class=\"wp-block-heading has-text-align-center has-primary-color has-text-color\">YOUng Professionals<\/h1>\n\n\n\n<p class=\"has-text-align-center\">Se lancer en confiance, \u00e9voluer \u00e0 son rythme.&nbsp;<\/p>\n<\/div>\n<\/div>\n\n\n\n<svg class=\"curve curve-bottom curve-desktop\" xmlns=\"http:\/\/www.w3.org\/2000\/svg\" width=\"100%\" height=\"77.168\" viewBox=\"0 0 1600 77.168\" preserveAspectRatio=\"none\">\n            <path id=\"Trac\u00e9_454\" data-name=\"Trac\u00e9 454\" d=\"M0,0H1600V29.331S1204.669,77.168,804.669,77.168,0,29.331,0,29.331Z\" transform=\"translate(1600 77.168) rotate(180)\" fill=\"#fff\"\/>\n        <\/svg>\n<svg class=\"curve curve-bottom curve-mobile\" xmlns=\"http:\/\/www.w3.org\/2000\/svg\" width=\"100%\" height=\"77.168\" viewBox=\"0 0 1600 77.168\">\n            <path id=\"Trac\u00e9_454\" data-name=\"Trac\u00e9 454\" d=\"M0,0H1600V29.331S1204.669,77.168,804.669,77.168,0,29.331,0,29.331Z\" transform=\"translate(1600 77.168) rotate(180)\" fill=\"#fff\"\/>\n        <\/svg>\n<\/div><\/div>\n\n\n\n<div class=\"wp-block-group hide-editor has-global-padding is-layout-constrained wp-block-group-is-layout-constrained\">\n<a href=\"#infos-pratiques\" class=\"groupe-fixe hide-editor vert\">\n<svg xmlns=\"http:\/\/www.w3.org\/2000\/svg\" xmlns:xlink=\"http:\/\/www.w3.org\/1999\/xlink\" width=\"42\" height=\"42\" viewBox=\"0 0 42 42\">\n  <g id=\"Groupe_1638\" data-name=\"Groupe 1638\" transform=\"translate(-1805.341 -527.784)\">\n    <g id=\"Groupe_1637\" data-name=\"Groupe 1637\" transform=\"translate(1806.341 528.784)\">\n      <path id=\"Trac\u00e9_889\" data-name=\"Trac\u00e9 889\" d=\"M58.709,20.507a20,20,0,1,1-20-20A20,20,0,0,1,58.709,20.507Z\" transform=\"translate(-18.709 -0.507)\" fill=\"none\" stroke=\"#fff\" stroke-miterlimit=\"10\" stroke-width=\"2\"><\/path>\n      <g id=\"Groupe_1601\" data-name=\"Groupe 1601\" transform=\"translate(17.302 8.603)\">\n        <g id=\"Groupe_1600\" data-name=\"Groupe 1600\" transform=\"translate(0 0)\">\n          <path id=\"Trac\u00e9_890\" data-name=\"Trac\u00e9 890\" d=\"M.667,4.108A2.347,2.347,0,0,1,0,2.4,2.364,2.364,0,0,1,.651.667,2.289,2.289,0,0,1,2.364,0,2.341,2.341,0,0,1,4.093.667,2.339,2.339,0,0,1,4.76,2.4a2.335,2.335,0,0,1-2.4,2.4,2.27,2.27,0,0,1-1.7-.683M.348,22.028a.35.35,0,0,1-.106-.258V6.913a.352.352,0,0,1,.106-.258.353.353,0,0,1,.258-.107H4.153a.363.363,0,0,1,.364.365V21.77a.35.35,0,0,1-.106.258.353.353,0,0,1-.258.106H.606a.352.352,0,0,1-.258-.106\" transform=\"translate(0 0)\" fill=\"#fff\"><\/path>\n        <\/g>\n      <\/g>\n    <\/g>\n  <\/g>\n<\/svg>\n<span>Contact<\/span>\n<\/a>\n<\/div>\n\n\n \r\n\r\n<section  class=\"wp-block-section     alignfull    \"\r\n    >\r\n\r\n    \r\n        <div class=\"acf-innerblocks-container\">\n \r\n\r\n<section  class=\"wp-block-section     alignwide    \"\r\n    >\r\n\r\n    \r\n        <div class=\"acf-innerblocks-container\">\n\n<div class=\"wp-block-columns are-vertically-aligned-center wrap-mobile-col is-layout-flex wp-container-core-columns-is-layout-28f84493 wp-block-columns-is-layout-flex\" data-aos=\"fade-up\" data-aos-once=\"true\">\n<div class=\"wp-block-column is-vertically-aligned-center is-layout-flow wp-block-column-is-layout-flow\" style=\"flex-basis:41.66666667%\">\n<p>Les premi\u00e8res ann\u00e9es dans les m\u00e9tiers de l\u2019\u00e9ducation repr\u00e9sentent une phase pleine de d\u00e9couvertes, de transitions et d\u2019opportunit\u00e9s pour construire des rep\u00e8res solides. Le programme YOUng Professionals s\u2019adresse aux enseignants, \u00e9ducateurs et professionnels psycho-sociaux dans les quatre premi\u00e8res ann\u00e9es suivant le stage ou aux personnels n&rsquo;ayant pas effectu\u00e9 un parcours de stage.<\/p>\n\n\n\n<div aria-hidden=\"true\" class=\"wp-block-fsb-flexible-spacer fsb-flexible-spacer\"><div class=\"fsb-flexible-spacer__device fsb-flexible-spacer__device--lg\" style=\"height:10px\"><\/div><div class=\"fsb-flexible-spacer__device fsb-flexible-spacer__device--md\" style=\"height:10px\"><\/div><div class=\"fsb-flexible-spacer__device fsb-flexible-spacer__device--sm\" style=\"height:10px\"><\/div><\/div>\n\n\n\n<p>Cette offre donne l\u2019occasion d\u2019explorer, selon ses besoins et ses priorit\u00e9s, des ressources vari\u00e9es : formations cibl\u00e9es, espaces d\u2019\u00e9change entre pairs, coaching, ou encore d&rsquo;autres formats, pour consolider et enrichir les bases de son d\u00e9veloppement.&nbsp;Elle ouvre ainsi des perspectives pour cultiver son propre d\u00e9veloppement professionnel, renforcer ses comp\u00e9tences et s\u2019inscrire activement dans une dynamique de croissance continue, \u00e0 son rythme.<\/p>\n<\/div>\n\n\n\n<div class=\"wp-block-column is-vertically-aligned-center editorskit-no-tablet editorskit-no-mobile is-layout-flow wp-block-column-is-layout-flow\" style=\"flex-basis:8.33333%\"><\/div>\n\n\n\n<div class=\"wp-block-column is-vertically-aligned-center is-layout-flow wp-block-column-is-layout-flow\" style=\"flex-basis:50%\">\n<figure class=\"wp-block-image size-full has-custom-border\"><img loading=\"lazy\" decoding=\"async\" width=\"1920\" height=\"1080\" src=\"https:\/\/ssl.education.lu\/ifen\/wp-content\/uploads\/2025\/12\/illustration_YOUng_professionals-1.jpg\" alt=\"\" class=\"wp-image-15462\" style=\"border-style:none;border-width:0px;border-radius:15px\" srcset=\"https:\/\/ssl.education.lu\/ifen\/wp-content\/uploads\/2025\/12\/illustration_YOUng_professionals-1.jpg 1920w, https:\/\/ssl.education.lu\/ifen\/wp-content\/uploads\/2025\/12\/illustration_YOUng_professionals-1-600x338.jpg 600w, https:\/\/ssl.education.lu\/ifen\/wp-content\/uploads\/2025\/12\/illustration_YOUng_professionals-1-1024x576.jpg 1024w, https:\/\/ssl.education.lu\/ifen\/wp-content\/uploads\/2025\/12\/illustration_YOUng_professionals-1-768x432.jpg 768w, https:\/\/ssl.education.lu\/ifen\/wp-content\/uploads\/2025\/12\/illustration_YOUng_professionals-1-1536x864.jpg 1536w\" sizes=\"auto, (max-width: 1920px) 100vw, 1920px\" \/><\/figure>\n<\/div>\n<\/div>\n\n<\/div>    \r\n<\/section>\n\n\n<div aria-hidden=\"true\" class=\"wp-block-fsb-flexible-spacer fsb-flexible-spacer\"><div class=\"fsb-flexible-spacer__device fsb-flexible-spacer__device--lg\" style=\"height:200px\"><\/div><div class=\"fsb-flexible-spacer__device fsb-flexible-spacer__device--md\" style=\"height:200px\"><\/div><div class=\"fsb-flexible-spacer__device fsb-flexible-spacer__device--sm\" style=\"height:200px\"><\/div><\/div>\n\n<\/div>    \r\n<\/section>\n\n \r\n\r\n<section  class=\"wp-block-section     alignfull    \"\r\n                    \r\n                        style=\"background: rgba(85,181,120,0.13)\"\r\n        \r\n        \r\n    >\r\n\r\n                        <div class=\"shape-section shape-section-top\">\r\n                <svg xmlns=\"http:\/\/www.w3.org\/2000\/svg\" xmlns:xlink=\"http:\/\/www.w3.org\/1999\/xlink\" width=\"100%\" height=\"87\" viewBox=\"0 0 1921 87\" preserveAspectRatio=\"none\">\r\n                    <g id=\"Groupe_d\u00e9filant_42\" data-name=\"Groupe d\u00e9filant 42\" transform=\"translate(0 -99)\" style=\"isolation: isolate\">\r\n                        <g id=\"Groupe_d\u00e9filant_43\" data-name=\"Groupe d\u00e9filant 43\" transform=\"translate(0 0)\" style=\"isolation: isolate\">\r\n                        <g id=\"Groupe_933\" data-name=\"Groupe 933\" transform=\"translate(0 0)\">\r\n                            <g id=\"Groupe_737\" data-name=\"Groupe 737\" transform=\"translate(0 0)\">\r\n                            <g id=\"Groupe_736\" data-name=\"Groupe 736\" transform=\"translate(-3953.287 105.034)\">\r\n                                <path style=\"fill:rgba(85,181,120,0.13)\"  id=\"Trac\u00e9_472\" data-name=\"Trac\u00e9 472\" d=\"M7.906-402.606c1825.143-1234.975,4696.423-1612.721,7144.4-940.023,1138.806,313,2098.365,826.758,2774.82,1485.924l37.407,36.5L9419.413,461.351l-46.566-46.339C8770.1-185.4,7905.633-652.907,6873.094-936.523,4672.52-1541.17,2104.279-1194.435,481.472-73.732L422.953-33.376l-462.211-337.5Z\" transform=\"translate(39.258 1672.364)\"\/>\r\n                            <\/g>\r\n                            <\/g>\r\n                        <\/g>\r\n                        <\/g>\r\n                    <\/g>\r\n                <\/svg>\r\n            <\/div> \r\n         \r\n                    <div class=\"shape-section shape-section-bottom\">\r\n                <svg xmlns=\"http:\/\/www.w3.org\/2000\/svg\" xmlns:xlink=\"http:\/\/www.w3.org\/1999\/xlink\" width=\"100%\" height=\"93\" viewBox=\"0 0 1921 93\" preserveAspectRatio=\"none\">\r\n                    <g id=\"Groupe_d\u00e9filant_42\" data-name=\"Groupe d\u00e9filant 42\" transform=\"translate(0 -543)\" style=\"isolation: isolate\">\r\n                        <g id=\"Groupe_d\u00e9filant_43\" data-name=\"Groupe d\u00e9filant 43\" transform=\"translate(0 0)\" style=\"isolation: isolate\">\r\n                        <g id=\"Groupe_933\" data-name=\"Groupe 933\" transform=\"translate(0 0)\">\r\n                            <g id=\"Groupe_737\" data-name=\"Groupe 737\" transform=\"translate(0 0)\">\r\n                            <g id=\"Groupe_736\" data-name=\"Groupe 736\" transform=\"translate(-3953.287 105.034)\">\r\n                                <path style=\"fill:rgba(85,181,120,0.13)\" id=\"Trac\u00e9_472\" data-name=\"Trac\u00e9 472\" d=\"M7.906-402.606c1825.143-1234.975,4696.423-1612.721,7144.4-940.023,1138.806,313,2098.365,826.758,2774.82,1485.924l37.407,36.5L9419.413,461.351l-46.566-46.339C8770.1-185.4,7905.633-652.907,6873.094-936.523,4672.52-1541.17,2104.279-1194.435,481.472-73.732L422.953-33.376l-462.211-337.5Z\" transform=\"translate(39.258 1672.364)\"\/>\r\n                            <\/g>\r\n                            <\/g>\r\n                        <\/g>\r\n                        <\/g>\r\n                    <\/g>\r\n                <\/svg>\r\n            <\/div>\r\n         \r\n    \r\n        <div class=\"acf-innerblocks-container\">\n \r\n\r\n<section  class=\"wp-block-section     alignwide    \"\r\n    >\r\n\r\n    \r\n        <div class=\"acf-innerblocks-container\">\n\n<div aria-hidden=\"true\" class=\"wp-block-fsb-flexible-spacer fsb-flexible-spacer\"><div class=\"fsb-flexible-spacer__device fsb-flexible-spacer__device--lg\" style=\"margin-bottom:-100px\"><\/div><div class=\"fsb-flexible-spacer__device fsb-flexible-spacer__device--md\" style=\"margin-bottom:-100px\"><\/div><div class=\"fsb-flexible-spacer__device fsb-flexible-spacer__device--sm\" style=\"margin-bottom:-100px\"><\/div><\/div>\n\n\n\n<h2 class=\"wp-block-heading has-text-align-center h2small\">Notre offre de prestations<\/h2>\n\n\n\n<p class=\"has-text-align-center\">Trouvez la formation dont vous avez besoin dans notre catalogue de prestations<\/p>\n\n\n\n<div class=\"wp-block-buttons is-content-justification-center is-layout-flex wp-container-core-buttons-is-layout-a89b3969 wp-block-buttons-is-layout-flex\">\n<div class=\"wp-block-button btn-picto\"><a class=\"wp-block-button__link wp-element-button\" href=\"\/ifen\/catalog\/search\/?thematics=19006\" target=\"_blank\" rel=\"noreferrer noopener\">Consultez notre offre<\/a><\/div>\n<\/div>\n\n<\/div>    \r\n<\/section>\n\n\n<div aria-hidden=\"true\" class=\"wp-block-fsb-flexible-spacer fsb-flexible-spacer\"><div class=\"fsb-flexible-spacer__device fsb-flexible-spacer__device--lg\" style=\"height:80px\"><\/div><div class=\"fsb-flexible-spacer__device fsb-flexible-spacer__device--md\" style=\"height:80px\"><\/div><div class=\"fsb-flexible-spacer__device fsb-flexible-spacer__device--sm\" style=\"height:80px\"><\/div><\/div>\n\n<\/div>    \r\n<\/section>\n\n\n<div aria-hidden=\"true\" class=\"wp-block-fsb-flexible-spacer fsb-flexible-spacer\" id=\"infos-pratiques\"><div class=\"fsb-flexible-spacer__device fsb-flexible-spacer__device--lg\" style=\"height:85px\"><\/div><div class=\"fsb-flexible-spacer__device fsb-flexible-spacer__device--md\" style=\"height:85px\"><\/div><div class=\"fsb-flexible-spacer__device fsb-flexible-spacer__device--sm\" style=\"height:85px\"><\/div><\/div>\n\n\n \r\n\r\n<section data-aos-once=\"true\" data-aos=\"fade-up\"  class=\"wp-block-section     alignfull  hide-scroll section-contact  align-center \"\r\n                    \r\n                        style=\"background: rgb(85,181,120)\"\r\n        \r\n        \r\n    >\r\n\r\n                        <div class=\"shape-section shape-section-top\">\r\n                <svg xmlns=\"http:\/\/www.w3.org\/2000\/svg\" xmlns:xlink=\"http:\/\/www.w3.org\/1999\/xlink\" width=\"100%\" height=\"87\" viewBox=\"0 0 1921 87\" preserveAspectRatio=\"none\">\r\n                    <g id=\"Groupe_d\u00e9filant_42\" data-name=\"Groupe d\u00e9filant 42\" transform=\"translate(0 -99)\" style=\"isolation: isolate\">\r\n                        <g id=\"Groupe_d\u00e9filant_43\" data-name=\"Groupe d\u00e9filant 43\" transform=\"translate(0 0)\" style=\"isolation: isolate\">\r\n                        <g id=\"Groupe_933\" data-name=\"Groupe 933\" transform=\"translate(0 0)\">\r\n                            <g id=\"Groupe_737\" data-name=\"Groupe 737\" transform=\"translate(0 0)\">\r\n                            <g id=\"Groupe_736\" data-name=\"Groupe 736\" transform=\"translate(-3953.287 105.034)\">\r\n                                <path style=\"fill:rgb(85,181,120)\"  id=\"Trac\u00e9_472\" data-name=\"Trac\u00e9 472\" d=\"M7.906-402.606c1825.143-1234.975,4696.423-1612.721,7144.4-940.023,1138.806,313,2098.365,826.758,2774.82,1485.924l37.407,36.5L9419.413,461.351l-46.566-46.339C8770.1-185.4,7905.633-652.907,6873.094-936.523,4672.52-1541.17,2104.279-1194.435,481.472-73.732L422.953-33.376l-462.211-337.5Z\" transform=\"translate(39.258 1672.364)\"\/>\r\n                            <\/g>\r\n                            <\/g>\r\n                        <\/g>\r\n                        <\/g>\r\n                    <\/g>\r\n                <\/svg>\r\n            <\/div> \r\n         \r\n         \r\n    \r\n        <div class=\"acf-innerblocks-container\">\n \r\n\r\n<section  class=\"wp-block-section     alignwide    \"\r\n    >\r\n\r\n    \r\n        <div class=\"acf-innerblocks-container\">\n\n<h2 class=\"wp-block-heading has-text-color\" style=\"color:#ffffff\">Contactez-nous<\/h2>\n\n\n\n<div class=\"wp-block-group has-global-padding is-layout-constrained wp-block-group-is-layout-constrained\">\n<p class=\"has-text-color has-link-color wp-elements-05bc361957c9d025d58e6cc64297a512\" style=\"color:#ffffff\">Si vous avez une question, n\u2019h\u00e9sitez pas \u00e0 nous contacter&nbsp;:<\/p>\n\n\n\n<p class=\"has-text-color has-link-color has-xl-font-size wp-elements-ac82d38dfdd62f82000a68b755be49c3\" style=\"color:#ffffff;font-style:normal;font-weight:400\"><a href=\"tel:0035224775283\" class=\"ek-link\">(+352) 247-75283<\/a><\/p>\n\n\n\n<p class=\"has-text-color has-link-color has-xl-font-size wp-elements-f45ae4d7035151f9a57621c3ba8a6d15\" style=\"color:#ffffff;font-style:normal;font-weight:400\"><a href=\"mailto:soutienperso@ifen.lu\" class=\"ek-link\">soutienperso@ifen.lu<\/a><\/p>\n\n\n\n<p class=\"has-text-color has-link-color wp-elements-1cc20be7e4a237fb7f5a79fa0ead055e\" style=\"color:#ffffff\">Nous \u00e9largissons constamment notre offre de prestations. Si vous avez n\u00e9anmoins des suggestions de contenus ou de th\u00e8mes, n\u2019h\u00e9sitez pas \u00e0 nous en faire part.<\/p>\n<\/div>\n\n\n\n<div aria-hidden=\"true\" class=\"wp-block-fsb-flexible-spacer fsb-flexible-spacer\"><div class=\"fsb-flexible-spacer__device fsb-flexible-spacer__device--lg\" style=\"height:80px\"><\/div><div class=\"fsb-flexible-spacer__device fsb-flexible-spacer__device--md\" style=\"height:80px\"><\/div><div class=\"fsb-flexible-spacer__device fsb-flexible-spacer__device--sm\" style=\"height:80px\"><\/div><\/div>\n\n<\/div>    \r\n<\/section>\n<\/div>    \r\n<\/section>","protected":false},"excerpt":{"rendered":"<p>Contact<\/p>\n","protected":false},"author":1,"featured_media":0,"parent":0,"menu_order":0,"comment_status":"closed","ping_status":"closed","template":"","meta":{"_eb_attr":"","_editorskit_title_hidden":false,"_editorskit_reading_time":0,"_editorskit_is_block_options_detached":false,"_editorskit_block_options_position":"{}","inline_featured_image":false,"footnotes":""},"class_list":["post-15461","page","type-page","status-publish","hentry","etat-valide"],"acf":{"espace_type":""},"_links":{"self":[{"href":"https:\/\/ssl.education.lu\/ifen\/wp-json\/wp\/v2\/pages\/15461","targetHints":{"allow":["GET"]}}],"collection":[{"href":"https:\/\/ssl.education.lu\/ifen\/wp-json\/wp\/v2\/pages"}],"about":[{"href":"https:\/\/ssl.education.lu\/ifen\/wp-json\/wp\/v2\/types\/page"}],"author":[{"embeddable":true,"href":"https:\/\/ssl.education.lu\/ifen\/wp-json\/wp\/v2\/users\/1"}],"replies":[{"embeddable":true,"href":"https:\/\/ssl.education.lu\/ifen\/wp-json\/wp\/v2\/comments?post=15461"}],"version-history":[{"count":6,"href":"https:\/\/ssl.education.lu\/ifen\/wp-json\/wp\/v2\/pages\/15461\/revisions"}],"predecessor-version":[{"id":15484,"href":"https:\/\/ssl.education.lu\/ifen\/wp-json\/wp\/v2\/pages\/15461\/revisions\/15484"}],"wp:attachment":[{"href":"https:\/\/ssl.education.lu\/ifen\/wp-json\/wp\/v2\/media?parent=15461"}],"curies":[{"name":"wp","href":"https:\/\/api.w.org\/{rel}","templated":true}]}}