

{"id":14906,"date":"2026-04-01T14:31:03","date_gmt":"2026-04-01T12:31:03","guid":{"rendered":"\/ifen\/?page_id=14906"},"modified":"2026-04-02T12:32:52","modified_gmt":"2026-04-02T10:32:52","slug":"batiment-06-etage-3-salle-004","status":"publish","type":"page","link":"\/ifen\/espaces-dapprentissage-et-de-travail\/espaces-flexibles\/batiment-06-etage-3-salle-004\/","title":{"rendered":"B\u00e2timent 06 \u2013 \u00e9tage 3 \u2013 salle 004"},"content":{"rendered":"\n<div class=\"wp-block-cover alignfull is-light banner-page banner-page-small hide-editor\" style=\"min-height:250px;aspect-ratio:unset;\"><img loading=\"lazy\" decoding=\"async\" width=\"1920\" height=\"250\" class=\"wp-block-cover__image-background wp-image-4392 size-large\" alt=\"\" src=\"https:\/\/ssl.education.lu\/ifen\/wp-content\/uploads\/2023\/11\/banner_small_green.svg\" data-object-fit=\"cover\"\/><span aria-hidden=\"true\" class=\"wp-block-cover__background has-black-background-color has-background-dim-0 has-background-dim\"><\/span><div class=\"wp-block-cover__inner-container is-layout-flow wp-block-cover-is-layout-flow\">\n<div class=\"wp-block-group is-layout-flow wp-block-group-is-layout-flow\">\n<h1 class=\"wp-block-heading has-text-align-center has-primary-color has-text-color\">Salle 004<\/h1>\n<\/div>\n\n\n\n<svg class=\"curve curve-bottom curve-desktop\" xmlns=\"http:\/\/www.w3.org\/2000\/svg\" width=\"100%\" height=\"77.168\" viewBox=\"0 0 1600 77.168\" preserveAspectRatio=\"none\">\n                <path id=\"Trac\u00e9_454\" data-name=\"Trac\u00e9 454\" d=\"M0,0H1600V29.331S1204.669,77.168,804.669,77.168,0,29.331,0,29.331Z\" transform=\"translate(1600 77.168) rotate(180)\" fill=\"#fff\"\/>\n            <\/svg>\n    <svg class=\"curve curve-bottom curve-mobile\" xmlns=\"http:\/\/www.w3.org\/2000\/svg\" width=\"100%\" height=\"77.168\" viewBox=\"0 0 1600 77.168\">\n                <path id=\"Trac\u00e9_454\" data-name=\"Trac\u00e9 454\" d=\"M0,0H1600V29.331S1204.669,77.168,804.669,77.168,0,29.331,0,29.331Z\" transform=\"translate(1600 77.168) rotate(180)\" fill=\"#fff\"\/>\n            <\/svg>\n<\/div><\/div>\n\n\n \r\n\r\n<section  class=\"wp-block-section     alignwide  wrapper-salle  \"\r\n    >\r\n\r\n    \r\n        <div class=\"acf-innerblocks-container\">\n\n<div aria-hidden=\"true\" class=\"wp-block-fsb-flexible-spacer fsb-flexible-spacer\"><div class=\"fsb-flexible-spacer__device fsb-flexible-spacer__device--lg\" style=\"height:20px\"><\/div><div class=\"fsb-flexible-spacer__device fsb-flexible-spacer__device--md\" style=\"height:20px\"><\/div><div class=\"fsb-flexible-spacer__device fsb-flexible-spacer__device--sm\" style=\"height:20px\"><\/div><\/div>\n\n\n\n<div class=\"wp-block-group gal-limit is-layout-flow wp-block-group-is-layout-flow\">\n<figure class=\"wp-block-gallery has-nested-images columns-3 is-cropped wp-block-gallery-salle wp-block-gallery-1 is-layout-flex wp-block-gallery-is-layout-flex\">\n<figure class=\"wp-block-image size-large\"><a href=\"https:\/\/ssl.education.lu\/ifen\/wp-content\/uploads\/2025\/11\/304_2-scaled.jpeg\"><img loading=\"lazy\" decoding=\"async\" width=\"1024\" height=\"576\" data-id=\"15019\" src=\"https:\/\/ssl.education.lu\/ifen\/wp-content\/uploads\/2025\/11\/304_2-1024x576.jpeg\" alt=\"\" class=\"wp-image-15019\" srcset=\"https:\/\/ssl.education.lu\/ifen\/wp-content\/uploads\/2025\/11\/304_2-1024x576.jpeg 1024w, https:\/\/ssl.education.lu\/ifen\/wp-content\/uploads\/2025\/11\/304_2-600x338.jpeg 600w, https:\/\/ssl.education.lu\/ifen\/wp-content\/uploads\/2025\/11\/304_2-768x432.jpeg 768w, https:\/\/ssl.education.lu\/ifen\/wp-content\/uploads\/2025\/11\/304_2-1536x864.jpeg 1536w, https:\/\/ssl.education.lu\/ifen\/wp-content\/uploads\/2025\/11\/304_2-2048x1153.jpeg 2048w\" sizes=\"auto, (max-width: 1024px) 100vw, 1024px\" \/><\/a><\/figure>\n\n\n\n<figure class=\"wp-block-image size-large\"><a href=\"https:\/\/ssl.education.lu\/ifen\/wp-content\/uploads\/2025\/11\/304_3-scaled.jpeg\"><img loading=\"lazy\" decoding=\"async\" width=\"1024\" height=\"576\" data-id=\"15020\" src=\"https:\/\/ssl.education.lu\/ifen\/wp-content\/uploads\/2025\/11\/304_3-1024x576.jpeg\" alt=\"\" class=\"wp-image-15020\" srcset=\"https:\/\/ssl.education.lu\/ifen\/wp-content\/uploads\/2025\/11\/304_3-1024x576.jpeg 1024w, https:\/\/ssl.education.lu\/ifen\/wp-content\/uploads\/2025\/11\/304_3-600x338.jpeg 600w, https:\/\/ssl.education.lu\/ifen\/wp-content\/uploads\/2025\/11\/304_3-768x432.jpeg 768w, https:\/\/ssl.education.lu\/ifen\/wp-content\/uploads\/2025\/11\/304_3-1536x864.jpeg 1536w, https:\/\/ssl.education.lu\/ifen\/wp-content\/uploads\/2025\/11\/304_3-2048x1153.jpeg 2048w\" sizes=\"auto, (max-width: 1024px) 100vw, 1024px\" \/><\/a><\/figure>\n\n\n\n<figure class=\"wp-block-image size-large\"><a href=\"https:\/\/ssl.education.lu\/ifen\/wp-content\/uploads\/2025\/11\/304_1-scaled.jpeg\"><img loading=\"lazy\" decoding=\"async\" width=\"1024\" height=\"576\" data-id=\"15018\" src=\"https:\/\/ssl.education.lu\/ifen\/wp-content\/uploads\/2025\/11\/304_1-1024x576.jpeg\" alt=\"\" class=\"wp-image-15018\" srcset=\"https:\/\/ssl.education.lu\/ifen\/wp-content\/uploads\/2025\/11\/304_1-1024x576.jpeg 1024w, https:\/\/ssl.education.lu\/ifen\/wp-content\/uploads\/2025\/11\/304_1-600x338.jpeg 600w, https:\/\/ssl.education.lu\/ifen\/wp-content\/uploads\/2025\/11\/304_1-768x432.jpeg 768w, https:\/\/ssl.education.lu\/ifen\/wp-content\/uploads\/2025\/11\/304_1-1536x864.jpeg 1536w, https:\/\/ssl.education.lu\/ifen\/wp-content\/uploads\/2025\/11\/304_1-2048x1153.jpeg 2048w\" sizes=\"auto, (max-width: 1024px) 100vw, 1024px\" \/><\/a><\/figure>\n<\/figure>\n\n\n\n<p class=\"btn-gallery\">Afficher toutes les photos<\/p>\n<\/div>\n\n\n\n<div aria-hidden=\"true\" class=\"wp-block-fsb-flexible-spacer fsb-flexible-spacer\"><div class=\"fsb-flexible-spacer__device fsb-flexible-spacer__device--lg\" style=\"height:40px\"><\/div><div class=\"fsb-flexible-spacer__device fsb-flexible-spacer__device--md\" style=\"height:40px\"><\/div><div class=\"fsb-flexible-spacer__device fsb-flexible-spacer__device--sm\" style=\"height:40px\"><\/div><\/div>\n\n\n\n<h2 class=\"wp-block-heading h2small\">Informations pratiques<\/h2>\n\n\n\n<div aria-hidden=\"true\" class=\"wp-block-fsb-flexible-spacer fsb-flexible-spacer\"><div class=\"fsb-flexible-spacer__device fsb-flexible-spacer__device--lg\" style=\"height:30px\"><\/div><div class=\"fsb-flexible-spacer__device fsb-flexible-spacer__device--md\" style=\"height:30px\"><\/div><div class=\"fsb-flexible-spacer__device fsb-flexible-spacer__device--sm\" style=\"height:0px\"><\/div><\/div>\n\n\n\n<div class=\"wp-block-columns col-salle is-layout-flex wp-container-core-columns-is-layout-28f84493 wp-block-columns-is-layout-flex\">\n<div class=\"wp-block-column is-layout-flow wp-block-column-is-layout-flow\" style=\"flex-basis:35%\">\n<div class=\"wp-block-group infos-salles is-layout-flow wp-block-group-is-layout-flow\">\n<div class=\"wp-block-group is-layout-flow wp-block-group-is-layout-flow\">\n<figure class=\"wp-block-image aligncenter size-full mb0\"><img loading=\"lazy\" decoding=\"async\" width=\"37\" height=\"58\" src=\"https:\/\/ssl.education.lu\/ifen\/wp-content\/uploads\/2024\/06\/picto_salle_lieu.svg\" alt=\"\" class=\"wp-image-7288\" style=\"object-fit:cover\"\/><\/figure>\n<\/div>\n\n\n\n<div class=\"wp-block-group mt0 is-layout-flow wp-block-group-is-layout-flow\">\n<p class=\"mb0\"><strong>Lieu<\/strong><\/p>\n\n\n\n<p>Walferdange, B\u00e2timent 6<\/p>\n\n\n\n<p>3<sup>\u00e8me<\/sup> \u00e9tage, Salle 004<\/p>\n<\/div>\n<\/div>\n\n\n\n<div class=\"wp-block-group infos-salles is-layout-flow wp-block-group-is-layout-flow\">\n<div class=\"wp-block-group is-layout-flow wp-block-group-is-layout-flow\">\n<figure class=\"wp-block-image aligncenter size-full mb0\"><img loading=\"lazy\" decoding=\"async\" width=\"47\" height=\"59\" src=\"https:\/\/ssl.education.lu\/ifen\/wp-content\/uploads\/2024\/06\/picto_salle_accessibilite.svg\" alt=\"\" class=\"wp-image-7353\" style=\"object-fit:cover\"\/><\/figure>\n<\/div>\n\n\n\n<div class=\"wp-block-group mt0 is-layout-flow wp-block-group-is-layout-flow\">\n<p class=\"mb0\"><strong>Accessibilit\u00e9<\/strong><\/p>\n\n\n\n<p>Oui<\/p>\n<\/div>\n<\/div>\n\n\n\n<div class=\"wp-block-group infos-salles is-layout-flow wp-block-group-is-layout-flow\">\n<div class=\"wp-block-group is-layout-flow wp-block-group-is-layout-flow\">\n<figure class=\"wp-block-image aligncenter size-large mb0\"><img loading=\"lazy\" decoding=\"async\" width=\"59\" height=\"59\" src=\"https:\/\/ssl.education.lu\/ifen\/wp-content\/uploads\/2024\/06\/picto_salle_capacite.svg\" alt=\"\" class=\"wp-image-7284\" style=\"object-fit:cover\"\/><\/figure>\n<\/div>\n\n\n\n<div class=\"wp-block-group mt0 is-layout-flow wp-block-group-is-layout-flow\">\n<p class=\"has-text-align-left mb0\"><strong>Capacit\u00e9 maximale<\/strong><\/p>\n\n\n\n<p class=\"has-text-align-left mb0\">30 personnes<\/p>\n<\/div>\n<\/div>\n<\/div>\n\n\n\n<div class=\"wp-block-column is-layout-flow wp-block-column-is-layout-flow\" style=\"flex-basis:35%\">\n<div class=\"wp-block-group infos-salles is-layout-flow wp-block-group-is-layout-flow\">\n<div class=\"wp-block-group is-layout-flow wp-block-group-is-layout-flow\">\n<figure class=\"wp-block-image aligncenter size-large mb0\"><img loading=\"lazy\" decoding=\"async\" width=\"65\" height=\"54\" src=\"https:\/\/ssl.education.lu\/ifen\/wp-content\/uploads\/2024\/06\/picto_salle_equipement.svg\" alt=\"\" class=\"wp-image-7287\"\/><\/figure>\n<\/div>\n\n\n\n<div class=\"wp-block-group mt0 is-layout-flow wp-block-group-is-layout-flow\">\n<p class=\"mb-0\"><strong>\u00c9quipement technique<\/strong><\/p>\n\n\n\n<p>PC + Projecteur + Apple TV<\/p>\n<\/div>\n<\/div>\n\n\n\n<div class=\"wp-block-group infos-salles is-layout-flow wp-block-group-is-layout-flow\">\n<div class=\"wp-block-group is-layout-flow wp-block-group-is-layout-flow\">\n<figure class=\"wp-block-image aligncenter size-large mb0\"><img loading=\"lazy\" decoding=\"async\" width=\"50\" height=\"50\" src=\"https:\/\/ssl.education.lu\/ifen\/wp-content\/uploads\/2024\/06\/picto_salle_disposition.svg\" alt=\"\" class=\"wp-image-7285\" style=\"object-fit:cover\"\/><\/figure>\n<\/div>\n\n\n\n<div class=\"wp-block-group mt0 is-layout-flow wp-block-group-is-layout-flow\">\n<p class=\"has-text-align-left mb0\"><strong><strong>Am\u00e9nagement<\/strong><\/strong><\/p>\n\n\n\n<p class=\"has-text-align-left mb0\">Flexibilit\u00e9 :<strong><mark style=\"background-color:rgba(0, 0, 0, 0)\" class=\"has-inline-color has-secondary-color\"> 3\/5<\/mark><\/strong><\/p>\n\n\n\n<p class=\"has-text-align-left mb0\">Modularit\u00e9 : <strong><mark style=\"background-color:rgba(0, 0, 0, 0)\" class=\"has-inline-color has-secondary-color\">2\/5<\/mark><\/strong><\/p>\n<\/div>\n<\/div>\n\n\n\n<div class=\"wp-block-group infos-salles is-layout-flow wp-block-group-is-layout-flow\" data-=\"\">\n<div class=\"wp-block-group is-layout-flow wp-block-group-is-layout-flow\">\n<figure class=\"wp-block-image aligncenter size-large mb0\"><img loading=\"lazy\" decoding=\"async\" width=\"65\" height=\"54\" src=\"https:\/\/ssl.education.lu\/ifen\/wp-content\/uploads\/2024\/06\/picto_salle_equipement.svg\" alt=\"\" class=\"wp-image-7287\" style=\"object-fit:cover\"\/><\/figure>\n<\/div>\n\n\n\n<div class=\"wp-block-group mt0 type_espaces_salle is-layout-flow wp-block-group-is-layout-flow\" data-=\"\">\n<p class=\"mb-0\"><strong>Formats privil\u00e9gi\u00e9s<\/strong><\/p>\n\n\n\n<ul id=\"standards\" class=\"wp-block-list\">\n<li>S\u00e9minaire<\/li>\n\n\n\n<li>Espaces de r\u00e9sonnance, r\u00e9seau d&rsquo;\u00e9change autonome et guid\u00e9<\/li>\n<\/ul>\n\n\n\n<ul id=\"travail-collaboratif\" class=\"wp-block-list\">\n<li>Espaces de r\u00e9sonnance, r\u00e9seau d&rsquo;\u00e9change autonome et guid\u00e9<\/li>\n\n\n\n<li>S\u00e9minaire<\/li>\n<\/ul>\n\n\n\n<ul id=\"accompagnement\" class=\"wp-block-list\">\n<li>Coaching individuel et de groupe<\/li>\n\n\n\n<li>M\u00e9diation<\/li>\n<\/ul>\n\n\n\n<ul id=\"conference\" class=\"wp-block-list\">\n<li>Conf\u00e9rence<\/li>\n\n\n\n<li>Colloque<\/li>\n<\/ul>\n\n\n\n<ul id=\"arts\" class=\"wp-block-list\">\n<li>S\u00e9minaire<\/li>\n<\/ul>\n<\/div>\n<\/div>\n<\/div>\n\n\n\n<div class=\"wp-block-column is-layout-flow wp-block-column-is-layout-flow\" style=\"flex-basis:29.9%\">\n<div class=\"wp-block-group flex flex-end hide-editor is-layout-flow wp-block-group-is-layout-flow\">\n<div class=\"wp-block-button btn-print\"><a href=\"#\" onclick=\"window.print();return false;\">Imprimer<\/a><\/div>\n<\/div>\n<\/div>\n<\/div>\n\n\n\n<div aria-hidden=\"true\" class=\"wp-block-fsb-flexible-spacer fsb-flexible-spacer\"><div class=\"fsb-flexible-spacer__device fsb-flexible-spacer__device--lg\" style=\"height:50px\"><\/div><div class=\"fsb-flexible-spacer__device fsb-flexible-spacer__device--md\" style=\"height:50px\"><\/div><div class=\"fsb-flexible-spacer__device fsb-flexible-spacer__device--sm\" style=\"height:50px\"><\/div><\/div>\n\n\n\n<h2 class=\"wp-block-heading h2small mb-0 title-localisation\">Localisation<\/h2>\n\n\n\n<figure data-wp-context=\"{&quot;imageId&quot;:&quot;69d0802ab83cc&quot;}\" data-wp-interactive=\"core\/image\" data-wp-key=\"69d0802ab83cc\" class=\"wp-block-image size-full wp-lightbox-container\"><img loading=\"lazy\" decoding=\"async\" width=\"2560\" height=\"867\" data-wp-class--hide=\"state.isContentHidden\" data-wp-class--show=\"state.isContentVisible\" data-wp-init=\"callbacks.setButtonStyles\" data-wp-on--click=\"actions.showLightbox\" data-wp-on--load=\"callbacks.setButtonStyles\" data-wp-on-window--resize=\"callbacks.setButtonStyles\" src=\"https:\/\/ssl.education.lu\/ifen\/wp-content\/uploads\/2026\/04\/etage3_salle004-scaled.jpg\" alt=\"\" class=\"wp-image-16728\" srcset=\"https:\/\/ssl.education.lu\/ifen\/wp-content\/uploads\/2026\/04\/etage3_salle004-scaled.jpg 2560w, https:\/\/ssl.education.lu\/ifen\/wp-content\/uploads\/2026\/04\/etage3_salle004-600x203.jpg 600w, https:\/\/ssl.education.lu\/ifen\/wp-content\/uploads\/2026\/04\/etage3_salle004-1024x347.jpg 1024w, https:\/\/ssl.education.lu\/ifen\/wp-content\/uploads\/2026\/04\/etage3_salle004-768x260.jpg 768w, https:\/\/ssl.education.lu\/ifen\/wp-content\/uploads\/2026\/04\/etage3_salle004-1536x520.jpg 1536w, https:\/\/ssl.education.lu\/ifen\/wp-content\/uploads\/2026\/04\/etage3_salle004-2048x694.jpg 2048w\" sizes=\"auto, (max-width: 2560px) 100vw, 2560px\" \/><button\n\t\t\tclass=\"lightbox-trigger\"\n\t\t\ttype=\"button\"\n\t\t\taria-haspopup=\"dialog\"\n\t\t\taria-label=\"Agrandir\"\n\t\t\tdata-wp-init=\"callbacks.initTriggerButton\"\n\t\t\tdata-wp-on--click=\"actions.showLightbox\"\n\t\t\tdata-wp-style--right=\"state.imageButtonRight\"\n\t\t\tdata-wp-style--top=\"state.imageButtonTop\"\n\t\t>\n\t\t\t<svg xmlns=\"http:\/\/www.w3.org\/2000\/svg\" width=\"12\" height=\"12\" fill=\"none\" viewBox=\"0 0 12 12\">\n\t\t\t\t<path fill=\"#fff\" d=\"M2 0a2 2 0 0 0-2 2v2h1.5V2a.5.5 0 0 1 .5-.5h2V0H2Zm2 10.5H2a.5.5 0 0 1-.5-.5V8H0v2a2 2 0 0 0 2 2h2v-1.5ZM8 12v-1.5h2a.5.5 0 0 0 .5-.5V8H12v2a2 2 0 0 1-2 2H8Zm2-12a2 2 0 0 1 2 2v2h-1.5V2a.5.5 0 0 0-.5-.5H8V0h2Z\" \/>\n\t\t\t<\/svg>\n\t\t<\/button><\/figure>\n\n\n\n<div aria-hidden=\"true\" class=\"wp-block-fsb-flexible-spacer fsb-flexible-spacer\"><div class=\"fsb-flexible-spacer__device fsb-flexible-spacer__device--lg\" style=\"height:100px\"><\/div><div class=\"fsb-flexible-spacer__device fsb-flexible-spacer__device--md\" style=\"height:100px\"><\/div><div class=\"fsb-flexible-spacer__device fsb-flexible-spacer__device--sm\" style=\"height:100px\"><\/div><\/div>\n\n<\/div>    \r\n<\/section>","protected":false},"excerpt":{"rendered":"","protected":false},"author":1,"featured_media":0,"parent":6898,"menu_order":0,"comment_status":"closed","ping_status":"closed","template":"","meta":{"_eb_attr":"","_editorskit_title_hidden":false,"_editorskit_reading_time":0,"_editorskit_is_block_options_detached":false,"_editorskit_block_options_position":"{}","inline_featured_image":false,"footnotes":""},"class_list":["post-14906","page","type-page","status-publish","hentry","etat-a-reviser"],"acf":{"espace_type":["standards"]},"_links":{"self":[{"href":"https:\/\/ssl.education.lu\/ifen\/wp-json\/wp\/v2\/pages\/14906","targetHints":{"allow":["GET"]}}],"collection":[{"href":"https:\/\/ssl.education.lu\/ifen\/wp-json\/wp\/v2\/pages"}],"about":[{"href":"https:\/\/ssl.education.lu\/ifen\/wp-json\/wp\/v2\/types\/page"}],"author":[{"embeddable":true,"href":"https:\/\/ssl.education.lu\/ifen\/wp-json\/wp\/v2\/users\/1"}],"replies":[{"embeddable":true,"href":"https:\/\/ssl.education.lu\/ifen\/wp-json\/wp\/v2\/comments?post=14906"}],"version-history":[{"count":13,"href":"https:\/\/ssl.education.lu\/ifen\/wp-json\/wp\/v2\/pages\/14906\/revisions"}],"predecessor-version":[{"id":17061,"href":"https:\/\/ssl.education.lu\/ifen\/wp-json\/wp\/v2\/pages\/14906\/revisions\/17061"}],"up":[{"embeddable":true,"href":"https:\/\/ssl.education.lu\/ifen\/wp-json\/wp\/v2\/pages\/6898"}],"wp:attachment":[{"href":"https:\/\/ssl.education.lu\/ifen\/wp-json\/wp\/v2\/media?parent=14906"}],"curies":[{"name":"wp","href":"https:\/\/api.w.org\/{rel}","templated":true}]}}