

{"id":14356,"date":"2025-10-20T10:26:03","date_gmt":"2025-10-20T08:26:03","guid":{"rendered":"\/ifen\/?page_id=14356"},"modified":"2025-10-23T13:56:48","modified_gmt":"2025-10-23T11:56:48","slug":"moderateur-dun-reseau-dechange","status":"publish","type":"page","link":"\/ifen\/moderateur-dun-reseau-dechange\/","title":{"rendered":"Mod\u00e9rateur d\u2019un r\u00e9seau d\u2019\u00e9change\u00a0"},"content":{"rendered":"\n<div class=\"wp-block-cover alignfull banner-page banner-page-small hide-editor\" style=\"min-height:250px;aspect-ratio:unset;\"><img loading=\"lazy\" decoding=\"async\" width=\"1920\" height=\"281\" class=\"wp-block-cover__image-background wp-image-5019 size-large\" alt=\"\" src=\"https:\/\/ssl.education.lu\/ifen\/wp-content\/uploads\/2024\/02\/banner_gradient.svg\" data-object-fit=\"cover\"\/><span aria-hidden=\"true\" class=\"wp-block-cover__background has-black-background-color has-background-dim-0 has-background-dim\"><\/span><div class=\"wp-block-cover__inner-container is-layout-flow wp-block-cover-is-layout-flow\">\n<div class=\"wp-block-group is-layout-flow wp-block-group-is-layout-flow\" data-aos=\"fade-up\">\n<h1 class=\"wp-block-heading has-text-align-center has-text-color\" style=\"color:#ffffff\">Mod\u00e9rateur d\u2019un r\u00e9seau d\u2019\u00e9change<\/h1>\n<\/div>\n\n\n\n<svg class=\"curve curve-bottom curve-desktop\" xmlns=\"http:\/\/www.w3.org\/2000\/svg\" width=\"100%\" height=\"77.168\" viewBox=\"0 0 1600 77.168\" preserveAspectRatio=\"none\">\n            <path id=\"Trac\u00e9_454\" data-name=\"Trac\u00e9 454\" d=\"M0,0H1600V29.331S1204.669,77.168,804.669,77.168,0,29.331,0,29.331Z\" transform=\"translate(1600 77.168) rotate(180)\" fill=\"#fff\"\/>\n        <\/svg>\n        <svg class=\"curve curve-bottom curve-mobile\" xmlns=\"http:\/\/www.w3.org\/2000\/svg\" width=\"100%\" height=\"77.168\" viewBox=\"0 0 1600 77.168\">\n            <path id=\"Trac\u00e9_454\" data-name=\"Trac\u00e9 454\" d=\"M0,0H1600V29.331S1204.669,77.168,804.669,77.168,0,29.331,0,29.331Z\" transform=\"translate(1600 77.168) rotate(180)\" fill=\"#fff\"\/>\n        <\/svg>\n<\/div><\/div>\n\n\n\n<div aria-hidden=\"true\" class=\"wp-block-fsb-flexible-spacer fsb-flexible-spacer\"><div class=\"fsb-flexible-spacer__device fsb-flexible-spacer__device--lg\" style=\"margin-bottom:-30px\"><\/div><div class=\"fsb-flexible-spacer__device fsb-flexible-spacer__device--md\" style=\"margin-bottom:-30px\"><\/div><div class=\"fsb-flexible-spacer__device fsb-flexible-spacer__device--sm\" style=\"margin-bottom:-30px\"><\/div><\/div>\n\n\n \r\n\r\n<section  class=\"wp-block-section     alignwide  flex-switch  \"\r\n    >\r\n\r\n    \r\n        <div class=\"acf-innerblocks-container\">\n\n<div class=\"async-switch\">\n  <div class=\"switch-links fr-active\">\n    <a href=\"\/ifen\/moderateur-dun-reseau-dechange\/\" class=\"active\">FR<\/a>\n    <a href=\"\/ifen\/moderator-eines-austauschnetzwerks\/\">DE<\/a>\n  <\/div>\n<\/div>\n\n<\/div>    \r\n<\/section>\n\n\n<div aria-hidden=\"true\" class=\"wp-block-fsb-flexible-spacer fsb-flexible-spacer\"><div class=\"fsb-flexible-spacer__device fsb-flexible-spacer__device--lg\" style=\"height:20px\"><\/div><div class=\"fsb-flexible-spacer__device fsb-flexible-spacer__device--md\" style=\"height:20px\"><\/div><div class=\"fsb-flexible-spacer__device fsb-flexible-spacer__device--sm\" style=\"height:20px\"><\/div><\/div>\n\n\n \r\n\r\n<section  class=\"wp-block-section     alignwide    \"\r\n    >\r\n\r\n    \r\n        <div class=\"acf-innerblocks-container\">\n\n<h3 class=\"wp-block-heading\">Contexte<\/h3>\n\n\n\n<p>L\u2019IFEN recherche des enseignants\/du personnel socio-\u00e9ducatif ou des formateurs de l&rsquo;IFEN int\u00e9ress\u00e9s et motiv\u00e9s pouvant animer un <strong>r\u00e9seau d\u2019\u00e9change<\/strong> dans le cadre, entre autres,<br>du <strong>KI-KOMPASS <\/strong>(cadre strat\u00e9gique d\u00e9velopp\u00e9 par le MENJE pour un usage responsable de l\u2019IA \u00e0 l\u2019\u00e9cole).<\/p>\n\n\n\n<div aria-hidden=\"true\" class=\"wp-block-fsb-flexible-spacer fsb-flexible-spacer\"><div class=\"fsb-flexible-spacer__device fsb-flexible-spacer__device--lg\" style=\"height:20px\"><\/div><div class=\"fsb-flexible-spacer__device fsb-flexible-spacer__device--md\" style=\"height:20px\"><\/div><div class=\"fsb-flexible-spacer__device fsb-flexible-spacer__device--sm\" style=\"height:20px\"><\/div><\/div>\n\n\n\n<h3 class=\"wp-block-heading\">Votre mission<\/h3>\n\n\n\n<ul class=\"wp-block-list\">\n<li><strong>Animer<\/strong> des rencontres au sein d\u2019un <strong>r\u00e9seau d\u2019\u00e9change guid\u00e9 (KI-Kompass ou autres)<\/strong>.<\/li>\n\n\n\n<li><strong>Structurer<\/strong> les discussions, favoriser la participation de tous, faire \u00e9merger des solutions concr\u00e8tes.<\/li>\n<\/ul>\n\n\n\n<div aria-hidden=\"true\" class=\"wp-block-fsb-flexible-spacer fsb-flexible-spacer\"><div class=\"fsb-flexible-spacer__device fsb-flexible-spacer__device--lg\" style=\"height:20px\"><\/div><div class=\"fsb-flexible-spacer__device fsb-flexible-spacer__device--md\" style=\"height:20px\"><\/div><div class=\"fsb-flexible-spacer__device fsb-flexible-spacer__device--sm\" style=\"height:20px\"><\/div><\/div>\n\n\n\n<h3 class=\"wp-block-heading\">Ce que nous offrons<\/h3>\n\n\n\n<ul class=\"wp-block-list\">\n<li><strong>Appui IFEN complet<\/strong> : une <strong>formation<\/strong> de d\u00e9part (un apr\u00e8s-midi) pour acqu\u00e9rir les outils essentiels de <strong>mod\u00e9ration\/facilitation<\/strong>, puis un <strong>soutien continu<\/strong> (accompagnement, formations continues, ressources, outils).<\/li>\n\n\n\n<li><strong>R\u00e9mun\u00e9ration<\/strong> : selon les <strong>conditions de l\u2019IFEN<\/strong>.<\/li>\n<\/ul>\n\n\n\n<div aria-hidden=\"true\" class=\"wp-block-fsb-flexible-spacer fsb-flexible-spacer\"><div class=\"fsb-flexible-spacer__device fsb-flexible-spacer__device--lg\" style=\"height:20px\"><\/div><div class=\"fsb-flexible-spacer__device fsb-flexible-spacer__device--md\" style=\"height:20px\"><\/div><div class=\"fsb-flexible-spacer__device fsb-flexible-spacer__device--sm\" style=\"height:20px\"><\/div><\/div>\n\n\n\n<h3 class=\"wp-block-heading\">Profil recherch\u00e9<\/h3>\n\n\n\n<ul class=\"wp-block-list\">\n<li><strong>Exp\u00e9rience confirm\u00e9e en animation \/ mod\u00e9ration de groupes<\/strong>.<\/li>\n\n\n\n<li>Ma\u00eetrise des langues suivantes : <strong>luxembourgeois, allemand, fran\u00e7ais ou anglais<\/strong>.<\/li>\n\n\n\n<li>Atouts : <strong>int\u00e9r\u00eat pour l\u2019IA<\/strong> appliqu\u00e9e \u00e0 l\u2019\u00e9ducation et <strong>connaissance du syst\u00e8me scolaire luxembourgeois<\/strong>.<\/li>\n<\/ul>\n\n\n\n<div aria-hidden=\"true\" class=\"wp-block-fsb-flexible-spacer fsb-flexible-spacer\"><div class=\"fsb-flexible-spacer__device fsb-flexible-spacer__device--lg\" style=\"height:20px\"><\/div><div class=\"fsb-flexible-spacer__device fsb-flexible-spacer__device--md\" style=\"height:20px\"><\/div><div class=\"fsb-flexible-spacer__device fsb-flexible-spacer__device--sm\" style=\"height:20px\"><\/div><\/div>\n\n\n\n<h3 class=\"wp-block-heading\">Candidater \/ Contact<\/h3>\n\n\n\n<p>Les entretiens peuvent avoir lieu en pr\u00e9sentiel ou par TEAMS.<\/p>\n\n\n\n<p>Pour toute question et pour candidater : envoyez un e-mail \u00e0 <a href=\"mailto:trainthetrainer@ifen.lu\">trainthetrainer@ifen.lu<\/a>\u00a0 avec pour objet<br>\u00ab Moderation KI-KOMPASS \u00bb<\/p>\n\n<\/div>    \r\n<\/section>\n\n\n<div aria-hidden=\"true\" class=\"wp-block-fsb-flexible-spacer fsb-flexible-spacer\"><div class=\"fsb-flexible-spacer__device fsb-flexible-spacer__device--lg\" style=\"height:75px\"><\/div><div class=\"fsb-flexible-spacer__device fsb-flexible-spacer__device--md\" style=\"height:75px\"><\/div><div class=\"fsb-flexible-spacer__device fsb-flexible-spacer__device--sm\" style=\"height:75px\"><\/div><\/div>\n","protected":false},"excerpt":{"rendered":"","protected":false},"author":1,"featured_media":0,"parent":0,"menu_order":0,"comment_status":"closed","ping_status":"closed","template":"","meta":{"_eb_attr":"","_editorskit_title_hidden":false,"_editorskit_reading_time":0,"_editorskit_is_block_options_detached":false,"_editorskit_block_options_position":"{}","inline_featured_image":false,"footnotes":""},"class_list":["post-14356","page","type-page","status-publish","hentry"],"acf":{"espace_type":[]},"_links":{"self":[{"href":"https:\/\/ssl.education.lu\/ifen\/wp-json\/wp\/v2\/pages\/14356","targetHints":{"allow":["GET"]}}],"collection":[{"href":"https:\/\/ssl.education.lu\/ifen\/wp-json\/wp\/v2\/pages"}],"about":[{"href":"https:\/\/ssl.education.lu\/ifen\/wp-json\/wp\/v2\/types\/page"}],"author":[{"embeddable":true,"href":"https:\/\/ssl.education.lu\/ifen\/wp-json\/wp\/v2\/users\/1"}],"replies":[{"embeddable":true,"href":"https:\/\/ssl.education.lu\/ifen\/wp-json\/wp\/v2\/comments?post=14356"}],"version-history":[{"count":19,"href":"https:\/\/ssl.education.lu\/ifen\/wp-json\/wp\/v2\/pages\/14356\/revisions"}],"predecessor-version":[{"id":14434,"href":"https:\/\/ssl.education.lu\/ifen\/wp-json\/wp\/v2\/pages\/14356\/revisions\/14434"}],"wp:attachment":[{"href":"https:\/\/ssl.education.lu\/ifen\/wp-json\/wp\/v2\/media?parent=14356"}],"curies":[{"name":"wp","href":"https:\/\/api.w.org\/{rel}","templated":true}]}}