

{"id":13687,"date":"2025-08-12T14:17:11","date_gmt":"2025-08-12T12:17:11","guid":{"rendered":"\/ifen\/?page_id=13687"},"modified":"2025-11-20T09:01:41","modified_gmt":"2025-11-20T08:01:41","slug":"offre-de-formations-et-daccompagnement-alpha-zesumme-wuessen-new","status":"publish","type":"page","link":"\/ifen\/offre-de-formations-et-daccompagnement-alpha-zesumme-wuessen-new\/","title":{"rendered":"Offre de formations et d&rsquo;accompagnement ALPHA-zesumme wuessen"},"content":{"rendered":"\n<div class=\"wp-block-cover alignfull is-light banner-page banner-page-small hide-editor\" style=\"min-height:250px;aspect-ratio:unset;\"><img loading=\"lazy\" decoding=\"async\" width=\"1920\" height=\"250\" class=\"wp-block-cover__image-background wp-image-3797\" alt=\"\" src=\"\/ifen\/wp-content\/uploads\/2023\/09\/banner-small-bleu-1.svg\" data-object-fit=\"cover\"\/><span aria-hidden=\"true\" class=\"wp-block-cover__background has-black-background-color has-background-dim-0 has-background-dim\"><\/span><div class=\"wp-block-cover__inner-container is-layout-flow wp-block-cover-is-layout-flow\">\n<div class=\"wp-block-group is-layout-flow wp-block-group-is-layout-flow\">\n<h1 class=\"wp-block-heading has-text-align-center has-primary-color has-text-color\">Offre de formations et d&rsquo;accompagnement <em>\u00ab\u00a0ALPHA &#8211; zesumme wuessen\u00a0\u00bb<\/em><\/h1>\n<\/div>\n\n\n\n<svg class=\"curve curve-bottom curve-desktop xmlns=\"http:\/\/www.w3.org\/2000\/svg\" width=\"100%\" height=\"77.168\" viewBox=\"0 0 1600 77.168\" preserveAspectRatio=\"none\">\n            <path id=\"Trac\u00e9_454\" data-name=\"Trac\u00e9 454\" d=\"M0,0H1600V29.331S1204.669,77.168,804.669,77.168,0,29.331,0,29.331Z\" transform=\"translate(1600 77.168) rotate(180)\" fill=\"#fff\"\/>\n        <\/svg>\n<svg class=\"curve curve-bottom curve-mobile\" xmlns=\"http:\/\/www.w3.org\/2000\/svg\" width=\"100%\" height=\"77.168\" viewBox=\"0 0 1600 77.168\">\n            <path id=\"Trac\u00e9_454\" data-name=\"Trac\u00e9 454\" d=\"M0,0H1600V29.331S1204.669,77.168,804.669,77.168,0,29.331,0,29.331Z\" transform=\"translate(1600 77.168) rotate(180)\" fill=\"#fff\"\/>\n        <\/svg>\n<\/div><\/div>\n\n\n \r\n\r\n<section  class=\"wp-block-section     alignwide  lieux list-presta  \"\r\n    >\r\n\r\n    \r\n        <div class=\"acf-innerblocks-container\">\n\n<div aria-hidden=\"true\" class=\"wp-block-fsb-flexible-spacer fsb-flexible-spacer\"><div class=\"fsb-flexible-spacer__device fsb-flexible-spacer__device--lg\" style=\"height:20px\"><\/div><div class=\"fsb-flexible-spacer__device fsb-flexible-spacer__device--md\" style=\"height:20px\"><\/div><div class=\"fsb-flexible-spacer__device fsb-flexible-spacer__device--sm\" style=\"height:20px\"><\/div><\/div>\n\n\n\n<div aria-hidden=\"true\" class=\"wp-block-fsb-flexible-spacer fsb-flexible-spacer\"><div class=\"fsb-flexible-spacer__device fsb-flexible-spacer__device--lg\" style=\"height:20px\"><\/div><div class=\"fsb-flexible-spacer__device fsb-flexible-spacer__device--md\" style=\"height:20px\"><\/div><div class=\"fsb-flexible-spacer__device fsb-flexible-spacer__device--sm\" style=\"height:20px\"><\/div><\/div>\n\n\n\n<ul class=\"wp-block-list list-flex list-event list-alpha\">\n<li>Formations<\/li>\n\n\n\n<li class=\"center\">Accompagnement et formations sur mesure<\/li>\n\n\n\n<li class=\"center\">Support aux \u00e9quipes dirigeantes<\/li>\n<\/ul>\n\n\n\n<div aria-hidden=\"true\" class=\"wp-block-fsb-flexible-spacer fsb-flexible-spacer\"><div class=\"fsb-flexible-spacer__device fsb-flexible-spacer__device--lg\" style=\"height:30px\"><\/div><div class=\"fsb-flexible-spacer__device fsb-flexible-spacer__device--md\" style=\"height:30px\"><\/div><div class=\"fsb-flexible-spacer__device fsb-flexible-spacer__device--sm\" style=\"height:30px\"><\/div><\/div>\n\n\n\n<h4 class=\"wp-block-heading\">D\u00e9couvrez toutes nos formations et parcours de formation dans le cadre de la r\u00e9forme&nbsp;<em>ALPHA \u2013 zesumme wuessen<\/em>&nbsp;!<\/h4>\n\n\n\n<div aria-hidden=\"true\" class=\"wp-block-fsb-flexible-spacer fsb-flexible-spacer\"><div class=\"fsb-flexible-spacer__device fsb-flexible-spacer__device--lg\" style=\"height:15px\"><\/div><div class=\"fsb-flexible-spacer__device fsb-flexible-spacer__device--md\" style=\"height:15px\"><\/div><div class=\"fsb-flexible-spacer__device fsb-flexible-spacer__device--sm\" style=\"height:15px\"><\/div><\/div>\n\n\n\n<div class=\"wp-block-group alignfull list-event-desc list-event-desc-first is-layout-flow wp-block-group-is-layout-flow\">\n<div aria-hidden=\"true\" class=\"wp-block-fsb-flexible-spacer fsb-flexible-spacer\"><div class=\"fsb-flexible-spacer__device fsb-flexible-spacer__device--lg\" style=\"height:0px\"><\/div><div class=\"fsb-flexible-spacer__device fsb-flexible-spacer__device--md\" style=\"height:0px\"><\/div><div class=\"fsb-flexible-spacer__device fsb-flexible-spacer__device--sm\" style=\"margin-bottom:-20px\"><\/div><\/div>\n\n\n\n<h3 class=\"wp-block-heading\">Formations Cycle 1<\/h3>\n\n\n\n<div class=\"wp-block-buttons is-content-justification-left is-layout-flex wp-container-core-buttons-is-layout-fc4fd283 wp-block-buttons-is-layout-flex\">\n<div class=\"wp-block-button btn-picto bleu\"><a class=\"wp-block-button__link wp-element-button\" href=\"https:\/\/ssl.education.lu\/ifen\/catalog\/search?contexts=11030&amp;thematics=19001&amp;availability=17001,17003,17002,17004\" target=\"_blank\" rel=\"noreferrer noopener\">Consultez notre offre<\/a><\/div>\n<\/div>\n\n\n\n<div aria-hidden=\"true\" class=\"wp-block-fsb-flexible-spacer fsb-flexible-spacer\"><div class=\"fsb-flexible-spacer__device fsb-flexible-spacer__device--lg\" style=\"height:30px\"><\/div><div class=\"fsb-flexible-spacer__device fsb-flexible-spacer__device--md\" style=\"height:30px\"><\/div><div class=\"fsb-flexible-spacer__device fsb-flexible-spacer__device--sm\" style=\"height:30px\"><\/div><\/div>\n\n\n\n<h3 class=\"wp-block-heading\">Formations Cycles 2-4<\/h3>\n\n\n\n<div class=\"wp-block-buttons is-content-justification-left is-layout-flex wp-container-core-buttons-is-layout-fc4fd283 wp-block-buttons-is-layout-flex\">\n<div class=\"wp-block-button btn-picto bleu\"><a class=\"wp-block-button__link wp-element-button\" href=\"https:\/\/ssl.education.lu\/ifen\/catalog\/search?thematics=19001&amp;contexts=11031&amp;availability=17001,17003,17002,17004\" target=\"_blank\" rel=\"noreferrer noopener\">Consultez notre offre<\/a><\/div>\n<\/div>\n\n\n\n<div aria-hidden=\"true\" class=\"wp-block-fsb-flexible-spacer fsb-flexible-spacer\"><div class=\"fsb-flexible-spacer__device fsb-flexible-spacer__device--lg\" style=\"height:30px\"><\/div><div class=\"fsb-flexible-spacer__device fsb-flexible-spacer__device--md\" style=\"height:30px\"><\/div><div class=\"fsb-flexible-spacer__device fsb-flexible-spacer__device--sm\" style=\"height:30px\"><\/div><\/div>\n\n\n\n<h3 class=\"wp-block-heading\">Parcours de formation Cycles 1-4<\/h3>\n\n\n\n<div class=\"wp-block-buttons is-content-justification-left is-layout-flex wp-container-core-buttons-is-layout-fc4fd283 wp-block-buttons-is-layout-flex\">\n<div class=\"wp-block-button btn-picto bleu\"><a class=\"wp-block-button__link wp-element-button\" href=\"https:\/\/ssl.education.lu\/ifen\/catalog\/search?thematics=19001&amp;formats=6026&amp;contexts=11030,11031\" target=\"_blank\" rel=\"noreferrer noopener\">Consultez notre offre<\/a><\/div>\n<\/div>\n\n\n\n<div aria-hidden=\"true\" class=\"wp-block-fsb-flexible-spacer fsb-flexible-spacer\"><div class=\"fsb-flexible-spacer__device fsb-flexible-spacer__device--lg\" style=\"height:30px\"><\/div><div class=\"fsb-flexible-spacer__device fsb-flexible-spacer__device--md\" style=\"height:30px\"><\/div><div class=\"fsb-flexible-spacer__device fsb-flexible-spacer__device--sm\" style=\"height:30px\"><\/div><\/div>\n<\/div>\n\n\n\n<div class=\"wp-block-group alignfull list-event-desc list-event-desc-first is-layout-flow wp-block-group-is-layout-flow\">\n<div aria-hidden=\"true\" class=\"wp-block-fsb-flexible-spacer fsb-flexible-spacer\"><div class=\"fsb-flexible-spacer__device fsb-flexible-spacer__device--lg\" style=\"margin-bottom:-65px\"><\/div><div class=\"fsb-flexible-spacer__device fsb-flexible-spacer__device--md\" style=\"margin-bottom:-25px\"><\/div><div class=\"fsb-flexible-spacer__device fsb-flexible-spacer__device--sm\" style=\"margin-bottom:-50px\"><\/div><\/div>\n\n\n\n<h3 class=\"wp-block-heading module\">Accompagnement et formations sur mesure<\/h3>\n\n\n\n<p>Vous souhaitez b\u00e9n\u00e9ficier d\u2019un accompagnement pour la mise en \u0153uvre p\u00e9dagogique de la r\u00e9forme <em>\u00ab\u00a0ALPHA \u2013 zesumme wuessen\u00a0\u00bb<\/em> au sein de votre \u00e9tablissement ?<\/p>\n\n\n\n<p>Notre \u00e9quipe vous accompagne \u00e0 chaque \u00e9tape avec des conseils adapt\u00e9s \u00e0 vos besoins et \u00e0 votre contexte scolaire.<\/p>\n\n\n\n<p>Pour avoir plus d&rsquo;informations sur l&rsquo;accompagnement, cliquez <a href=\"https:\/\/ssl.education.lu\/ifen\/accompagnement-developpement-scolaire-et-competences-numeriques\/\" target=\"_blank\" rel=\"noreferrer noopener\">ici<\/a>.<\/p>\n\n\n\n<div aria-hidden=\"true\" class=\"wp-block-fsb-flexible-spacer fsb-flexible-spacer\"><div class=\"fsb-flexible-spacer__device fsb-flexible-spacer__device--lg\" style=\"height:20px\"><\/div><div class=\"fsb-flexible-spacer__device fsb-flexible-spacer__device--md\" style=\"height:20px\"><\/div><div class=\"fsb-flexible-spacer__device fsb-flexible-spacer__device--sm\" style=\"height:20px\"><\/div><\/div>\n\n\n\n<p>Dans le cadre de cet accompagnement, nous proposons \u00e9galement des formations sur mesure, dont le contenu est d\u00e9fini en concertation avec vous afin de r\u00e9pondre aux besoins sp\u00e9cifiques de votre \u00e9cole et de votre \u00e9quipe p\u00e9dagogique.<\/p>\n\n\n\n<p>En votre qualit\u00e9 de pr\u00e9sident ou de coordinateur, n\u2019h\u00e9sitez pas \u00e0 contacter votre I-DS et \u00e0 remplir ensemble le formulaire de demande afin d\u2019organiser une formation adapt\u00e9e \u00e0 votre \u00e9tablissement.<\/p>\n\n\n\n<div class=\"wp-block-buttons is-content-justification-left is-layout-flex wp-container-core-buttons-is-layout-fc4fd283 wp-block-buttons-is-layout-flex\">\n<div class=\"wp-block-button btn-picto bleu btn-picto-xl\"><a class=\"wp-block-button__link wp-element-button\" href=\"http:\/\/www.edulink.lu\/i1e9\" target=\"_blank\" rel=\"noreferrer noopener\">Demander une formation sur mesure<\/a><\/div>\n<\/div>\n<\/div>\n\n\n\n<div class=\"wp-block-group alignfull list-event-desc list-event-desc-first is-layout-flow wp-block-group-is-layout-flow\">\n<div aria-hidden=\"true\" class=\"wp-block-fsb-flexible-spacer fsb-flexible-spacer\"><div class=\"fsb-flexible-spacer__device fsb-flexible-spacer__device--lg\" style=\"margin-bottom:-65px\"><\/div><div class=\"fsb-flexible-spacer__device fsb-flexible-spacer__device--md\" style=\"margin-bottom:-25px\"><\/div><div class=\"fsb-flexible-spacer__device fsb-flexible-spacer__device--sm\" style=\"margin-bottom:-50px\"><\/div><\/div>\n\n\n\n<h3 class=\"wp-block-heading module\">Support aux \u00e9quipes dirigeantes<\/h3>\n\n\n\n<p>Dans le cadre de la mise en \u0153uvre de la r\u00e9forme <em>\u00ab\u00a0ALPHA \u2013 zesumme wuessen\u00a0\u00bb, <\/em>des coachs sp\u00e9cialis\u00e9s en d\u00e9veloppement organisationnel sont \u00e0 votre disposition afin de vous soutenir tout au long du processus et de vous accompagner dans la mise en pratique de cette r\u00e9forme dans votre r\u00e9gion.<\/p>\n\n\n\n<p>Pour toute demande d\u2019accompagnement, nous vous invitons \u00e0 contacter notre \u00e9quipe du <a href=\"https:\/\/ssl.education.lu\/ifen\/leadership-pedagogique\/\" target=\"_blank\" rel=\"noreferrer noopener\">Leadership p\u00e9dagogique<\/a>.<\/p>\n\n\n\n<div class=\"wp-block-buttons is-content-justification-left is-layout-flex wp-container-core-buttons-is-layout-fc4fd283 wp-block-buttons-is-layout-flex\">\n<div class=\"wp-block-button btn-picto bleu\"><a class=\"wp-block-button__link wp-element-button\" href=\"https:\/\/ssl.education.lu\/ifen\/catalog\/search?thematics=19001&amp;categories=12040&amp;availability=17001,17003,17002,17004\" target=\"_blank\" rel=\"noreferrer noopener\">Consultez notre offre<\/a><\/div>\n<\/div>\n<\/div>\n\n\n\n<div aria-hidden=\"true\" class=\"wp-block-fsb-flexible-spacer fsb-flexible-spacer\"><div class=\"fsb-flexible-spacer__device fsb-flexible-spacer__device--lg\" style=\"height:100px\"><\/div><div class=\"fsb-flexible-spacer__device fsb-flexible-spacer__device--md\" style=\"height:100px\"><\/div><div class=\"fsb-flexible-spacer__device fsb-flexible-spacer__device--sm\" style=\"height:100px\"><\/div><\/div>\n\n<\/div>    \r\n<\/section>","protected":false},"excerpt":{"rendered":"","protected":false},"author":1,"featured_media":0,"parent":0,"menu_order":0,"comment_status":"closed","ping_status":"closed","template":"","meta":{"_eb_attr":"","_editorskit_title_hidden":false,"_editorskit_reading_time":0,"_editorskit_is_block_options_detached":false,"_editorskit_block_options_position":"{}","inline_featured_image":false,"footnotes":""},"class_list":["post-13687","page","type-page","status-publish","hentry"],"acf":{"espace_type":""},"_links":{"self":[{"href":"https:\/\/ssl.education.lu\/ifen\/wp-json\/wp\/v2\/pages\/13687","targetHints":{"allow":["GET"]}}],"collection":[{"href":"https:\/\/ssl.education.lu\/ifen\/wp-json\/wp\/v2\/pages"}],"about":[{"href":"https:\/\/ssl.education.lu\/ifen\/wp-json\/wp\/v2\/types\/page"}],"author":[{"embeddable":true,"href":"https:\/\/ssl.education.lu\/ifen\/wp-json\/wp\/v2\/users\/1"}],"replies":[{"embeddable":true,"href":"https:\/\/ssl.education.lu\/ifen\/wp-json\/wp\/v2\/comments?post=13687"}],"version-history":[{"count":17,"href":"https:\/\/ssl.education.lu\/ifen\/wp-json\/wp\/v2\/pages\/13687\/revisions"}],"predecessor-version":[{"id":15344,"href":"https:\/\/ssl.education.lu\/ifen\/wp-json\/wp\/v2\/pages\/13687\/revisions\/15344"}],"wp:attachment":[{"href":"https:\/\/ssl.education.lu\/ifen\/wp-json\/wp\/v2\/media?parent=13687"}],"curies":[{"name":"wp","href":"https:\/\/api.w.org\/{rel}","templated":true}]}}