

{"id":13679,"date":"2025-08-12T10:42:53","date_gmt":"2025-08-12T08:42:53","guid":{"rendered":"\/ifen\/?page_id=13679"},"modified":"2026-05-06T11:21:00","modified_gmt":"2026-05-06T09:21:00","slug":"offre-de-formations-et-daccompagnement-sur-lintelligence-artificielle-ki-kompass","status":"publish","type":"page","link":"\/ifen\/offre-de-formations-et-daccompagnement-sur-lintelligence-artificielle-ki-kompass\/","title":{"rendered":"Offre de formations et d\u2019accompagnement sur l\u2019intelligence artificielle"},"content":{"rendered":"\n<div class=\"wp-block-cover alignfull is-light banner-page banner-page-small hide-editor\" style=\"min-height:250px;aspect-ratio:unset;\"><img loading=\"lazy\" decoding=\"async\" width=\"1920\" height=\"250\" class=\"wp-block-cover__image-background wp-image-3797\" alt=\"\" src=\"\/ifen\/wp-content\/uploads\/2023\/09\/banner-small-bleu-1.svg\" data-object-fit=\"cover\"\/><span aria-hidden=\"true\" class=\"wp-block-cover__background has-black-background-color has-background-dim-0 has-background-dim\"><\/span><div class=\"wp-block-cover__inner-container is-layout-flow wp-block-cover-is-layout-flow\">\n<div class=\"wp-block-group is-layout-flow wp-block-group-is-layout-flow\">\n<h1 class=\"wp-block-heading has-text-align-center has-primary-color has-text-color\">Offre de formations et d\u2019accompagnement sur<br>l\u2019intelligence artificielle<\/h1>\n<\/div>\n\n\n\n<svg class=\"curve curve-bottom curve-desktop xmlns=\"http:\/\/www.w3.org\/2000\/svg\" width=\"100%\" height=\"77.168\" viewBox=\"0 0 1600 77.168\" preserveAspectRatio=\"none\">\n              <path id=\"Trac\u00e9_454\" data-name=\"Trac\u00e9 454\" d=\"M0,0H1600V29.331S1204.669,77.168,804.669,77.168,0,29.331,0,29.331Z\" transform=\"translate(1600 77.168) rotate(180)\" fill=\"#fff\"\/>\n          <\/svg>\n  <svg class=\"curve curve-bottom curve-mobile\" xmlns=\"http:\/\/www.w3.org\/2000\/svg\" width=\"100%\" height=\"77.168\" viewBox=\"0 0 1600 77.168\">\n              <path id=\"Trac\u00e9_454\" data-name=\"Trac\u00e9 454\" d=\"M0,0H1600V29.331S1204.669,77.168,804.669,77.168,0,29.331,0,29.331Z\" transform=\"translate(1600 77.168) rotate(180)\" fill=\"#fff\"\/>\n          <\/svg>\n<\/div><\/div>\n\n\n \r\n\r\n<section  class=\"wp-block-section     alignwide  lieux list-presta  \"\r\n    >\r\n\r\n    \r\n        <div class=\"acf-innerblocks-container\">\n\n<div aria-hidden=\"true\" class=\"wp-block-fsb-flexible-spacer fsb-flexible-spacer\"><div class=\"fsb-flexible-spacer__device fsb-flexible-spacer__device--lg\" style=\"height:20px\"><\/div><div class=\"fsb-flexible-spacer__device fsb-flexible-spacer__device--md\" style=\"height:20px\"><\/div><div class=\"fsb-flexible-spacer__device fsb-flexible-spacer__device--sm\" style=\"height:20px\"><\/div><\/div>\n\n\n\n<h4 class=\"wp-block-heading\">L\u2019offre de l\u2019IFEN se d\u00e9cline en quatre axes\u202f:<\/h4>\n\n\n\n<div aria-hidden=\"true\" class=\"wp-block-fsb-flexible-spacer fsb-flexible-spacer\"><div class=\"fsb-flexible-spacer__device fsb-flexible-spacer__device--lg\" style=\"height:20px\"><\/div><div class=\"fsb-flexible-spacer__device fsb-flexible-spacer__device--md\" style=\"height:20px\"><\/div><div class=\"fsb-flexible-spacer__device fsb-flexible-spacer__device--sm\" style=\"height:20px\"><\/div><\/div>\n\n\n\n<ul class=\"wp-block-list list-flex list-event list-alpha\">\n<li>Formations<\/li>\n\n\n\n<li class=\"center\">Communaut\u00e9s de pratique<\/li>\n\n\n\n<li class=\"center\">Accompagnement des \u00e9tablissements scolaires<\/li>\n\n\n\n<li class=\"center\">Support aux \u00e9quipes dirigeantes<\/li>\n<\/ul>\n\n\n\n<div aria-hidden=\"true\" class=\"wp-block-fsb-flexible-spacer fsb-flexible-spacer\"><div class=\"fsb-flexible-spacer__device fsb-flexible-spacer__device--lg\" style=\"height:40px\"><\/div><div class=\"fsb-flexible-spacer__device fsb-flexible-spacer__device--md\" style=\"height:40px\"><\/div><div class=\"fsb-flexible-spacer__device fsb-flexible-spacer__device--sm\" style=\"height:40px\"><\/div><\/div>\n\n\n\n<div class=\"wp-block-group alignfull list-event-desc list-event-desc-first is-layout-flow wp-block-group-is-layout-flow\">\n<div aria-hidden=\"true\" class=\"wp-block-fsb-flexible-spacer fsb-flexible-spacer\"><div class=\"fsb-flexible-spacer__device fsb-flexible-spacer__device--lg\" style=\"height:0px\"><\/div><div class=\"fsb-flexible-spacer__device fsb-flexible-spacer__device--md\" style=\"height:0px\"><\/div><div class=\"fsb-flexible-spacer__device fsb-flexible-spacer__device--sm\" style=\"margin-bottom:-20px\"><\/div><\/div>\n\n\n\n<h3 class=\"wp-block-heading\">Formations<\/h3>\n\n\n\n<p>L\u2019IFEN met \u00e0 disposition un large \u00e9ventail de formations continues en lien avec l\u2019intelligence artificielle. Celles-ci sont propos\u00e9es dans des formats vari\u00e9s\u202f: formations courtes, parcours hybrides, conf\u00e9rences, journ\u00e9es p\u00e9dagogiques, etc.<\/p>\n\n\n\n<p>Les th\u00e9matiques abord\u00e9es vont des questions fondamentales comme l\u2019\u00e9thique, l\u2019esprit critique ou la litt\u00e9ratie num\u00e9rique, jusqu\u2019\u00e0 des contenus plus sp\u00e9cifiques et pratiques. L\u2019objectif est de permettre aux participants de mieux comprendre les enjeux de l\u2019IA, mais aussi de d\u00e9velopper leur capacit\u00e9 \u00e0 int\u00e9grer concr\u00e8tement des outils IA dans leurs pratiques p\u00e9dagogiques.<\/p>\n\n\n\n<p>L\u2019offre est actualis\u00e9e r\u00e9guli\u00e8rement et s\u2019adresse tant \u00e0 l\u2019enseignement fondamental qu\u2019\u00e0 l\u2019enseignement secondaire.<\/p>\n\n\n\n<div class=\"wp-block-buttons is-content-justification-left is-layout-flex wp-container-core-buttons-is-layout-fc4fd283 wp-block-buttons-is-layout-flex\">\n<div class=\"wp-block-button btn-picto bleu\"><a class=\"wp-block-button__link wp-element-button\" href=\"https:\/\/ssl.education.lu\/ifen\/catalog\/search\/?thematics=19002&amp;availability=17001,17003,17002,17004\" target=\"_blank\" rel=\"noreferrer noopener\">Consultez notre offre<\/a><\/div>\n<\/div>\n<\/div>\n\n\n\n<div class=\"wp-block-group alignfull list-event-desc list-event-desc-first is-layout-flow wp-block-group-is-layout-flow\">\n<div aria-hidden=\"true\" class=\"wp-block-fsb-flexible-spacer fsb-flexible-spacer\"><div class=\"fsb-flexible-spacer__device fsb-flexible-spacer__device--lg\" style=\"margin-bottom:-65px\"><\/div><div class=\"fsb-flexible-spacer__device fsb-flexible-spacer__device--md\" style=\"margin-bottom:-25px\"><\/div><div class=\"fsb-flexible-spacer__device fsb-flexible-spacer__device--sm\" style=\"margin-bottom:-50px\"><\/div><\/div>\n\n\n\n<h3 class=\"wp-block-heading module\">Communaut\u00e9s de pratique<\/h3>\n\n\n\n<p>Les&nbsp;<strong>communaut\u00e9s de pratique<\/strong>&nbsp;sont des groupes structur\u00e9s, con\u00e7us pour favoriser les interactions et les \u00e9changes entre participants, selon une m\u00e9thodologie claire et des consignes sp\u00e9cifiques autour de l\u2019intelligence artificielle (IA) en \u00e9ducation.<\/p>\n\n\n\n<p>L\u2019\u00e9change entre pairs est central et garanti par l\u2019accompagnement d\u2019un formateur exp\u00e9riment\u00e9 en IA. L\u2019objectif est de cr\u00e9er un espace collaboratif autour de l\u2019impl\u00e9mentation concr\u00e8te de l\u2019IA dans l\u2019enseignement.<\/p>\n\n\n\n<p>Chaque communaut\u00e9 de pratique repose sur une d\u00e9marche de co-d\u00e9veloppement : les participants exp\u00e9rimentent dans leur propre contexte les \u00e9l\u00e9ments discut\u00e9s, puis partagent leurs retours lors des rencontres suivantes.<\/p>\n\n\n\n<p>Ces communaut\u00e9s peuvent \u00eatre organis\u00e9es :<\/p>\n\n\n\n<ul class=\"wp-block-list no-border\">\n<li>par th\u00e9matique&nbsp;(ex. LLM, g\u00e9n\u00e9rateurs de texte, \u00e9valuation assist\u00e9e par IA)\u202f;<\/li>\n\n\n\n<li>autour d\u2019outils ou d\u2019applications sp\u00e9cifiques ;<\/li>\n\n\n\n<li>selon les disciplines (ex. IA en math\u00e9matiques) ;<\/li>\n\n\n\n<li>en fonction du contexte professionnel (enseignement fondamental, secondaire, formation professionnelle, formation des adultes, etc.) ;<\/li>\n\n\n\n<li>selon le niveau d\u2019exp\u00e9rience des participants (groupes pour d\u00e9butants, praticiens interm\u00e9diaires ou avanc\u00e9s).<\/li>\n<\/ul>\n\n\n\n<p>Cette diversit\u00e9 permet \u00e0 chacun de trouver une communaut\u00e9 adapt\u00e9e \u00e0 ses besoins et \u00e0 son profil professionnel.<\/p>\n\n\n\n<div aria-hidden=\"true\" class=\"wp-block-fsb-flexible-spacer fsb-flexible-spacer\"><div class=\"fsb-flexible-spacer__device fsb-flexible-spacer__device--lg\" style=\"height:30px\"><\/div><div class=\"fsb-flexible-spacer__device fsb-flexible-spacer__device--md\" style=\"height:30px\"><\/div><div class=\"fsb-flexible-spacer__device fsb-flexible-spacer__device--sm\" style=\"height:30px\"><\/div><\/div>\n\n\n\n<style>\n.wp-block-ifen-carousel .swiper-container-carousel .swiper-wrapper .swiper-slide .swiper-slide-content {text-align:left;}\n.wp-block-ifen-carousel .swiper-container-carousel .swiper-wrapper .swiper-slide .swiper-slide-content .swiper-slide-content-titre {font-size: 2rem;}\n.wp-block-ifen-carousel .swiper-container-carousel .swiper-wrapper .swiper-slide .swiper-slide-content .swiper-slide-content-texte{line-height: 1.2;}\n<\/style>\n\n\n\n<h3 class=\"wp-block-heading\">G\u00e9n\u00e9ralit\u00e9s sur l&rsquo;IA<\/h3>\n\n\n\n<div class=\"wp-block-accordion-toggle-accordion-toggle  root-eb-accordion-1sz3z\"><div class=\"eb-parent-wrapper eb-parent-eb-accordion-1sz3z \"><div class=\"eb-accordion-container eb-accordion-1sz3z\" data-accordion-type=\"accordion\" data-tab-icon=\"fas fa-angle-right\" data-expanded-icon=\"fas fa-angle-down\" data-transition-duration=\"500\"><div class=\"eb-accordion-inner\">\n<div class=\"wp-block-accordion-toggle-accordion-item eb-accordion-item-ek8dk eb-accordion-wrapper\" data-clickable=\"false\"><div class=\"eb-accordion-title-wrapper eb-accordion-title-wrapper-eb-accordion-1sz3z\" tabindex=\"0\"><span class=\"eb-accordion-icon-wrapper eb-accordion-icon-wrapper-eb-accordion-1sz3z\"><span class=\"fas fa-angle-right eb-accordion-icon\"><\/span><\/span><div class=\"eb-accordion-title-content-wrap title-content-eb-accordion-1sz3z\"><h3 class=\"eb-accordion-title\">L\u2019IA au quotidien \u00e0 l\u2019\u00e9cole \u2013 o\u00f9 en sommes-nous ?\u00a0<\/h3><\/div><\/div><div class=\"eb-accordion-content-wrapper eb-accordion-content-wrapper-eb-accordion-1sz3z\"><div class=\"eb-accordion-content\">\n<p>Une premi\u00e8re discussion d&rsquo;orientation commune : qu&rsquo;est-ce que nous rencontrons d\u00e9j\u00e0 \u2013 consciemment ou inconsciemment \u2013 dans le quotidien scolaire ? Nous \u00e9changeons nos exp\u00e9riences, clarifions les concepts et examinons ensemble ce que la \u00ab Compass IA Luxembourg \u00bb signifie concr\u00e8tement pour notre travail. Aucune connaissance pr\u00e9alable n&rsquo;est requise.<\/p>\n<\/div><\/div><\/div>\n\n\n\n<div class=\"wp-block-accordion-toggle-accordion-item eb-accordion-item-31rfk eb-accordion-wrapper\" data-clickable=\"false\"><div class=\"eb-accordion-title-wrapper eb-accordion-title-wrapper-eb-accordion-1sz3z\" tabindex=\"0\"><span class=\"eb-accordion-icon-wrapper eb-accordion-icon-wrapper-eb-accordion-1sz3z\"><span class=\"fas fa-angle-right eb-accordion-icon\"><\/span><\/span><div class=\"eb-accordion-title-content-wrap title-content-eb-accordion-1sz3z\"><h3 class=\"eb-accordion-title\">Parler de l&rsquo;IA en classe<\/h3><\/div><\/div><div class=\"eb-accordion-content-wrapper eb-accordion-content-wrapper-eb-accordion-1sz3z\"><div class=\"eb-accordion-content\">\n<p>Comment parler de l&rsquo;IA avec des \u00e9l\u00e8ves du primaire \u2013 de mani\u00e8re adapt\u00e9e \u00e0 leur \u00e2ge, honn\u00eate et critique ? Lors de cette rencontre d&rsquo;\u00e9change, nous partageons des exp\u00e9riences p\u00e9dagogiques concr\u00e8tes, testons des introductions simples \u00e0 la discussion et discutons de la mani\u00e8re dont nous pouvons aborder l&rsquo;IA en classe.<\/p>\n<\/div><\/div><\/div>\n\n\n\n<div class=\"wp-block-accordion-toggle-accordion-item eb-accordion-item-68z0u eb-accordion-wrapper\" data-clickable=\"false\"><div class=\"eb-accordion-title-wrapper eb-accordion-title-wrapper-eb-accordion-1sz3z\" tabindex=\"0\"><span class=\"eb-accordion-icon-wrapper eb-accordion-icon-wrapper-eb-accordion-1sz3z\"><span class=\"fas fa-angle-right eb-accordion-icon\"><\/span><\/span><div class=\"eb-accordion-title-content-wrap title-content-eb-accordion-1sz3z\"><h3 class=\"eb-accordion-title\">Diff\u00e9rencier avec l&rsquo;IA \u00a0<\/h3><\/div><\/div><div class=\"eb-accordion-content-wrapper eb-accordion-content-wrapper-eb-accordion-1sz3z\"><div class=\"eb-accordion-content\">\n<p>L&rsquo;IA peut aider \u00e0 la diff\u00e9renciation. Lors de cette rencontre, chacun apporte son propre exercice ou son propre texte et nous r\u00e9fl\u00e9chissons ensemble \u00e0 la mani\u00e8re dont les outils d&rsquo;IA peuvent aider \u00e0 adapter les supports p\u00e9dagogiques.<\/p>\n<\/div><\/div><\/div>\n\n\n\n<div class=\"wp-block-accordion-toggle-accordion-item eb-accordion-item-wu9k9 eb-accordion-wrapper\" data-clickable=\"false\"><div class=\"eb-accordion-title-wrapper eb-accordion-title-wrapper-eb-accordion-1sz3z\" tabindex=\"0\"><span class=\"eb-accordion-icon-wrapper eb-accordion-icon-wrapper-eb-accordion-1sz3z\"><span class=\"fas fa-angle-right eb-accordion-icon\"><\/span><\/span><div class=\"eb-accordion-title-content-wrap title-content-eb-accordion-1sz3z\"><h3 class=\"eb-accordion-title\">Protection des donn\u00e9es et IA \u2013 ce que je dois vraiment savoir\u00a0<\/h3><\/div><\/div><div class=\"eb-accordion-content-wrapper eb-accordion-content-wrapper-eb-accordion-1sz3z\"><div class=\"eb-accordion-content\">\n<p>Que puis-je saisir dans les outils d&rsquo;IA \u2013 et que ne dois-je pas saisir ? Qu&rsquo;en est-il des donn\u00e9es des \u00e9l\u00e8ves, de la communication avec les parents, de mes propres supports p\u00e9dagogiques ?&nbsp;<\/p>\n<\/div><\/div><\/div>\n\n\n\n<div class=\"wp-block-accordion-toggle-accordion-item eb-accordion-item-tf1gi eb-accordion-wrapper\" data-clickable=\"false\"><div class=\"eb-accordion-title-wrapper eb-accordion-title-wrapper-eb-accordion-1sz3z\" tabindex=\"0\"><span class=\"eb-accordion-icon-wrapper eb-accordion-icon-wrapper-eb-accordion-1sz3z\"><span class=\"fas fa-angle-right eb-accordion-icon\"><\/span><\/span><div class=\"eb-accordion-title-content-wrap title-content-eb-accordion-1sz3z\"><h3 class=\"eb-accordion-title\">Repenser l&rsquo;\u00e9valuation<\/h3><\/div><\/div><div class=\"eb-accordion-content-wrapper eb-accordion-content-wrapper-eb-accordion-1sz3z\"><div class=\"eb-accordion-content\">\n<p>Devoirs, dissertations, projets avec l&rsquo;IA. Comment r\u00e9agir de mani\u00e8re p\u00e9dagogiquement pertinente ? Nous \u00e9changeons nos exp\u00e9riences, r\u00e9visons ensemble les formats d&rsquo;exercices existants et d\u00e9veloppons des strat\u00e9gies pour travailler de mani\u00e8re transparente avec l&rsquo;IA en classe.<\/p>\n<\/div><\/div><\/div>\n<\/div><\/div><\/div><\/div>\n\n\n\n<div aria-hidden=\"true\" class=\"wp-block-fsb-flexible-spacer fsb-flexible-spacer\"><div class=\"fsb-flexible-spacer__device fsb-flexible-spacer__device--lg\" style=\"height:30px\"><\/div><div class=\"fsb-flexible-spacer__device fsb-flexible-spacer__device--md\" style=\"height:30px\"><\/div><div class=\"fsb-flexible-spacer__device fsb-flexible-spacer__device--sm\" style=\"height:30px\"><\/div><\/div>\n\n\n\n<h3 class=\"wp-block-heading\">Outils de Deep Dive<\/h3>\n\n\n\n<div class=\"wp-block-accordion-toggle-accordion-toggle  root-eb-accordion-rohnm\"><div class=\"eb-parent-wrapper eb-parent-eb-accordion-rohnm \"><div class=\"eb-accordion-container eb-accordion-rohnm\" data-accordion-type=\"accordion\" data-tab-icon=\"fas fa-angle-right\" data-expanded-icon=\"fas fa-angle-down\" data-transition-duration=\"500\"><div class=\"eb-accordion-inner\">\n<div class=\"wp-block-accordion-toggle-accordion-item eb-accordion-item-exgve eb-accordion-wrapper\" data-clickable=\"false\"><div class=\"eb-accordion-title-wrapper eb-accordion-title-wrapper-eb-accordion-rohnm\" tabindex=\"0\"><span class=\"eb-accordion-icon-wrapper eb-accordion-icon-wrapper-eb-accordion-rohnm\"><span class=\"fas fa-angle-right eb-accordion-icon\"><\/span><\/span><div class=\"eb-accordion-title-content-wrap title-content-eb-accordion-rohnm\"><h3 class=\"eb-accordion-title\">Outils IA de Fobizz<\/h3><\/div><\/div><div class=\"eb-accordion-content-wrapper eb-accordion-content-wrapper-eb-accordion-rohnm\"><div class=\"eb-accordion-content\">\n<p>Lors de cette rencontre d&rsquo;\u00e9change, nous explorons ensemble en d\u00e9tail les fonctionnalit\u00e9s IA de Fobizz \u2013 de la cr\u00e9ation de supports \u00e0 la diff\u00e9renciation \u2013 et partageons ce qui fonctionne r\u00e9ellement au quotidien en classe.<\/p>\n<\/div><\/div><\/div>\n\n\n\n<div class=\"wp-block-accordion-toggle-accordion-item eb-accordion-item-r0p9m eb-accordion-wrapper\" data-clickable=\"false\"><div class=\"eb-accordion-title-wrapper eb-accordion-title-wrapper-eb-accordion-rohnm\" tabindex=\"0\"><span class=\"eb-accordion-icon-wrapper eb-accordion-icon-wrapper-eb-accordion-rohnm\"><span class=\"fas fa-angle-right eb-accordion-icon\"><\/span><\/span><div class=\"eb-accordion-title-content-wrap title-content-eb-accordion-rohnm\"><h3 class=\"eb-accordion-title\">Teachino<\/h3><\/div><\/div><div class=\"eb-accordion-content-wrapper eb-accordion-content-wrapper-eb-accordion-rohnm\"><div class=\"eb-accordion-content\">\n<p>Lors de cette rencontre, nous \u00e9changerons sur Teachino. Ensemble, nous discuterons d\u2019exemples d\u2019application concrets et r\u00e9fl\u00e9chirons \u00e0 la valeur ajout\u00e9e des fiches de travail en classe.<\/p>\n<\/div><\/div><\/div>\n\n\n\n<div class=\"wp-block-accordion-toggle-accordion-item eb-accordion-item-6qb8m eb-accordion-wrapper\" data-clickable=\"false\"><div class=\"eb-accordion-title-wrapper eb-accordion-title-wrapper-eb-accordion-rohnm\" tabindex=\"0\"><span class=\"eb-accordion-icon-wrapper eb-accordion-icon-wrapper-eb-accordion-rohnm\"><span class=\"fas fa-angle-right eb-accordion-icon\"><\/span><\/span><div class=\"eb-accordion-title-content-wrap title-content-eb-accordion-rohnm\"><h3 class=\"eb-accordion-title\">Vittascience<\/h3><\/div><\/div><div class=\"eb-accordion-content-wrapper eb-accordion-content-wrapper-eb-accordion-rohnm\"><div class=\"eb-accordion-content\">\n<p>Lors de cette rencontre, nous \u00e9changerons sur Vittascience. Nous testerons des activit\u00e9s, discuterons des possibilit\u00e9s d\u2019utilisation p\u00e9dagogique et examinerons ensemble comment int\u00e9grer judicieusement cet outil dans l\u2019enseignement.<\/p>\n<\/div><\/div><\/div>\n<\/div><\/div><\/div><\/div>\n\n\n\n<div aria-hidden=\"true\" class=\"wp-block-fsb-flexible-spacer fsb-flexible-spacer\"><div class=\"fsb-flexible-spacer__device fsb-flexible-spacer__device--lg\" style=\"height:10px\"><\/div><div class=\"fsb-flexible-spacer__device fsb-flexible-spacer__device--md\" style=\"height:10px\"><\/div><div class=\"fsb-flexible-spacer__device fsb-flexible-spacer__device--sm\" style=\"height:10px\"><\/div><\/div>\n\n\n\n<div class=\"wp-block-buttons is-content-justification-left is-layout-flex wp-container-core-buttons-is-layout-fc4fd283 wp-block-buttons-is-layout-flex\">\n<div class=\"wp-block-button btn-picto bleu\"><a class=\"wp-block-button__link wp-element-button\" href=\"https:\/\/ssl.education.lu\/ifen\/catalog\/search?thematics=19002&amp;formats=6017,6002&amp;availability=17001,17003,17002,17004\" target=\"_blank\" rel=\"noreferrer noopener\">Consultez notre offre<\/a><\/div>\n\n\n\n<div class=\"wp-block-button btn-picto bleu\"><a class=\"wp-block-button__link wp-element-button\" href=\"https:\/\/forms.office.com\/Pages\/DesignPageV2.aspx?subpage=design&amp;FormId=xQ4KNpTw8UWjGcbcNWAnBHEBqIRWz_FEgb8TagwTA3RUQ0JNMzY4NFRGOFBMNERESEJHUTNNSUdNMi4u&amp;Token=07e9620a37f44ce599220ce17a60e537\" target=\"_blank\" rel=\"noreferrer noopener\">Formulaire collaboratif<\/a><\/div>\n<\/div>\n<\/div>\n\n\n\n<div class=\"wp-block-group alignfull list-event-desc list-event-desc-first is-layout-flow wp-block-group-is-layout-flow\">\n<div aria-hidden=\"true\" class=\"wp-block-fsb-flexible-spacer fsb-flexible-spacer\"><div class=\"fsb-flexible-spacer__device fsb-flexible-spacer__device--lg\" style=\"margin-bottom:-64px\"><\/div><div class=\"fsb-flexible-spacer__device fsb-flexible-spacer__device--md\" style=\"margin-bottom:-25px\"><\/div><div class=\"fsb-flexible-spacer__device fsb-flexible-spacer__device--sm\" style=\"margin-bottom:-50px\"><\/div><\/div>\n\n\n\n<h3 class=\"wp-block-heading module\">Accompagnement des \u00e9tablissements scolaires<\/h3>\n\n\n\n<p>Dans le cadre de la strat\u00e9gie nationale autour de l\u2019intelligence artificielle (IA), la division de l\u2019accompagnement du d\u00e9veloppement des \u00e9tablissements scolaires (division AES) propose un accompagnement sur mesure pour les \u00e9coles souhaitant explorer ou approfondir l\u2019int\u00e9gration de l\u2019IA dans leurs pratiques.<\/p>\n\n\n\n<h4 class=\"wp-block-heading\">Accompagnement sur mesure<\/h4>\n\n\n\n<p>Un soutien et accompagnement personnalis\u00e9 pour les \u00e9coles souhaitant d\u00e9velopper leurs approches m\u00e9thodologiques et int\u00e9grer des outils adapt\u00e9s en lien avec l\u2019intelligence artificielle visant \u00e0 promouvoir les approches p\u00e9dagogiques au niveau de l\u2019enseignement et des apprentissages des \u00e9l\u00e8ves.<\/p>\n\n\n\n<div class=\"wp-block-group hide is-layout-flow wp-block-group-is-layout-flow\">\n<h4 class=\"wp-block-heading\">Workshops et formations cibl\u00e9s<\/h4>\n\n\n\n<p>Des ateliers pratiques et s\u00e9quences de formation anim\u00e9s par des instituteurs\/institutrices sp\u00e9cialis\u00e9s en comp\u00e9tences num\u00e9riques. Ces formations portent sur des outils li\u00e9s \u00e0 l\u2019intelligence artificielle et sur des approches p\u00e9dagogiques concr\u00e8tes favorisant leur int\u00e9gration dans les s\u00e9quences d\u2019apprentissage.<\/p>\n<\/div>\n\n\n\n<h4 class=\"wp-block-heading\">Soutien individuel par les ICN<\/h4>\n\n\n\n<p>Les instituteurs sp\u00e9cialis\u00e9s en comp\u00e9tences num\u00e9riques (ICN) peuvent intervenir pour r\u00e9pondre aux besoins ponctuels des \u00e9quipes, accompagner les coll\u00e8gues dans l\u2019exp\u00e9rimentation d\u2019outils sp\u00e9cifiques, ou encore soutenir la mise en \u0153uvre locale de projets IA. Ils constituent un point de contact de proximit\u00e9, alliant expertise num\u00e9rique et connaissance du terrain.<\/p>\n\n\n\n<p>Pour toute demande d\u2019accompagnement <strong>veuillez-vous adresser directement \u00e0 votre ICN de r\u00e9f\u00e9rence <\/strong>ou contacter Marc WEBER, responsable de la division de l\u2019accompagnement du d\u00e9veloppement des \u00e9tablissements scolaires (<a href=\"mailto:marc.weber@ifen.lu\">marc.weber@ifen.lu<\/a>) ou nous \u00e9crire un mail sur <a href=\"mailto:accompagnement@ifen.lu\">accompagnement@ifen.lu<\/a>.<\/p>\n<\/div>\n\n\n\n<div class=\"wp-block-group alignfull list-event-desc list-event-desc-first is-layout-flow wp-block-group-is-layout-flow\">\n<div aria-hidden=\"true\" class=\"wp-block-fsb-flexible-spacer fsb-flexible-spacer\"><div class=\"fsb-flexible-spacer__device fsb-flexible-spacer__device--lg\" style=\"margin-bottom:-65px\"><\/div><div class=\"fsb-flexible-spacer__device fsb-flexible-spacer__device--md\" style=\"margin-bottom:-25px\"><\/div><div class=\"fsb-flexible-spacer__device fsb-flexible-spacer__device--sm\" style=\"margin-bottom:-50px\"><\/div><\/div>\n\n\n\n<h3 class=\"wp-block-heading module\">Support aux \u00e9quipes dirigeantes<\/h3>\n\n\n\n<p>L\u2019int\u00e9gration de l\u2019intelligence artificielle dans le syst\u00e8me \u00e9ducatif implique une r\u00e9flexion approfondie sur le pilotage p\u00e9dagogique.<\/p>\n\n\n\n<p>Pour accompagner cette transformation, l\u2019IFEN propose des dispositifs sp\u00e9cifiques \u00e0 destination des \u00e9quipes dirigeantes, afin de les soutenir dans leur r\u00f4le strat\u00e9gique, de les outiller en tant que leaders du changement et de les aider \u00e0 orienter efficacement les \u00e9volutions p\u00e9dagogiques li\u00e9es \u00e0 l\u2019intelligence artificielle.<\/p>\n\n\n\n<h4 class=\"wp-block-heading\">Formations<\/h4>\n\n\n\n<p>Nous proposons une offre de formations r\u00e9guli\u00e8rement actualis\u00e9e, con\u00e7ue pour r\u00e9pondre aux besoins \u00e9mergents du terrain et accompagner les \u00e9quipes dirigeantes autour de th\u00e9matiques cl\u00e9s li\u00e9es \u00e0 l\u2019intelligence artificielle: pilotage strat\u00e9gique, \u00e9thique et gouvernance des donn\u00e9es, accompagnement du changement, choix et d\u00e9ploiement des outils, ainsi que d\u00e9veloppement professionnel et renforcement des comp\u00e9tences.<\/p>\n\n\n\n<h4 class=\"wp-block-heading\">Offre sur mesure<\/h4>\n\n\n\n<p>Une offre personnalis\u00e9e peut \u00eatre propos\u00e9e en fonction des besoins sp\u00e9cifiques des \u00e9quipes dirigeantes. Pour toute demande, veuillez nous contacter via <a href=\"mailto:leadpedagogique@ifen.lu\">leadpedagogique@ifen.lu<\/a>.<\/p>\n\n\n\n<div class=\"wp-block-buttons is-content-justification-left is-layout-flex wp-container-core-buttons-is-layout-fc4fd283 wp-block-buttons-is-layout-flex\">\n<div class=\"wp-block-button btn-picto bleu\"><a class=\"wp-block-button__link wp-element-button\" href=\"https:\/\/ssl.education.lu\/ifen\/catalog\/search?thematics=19002&amp;categories=12040&amp;availability=17001,17003,17002,17004\" target=\"_blank\" rel=\"noreferrer noopener\">Consultez notre offre<\/a><\/div>\n<\/div>\n<\/div>\n\n\n\n<div aria-hidden=\"true\" class=\"wp-block-fsb-flexible-spacer fsb-flexible-spacer\"><div class=\"fsb-flexible-spacer__device fsb-flexible-spacer__device--lg\" style=\"height:100px\"><\/div><div class=\"fsb-flexible-spacer__device fsb-flexible-spacer__device--md\" style=\"height:100px\"><\/div><div class=\"fsb-flexible-spacer__device fsb-flexible-spacer__device--sm\" style=\"height:100px\"><\/div><\/div>\n\n<\/div>    \r\n<\/section>","protected":false},"excerpt":{"rendered":"","protected":false},"author":1,"featured_media":0,"parent":0,"menu_order":0,"comment_status":"closed","ping_status":"closed","template":"","meta":{"_eb_attr":"","_editorskit_title_hidden":false,"_editorskit_reading_time":0,"_editorskit_is_block_options_detached":false,"_editorskit_block_options_position":"{}","inline_featured_image":false,"footnotes":""},"class_list":["post-13679","page","type-page","status-publish","hentry"],"acf":{"espace_type":""},"_links":{"self":[{"href":"https:\/\/ssl.education.lu\/ifen\/wp-json\/wp\/v2\/pages\/13679","targetHints":{"allow":["GET"]}}],"collection":[{"href":"https:\/\/ssl.education.lu\/ifen\/wp-json\/wp\/v2\/pages"}],"about":[{"href":"https:\/\/ssl.education.lu\/ifen\/wp-json\/wp\/v2\/types\/page"}],"author":[{"embeddable":true,"href":"https:\/\/ssl.education.lu\/ifen\/wp-json\/wp\/v2\/users\/1"}],"replies":[{"embeddable":true,"href":"https:\/\/ssl.education.lu\/ifen\/wp-json\/wp\/v2\/comments?post=13679"}],"version-history":[{"count":42,"href":"https:\/\/ssl.education.lu\/ifen\/wp-json\/wp\/v2\/pages\/13679\/revisions"}],"predecessor-version":[{"id":17696,"href":"https:\/\/ssl.education.lu\/ifen\/wp-json\/wp\/v2\/pages\/13679\/revisions\/17696"}],"wp:attachment":[{"href":"https:\/\/ssl.education.lu\/ifen\/wp-json\/wp\/v2\/media?parent=13679"}],"curies":[{"name":"wp","href":"https:\/\/api.w.org\/{rel}","templated":true}]}}