

{"id":10754,"date":"2024-08-23T11:48:47","date_gmt":"2024-08-23T09:48:47","guid":{"rendered":"\/ifen\/?page_id=10754"},"modified":"2026-01-29T14:11:31","modified_gmt":"2026-01-29T13:11:31","slug":"conditions-generales-de-participation","status":"publish","type":"page","link":"\/ifen\/conditions-generales-de-participation\/","title":{"rendered":"Conditions g\u00e9n\u00e9rales de participation"},"content":{"rendered":"\n<div class=\"wp-block-cover alignfull is-light banner-page banner-page-small hide-editor\" style=\"min-height:250px;aspect-ratio:unset;\"><img loading=\"lazy\" decoding=\"async\" width=\"1920\" height=\"250\" class=\"wp-block-cover__image-background wp-image-4441\" alt=\"\" src=\"https:\/\/ssl.education.lu\/ifen\/wp-content\/uploads\/2023\/12\/banner_contact.svg\" data-object-fit=\"cover\"\/><span aria-hidden=\"true\" class=\"wp-block-cover__background has-black-background-color has-background-dim-0 has-background-dim\"><\/span><div class=\"wp-block-cover__inner-container is-layout-flow wp-block-cover-is-layout-flow\">\n<div class=\"wp-block-group has-global-padding is-layout-constrained wp-block-group-is-layout-constrained\">\n<h1 class=\"wp-block-heading has-text-align-center has-primary-color has-text-color\">Conditions g\u00e9n\u00e9rales de participation \u00e0 une formation de l&rsquo;Institut de formation de l&rsquo;\u00c9ducation nationale<\/h1>\n<\/div>\n\n\n\n<svg class=\"curve curve-bottom curve-desktop\" xmlns=\"http:\/\/www.w3.org\/2000\/svg\" width=\"100%\" height=\"77.168\" viewBox=\"0 0 1600 77.168\" preserveAspectRatio=\"none\">\n                  <path id=\"Trac\u00e9_454\" data-name=\"Trac\u00e9 454\" d=\"M0,0H1600V29.331S1204.669,77.168,804.669,77.168,0,29.331,0,29.331Z\" transform=\"translate(1600 77.168) rotate(180)\" fill=\"#fff\"\/>\n              <\/svg>\n      <svg class=\"curve curve-bottom curve-mobile\" xmlns=\"http:\/\/www.w3.org\/2000\/svg\" width=\"100%\" height=\"77.168\" viewBox=\"0 0 1600 77.168\">\n                  <path id=\"Trac\u00e9_454\" data-name=\"Trac\u00e9 454\" d=\"M0,0H1600V29.331S1204.669,77.168,804.669,77.168,0,29.331,0,29.331Z\" transform=\"translate(1600 77.168) rotate(180)\" fill=\"#fff\"\/>\n              <\/svg>\n<\/div><\/div>\n\n\n \r\n\r\n<section  class=\"wp-block-section     alignwide    \"\r\n    >\r\n\r\n    \r\n        <div class=\"acf-innerblocks-container\">\n\n<h2 class=\"wp-block-heading h2small\">&nbsp;1. Personnel concern\u00e9&nbsp;<\/h2>\n\n\n\n<p>Les pr\u00e9sentes conditions g\u00e9n\u00e9rales s&rsquo;appliquent aux agent\/e\/s du personnel de l\u2019\u00e9ducation nationale inscrit\/e\/s en tant que participant\/e \u00e0 une formation organis\u00e9e par l&rsquo;Institut de formation de l\u2019\u00c9ducation nationale, d\u00e9nomm\u00e9 ci-apr\u00e8s \u00ab IFEN \u00bb. Chaque participant\/e est tenu\/e d&rsquo;accepter et de respecter les termes des pr\u00e9sentes conditions g\u00e9n\u00e9rales, que la formation soit dispens\u00e9e dans les locaux de l\u2019IFEN sur le site eduP\u00f4le, route de Diekirch \u00e0 Walferdange, sur le site de l\u2019IFEN Esch-Belval &#8211; Terres Rouges, 3 et 5, avenue de la Fonte \u00e0 Esch-sur-Alzette, dans un autre \u00e9tablissement ou dispens\u00e9e en ligne.&nbsp;<\/p>\n\n\n\n<div aria-hidden=\"true\" class=\"wp-block-fsb-flexible-spacer fsb-flexible-spacer\"><div class=\"fsb-flexible-spacer__device fsb-flexible-spacer__device--lg\" style=\"height:30px\"><\/div><div class=\"fsb-flexible-spacer__device fsb-flexible-spacer__device--md\" style=\"height:30px\"><\/div><div class=\"fsb-flexible-spacer__device fsb-flexible-spacer__device--sm\" style=\"height:30px\"><\/div><\/div>\n\n\n\n<h2 class=\"wp-block-heading h2small\">&nbsp;2. Droits d\u2019auteur, droit \u00e0 l\u2019image et \u00e0 la voix, protection des donn\u00e9es \u00e0 caract\u00e8re personnel&nbsp;<\/h2>\n\n\n\n<p>Le\/La participant\/e n\u2019est pas autoris\u00e9\/e \u00e0 proc\u00e9der \u00e0 l\u2019enregistrement audiovisuel de tout ou partie d\u2019une s\u00e9ance de formation ou \u00e0 prendre des photos des personnes pr\u00e9sentes, que la formation se d\u00e9roule en ligne ou en pr\u00e9sentiel.&nbsp;<\/p>\n\n\n\n<p>Le\/La participant\/e est seul\/e responsable des supports et contenus qu\u2019il\/elle pr\u00e9sente et utilise de sa propre initiative dans le cadre de la formation qu\u2019il\/elle suit \u00e0 l\u2019IFEN, en mati\u00e8re de droits d\u2019auteur, de droit \u00e0 l\u2019image et \u00e0 la voix tout comme de protection des donn\u00e9es \u00e0 caract\u00e8re personnel.&nbsp;<\/p>\n\n\n\n<div aria-hidden=\"true\" class=\"wp-block-fsb-flexible-spacer fsb-flexible-spacer\"><div class=\"fsb-flexible-spacer__device fsb-flexible-spacer__device--lg\" style=\"height:30px\"><\/div><div class=\"fsb-flexible-spacer__device fsb-flexible-spacer__device--md\" style=\"height:30px\"><\/div><div class=\"fsb-flexible-spacer__device fsb-flexible-spacer__device--sm\" style=\"height:30px\"><\/div><\/div>\n\n\n\n<h2 class=\"wp-block-heading h2small\">3. Horaires &#8211; Absence et retard&nbsp;<\/h2>\n\n\n\n<p>Les horaires de formation sont fix\u00e9s par l\u2019IFEN et port\u00e9s \u00e0 la connaissance du\/de la participant\/e lors de la confirmation de son inscription. Le\/La participant\/e est tenu\/e de respecter ces horaires de formation et l&rsquo;application des dispositions suivantes :&nbsp;<\/p>\n\n\n\n<ul class=\"wp-block-list\">\n<li>En cas d&rsquo;absence ou de retard \u00e0 une formation continue, le\/la participant\/e doit avertir au pr\u00e9alable le secr\u00e9tariat de l\u2019IFEN soit par t\u00e9l\u00e9phone (247 75299 ou 247 75980) soit par courrier \u00e9lectronique (foco@ifen.lu).&nbsp;<\/li>\n\n\n\n<li>En cas d&rsquo;absence ou de retard \u00e0 une formation dans le cadre du stage, le participant doit avertir le secr\u00e9tariat du stage concern\u00e9 par courrier \u00e9lectronique (<a href=\"mailto:stage-ef@ifen.lu\">stage-ef@ifen.lu<\/a> ou <a href=\"mailto:stage-es@ifen.lu\">stage-es@ifen.lu<\/a>\u00a0 ou <a href=\"mailto:stage-eps@ifen.lu\">stage-eps@ifen.lu<\/a>) en mettant en copie la direction de son \u00e9tablissement d\u2019affectation et en indiquant ses coordonn\u00e9es compl\u00e8tes et sa promotion (si connue).<\/li>\n\n\n\n<li>Le\/La participant\/e ne peut pas s&rsquo;absenter pendant les heures de formation, sauf circonstances exceptionnelles.&nbsp;<\/li>\n\n\n\n<li>Conditions particuli\u00e8res pour supervision et coaching individuel : si le\/la participant\/e ne peut pas participer \u00e0 une s\u00e9ance de supervision ou de coaching individuel, il\/elle est dans l\u2019obligation d\u2019en informer le\/la superviseur\/e ou coach au plus tard 48 heures avant le rendez- vous fix\u00e9. Si ce d\u00e9lai n\u2019est pas respect\u00e9, les frais d\u2019honoraires pour la s\u00e9ance en question sont \u00e0 prendre en charge par le\/la participant\/e. Le\/La superviseur\/e ou coach adressera la facture relative aux honoraires directement au\/\u00e0 la participant\/e.&nbsp;<\/li>\n<\/ul>\n\n\n\n<p>En cas d\u2019annulation du rendez-vous pour raisons de maladie du\/de la participant\/e, les honoraires dus sont \u00e0 la charge de l\u2019IFEN. Pour ce faire, l\u2019agent\/e est tenu\/e de transmettre une copie de son certificat m\u00e9dical au service des ressources humaines de son \u00e9tablissement d\u2019affectation ou du MENJE et d\u2019en informer l\u2019IFEN.&nbsp;<\/p>\n\n\n\n<div aria-hidden=\"true\" class=\"wp-block-fsb-flexible-spacer fsb-flexible-spacer\"><div class=\"fsb-flexible-spacer__device fsb-flexible-spacer__device--lg\" style=\"height:30px\"><\/div><div class=\"fsb-flexible-spacer__device fsb-flexible-spacer__device--md\" style=\"height:30px\"><\/div><div class=\"fsb-flexible-spacer__device fsb-flexible-spacer__device--sm\" style=\"height:30px\"><\/div><\/div>\n\n\n\n<h2 class=\"wp-block-heading h2small\">4. Participation \u00e0 une formation pendant un cong\u00e9 de maladie, de maternit\u00e9,&nbsp;sans traitement ou parental&nbsp;<\/h2>\n\n\n\n<h3 class=\"wp-block-heading h3small\">4.1. Pendant un cong\u00e9 de maladie :<\/h3>\n\n\n\n<p>La participation \u00e0 une formation (en pr\u00e9sentiel ou en ligne) pendant un cong\u00e9 de maladie n&rsquo;est pas admise. La participation \u00e0 une activit\u00e9 faisant partie de la t\u00e2che (ce qui est le cas pour les formations continues et les formations du stage) n&rsquo;est possible que si l\u2019agent\/e se sent apte au travail et uniquement sous la condition de demander la fin anticip\u00e9e du cong\u00e9 de maladie aupr\u00e8s de la Caisse nationale de Sant\u00e9 (CNS).&nbsp;<\/p>\n\n\n\n<p>\u00c0 noter qu&rsquo;un accident de voiture sur le trajet pour se rendre \u00e0 la formation pendant un cong\u00e9 de maladie n&rsquo;est pas consid\u00e9r\u00e9 comme accident de trajet au sens du Code de la s\u00e9curit\u00e9 sociale (Livre II), ce qui signifie que l&rsquo;assurance accident ne jouera pas dans un tel cas.&nbsp;<\/p>\n\n\n\n<h3 class=\"wp-block-heading h3small\">4.2. Pendant un cong\u00e9 de maternit\u00e9 :<\/h3>\n\n\n\n<p>Conform\u00e9ment \u00e0 l\u2019article 29 du statut g\u00e9n\u00e9ral des fonctionnaires de l\u2019\u00c9tat, le cong\u00e9 de maternit\u00e9 est accord\u00e9 selon les dispositions pr\u00e9vues par le Code du travail. Ce dernier stipule, aux articles L. 332-1 et L. 332-2, que :<\/p>\n\n\n\n<ul class=\"wp-block-list\">\n<li>\u00ab La femme enceinte ne peut \u00eatre occup\u00e9e pendant les huit semaines pr\u00e9c\u00e9dant la date pr\u00e9sum\u00e9e de l\u2019accouchement \u00bb ;<\/li>\n\n\n\n<li>\u00ab La femme accouch\u00e9e ne peut \u00eatre occup\u00e9e pendant les douze semaines qui suivent l\u2019accouchement \u00bb.<\/li>\n<\/ul>\n\n\n\n<p>Par cons\u00e9quent, aucune activit\u00e9 professionnelle, y compris la participation \u00e0 des formations ou \u00e0 tout autre \u00e9v\u00e9nement, ne peut \u00eatre autoris\u00e9e durant cette p\u00e9riode, m\u00eame \u00e0 titre volontaire ou sur pr\u00e9sentation d\u2019un certificat m\u00e9dical.&nbsp;<\/p>\n\n\n\n<h3 class=\"wp-block-heading h3small\">4.3. Pendant un cong\u00e9 sans traitement :&nbsp;<\/h3>\n\n\n\n<p>La participation \u00e0 une formation professionnelle (en pr\u00e9sentiel ou en ligne) \u00e9tant consid\u00e9r\u00e9e comme du temps de travail, une telle formation ne peut pas \u00eatre suivie pendant un cong\u00e9 sans traitement, \u00e0 part celle qui est sp\u00e9cifiquement pr\u00e9vue par l&rsquo;article 30, paragraphe 3, alin\u00e9a 5 de la loi modifi\u00e9e du 16 avril 1979 fixant le statut g\u00e9n\u00e9ral des fonctionnaires de l&rsquo;\u00c9tat qui dispose que \u00ab lorsque le cong\u00e9 sans traitement vis\u00e9 par le paragraphe 2 ci-dessus d\u00e9passe la dur\u00e9e de deux ans, le fonctionnaire est tenu de suivre, pr\u00e9alablement \u00e0 sa r\u00e9int\u00e9gration dans l&rsquo;administration, une formation sp\u00e9ciale aupr\u00e8s de l&rsquo;Institut National d&rsquo;Administration Publique ou d&rsquo;un autre organisme de formation reconnu par le ministre \u00bb.&nbsp;<\/p>\n\n\n\n<h3 class=\"wp-block-heading h3small\">4.4. Pendant un cong\u00e9 parental :&nbsp;<\/h3>\n\n\n\n<p>La participation \u00e0 une formation (en pr\u00e9sentiel ou en ligne) pendant un cong\u00e9 parental \u00e0 temps plein n&rsquo;est pas admise.&nbsp;<\/p>\n\n\n\n<p>L&rsquo;agent\/e peut participer \u00e0 une formation professionnelle pendant son service pour un cong\u00e9 parental \u00e0 temps partiel et un cong\u00e9 parental fractionn\u00e9, mais cette formation ne pourra d\u00e9border au-del\u00e0 des pourcentages fix\u00e9s pour l&rsquo;activit\u00e9 de service.&nbsp;<\/p>\n\n\n\n<p>Pour la participation \u00e0 ces formations, l\u2019agent\/e reste couvert\/e contre les risques d&rsquo;un \u00e9ventuel accident du travail \/ de trajet, en application des dispositions du Livre ll du Code la s\u00e9curit\u00e9 sociale.&nbsp;<\/p>\n\n\n\n<div aria-hidden=\"true\" class=\"wp-block-fsb-flexible-spacer fsb-flexible-spacer\"><div class=\"fsb-flexible-spacer__device fsb-flexible-spacer__device--lg\" style=\"height:30px\"><\/div><div class=\"fsb-flexible-spacer__device fsb-flexible-spacer__device--md\" style=\"height:30px\"><\/div><div class=\"fsb-flexible-spacer__device fsb-flexible-spacer__device--sm\" style=\"height:30px\"><\/div><\/div>\n\n\n\n<h2 class=\"wp-block-heading h2small\">5. Liste de pr\u00e9sence&nbsp;<\/h2>\n\n\n\n<p>Le\/La participant\/e est tenu\/e de signer la liste de pr\u00e9sence remise lors de chaque s\u00e9ance de formation en pr\u00e9sentiel ou de signaler sa pr\u00e9sence par le moyen prescrit lors d\u2019une formation en ligne.&nbsp;<\/p>\n\n\n\n<div aria-hidden=\"true\" class=\"wp-block-fsb-flexible-spacer fsb-flexible-spacer\"><div class=\"fsb-flexible-spacer__device fsb-flexible-spacer__device--lg\" style=\"height:30px\"><\/div><div class=\"fsb-flexible-spacer__device fsb-flexible-spacer__device--md\" style=\"height:30px\"><\/div><div class=\"fsb-flexible-spacer__device fsb-flexible-spacer__device--sm\" style=\"height:30px\"><\/div><\/div>\n\n\n\n<h2 class=\"wp-block-heading h2small\">6. Attestation de participation&nbsp;<\/h2>\n\n\n\n<p>Le\/La participant\/e est tenu\/e de suivre activement l&rsquo;int\u00e9gralit\u00e9 de la formation. \u00c0 l&rsquo;issue de la formation, une attestation de participation est d\u00e9livr\u00e9e au\/\u00e0 la participant\/e qui a re\u00e7u une confirmation d\u2019inscription de la part de l\u2019IFEN en amont de la formation.&nbsp;<\/p>\n\n\n\n<p>En cas d&rsquo;absence justifi\u00e9e par le\/la participant\/e \u00e0 une partie de la formation, une attestation validant les heures suivies est d\u00e9livr\u00e9e. En cas d&rsquo;absence partielle sans justification ou d&rsquo;absence totale \u00e0 la formation, l&rsquo;attestation n&rsquo;est pas d\u00e9livr\u00e9e.&nbsp;<\/p>\n\n\n\n<p>Si un\/e agent\/e participe \u00e0 une formation, mais figure sur la liste d\u2019attente ou n\u2019est pas inscrit\/e \u00e0 la formation, aucune attestation de participation ne lui est d\u00e9livr\u00e9e.&nbsp;<\/p>\n\n\n\n<div aria-hidden=\"true\" class=\"wp-block-fsb-flexible-spacer fsb-flexible-spacer\"><div class=\"fsb-flexible-spacer__device fsb-flexible-spacer__device--lg\" style=\"height:30px\"><\/div><div class=\"fsb-flexible-spacer__device fsb-flexible-spacer__device--md\" style=\"height:30px\"><\/div><div class=\"fsb-flexible-spacer__device fsb-flexible-spacer__device--sm\" style=\"height:30px\"><\/div><\/div>\n\n\n\n<h2 class=\"wp-block-heading h2small\">7. Bon d\u00e9roulement de la formation&nbsp;<\/h2>\n\n\n\n<p>Le\/La participant\/e qui d\u00e9lib\u00e9r\u00e9ment perturbe le bon d\u00e9roulement de la formation et emp\u00eache l&rsquo;apprentissage des autres participant\/e\/s peut \u00eatre exclu\/e de la formation par le\/la formateur\/-trice.&nbsp;<\/p>\n\n\n\n<p>Seules les heures de pr\u00e9sence \u00e0 la formation lui seront attest\u00e9es.&nbsp;<\/p>\n\n\n\n<div aria-hidden=\"true\" class=\"wp-block-fsb-flexible-spacer fsb-flexible-spacer\"><div class=\"fsb-flexible-spacer__device fsb-flexible-spacer__device--lg\" style=\"height:30px\"><\/div><div class=\"fsb-flexible-spacer__device fsb-flexible-spacer__device--md\" style=\"height:30px\"><\/div><div class=\"fsb-flexible-spacer__device fsb-flexible-spacer__device--sm\" style=\"height:30px\"><\/div><\/div>\n\n\n\n<h2 class=\"wp-block-heading h2small\">8. Conditions de participation \u00e0 une formation en ligne&nbsp;<\/h2>\n\n\n\n<ul class=\"wp-block-list\">\n<li>Avant la formation, le\/la participant\/e est tenu\/e de v\u00e9rifier le bon fonctionnement de son mat\u00e9riel informatique (ordinateur, cam\u00e9ra, micro).&nbsp;<\/li>\n\n\n\n<li>Le\/La participant\/e est tenu\/e d\u2019utiliser un ordinateur et pas un t\u00e9l\u00e9phone pour suivre la formation.&nbsp;<\/li>\n\n\n\n<li>Le\/La participant\/e est tenu\/e de se connecter au moins 15 minutes avant le d\u00e9but de la formation.&nbsp;<\/li>\n\n\n\n<li>Le\/La participant\/e est tenu\/e de se connecter avec ses donn\u00e9es IAM personnelles (et non pas avec celles d\u2019un membre de sa famille ou d\u2019un\/e coll\u00e8gue).&nbsp;<\/li>\n\n\n\n<li>Le\/La participant\/e est tenu\/e d\u2019allumer sa cam\u00e9ra pendant la dur\u00e9e de la formation.&nbsp;<\/li>\n\n\n\n<li>Le\/La participant\/e est tenu\/e d\u2019\u00e9teindre son micro lorsqu\u2019il\/elle ne prend pas la parole.&nbsp;<\/li>\n\n\n\n<li>Si le\/la participant\/e souhaite prendre la parole, il\/elle est tenu\/e de lever la main (fonction num\u00e9rique).&nbsp;<\/li>\n\n\n\n<li>Le\/La participant\/e n\u2019est pas autoris\u00e9\/e \u00e0 enregistrer la formation ni \u00e0 la diffuser, sous aucune forme.&nbsp;<\/li>\n<\/ul>\n\n\n\n<p>Les points 1 \u00e0 8 et les points 10 et 14 des pr\u00e9sentes conditions g\u00e9n\u00e9rales de participation de l\u2019IFEN sont d\u2019application dans le contexte d\u2019une formation en ligne.&nbsp;<\/p>\n\n\n\n<div aria-hidden=\"true\" class=\"wp-block-fsb-flexible-spacer fsb-flexible-spacer\"><div class=\"fsb-flexible-spacer__device fsb-flexible-spacer__device--lg\" style=\"height:30px\"><\/div><div class=\"fsb-flexible-spacer__device fsb-flexible-spacer__device--md\" style=\"height:30px\"><\/div><div class=\"fsb-flexible-spacer__device fsb-flexible-spacer__device--sm\" style=\"height:30px\"><\/div><\/div>\n\n\n\n<h2 class=\"wp-block-heading h2small\">9. Maintien en bon \u00e9tat du mat\u00e9riel&nbsp;<\/h2>\n\n\n\n<p>Le\/La participant\/e a l&rsquo;obligation de conserver en bon \u00e9tat le mat\u00e9riel qui lui est confi\u00e9. Le\/La participant\/e est tenu\/e d&rsquo;utiliser le mat\u00e9riel conform\u00e9ment \u00e0 son objet : l&rsquo;utilisation du mat\u00e9riel \u00e0 d&rsquo;autres fins, notamment personnelles est interdite. Toute anomalie dans le fonctionnement du mat\u00e9riel et tout incident doivent \u00eatre imm\u00e9diatement signal\u00e9s au\/\u00e0 la formateur\/-trice.&nbsp;<\/p>\n\n\n\n<div aria-hidden=\"true\" class=\"wp-block-fsb-flexible-spacer fsb-flexible-spacer\"><div class=\"fsb-flexible-spacer__device fsb-flexible-spacer__device--lg\" style=\"height:30px\"><\/div><div class=\"fsb-flexible-spacer__device fsb-flexible-spacer__device--md\" style=\"height:30px\"><\/div><div class=\"fsb-flexible-spacer__device fsb-flexible-spacer__device--sm\" style=\"height:30px\"><\/div><\/div>\n\n\n\n<h2 class=\"wp-block-heading h2small\">10. Information et affichage&nbsp;<\/h2>\n\n\n\n<p>La circulation de l&rsquo;information se fait par l&rsquo;affichage sur les panneaux pr\u00e9vus \u00e0 cet effet et sur les supports num\u00e9riques mod\u00e9r\u00e9s par l\u2019IFEN. La publicit\u00e9 commerciale, la propagande politique, syndicale ou religieuse sont interdites dans l&rsquo;enceinte du lieu de formation ou dans le contexte d\u2019une formation.&nbsp;<\/p>\n\n\n\n<div aria-hidden=\"true\" class=\"wp-block-fsb-flexible-spacer fsb-flexible-spacer\"><div class=\"fsb-flexible-spacer__device fsb-flexible-spacer__device--lg\" style=\"height:30px\"><\/div><div class=\"fsb-flexible-spacer__device fsb-flexible-spacer__device--md\" style=\"height:30px\"><\/div><div class=\"fsb-flexible-spacer__device fsb-flexible-spacer__device--sm\" style=\"height:30px\"><\/div><\/div>\n\n\n\n<h2 class=\"wp-block-heading h2small\">11. R\u00e8gles g\u00e9n\u00e9rales d&rsquo;hygi\u00e8ne et de s\u00e9curit\u00e9&nbsp;<\/h2>\n\n\n\n<p>Le\/La participant\/e doit veiller \u00e0 sa s\u00e9curit\u00e9 personnelle et \u00e0 celle des autres en respectant les consignes de s\u00e9curit\u00e9 (plan d&rsquo;\u00e9vacuation) et d&rsquo;hygi\u00e8ne en vigueur sur le lieu de formation.&nbsp;<\/p>\n\n\n\n<div aria-hidden=\"true\" class=\"wp-block-fsb-flexible-spacer fsb-flexible-spacer\"><div class=\"fsb-flexible-spacer__device fsb-flexible-spacer__device--lg\" style=\"height:30px\"><\/div><div class=\"fsb-flexible-spacer__device fsb-flexible-spacer__device--md\" style=\"height:30px\"><\/div><div class=\"fsb-flexible-spacer__device fsb-flexible-spacer__device--sm\" style=\"height:30px\"><\/div><\/div>\n\n\n\n<h2 class=\"wp-block-heading h2small\">12. Interdiction de fumer&nbsp;<\/h2>\n\n\n\n<p>Il est interdit de fumer \u00e0 l&rsquo;int\u00e9rieur des b\u00e2timents et dans les lieux affect\u00e9s \u00e0 un usage collectif du lieu de formation.&nbsp;<\/p>\n\n\n\n<div aria-hidden=\"true\" class=\"wp-block-fsb-flexible-spacer fsb-flexible-spacer\"><div class=\"fsb-flexible-spacer__device fsb-flexible-spacer__device--lg\" style=\"height:30px\"><\/div><div class=\"fsb-flexible-spacer__device fsb-flexible-spacer__device--md\" style=\"height:30px\"><\/div><div class=\"fsb-flexible-spacer__device fsb-flexible-spacer__device--sm\" style=\"height:30px\"><\/div><\/div>\n\n\n\n<h2 class=\"wp-block-heading h2small\">13. Responsabilit\u00e9 en cas de vol ou endommagement de biens personnels&nbsp;<\/h2>\n\n\n\n<p>L\u2019IFEN d\u00e9cline toute responsabilit\u00e9 en cas de perte, vol ou d\u00e9t\u00e9rioration des objets personnels de toute nature d\u00e9pos\u00e9s par le\/la participant\/e dans l&rsquo;enceinte du lieu de formation (salles de cours, locaux administratifs, parcs de stationnement, etc.).&nbsp;<\/p>\n\n\n\n<div aria-hidden=\"true\" class=\"wp-block-fsb-flexible-spacer fsb-flexible-spacer\"><div class=\"fsb-flexible-spacer__device fsb-flexible-spacer__device--lg\" style=\"height:30px\"><\/div><div class=\"fsb-flexible-spacer__device fsb-flexible-spacer__device--md\" style=\"height:30px\"><\/div><div class=\"fsb-flexible-spacer__device fsb-flexible-spacer__device--sm\" style=\"height:30px\"><\/div><\/div>\n\n\n\n<h2 class=\"wp-block-heading h2small\">14. Sanction&nbsp;<\/h2>\n\n\n\n<p>Tout manquement du\/de la participant\/e \u00e0 l&rsquo;une des prescriptions des pr\u00e9sentes conditions g\u00e9n\u00e9rales pourra faire l&rsquo;objet d&rsquo;une sanction. Selon la gravit\u00e9 du manquement constat\u00e9, la sanction pourra consister :&nbsp;<\/p>\n\n\n\n<ul class=\"wp-block-list\">\n<li>soit en un rappel \u00e0 l&rsquo;ordre ;&nbsp;<\/li>\n\n\n\n<li>soit en un avertissement ;&nbsp;<\/li>\n\n\n\n<li>soit en une mesure d&rsquo;exclusion temporaire ou d\u00e9finitive des activit\u00e9s de formation.&nbsp;<\/li>\n<\/ul>\n\n\n\n<p>Le\/La directeur\/-trice de l\u2019IFEN doit informer de la sanction prise l&#8217;employeur du\/de la participant\/e. Aucune sanction ne peut \u00eatre inflig\u00e9e \u00e0 un\/e participant\/e sans que celui\/celle-ci ait \u00e9t\u00e9 inform\u00e9\/e au pr\u00e9alable des griefs retenus contre lui\/elle.&nbsp;<\/p>\n\n\n\n<div aria-hidden=\"true\" class=\"wp-block-fsb-flexible-spacer fsb-flexible-spacer\"><div class=\"fsb-flexible-spacer__device fsb-flexible-spacer__device--lg\" style=\"height:100px\"><\/div><div class=\"fsb-flexible-spacer__device fsb-flexible-spacer__device--md\" style=\"height:100px\"><\/div><div class=\"fsb-flexible-spacer__device fsb-flexible-spacer__device--sm\" style=\"height:100px\"><\/div><\/div>\n\n<\/div>    \r\n<\/section>","protected":false},"excerpt":{"rendered":"","protected":false},"author":1,"featured_media":0,"parent":0,"menu_order":0,"comment_status":"closed","ping_status":"closed","template":"","meta":{"_eb_attr":"","_editorskit_title_hidden":false,"_editorskit_reading_time":0,"_editorskit_is_block_options_detached":false,"_editorskit_block_options_position":"{}","inline_featured_image":false,"footnotes":""},"class_list":["post-10754","page","type-page","status-publish","hentry"],"acf":{"espace_type":""},"_links":{"self":[{"href":"https:\/\/ssl.education.lu\/ifen\/wp-json\/wp\/v2\/pages\/10754","targetHints":{"allow":["GET"]}}],"collection":[{"href":"https:\/\/ssl.education.lu\/ifen\/wp-json\/wp\/v2\/pages"}],"about":[{"href":"https:\/\/ssl.education.lu\/ifen\/wp-json\/wp\/v2\/types\/page"}],"author":[{"embeddable":true,"href":"https:\/\/ssl.education.lu\/ifen\/wp-json\/wp\/v2\/users\/1"}],"replies":[{"embeddable":true,"href":"https:\/\/ssl.education.lu\/ifen\/wp-json\/wp\/v2\/comments?post=10754"}],"version-history":[{"count":12,"href":"https:\/\/ssl.education.lu\/ifen\/wp-json\/wp\/v2\/pages\/10754\/revisions"}],"predecessor-version":[{"id":15927,"href":"https:\/\/ssl.education.lu\/ifen\/wp-json\/wp\/v2\/pages\/10754\/revisions\/15927"}],"wp:attachment":[{"href":"https:\/\/ssl.education.lu\/ifen\/wp-json\/wp\/v2\/media?parent=10754"}],"curies":[{"name":"wp","href":"https:\/\/api.w.org\/{rel}","templated":true}]}}