

{"id":10291,"date":"2024-07-30T10:53:34","date_gmt":"2024-07-30T08:53:34","guid":{"rendered":"\/ifen\/?page_id=10291"},"modified":"2025-11-20T09:01:00","modified_gmt":"2025-11-20T08:01:00","slug":"modalites-dinscription-foco","status":"publish","type":"page","link":"\/ifen\/modalites-dinscription-foco\/","title":{"rendered":"Modalit\u00e9s d&rsquo;inscription Foco"},"content":{"rendered":"\n<div class=\"wp-block-cover alignfull is-light banner-page banner-page-small hide-editor\" style=\"min-height:250px;aspect-ratio:unset;\"><img loading=\"lazy\" decoding=\"async\" width=\"1920\" height=\"250\" class=\"wp-block-cover__image-background wp-image-4441\" alt=\"\" src=\"https:\/\/ssl.education.lu\/ifen\/wp-content\/uploads\/2023\/12\/banner_contact.svg\" data-object-fit=\"cover\"\/><span aria-hidden=\"true\" class=\"wp-block-cover__background has-black-background-color has-background-dim-0 has-background-dim\"><\/span><div class=\"wp-block-cover__inner-container is-layout-flow wp-block-cover-is-layout-flow\">\n<div class=\"wp-block-group has-global-padding is-layout-constrained wp-block-group-is-layout-constrained\">\n<h1 class=\"wp-block-heading has-text-align-center has-primary-color has-text-color\">Inscription aux formations continues<\/h1>\n<\/div>\n\n\n\n<svg class=\"curve curve-bottom curve-desktop\" xmlns=\"http:\/\/www.w3.org\/2000\/svg\" width=\"100%\" height=\"77.168\" viewBox=\"0 0 1600 77.168\" preserveAspectRatio=\"none\">\n              <path id=\"Trac\u00e9_454\" data-name=\"Trac\u00e9 454\" d=\"M0,0H1600V29.331S1204.669,77.168,804.669,77.168,0,29.331,0,29.331Z\" transform=\"translate(1600 77.168) rotate(180)\" fill=\"#fff\"\/>\n          <\/svg>\n  <svg class=\"curve curve-bottom curve-mobile\" xmlns=\"http:\/\/www.w3.org\/2000\/svg\" width=\"100%\" height=\"77.168\" viewBox=\"0 0 1600 77.168\">\n              <path id=\"Trac\u00e9_454\" data-name=\"Trac\u00e9 454\" d=\"M0,0H1600V29.331S1204.669,77.168,804.669,77.168,0,29.331,0,29.331Z\" transform=\"translate(1600 77.168) rotate(180)\" fill=\"#fff\"\/>\n          <\/svg>\n<\/div><\/div>\n\n\n \r\n\r\n<section  class=\"wp-block-section     alignwide    \"\r\n    >\r\n\r\n    \r\n        <div class=\"acf-innerblocks-container\">\n\n<h3 class=\"wp-block-heading\">Modalit\u00e9s d&rsquo;inscription<\/h3>\n\n\n\n<p>Depuis le mois de septembre 2024, les inscriptions aux formations continues sont ouvertes de mani\u00e8re progressive. Chaque session (groupe) de formation a sa propre date d&rsquo;ouverture des inscriptions. L&rsquo;IFEN n&rsquo;ouvre donc plus les inscriptions par lot de formations \u00e0 une date donn\u00e9e, comme c&rsquo;\u00e9tait le cas auparavant.<br>La date d&rsquo;ouverture des inscriptions est d\u00e9sormais pr\u00e9cis\u00e9e pour chaque session (groupe) dans le <a href=\"\/ifen\/catalog\/\" target=\"_blank\" rel=\"noreferrer noopener\">catalogue<\/a> de formations.<\/p>\n\n\n\n<div aria-hidden=\"true\" class=\"wp-block-fsb-flexible-spacer fsb-flexible-spacer\"><div class=\"fsb-flexible-spacer__device fsb-flexible-spacer__device--lg\" style=\"height:30px\"><\/div><div class=\"fsb-flexible-spacer__device fsb-flexible-spacer__device--md\" style=\"height:30px\"><\/div><div class=\"fsb-flexible-spacer__device fsb-flexible-spacer__device--sm\" style=\"height:30px\"><\/div><\/div>\n\n\n\n<h3 class=\"wp-block-heading\">Favoris &#8211; Nouveaut\u00e9<\/h3>\n\n\n\n<p>Vous pouvez, au fil de vos recherches dans le catalogue, ajouter des formations \u00e0 votre liste de Favoris (MyIFEN). Vous serez d\u00e8s lors notifi\u00e9 par email la veille de l&rsquo;ouverture des inscriptions \u00e0 une session des formations ajout\u00e9es en Favoris. Vous pourrez, depuis votre liste de Favoris, acc\u00e9der au descriptif de la formation souhait\u00e9e et proc\u00e9der \u00e0 votre inscription.<\/p>\n\n\n\n<div aria-hidden=\"true\" class=\"wp-block-fsb-flexible-spacer fsb-flexible-spacer\"><div class=\"fsb-flexible-spacer__device fsb-flexible-spacer__device--lg\" style=\"height:30px\"><\/div><div class=\"fsb-flexible-spacer__device fsb-flexible-spacer__device--md\" style=\"height:30px\"><\/div><div class=\"fsb-flexible-spacer__device fsb-flexible-spacer__device--sm\" style=\"height:30px\"><\/div><\/div>\n\n\n\n<h3 class=\"wp-block-heading\">Liste d&rsquo;attente<\/h3>\n\n\n\n<p>Les participants en liste d&rsquo;attente \u00e0 une session remontent automatiquement dans la liste principale en fonction de leur date d&rsquo;inscription (dans la liste d&rsquo;attente) au fur et \u00e0 mesure que des places se lib\u00e8rent dans la liste principale. Lorsqu&rsquo;un participant passe de la liste d&rsquo;attente \u00e0 la liste principale, il re\u00e7oit une notification par email l&rsquo;en informant.<\/p>\n\n\n\n<div aria-hidden=\"true\" class=\"wp-block-fsb-flexible-spacer fsb-flexible-spacer\"><div class=\"fsb-flexible-spacer__device fsb-flexible-spacer__device--lg\" style=\"height:100px\"><\/div><div class=\"fsb-flexible-spacer__device fsb-flexible-spacer__device--md\" style=\"height:100px\"><\/div><div class=\"fsb-flexible-spacer__device fsb-flexible-spacer__device--sm\" style=\"height:100px\"><\/div><\/div>\n\n<\/div>    \r\n<\/section>","protected":false},"excerpt":{"rendered":"","protected":false},"author":1,"featured_media":0,"parent":0,"menu_order":0,"comment_status":"closed","ping_status":"closed","template":"","meta":{"_eb_attr":"","_editorskit_title_hidden":false,"_editorskit_reading_time":0,"_editorskit_is_block_options_detached":false,"_editorskit_block_options_position":"{}","inline_featured_image":false,"footnotes":""},"class_list":["post-10291","page","type-page","status-publish","hentry","etat-valide"],"acf":{"espace_type":""},"_links":{"self":[{"href":"https:\/\/ssl.education.lu\/ifen\/wp-json\/wp\/v2\/pages\/10291","targetHints":{"allow":["GET"]}}],"collection":[{"href":"https:\/\/ssl.education.lu\/ifen\/wp-json\/wp\/v2\/pages"}],"about":[{"href":"https:\/\/ssl.education.lu\/ifen\/wp-json\/wp\/v2\/types\/page"}],"author":[{"embeddable":true,"href":"https:\/\/ssl.education.lu\/ifen\/wp-json\/wp\/v2\/users\/1"}],"replies":[{"embeddable":true,"href":"https:\/\/ssl.education.lu\/ifen\/wp-json\/wp\/v2\/comments?post=10291"}],"version-history":[{"count":13,"href":"https:\/\/ssl.education.lu\/ifen\/wp-json\/wp\/v2\/pages\/10291\/revisions"}],"predecessor-version":[{"id":15341,"href":"https:\/\/ssl.education.lu\/ifen\/wp-json\/wp\/v2\/pages\/10291\/revisions\/15341"}],"wp:attachment":[{"href":"https:\/\/ssl.education.lu\/ifen\/wp-json\/wp\/v2\/media?parent=10291"}],"curies":[{"name":"wp","href":"https:\/\/api.w.org\/{rel}","templated":true}]}}