

{"id":10189,"date":"2024-07-29T14:02:17","date_gmt":"2024-07-29T12:02:17","guid":{"rendered":"\/ifen\/?page_id=10189"},"modified":"2025-12-04T08:28:48","modified_gmt":"2025-12-04T07:28:48","slug":"a-propos-du-site","status":"publish","type":"page","link":"\/ifen\/a-propos-du-site\/","title":{"rendered":"\u00c0 propos du site"},"content":{"rendered":"\n<div class=\"wp-block-cover alignfull is-light banner-page banner-page-small hide-editor\" style=\"min-height:250px;aspect-ratio:unset;\"><img loading=\"lazy\" decoding=\"async\" width=\"1920\" height=\"250\" class=\"wp-block-cover__image-background wp-image-4441\" alt=\"\" src=\"https:\/\/ssl.education.lu\/ifen\/wp-content\/uploads\/2023\/12\/banner_contact.svg\" data-object-fit=\"cover\"\/><span aria-hidden=\"true\" class=\"wp-block-cover__background has-black-background-color has-background-dim-0 has-background-dim\"><\/span><div class=\"wp-block-cover__inner-container is-layout-flow wp-block-cover-is-layout-flow\">\n<div class=\"wp-block-group has-global-padding is-layout-constrained wp-block-group-is-layout-constrained\">\n<h1 class=\"wp-block-heading has-text-align-center has-primary-color has-text-color\">\u00c0 propos du site<\/h1>\n<\/div>\n\n\n\n<svg class=\"curve curve-bottom curve-desktop\" xmlns=\"http:\/\/www.w3.org\/2000\/svg\" width=\"100%\" height=\"77.168\" viewBox=\"0 0 1600 77.168\" preserveAspectRatio=\"none\">\n                <path id=\"Trac\u00e9_454\" data-name=\"Trac\u00e9 454\" d=\"M0,0H1600V29.331S1204.669,77.168,804.669,77.168,0,29.331,0,29.331Z\" transform=\"translate(1600 77.168) rotate(180)\" fill=\"#fff\"\/>\n            <\/svg>\n    <svg class=\"curve curve-bottom curve-mobile\" xmlns=\"http:\/\/www.w3.org\/2000\/svg\" width=\"100%\" height=\"77.168\" viewBox=\"0 0 1600 77.168\">\n                <path id=\"Trac\u00e9_454\" data-name=\"Trac\u00e9 454\" d=\"M0,0H1600V29.331S1204.669,77.168,804.669,77.168,0,29.331,0,29.331Z\" transform=\"translate(1600 77.168) rotate(180)\" fill=\"#fff\"\/>\n            <\/svg>\n<\/div><\/div>\n\n\n \r\n\r\n<section  class=\"wp-block-section     alignwide    \"\r\n    >\r\n\r\n    \r\n        <div class=\"acf-innerblocks-container\">\n\n<h3 class=\"wp-block-heading\">\u00c9diteur du site<\/h3>\n\n\n\n<p>Le site&nbsp;www.ifen.lu&nbsp;est le site officiel de l&rsquo;insertion professionnelle et de la formation continue du personnel enseignant, \u00e9ducatif et psycho-social de l&rsquo;enseignement fondamental et secondaire au Luxembourg.<br><br>Ce site est \u00e9dit\u00e9 par l&rsquo;Institut de formation de l&rsquo;\u00c9ducation nationale plac\u00e9 sous l&rsquo;autorit\u00e9 du&nbsp;<a href=\"http:\/\/www.men.public.lu\/\" target=\"_blank\" rel=\"noreferrer noopener\">Minist\u00e8re de l&rsquo;\u00c9ducation nationale, de l&rsquo;Enfance et de la Jeunesse<\/a>. Pour toute question sur ce site et son contenu veuillez-vous r\u00e9f\u00e9rer \u00e0 la page&nbsp;<a href=\"\/ifen\/contact\/\" data-type=\"page\" data-id=\"126\" target=\"_blank\" rel=\"noreferrer noopener\">contact<\/a>.<\/p>\n\n\n\n<div aria-hidden=\"true\" class=\"wp-block-fsb-flexible-spacer fsb-flexible-spacer\"><div class=\"fsb-flexible-spacer__device fsb-flexible-spacer__device--lg\" style=\"height:30px\"><\/div><div class=\"fsb-flexible-spacer__device fsb-flexible-spacer__device--md\" style=\"height:30px\"><\/div><div class=\"fsb-flexible-spacer__device fsb-flexible-spacer__device--sm\" style=\"height:30px\"><\/div><\/div>\n\n\n\n<h3 class=\"wp-block-heading\">Notice l\u00e9gale<\/h3>\n\n\n\n<p>Les informations diffus\u00e9es sur le pr\u00e9sent site n&rsquo;engagent pas la responsabilit\u00e9 de l&rsquo;Institut de formation de l&rsquo;\u00c9ducation nationale :<br><br>\u2022 l&rsquo;Institut de formation de l&rsquo;\u00c9ducation nationale d\u00e9cline toute responsabilit\u00e9 pour l&rsquo;utilisation de l&rsquo;information contenue dans les pages publi\u00e9es sur ce site. Le contenu est donn\u00e9 \u00e0 titre indicatif. Il comporte des informations qui ne sont pas forc\u00e9ment compl\u00e8tes, exhaustives, exactes ou \u00e0 jour.<br><br>\u2022 le site renvoie parfois \u00e0 des sites ext\u00e9rieurs sur lesquels l&rsquo;Institut de formation de l&rsquo;\u00c9ducation nationale n&rsquo;a aucun contr\u00f4le et pour lesquels il d\u00e9cline toute responsabilit\u00e9.<br><br>\u2022&nbsp; l&rsquo;Institut de formation de l&rsquo;\u00c9ducation nationale n&rsquo;assume aucune responsabilit\u00e9 pour un dommage \u00e9ventuel caus\u00e9 \u00e0 votre installation informatique par l&rsquo;utilisation de ce site.<br><br>\u2022&nbsp; l&rsquo;Institut de formation de l&rsquo;\u00c9ducation nationale d\u00e9cline toute responsabilit\u00e9 en cas d&rsquo;interruption, m\u00eame temporaire, du service de ce site.<br><br>Les pr\u00e9sentes clauses de non-responsabilit\u00e9 n&rsquo;ont pas pour but de contourner les exigences pos\u00e9es dans les l\u00e9gislations applicables ou d&rsquo;exclure la responsabilit\u00e9 dans les cas o\u00f9 elle ne peut \u00eatre exclue en vertu desdites l\u00e9gislations.<\/p>\n\n\n\n<div aria-hidden=\"true\" class=\"wp-block-fsb-flexible-spacer fsb-flexible-spacer\"><div class=\"fsb-flexible-spacer__device fsb-flexible-spacer__device--lg\" style=\"height:30px\"><\/div><div class=\"fsb-flexible-spacer__device fsb-flexible-spacer__device--md\" style=\"height:30px\"><\/div><div class=\"fsb-flexible-spacer__device fsb-flexible-spacer__device--sm\" style=\"height:30px\"><\/div><\/div>\n\n\n\n<h3 class=\"wp-block-heading\">Copyright<\/h3>\n\n\n\n<p>En l&rsquo;absence d&rsquo;indication contraire, la reproduction des informations contenues sur ce site est autoris\u00e9e \u00e0 des fins non commerciales \u00e0 condition que la source soit express\u00e9ment mentionn\u00e9e.<\/p>\n\n\n\n<div aria-hidden=\"true\" class=\"wp-block-fsb-flexible-spacer fsb-flexible-spacer\"><div class=\"fsb-flexible-spacer__device fsb-flexible-spacer__device--lg\" style=\"height:30px\"><\/div><div class=\"fsb-flexible-spacer__device fsb-flexible-spacer__device--md\" style=\"height:30px\"><\/div><div class=\"fsb-flexible-spacer__device fsb-flexible-spacer__device--sm\" style=\"height:30px\"><\/div><\/div>\n\n\n\n<h3 class=\"wp-block-heading\">Protection des donn\u00e9es<\/h3>\n\n\n\n<p>Les \u00e9ventuelles donn\u00e9es \u00e0 caract\u00e8re personnel que vous communiquez sur le site sont trait\u00e9es en conformit\u00e9 avec le r\u00e8glementation europ\u00e9enne sur la protection des donn\u00e9es \u00e0 caract\u00e8re personnel (<a href=\"https:\/\/eur-lex.europa.eu\/legal-content\/FR\/TXT\/?uri=CELEX:32016R0679\" target=\"_blank\" rel=\"noreferrer noopener\">R\u00e8glement (UE) 2016\/679<\/a>) et la loi du&nbsp;<a href=\"http:\/\/legilux.public.lu\/eli\/etat\/leg\/loi\/2018\/08\/01\/a689\/jo\" target=\"_blank\" rel=\"noreferrer noopener\">1<sup>er<\/sup>&nbsp;ao\u00fbt 2018<\/a>&nbsp;relative \u00e0 la protection des personnes physiques \u00e0 l&rsquo;\u00e9gard du traitement des donn\u00e9es \u00e0 caract\u00e8re personnel en mati\u00e8re p\u00e9nale ainsi qu&rsquo;en mati\u00e8re de s\u00e9curit\u00e9 nationale.<\/p>\n\n\n\n<p>L&rsquo;Institut de formation de l&rsquo;\u00c9ducation nationale a d\u00e9fini dans sa&nbsp;<a href=\"https:\/\/ssl.education.lu\/ifen\/notice-legale\/\" target=\"_blank\" rel=\"noreferrer noopener\">d\u00e9claration de traitement des donn\u00e9es \u00e0 caract\u00e8re personnel<\/a>&nbsp;les mesures mises en oeuvre concernant les dispositifs de s\u00e9curit\u00e9 et de confidentialit\u00e9 ainsi que l&rsquo;utilisation int\u00e8gre des donn\u00e9es personnelles qu&rsquo;il est men\u00e9 \u00e0 traiter.<\/p>\n\n\n\n<div aria-hidden=\"true\" class=\"wp-block-fsb-flexible-spacer fsb-flexible-spacer\"><div class=\"fsb-flexible-spacer__device fsb-flexible-spacer__device--lg\" style=\"height:100px\"><\/div><div class=\"fsb-flexible-spacer__device fsb-flexible-spacer__device--md\" style=\"height:100px\"><\/div><div class=\"fsb-flexible-spacer__device fsb-flexible-spacer__device--sm\" style=\"height:100px\"><\/div><\/div>\n\n<\/div>    \r\n<\/section>","protected":false},"excerpt":{"rendered":"","protected":false},"author":1,"featured_media":0,"parent":0,"menu_order":0,"comment_status":"closed","ping_status":"closed","template":"","meta":{"_eb_attr":"","_editorskit_title_hidden":false,"_editorskit_reading_time":0,"_editorskit_is_block_options_detached":false,"_editorskit_block_options_position":"{}","inline_featured_image":false,"footnotes":""},"class_list":["post-10189","page","type-page","status-publish","hentry"],"acf":{"espace_type":""},"_links":{"self":[{"href":"https:\/\/ssl.education.lu\/ifen\/wp-json\/wp\/v2\/pages\/10189","targetHints":{"allow":["GET"]}}],"collection":[{"href":"https:\/\/ssl.education.lu\/ifen\/wp-json\/wp\/v2\/pages"}],"about":[{"href":"https:\/\/ssl.education.lu\/ifen\/wp-json\/wp\/v2\/types\/page"}],"author":[{"embeddable":true,"href":"https:\/\/ssl.education.lu\/ifen\/wp-json\/wp\/v2\/users\/1"}],"replies":[{"embeddable":true,"href":"https:\/\/ssl.education.lu\/ifen\/wp-json\/wp\/v2\/comments?post=10189"}],"version-history":[{"count":11,"href":"https:\/\/ssl.education.lu\/ifen\/wp-json\/wp\/v2\/pages\/10189\/revisions"}],"predecessor-version":[{"id":15367,"href":"https:\/\/ssl.education.lu\/ifen\/wp-json\/wp\/v2\/pages\/10189\/revisions\/15367"}],"wp:attachment":[{"href":"https:\/\/ssl.education.lu\/ifen\/wp-json\/wp\/v2\/media?parent=10189"}],"curies":[{"name":"wp","href":"https:\/\/api.w.org\/{rel}","templated":true}]}}