

{"id":10105,"date":"2024-07-29T10:48:55","date_gmt":"2024-07-29T08:48:55","guid":{"rendered":"\/ifen\/?page_id=10105"},"modified":"2025-08-10T19:19:59","modified_gmt":"2025-08-10T17:19:59","slug":"nouveautes-et-coups-de-coeur","status":"publish","type":"page","link":"\/ifen\/centre-de-documentation-pedagogique\/nouveautes-et-coups-de-coeur\/","title":{"rendered":"Nouveaut\u00e9s et coups de c\u0153ur"},"content":{"rendered":"\n<div class=\"wp-block-cover alignfull banner-page banner-page-small hide-editor\" style=\"min-height:250px;aspect-ratio:unset;\"><img decoding=\"async\" class=\"wp-block-cover__image-background wp-image-9060\" alt=\"\" src=\"\/ifen\/wp-content\/uploads\/2024\/02\/banner_gradient.svg\" data-object-fit=\"cover\"\/><span aria-hidden=\"true\" class=\"wp-block-cover__background has-black-background-color has-background-dim-0 has-background-dim\"><\/span><div class=\"wp-block-cover__inner-container is-layout-flow wp-block-cover-is-layout-flow\">\n<div class=\"wp-block-group is-layout-flow wp-block-group-is-layout-flow\">\n<h1 class=\"wp-block-heading has-text-align-center has-text-color\" style=\"color:#ffffff\">Nouveaut\u00e9s et coups de c\u0153ur<\/h1>\n<\/div>\n\n\n\n<svg class=\"curve curve-bottom curve-desktop\" xmlns=\"http:\/\/www.w3.org\/2000\/svg\" width=\"100-\" height=\"77.168\" viewBox=\"0 0 1600 77.168\" preserveAspectRatio=\"none\">\n            <path id=\"Trac\u00e9_454\" data-name=\"Trac\u00e9 454\" d=\"M0,0H1600V29.331S1204.669,77.168,804.669,77.168,0,29.331,0,29.331Z\" transform=\"translate(1600 77.168) rotate(180)\" fill=\"#fff\"\/>\n        <\/svg>\n<svg class=\"curve curve-bottom curve-mobile\" xmlns=\"http:\/\/www.w3.org\/2000\/svg\" width=\"100-\" height=\"77.168\" viewBox=\"0 0 1600 77.168\">\n            <path id=\"Trac\u00e9_454\" data-name=\"Trac\u00e9 454\" d=\"M0,0H1600V29.331S1204.669,77.168,804.669,77.168,0,29.331,0,29.331Z\" transform=\"translate(1600 77.168) rotate(180)\" fill=\"#fff\"\/>\n        <\/svg>\n<\/div><\/div>\n\n\n \r\n\r\n<section  class=\"wp-block-section     alignwide    \"\r\n    >\r\n\r\n    \r\n        <div class=\"acf-innerblocks-container\">\n\n<p class=\"back\"><a href=\"\/ifen\/centre-de-documentation-pedagogique\/#coups_de_coeur\">Retour<\/a><\/p>\n\n\n\n<h2 class=\"wp-block-heading\">Nouvelles acquisitions<\/h2>\n\n\n\n<p><strong>Toutes les nouveaut\u00e9s du mois mai sont consultables&nbsp;<a href=\"https:\/\/www.a-z.lu\/discovery\/search?query=any,contains,newcdp2505&amp;tab=DiscoveryNetwork&amp;search_scope=DN_and_CI&amp;vid=352LUX_BIBNET_NETWORK:BIBNET_UNION&amp;offset=0\" target=\"_blank\" rel=\"noreferrer noopener\">ici<\/a> et celles du mois de juin <a href=\"https:\/\/www.a-z.lu\/discovery\/search?query=any,contains,newcdp2506&amp;tab=DiscoveryNetwork&amp;search_scope=DN_and_CI&amp;vid=352LUX_BIBNET_NETWORK:BIBNET_UNION&amp;offset=0\" target=\"_blank\" rel=\"noreferrer noopener\">ici<\/a><\/strong><\/p>\n\n\n\n<h2 class=\"wp-block-heading\">Coups de c\u0153ur<\/h2>\n\n\n\n<p>Le Centre de documentation p\u00e9dagogique vous pr\u00e9sente r\u00e9guli\u00e8rement ses coups de c\u0153ur et recommandations qui tiennent compte des formations \u00e0 la une, des r\u00e9actions des lecteurs et lectrices, des choix personnels des documentalistes et des recommandations du personnel et des partenaires de l&rsquo;IFEN.<br><br>N&rsquo;h\u00e9sitez pas, vous aussi, \u00e0 nous faire part des lectures qui vous ont marqu\u00e9, encourag\u00e9 ou aid\u00e9 et que vous souhaitez faire partager, qu&rsquo;il s&rsquo;agisse d&rsquo;ouvrages r\u00e9cents ou non.<\/p>\n\n\n\n<p><strong>Les coups de c\u0153ur actuels sont les suivants :<\/strong><\/p>\n\n\n\n<ul class=\"wp-block-list\">\n<li><a href=\"https:\/\/ssl.education.lu\/ifen\/wp-content\/uploads\/2025\/07\/Building-Positive-Teams.pdf\" target=\"_blank\" rel=\"noreferrer noopener\">Building Positive Teams<\/a><\/li>\n\n\n\n<li><a href=\"https:\/\/ssl.education.lu\/ifen\/wp-content\/uploads\/2025\/07\/Das-koennte-Schule-machen.pdf\" data-type=\"attachment\" data-id=\"13054\" target=\"_blank\" rel=\"noreferrer noopener\">Das k\u00f6nnte Schule machen<\/a><\/li>\n\n\n\n<li><a href=\"https:\/\/ssl.education.lu\/ifen\/wp-content\/uploads\/2025\/07\/Diagnose-und-Foerderung-des-Lesens-im-digitalen-Kontext.pdf\" data-type=\"attachment\" data-id=\"13052\" target=\"_blank\" rel=\"noreferrer noopener\">Diagnose und F\u00f6rderung des Lesens im digitalen Kontext<\/a><\/li>\n\n\n\n<li><a href=\"https:\/\/ssl.education.lu\/ifen\/wp-content\/uploads\/2025\/08\/Lernlabor-Schule.pdf\" data-type=\"attachment\" data-id=\"13660\">Lernlabor Schule<\/a><\/li>\n\n\n\n<li><a href=\"https:\/\/ssl.education.lu\/ifen\/wp-content\/uploads\/2025\/07\/Techniques-dimpact-en-classe.pdf\" data-type=\"attachment\" data-id=\"13053\" target=\"_blank\" rel=\"noreferrer noopener\">Techniques d\u2019impact en classe<\/a><\/li>\n\n\n\n<li><a href=\"https:\/\/ssl.education.lu\/ifen\/wp-content\/uploads\/2025\/07\/Teenage-Blues.pdf\" data-type=\"attachment\" data-id=\"13060\" target=\"_blank\" rel=\"noreferrer noopener\">Teenage Blues<\/a><\/li>\n\n\n\n<li><a href=\"https:\/\/ssl.education.lu\/ifen\/wp-content\/uploads\/2025\/07\/Kinder-achtsam-und-beduerfnisorientiert-begleiten.pdf\" data-type=\"attachment\" data-id=\"13066\" target=\"_blank\" rel=\"noreferrer noopener\">Kinder achtsam und bed\u00fcrfnisorientiert begleiten<\/a><\/li>\n\n\n\n<li><a href=\"https:\/\/ssl.education.lu\/ifen\/wp-content\/uploads\/2025\/05\/Selbst-aktiv-statt-fremd-bestimmt.pdf\" data-type=\"attachment\" data-id=\"13055\" target=\"_blank\" rel=\"noreferrer noopener\">Selbst aktiv statt fremdbestimmt<\/a><\/li>\n\n\n\n<li><a href=\"https:\/\/ssl.education.lu\/ifen\/wp-content\/uploads\/2025\/07\/Es-macht-klick.pdf\" data-type=\"attachment\" data-id=\"13056\" target=\"_blank\" rel=\"noreferrer noopener\">Es macht klick: k\u00fcnstliche Intelligenz bei schriftlichen Arbeiten clever nutzen<\/a><\/li>\n\n\n\n<li><a href=\"https:\/\/ssl.education.lu\/ifen\/wp-content\/uploads\/2025\/07\/L-ergotherapie-en-milieu-scolaire.pdf\" data-type=\"attachment\" data-id=\"13057\" target=\"_blank\" rel=\"noreferrer noopener\">L\u2019ergoth\u00e9rapie en milieu scolaire<\/a><\/li>\n\n\n\n<li><a href=\"https:\/\/ssl.education.lu\/ifen\/wp-content\/uploads\/2025\/07\/Mit-Mediation-das-Klassenklima-verbessern.pdf\" data-type=\"link\" data-id=\"https:\/\/ssl.education.lu\/ifen\/wp-content\/uploads\/2025\/05\/Koerperbildstoerungen-bei-Kindern-und-Jugendlichen-1.pdf\" target=\"_blank\" rel=\"noreferrer noopener\">Mit Mediation das Klassenklima verbessern<\/a><\/li>\n<\/ul>\n\n\n\n<p><a href=\"\/ifen\/centre-de-documentation-pedagogique\/nouveautes-et-coups-de-coeur\/les-nouveautes-des-mois-precedents\/\" data-type=\"page\" data-id=\"10130\" target=\"_blank\" rel=\"noreferrer noopener\">\u25ba Consulter les s\u00e9lections des coups de c\u0153ur des mois pr\u00e9c\u00e9dents<\/a><\/p>\n\n\n\n<p><strong>Tous ces ouvrages peuvent \u00eatre emprunt\u00e9s<\/strong><strong>&nbsp;sur place ou par envoi postal&nbsp;et suivant leur disponibilit\u00e9.<\/strong><\/p>\n\n\n\n<div aria-hidden=\"true\" class=\"wp-block-fsb-flexible-spacer fsb-flexible-spacer\"><div class=\"fsb-flexible-spacer__device fsb-flexible-spacer__device--lg\" style=\"height:100px\"><\/div><div class=\"fsb-flexible-spacer__device fsb-flexible-spacer__device--md\" style=\"height:100px\"><\/div><div class=\"fsb-flexible-spacer__device fsb-flexible-spacer__device--sm\" style=\"height:100px\"><\/div><\/div>\n\n<\/div>    \r\n<\/section>","protected":false},"excerpt":{"rendered":"","protected":false},"author":2,"featured_media":0,"parent":5007,"menu_order":0,"comment_status":"closed","ping_status":"closed","template":"","meta":{"_eb_attr":"","_editorskit_title_hidden":false,"_editorskit_reading_time":0,"_editorskit_is_block_options_detached":false,"_editorskit_block_options_position":"{}","inline_featured_image":false,"footnotes":""},"class_list":["post-10105","page","type-page","status-publish","hentry"],"acf":{"espace_type":[]},"_links":{"self":[{"href":"https:\/\/ssl.education.lu\/ifen\/wp-json\/wp\/v2\/pages\/10105","targetHints":{"allow":["GET"]}}],"collection":[{"href":"https:\/\/ssl.education.lu\/ifen\/wp-json\/wp\/v2\/pages"}],"about":[{"href":"https:\/\/ssl.education.lu\/ifen\/wp-json\/wp\/v2\/types\/page"}],"author":[{"embeddable":true,"href":"https:\/\/ssl.education.lu\/ifen\/wp-json\/wp\/v2\/users\/2"}],"replies":[{"embeddable":true,"href":"https:\/\/ssl.education.lu\/ifen\/wp-json\/wp\/v2\/comments?post=10105"}],"version-history":[{"count":26,"href":"https:\/\/ssl.education.lu\/ifen\/wp-json\/wp\/v2\/pages\/10105\/revisions"}],"predecessor-version":[{"id":13669,"href":"https:\/\/ssl.education.lu\/ifen\/wp-json\/wp\/v2\/pages\/10105\/revisions\/13669"}],"up":[{"embeddable":true,"href":"https:\/\/ssl.education.lu\/ifen\/wp-json\/wp\/v2\/pages\/5007"}],"wp:attachment":[{"href":"https:\/\/ssl.education.lu\/ifen\/wp-json\/wp\/v2\/media?parent=10105"}],"curies":[{"name":"wp","href":"https:\/\/api.w.org\/{rel}","templated":true}]}}